{"id":30741,"date":"2021-10-01T07:58:47","date_gmt":"2021-10-01T07:58:47","guid":{"rendered":"https:\/\/specialpapers.fedrigoni.com\/cookie-policy\/"},"modified":"2026-01-27T10:44:25","modified_gmt":"2026-01-27T10:44:25","slug":"cookie-policy","status":"publish","type":"page","link":"https:\/\/specialpapers.fedrigoni.com\/cze\/cookie-policy\/","title":{"rendered":"Cookie Policy"},"content":{"rendered":"<p>Spr\u00e1vcem \u00fadaj\u016f je Fedrigoni S.p.A. \u2013 Viale Piave 3 &#8211; 37135 Verona (IT); e-mailov\u00e1 adresa: privacy@fedrigoni.com<\/p>\n<p>Tento web pou\u017e\u00edv\u00e1 soubory cookie, kter\u00e9 jsou nezbytn\u011b nutn\u00e9 pro zaji\u0161t\u011bn\u00ed spr\u00e1vn\u00e9ho fungov\u00e1n\u00ed webu a tak\u00e9 za \u00fa\u010delem personalizace reklam a k anal\u00fdze n\u00e1v\u0161t\u011bvnosti. Informace o va\u0161em pou\u017e\u00edv\u00e1n\u00ed na\u0161ich str\u00e1nek tak\u00e9 sd\u00edl\u00edme s na\u0161imi partnery v oblasti soci\u00e1ln\u00edch m\u00e9di\u00ed, reklamy a anal\u00fdzy, kte\u0159\u00ed je mohou kombinovat s dal\u0161\u00edmi informacemi, kter\u00e9 jste jim poskytli nebo kter\u00e9 shrom\u00e1\u017edili p\u0159i va\u0161em pou\u017e\u00edv\u00e1n\u00ed jejich slu\u017eeb.<\/p>\n<p>Z\u00e1kon stanov\u00ed, \u017ee m\u016f\u017eeme na Va\u0161em za\u0159\u00edzen\u00ed ukl\u00e1dat soubory cookie, pokud jsou nezbytn\u011b nutn\u00e9 pro provoz t\u011bchto str\u00e1nek, na z\u00e1klad\u011b opr\u00e1vn\u011bn\u00e9ho z\u00e1jmu spole\u010dnosti Fedrigoni zajistit \u0159\u00e1dn\u00e9 a bezpe\u010dn\u00e9 pou\u017e\u00edv\u00e1n\u00ed webov\u00fdch str\u00e1nek. Pro v\u0161echny ostatn\u00ed typy soubor\u016f cookie pot\u0159ebujeme V\u00e1\u0161 souhlas,<\/p>\n<p>Tato str\u00e1nka pou\u017e\u00edv\u00e1 r\u016fzn\u00e9 typy soubor\u016f cookie. N\u011bkter\u00e9 soubory cookie jsou um\u00edst\u011bny slu\u017ebami t\u0159et\u00edch stran, kter\u00e9 se objevuj\u00ed na na\u0161ich str\u00e1nk\u00e1ch.<\/p>\n<p>U\u017eivatel m\u016f\u017ee kdykoliv uplatnit pr\u00e1vo na ochranu \u00fadaj\u016f podle \u010dl\u00e1nk\u016f 15 a\u017e 22 GDPR v rozsahu platn\u00fdch z\u00e1konn\u00fdch ustanoven\u00ed. Takov\u00e1 pr\u00e1va jsou n\u00e1sleduj\u00edc\u00ed:<\/p>\n<p>&#8211; Pr\u00e1vo odvolat sv\u016fj souhlas<br \/>\n&#8211; Pr\u00e1vo na p\u0159\u00edstup<br \/>\n&#8211; Pr\u00e1vo na opravu<br \/>\n&#8211; Pr\u00e1vo na v\u00fdmaz<br \/>\n&#8211; Pr\u00e1vo na omezen\u00ed zpracov\u00e1n\u00ed<br \/>\n&#8211; Pr\u00e1vo na p\u0159enositelnost \u00fadaj\u016f<br \/>\n&#8211; Pr\u00e1vo vzn\u00e9st n\u00e1mitku proti zpracov\u00e1n\u00ed osobn\u00edch \u00fadaj\u016f<br \/>\n&#8211; Pr\u00e1vo neb\u00fdt p\u0159edm\u011btem rozhodnut\u00ed zalo\u017een\u00e9ho v\u00fdhradn\u011b na automatizovan\u00e9m zpracov\u00e1n\u00ed, v\u010detn\u011b profilov\u00e1n\u00ed.<\/p>\n<p>D\u00e1le je mo\u017en\u00e9 podat st\u00ed\u017enost u dozorov\u00e9ho \u00fa\u0159adu.<br \/>\nV\u00fd\u0161e uveden\u00e1 pr\u00e1va m\u016f\u017eete uplatnit kontaktov\u00e1n\u00edm spr\u00e1vce \u00fadaj\u016f na n\u00e1sleduj\u00edc\u00ed e-mailov\u00e9 adrese: privacy@fedrigoni.com<\/p>\n<p>Sv\u016fj souhlas s prohl\u00e1\u0161en\u00edm o souborech cookie m\u016f\u017eete kdykoli zm\u011bnit nebo odvolat pomoc\u00ed formul\u00e1\u0159e a\/nebo n\u00ed\u017ee.<\/p>\n<p>V\u00edce o tom, kdo jsme, jak n\u00e1s m\u016f\u017eete kontaktovat a jak zpracov\u00e1v\u00e1me osobn\u00ed \u00fadaje, se dozv\u00edte v na\u0161ich Z\u00e1sad\u00e1ch ochrany osobn\u00edch \u00fadaj\u016f.<\/p>\n<script type=\"text\/javascript\" id=\"CookieDeclaration\" src=\"https:\/\/consent.cookiebot.com\/e4330ee6-bb6a-4f10-9928-6f342f1d4ca0\/cd.js\" data-culture=\"CS\" async><\/script>\n","protected":false},"excerpt":{"rendered":"<p>Spr\u00e1vcem \u00fadaj\u016f je Fedrigoni S.p.A. \u2013 Viale Piave 3 &#8211; 37135 Verona (IT); e-mailov\u00e1 adresa: privacy@fedrigoni.com Tento web pou\u017e\u00edv\u00e1 soubory cookie, kter\u00e9 jsou nezbytn\u011b nutn\u00e9 pro zaji\u0161t\u011bn\u00ed spr\u00e1vn\u00e9ho fungov\u00e1n\u00ed webu a tak\u00e9 za \u00fa\u010delem personalizace reklam a k anal\u00fdze n\u00e1v\u0161t\u011bvnosti. Informace o va\u0161em pou\u017e\u00edv\u00e1n\u00ed na\u0161ich str\u00e1nek tak\u00e9 sd\u00edl\u00edme s na\u0161imi partnery v oblasti soci\u00e1ln\u00edch m\u00e9di\u00ed,&#8230;<\/p>\n","protected":false},"author":7,"featured_media":0,"parent":0,"menu_order":0,"comment_status":"closed","ping_status":"closed","template":"","meta":{"_acf_changed":false,"footnotes":""},"class_list":["post-30741","page","type-page","status-publish","hentry"],"acf":[],"yoast_head":"<!-- This site is optimized with the Yoast SEO plugin v27.4 - https:\/\/yoast.com\/product\/yoast-seo-wordpress\/ -->\n<title>Cookie Policy - CZE | Special Papers<\/title>\n<meta name=\"description\" content=\"P\u0159ehledn\u00e9 informace o pou\u017e\u00edv\u00e1n\u00ed soubor\u016f cookie v\u010detn\u011b typ\u016f \u00fa\u010del\u016f zpracov\u00e1n\u00ed a mo\u017enost\u00ed spr\u00e1vy nastaven\u00ed ochrany soukrom\u00ed.\" \/>\n<meta name=\"robots\" content=\"index, follow, max-snippet:-1, max-image-preview:large, max-video-preview:-1\" \/>\n<link rel=\"canonical\" href=\"https:\/\/specialpapers.fedrigoni.com\/cze\/cookie-policy\/\" \/>\n<meta property=\"og:locale\" content=\"cs_CZ\" \/>\n<meta property=\"og:type\" content=\"article\" \/>\n<meta property=\"og:title\" content=\"Cookie Policy - CZE | Special Papers\" \/>\n<meta property=\"og:description\" content=\"P\u0159ehledn\u00e9 informace o pou\u017e\u00edv\u00e1n\u00ed soubor\u016f cookie v\u010detn\u011b typ\u016f \u00fa\u010del\u016f zpracov\u00e1n\u00ed a mo\u017enost\u00ed spr\u00e1vy nastaven\u00ed ochrany soukrom\u00ed.\" \/>\n<meta property=\"og:url\" content=\"https:\/\/specialpapers.fedrigoni.com\/cze\/cookie-policy\/\" \/>\n<meta property=\"og:site_name\" content=\"Fedrigoni Special Papers\" \/>\n<meta property=\"article:modified_time\" content=\"2026-01-27T10:44:25+00:00\" \/>\n<meta property=\"og:image\" content=\"https:\/\/specialpapers.fedrigoni.com\/wp-content\/uploads\/2021\/09\/Banner-HP-ladder.jpg\" \/>\n\t<meta property=\"og:image:width\" content=\"2200\" \/>\n\t<meta property=\"og:image:height\" content=\"1467\" \/>\n\t<meta property=\"og:image:type\" content=\"image\/jpeg\" \/>\n<meta name=\"twitter:card\" content=\"summary_large_image\" \/>\n<meta name=\"twitter:label1\" content=\"Odhadovan\u00e1 doba \u010dten\u00ed\" \/>\n\t<meta name=\"twitter:data1\" content=\"2 minuty\" \/>\n<script type=\"application\/ld+json\" class=\"yoast-schema-graph\">{\"@context\":\"https:\\\/\\\/schema.org\",\"@graph\":[{\"@type\":[\"WebPage\",\"ProfilePage\"],\"@id\":\"https:\\\/\\\/specialpapers.fedrigoni.com\\\/cze\\\/cookie-policy\\\/\",\"url\":\"https:\\\/\\\/specialpapers.fedrigoni.com\\\/cze\\\/cookie-policy\\\/\",\"name\":\"Cookie Policy - CZE | Special Papers\",\"isPartOf\":{\"@id\":\"https:\\\/\\\/specialpapers.fedrigoni.com\\\/cze\\\/#website\"},\"datePublished\":\"2021-10-01T07:58:47+00:00\",\"dateModified\":\"2026-01-27T10:44:25+00:00\",\"description\":\"P\u0159ehledn\u00e9 informace o pou\u017e\u00edv\u00e1n\u00ed soubor\u016f cookie v\u010detn\u011b typ\u016f \u00fa\u010del\u016f zpracov\u00e1n\u00ed a mo\u017enost\u00ed spr\u00e1vy nastaven\u00ed ochrany soukrom\u00ed.\",\"breadcrumb\":{\"@id\":\"https:\\\/\\\/specialpapers.fedrigoni.com\\\/cze\\\/cookie-policy\\\/#breadcrumb\"},\"inLanguage\":\"cs\",\"potentialAction\":[{\"@type\":\"ReadAction\",\"target\":[\"https:\\\/\\\/specialpapers.fedrigoni.com\\\/cze\\\/cookie-policy\\\/\"]}]},{\"@type\":\"BreadcrumbList\",\"@id\":\"https:\\\/\\\/specialpapers.fedrigoni.com\\\/cze\\\/cookie-policy\\\/#breadcrumb\",\"itemListElement\":[{\"@type\":\"ListItem\",\"position\":1,\"name\":\"Home\",\"item\":\"https:\\\/\\\/specialpapers.fedrigoni.com\\\/cze\\\/\"},{\"@type\":\"ListItem\",\"position\":2,\"name\":\"Cookie Policy\"}]},{\"@type\":\"WebSite\",\"@id\":\"https:\\\/\\\/specialpapers.fedrigoni.com\\\/cze\\\/#website\",\"url\":\"https:\\\/\\\/specialpapers.fedrigoni.com\\\/cze\\\/\",\"name\":\"Fedrigoni Special Papers\",\"description\":\"Elevating Creativity\",\"potentialAction\":[{\"@type\":\"SearchAction\",\"target\":{\"@type\":\"EntryPoint\",\"urlTemplate\":\"https:\\\/\\\/specialpapers.fedrigoni.com\\\/cze\\\/?s={search_term_string}\"},\"query-input\":{\"@type\":\"PropertyValueSpecification\",\"valueRequired\":true,\"valueName\":\"search_term_string\"}}],\"inLanguage\":\"cs\"}]}<\/script>\n<!-- \/ Yoast SEO plugin. -->","yoast_head_json":{"title":"Cookie Policy - CZE | Special Papers","description":"P\u0159ehledn\u00e9 informace o pou\u017e\u00edv\u00e1n\u00ed soubor\u016f cookie v\u010detn\u011b typ\u016f \u00fa\u010del\u016f zpracov\u00e1n\u00ed a mo\u017enost\u00ed spr\u00e1vy nastaven\u00ed ochrany soukrom\u00ed.","robots":{"index":"index","follow":"follow","max-snippet":"max-snippet:-1","max-image-preview":"max-image-preview:large","max-video-preview":"max-video-preview:-1"},"canonical":"https:\/\/specialpapers.fedrigoni.com\/cze\/cookie-policy\/","og_locale":"cs_CZ","og_type":"article","og_title":"Cookie Policy - CZE | Special Papers","og_description":"P\u0159ehledn\u00e9 informace o pou\u017e\u00edv\u00e1n\u00ed soubor\u016f cookie v\u010detn\u011b typ\u016f \u00fa\u010del\u016f zpracov\u00e1n\u00ed a mo\u017enost\u00ed spr\u00e1vy nastaven\u00ed ochrany soukrom\u00ed.","og_url":"https:\/\/specialpapers.fedrigoni.com\/cze\/cookie-policy\/","og_site_name":"Fedrigoni Special Papers","article_modified_time":"2026-01-27T10:44:25+00:00","og_image":[{"width":2200,"height":1467,"url":"https:\/\/specialpapers.fedrigoni.com\/wp-content\/uploads\/2021\/09\/Banner-HP-ladder.jpg","type":"image\/jpeg"}],"twitter_card":"summary_large_image","twitter_misc":{"Odhadovan\u00e1 doba \u010dten\u00ed":"2 minuty"},"schema":{"@context":"https:\/\/schema.org","@graph":[{"@type":["WebPage","ProfilePage"],"@id":"https:\/\/specialpapers.fedrigoni.com\/cze\/cookie-policy\/","url":"https:\/\/specialpapers.fedrigoni.com\/cze\/cookie-policy\/","name":"Cookie Policy - CZE | Special Papers","isPartOf":{"@id":"https:\/\/specialpapers.fedrigoni.com\/cze\/#website"},"datePublished":"2021-10-01T07:58:47+00:00","dateModified":"2026-01-27T10:44:25+00:00","description":"P\u0159ehledn\u00e9 informace o pou\u017e\u00edv\u00e1n\u00ed soubor\u016f cookie v\u010detn\u011b typ\u016f \u00fa\u010del\u016f zpracov\u00e1n\u00ed a mo\u017enost\u00ed spr\u00e1vy nastaven\u00ed ochrany soukrom\u00ed.","breadcrumb":{"@id":"https:\/\/specialpapers.fedrigoni.com\/cze\/cookie-policy\/#breadcrumb"},"inLanguage":"cs","potentialAction":[{"@type":"ReadAction","target":["https:\/\/specialpapers.fedrigoni.com\/cze\/cookie-policy\/"]}]},{"@type":"BreadcrumbList","@id":"https:\/\/specialpapers.fedrigoni.com\/cze\/cookie-policy\/#breadcrumb","itemListElement":[{"@type":"ListItem","position":1,"name":"Home","item":"https:\/\/specialpapers.fedrigoni.com\/cze\/"},{"@type":"ListItem","position":2,"name":"Cookie Policy"}]},{"@type":"WebSite","@id":"https:\/\/specialpapers.fedrigoni.com\/cze\/#website","url":"https:\/\/specialpapers.fedrigoni.com\/cze\/","name":"Fedrigoni Special Papers","description":"Elevating Creativity","potentialAction":[{"@type":"SearchAction","target":{"@type":"EntryPoint","urlTemplate":"https:\/\/specialpapers.fedrigoni.com\/cze\/?s={search_term_string}"},"query-input":{"@type":"PropertyValueSpecification","valueRequired":true,"valueName":"search_term_string"}}],"inLanguage":"cs"}]}},"_links":{"self":[{"href":"https:\/\/specialpapers.fedrigoni.com\/cze\/wp-json\/wp\/v2\/pages\/30741","targetHints":{"allow":["GET"]}}],"collection":[{"href":"https:\/\/specialpapers.fedrigoni.com\/cze\/wp-json\/wp\/v2\/pages"}],"about":[{"href":"https:\/\/specialpapers.fedrigoni.com\/cze\/wp-json\/wp\/v2\/types\/page"}],"author":[{"embeddable":true,"href":"https:\/\/specialpapers.fedrigoni.com\/cze\/wp-json\/wp\/v2\/users\/7"}],"replies":[{"embeddable":true,"href":"https:\/\/specialpapers.fedrigoni.com\/cze\/wp-json\/wp\/v2\/comments?post=30741"}],"version-history":[{"count":0,"href":"https:\/\/specialpapers.fedrigoni.com\/cze\/wp-json\/wp\/v2\/pages\/30741\/revisions"}],"wp:attachment":[{"href":"https:\/\/specialpapers.fedrigoni.com\/cze\/wp-json\/wp\/v2\/media?parent=30741"}],"curies":[{"name":"wp","href":"https:\/\/api.w.org\/{rel}","templated":true}]}}