{"id":73444,"date":"2025-04-15T07:40:12","date_gmt":"2025-04-15T07:40:12","guid":{"rendered":"https:\/\/specialpapers.fedrigoni.com\/vyrobky-z-papiru\/paper-for-publishing\/"},"modified":"2025-12-12T13:34:20","modified_gmt":"2025-12-12T13:34:20","slug":"papir-pro-publikace","status":"publish","type":"page","link":"https:\/\/specialpapers.fedrigoni.com\/cze\/vyrobky-z-papiru\/papir-pro-publikace\/","title":{"rendered":"Pap\u00edr pro publikace"},"content":{"rendered":"","protected":false},"excerpt":{"rendered":"","protected":false},"author":38,"featured_media":0,"parent":44857,"menu_order":0,"comment_status":"closed","ping_status":"closed","template":"page-flexible-contents-new-uniqueid.php","meta":{"_acf_changed":false,"footnotes":""},"class_list":["post-73444","page","type-page","status-publish","hentry"],"acf":[],"yoast_head":"<!-- This site is optimized with the Yoast SEO plugin v27.4 - https:\/\/yoast.com\/product\/yoast-seo-wordpress\/ -->\n<title>Pap\u00edr pro publikace<\/title>\n<meta name=\"description\" content=\"Pap\u00edry ur\u010den\u00e9 pro publika\u010dn\u00ed projekty nab\u00edzej\u00edc\u00ed vysokou kvalitu tisku p\u0159\u00edjemn\u00fd povrch a spolehliv\u00fd v\u00fdkon pro knihy \u010dasopisy a ...\" \/>\n<meta name=\"robots\" content=\"index, follow, max-snippet:-1, max-image-preview:large, max-video-preview:-1\" \/>\n<link rel=\"canonical\" href=\"https:\/\/specialpapers.fedrigoni.com\/cze\/vyrobky-z-papiru\/papir-pro-publikace\/\" \/>\n<meta property=\"og:locale\" content=\"cs_CZ\" \/>\n<meta property=\"og:type\" content=\"article\" \/>\n<meta property=\"og:title\" content=\"Pap\u00edr pro publikace\" \/>\n<meta property=\"og:description\" content=\"Pap\u00edry ur\u010den\u00e9 pro publika\u010dn\u00ed projekty nab\u00edzej\u00edc\u00ed vysokou kvalitu tisku p\u0159\u00edjemn\u00fd povrch a spolehliv\u00fd v\u00fdkon pro knihy \u010dasopisy a profesion\u00e1ln\u00ed tiskoviny.\" \/>\n<meta property=\"og:url\" content=\"https:\/\/specialpapers.fedrigoni.com\/cze\/vyrobky-z-papiru\/papir-pro-publikace\/\" \/>\n<meta property=\"og:site_name\" content=\"Fedrigoni Special Papers\" \/>\n<meta property=\"article:modified_time\" content=\"2025-12-12T13:34:20+00:00\" \/>\n<meta property=\"og:image\" content=\"https:\/\/specialpapers.fedrigoni.com\/wp-content\/uploads\/2021\/09\/Banner-HP-ladder.jpg\" \/>\n\t<meta property=\"og:image:width\" content=\"2200\" \/>\n\t<meta property=\"og:image:height\" content=\"1467\" \/>\n\t<meta property=\"og:image:type\" content=\"image\/jpeg\" \/>\n<meta name=\"twitter:card\" content=\"summary_large_image\" \/>\n<script type=\"application\/ld+json\" class=\"yoast-schema-graph\">{\"@context\":\"https:\\\/\\\/schema.org\",\"@graph\":[{\"@type\":[\"WebPage\",\"ProfilePage\"],\"@id\":\"https:\\\/\\\/specialpapers.fedrigoni.com\\\/cze\\\/vyrobky-z-papiru\\\/papir-pro-publikace\\\/\",\"url\":\"https:\\\/\\\/specialpapers.fedrigoni.com\\\/cze\\\/vyrobky-z-papiru\\\/papir-pro-publikace\\\/\",\"name\":\"Pap\u00edr pro publikace\",\"isPartOf\":{\"@id\":\"https:\\\/\\\/specialpapers.fedrigoni.com\\\/cze\\\/#website\"},\"datePublished\":\"2025-04-15T07:40:12+00:00\",\"dateModified\":\"2025-12-12T13:34:20+00:00\",\"description\":\"Pap\u00edry ur\u010den\u00e9 pro publika\u010dn\u00ed projekty nab\u00edzej\u00edc\u00ed vysokou kvalitu tisku p\u0159\u00edjemn\u00fd povrch a spolehliv\u00fd v\u00fdkon pro knihy \u010dasopisy a profesion\u00e1ln\u00ed tiskoviny.\",\"breadcrumb\":{\"@id\":\"https:\\\/\\\/specialpapers.fedrigoni.com\\\/cze\\\/vyrobky-z-papiru\\\/papir-pro-publikace\\\/#breadcrumb\"},\"inLanguage\":\"cs\",\"potentialAction\":[{\"@type\":\"ReadAction\",\"target\":[\"https:\\\/\\\/specialpapers.fedrigoni.com\\\/cze\\\/vyrobky-z-papiru\\\/papir-pro-publikace\\\/\"]}]},{\"@type\":\"BreadcrumbList\",\"@id\":\"https:\\\/\\\/specialpapers.fedrigoni.com\\\/cze\\\/vyrobky-z-papiru\\\/papir-pro-publikace\\\/#breadcrumb\",\"itemListElement\":[{\"@type\":\"ListItem\",\"position\":1,\"name\":\"Home\",\"item\":\"https:\\\/\\\/specialpapers.fedrigoni.com\\\/cze\\\/\"},{\"@type\":\"ListItem\",\"position\":2,\"name\":\"V\u00fdrobky z pap\u00edru\"},{\"@type\":\"ListItem\",\"position\":3,\"name\":\"Pap\u00edr pro publikace\"}]},{\"@type\":\"WebSite\",\"@id\":\"https:\\\/\\\/specialpapers.fedrigoni.com\\\/cze\\\/#website\",\"url\":\"https:\\\/\\\/specialpapers.fedrigoni.com\\\/cze\\\/\",\"name\":\"Fedrigoni Special Papers\",\"description\":\"Elevating Creativity\",\"potentialAction\":[{\"@type\":\"SearchAction\",\"target\":{\"@type\":\"EntryPoint\",\"urlTemplate\":\"https:\\\/\\\/specialpapers.fedrigoni.com\\\/cze\\\/?s={search_term_string}\"},\"query-input\":{\"@type\":\"PropertyValueSpecification\",\"valueRequired\":true,\"valueName\":\"search_term_string\"}}],\"inLanguage\":\"cs\"}]}<\/script>\n<!-- \/ Yoast SEO plugin. -->","yoast_head_json":{"title":"Pap\u00edr pro publikace","description":"Pap\u00edry ur\u010den\u00e9 pro publika\u010dn\u00ed projekty nab\u00edzej\u00edc\u00ed vysokou kvalitu tisku p\u0159\u00edjemn\u00fd povrch a spolehliv\u00fd v\u00fdkon pro knihy \u010dasopisy a ...","robots":{"index":"index","follow":"follow","max-snippet":"max-snippet:-1","max-image-preview":"max-image-preview:large","max-video-preview":"max-video-preview:-1"},"canonical":"https:\/\/specialpapers.fedrigoni.com\/cze\/vyrobky-z-papiru\/papir-pro-publikace\/","og_locale":"cs_CZ","og_type":"article","og_title":"Pap\u00edr pro publikace","og_description":"Pap\u00edry ur\u010den\u00e9 pro publika\u010dn\u00ed projekty nab\u00edzej\u00edc\u00ed vysokou kvalitu tisku p\u0159\u00edjemn\u00fd povrch a spolehliv\u00fd v\u00fdkon pro knihy \u010dasopisy a profesion\u00e1ln\u00ed tiskoviny.","og_url":"https:\/\/specialpapers.fedrigoni.com\/cze\/vyrobky-z-papiru\/papir-pro-publikace\/","og_site_name":"Fedrigoni Special Papers","article_modified_time":"2025-12-12T13:34:20+00:00","og_image":[{"width":2200,"height":1467,"url":"https:\/\/specialpapers.fedrigoni.com\/wp-content\/uploads\/2021\/09\/Banner-HP-ladder.jpg","type":"image\/jpeg"}],"twitter_card":"summary_large_image","schema":{"@context":"https:\/\/schema.org","@graph":[{"@type":["WebPage","ProfilePage"],"@id":"https:\/\/specialpapers.fedrigoni.com\/cze\/vyrobky-z-papiru\/papir-pro-publikace\/","url":"https:\/\/specialpapers.fedrigoni.com\/cze\/vyrobky-z-papiru\/papir-pro-publikace\/","name":"Pap\u00edr pro publikace","isPartOf":{"@id":"https:\/\/specialpapers.fedrigoni.com\/cze\/#website"},"datePublished":"2025-04-15T07:40:12+00:00","dateModified":"2025-12-12T13:34:20+00:00","description":"Pap\u00edry ur\u010den\u00e9 pro publika\u010dn\u00ed projekty nab\u00edzej\u00edc\u00ed vysokou kvalitu tisku p\u0159\u00edjemn\u00fd povrch a spolehliv\u00fd v\u00fdkon pro knihy \u010dasopisy a profesion\u00e1ln\u00ed tiskoviny.","breadcrumb":{"@id":"https:\/\/specialpapers.fedrigoni.com\/cze\/vyrobky-z-papiru\/papir-pro-publikace\/#breadcrumb"},"inLanguage":"cs","potentialAction":[{"@type":"ReadAction","target":["https:\/\/specialpapers.fedrigoni.com\/cze\/vyrobky-z-papiru\/papir-pro-publikace\/"]}]},{"@type":"BreadcrumbList","@id":"https:\/\/specialpapers.fedrigoni.com\/cze\/vyrobky-z-papiru\/papir-pro-publikace\/#breadcrumb","itemListElement":[{"@type":"ListItem","position":1,"name":"Home","item":"https:\/\/specialpapers.fedrigoni.com\/cze\/"},{"@type":"ListItem","position":2,"name":"V\u00fdrobky z pap\u00edru"},{"@type":"ListItem","position":3,"name":"Pap\u00edr pro publikace"}]},{"@type":"WebSite","@id":"https:\/\/specialpapers.fedrigoni.com\/cze\/#website","url":"https:\/\/specialpapers.fedrigoni.com\/cze\/","name":"Fedrigoni Special Papers","description":"Elevating Creativity","potentialAction":[{"@type":"SearchAction","target":{"@type":"EntryPoint","urlTemplate":"https:\/\/specialpapers.fedrigoni.com\/cze\/?s={search_term_string}"},"query-input":{"@type":"PropertyValueSpecification","valueRequired":true,"valueName":"search_term_string"}}],"inLanguage":"cs"}]}},"_links":{"self":[{"href":"https:\/\/specialpapers.fedrigoni.com\/cze\/wp-json\/wp\/v2\/pages\/73444","targetHints":{"allow":["GET"]}}],"collection":[{"href":"https:\/\/specialpapers.fedrigoni.com\/cze\/wp-json\/wp\/v2\/pages"}],"about":[{"href":"https:\/\/specialpapers.fedrigoni.com\/cze\/wp-json\/wp\/v2\/types\/page"}],"author":[{"embeddable":true,"href":"https:\/\/specialpapers.fedrigoni.com\/cze\/wp-json\/wp\/v2\/users\/38"}],"replies":[{"embeddable":true,"href":"https:\/\/specialpapers.fedrigoni.com\/cze\/wp-json\/wp\/v2\/comments?post=73444"}],"version-history":[{"count":0,"href":"https:\/\/specialpapers.fedrigoni.com\/cze\/wp-json\/wp\/v2\/pages\/73444\/revisions"}],"up":[{"embeddable":true,"href":"https:\/\/specialpapers.fedrigoni.com\/cze\/wp-json\/wp\/v2\/pages\/44857"}],"wp:attachment":[{"href":"https:\/\/specialpapers.fedrigoni.com\/cze\/wp-json\/wp\/v2\/media?parent=73444"}],"curies":[{"name":"wp","href":"https:\/\/api.w.org\/{rel}","templated":true}]}}