{"id":30744,"date":"2021-10-01T07:58:47","date_gmt":"2021-10-01T07:58:47","guid":{"rendered":"https:\/\/specialpapers.fedrigoni.com\/cookie-policy\/"},"modified":"2026-01-27T10:45:21","modified_gmt":"2026-01-27T10:45:21","slug":"cookie-policy","status":"publish","type":"page","link":"https:\/\/specialpapers.fedrigoni.com\/deu\/cookie-policy\/","title":{"rendered":"Cookie Policy"},"content":{"rendered":"<p>Verantwortlich f\u00fcr die Datenverarbeitung ist Fedrigoni S.p.A. &#8211; Viale Piave 3 &#8211; 37135 Verona (IT) email: privacy@fedrigoni.com<\/p>\n<p>Diese Website verwendet Cookies. Wir verwenden Cookies, um die ordnungsgem\u00e4\u00dfe Funktionalit\u00e4t der Website zu gew\u00e4hrleisten, um Inhalte und Anzeigen zu personalisieren, um Funktionen f\u00fcr soziale Medien bereitzustellen und um unseren Datenverkehr zu analysieren. Wir geben auch Informationen dar\u00fcber, wie Sie unsere Website nutzen, an unsere Webanalyse-, Werbe- und Social-Media-Partner weiter, die diese mit anderen Informationen kombinieren k\u00f6nnen, die Sie ihnen zur Verf\u00fcgung gestellt haben oder die sie aus Ihrer Nutzung ihrer Dienste gesammelt haben.<\/p>\n<p>Das Gesetz sieht vor, dass wir Cookies auf Ihrem Ger\u00e4t speichern d\u00fcrfen, wenn sie f\u00fcr den Betrieb dieser Website unbedingt erforderlich sind, und zwar aufgrund des berechtigten Interesses von Fedrigoni, die korrekte und sichere Nutzung der Websites zu gew\u00e4hrleisten. F\u00fcr alle anderen Arten von Cookies ben\u00f6tigen wir Ihre Zustimmung.<\/p>\n<p>Diese Website verwendet verschiedene Arten von Cookies. Einige Cookies werden von Diensten Dritter gesetzt, die auf unseren Seiten erscheinen.<\/p>\n<p>Es ist jederzeit m\u00f6glich, die in den Artikeln 15 bis 22 der Datenschutz-Grundverordnung genannten Rechte unter den in den Rechtsvorschriften festgelegten Bedingungen auszu\u00fcben. Diese Rechte sind insbesondere:<\/p>\n<p>&#8211; Recht auf Widerruf Ihrer Zustimmung<br \/>\n&#8211; Recht auf Zugang<br \/>\n&#8211; Recht auf Berichtigung<br \/>\n&#8211; Recht auf L\u00f6schung<br \/>\n&#8211; Recht auf Einschr\u00e4nkung der Verarbeitung<br \/>\n&#8211; Recht auf Daten\u00fcbertragbarkeit<br \/>\n&#8211; Recht auf Widerspruch gegen die Verarbeitung von personenbezogenen Daten<br \/>\n&#8211; Recht, keiner Entscheidung unterworfen zu werden, die ausschlie\u00dflich auf einer automatisierten Verarbeitung, einschlie\u00dflich Profiling, beruht.<\/p>\n<p>Au\u00dferdem besteht die M\u00f6glichkeit, eine Beschwerde bei einer Aufsichtsbeh\u00f6rde einzureichen<br \/>\nSie k\u00f6nnen die oben genannten Rechte aus\u00fcben, indem Sie sich an den f\u00fcr die Verarbeitung Verantwortlichen unter der folgenden E-Mail-Adresse wenden: privacy@fedrigoni.com<\/p>\n<p>Sie k\u00f6nnen Ihre Zustimmung jederzeit in der Cookie-Erkl\u00e4rung auf unserer Website und\/oder unten \u00e4ndern oder widerrufen<\/p>\n<p>In unserer Datenschutzerkl\u00e4rung erfahren Sie mehr dar\u00fcber, wer wir sind, wie Sie uns kontaktieren k\u00f6nnen und wie wir personenbezogene Daten verarbeiten<\/p>\n<script type=\"text\/javascript\" id=\"CookieDeclaration\" src=\"https:\/\/consent.cookiebot.com\/e4330ee6-bb6a-4f10-9928-6f342f1d4ca0\/cd.js\" data-culture=\"DE\" async><\/script>\n","protected":false},"excerpt":{"rendered":"<p>Verantwortlich f\u00fcr die Datenverarbeitung ist Fedrigoni S.p.A. &#8211; Viale Piave 3 &#8211; 37135 Verona (IT) email: privacy@fedrigoni.com Diese Website verwendet Cookies. Wir verwenden Cookies, um die ordnungsgem\u00e4\u00dfe Funktionalit\u00e4t der Website zu gew\u00e4hrleisten, um Inhalte und Anzeigen zu personalisieren, um Funktionen f\u00fcr soziale Medien bereitzustellen und um unseren Datenverkehr zu analysieren. Wir geben auch Informationen dar\u00fcber,&#8230;<\/p>\n","protected":false},"author":7,"featured_media":0,"parent":0,"menu_order":0,"comment_status":"closed","ping_status":"closed","template":"","meta":{"_acf_changed":false,"footnotes":""},"class_list":["post-30744","page","type-page","status-publish","hentry"],"acf":[],"yoast_head":"<!-- This site is optimized with the Yoast SEO plugin v27.5 - https:\/\/yoast.com\/product\/yoast-seo-wordpress\/ -->\n<title>Cookie Policy - DEU | Special Papers<\/title>\n<meta name=\"description\" content=\"Klare Informationen zur Verwendung von Cookies mit Angaben zu Typen Zwecken der Verarbeitung und Optionen zur Verwaltung Ihrer ...\" \/>\n<meta name=\"robots\" content=\"index, follow, max-snippet:-1, max-image-preview:large, max-video-preview:-1\" \/>\n<link rel=\"canonical\" href=\"https:\/\/specialpapers.fedrigoni.com\/deu\/cookie-policy\/\" \/>\n<meta property=\"og:locale\" content=\"de_DE\" \/>\n<meta property=\"og:type\" content=\"article\" \/>\n<meta property=\"og:title\" content=\"Cookie Policy - DEU | Special Papers\" \/>\n<meta property=\"og:description\" content=\"Klare Informationen zur Verwendung von Cookies mit Angaben zu Typen Zwecken der Verarbeitung und Optionen zur Verwaltung Ihrer Datenschutzeinstellungen.\" \/>\n<meta property=\"og:url\" content=\"https:\/\/specialpapers.fedrigoni.com\/deu\/cookie-policy\/\" \/>\n<meta property=\"og:site_name\" content=\"Fedrigoni Special Papers\" \/>\n<meta property=\"article:modified_time\" content=\"2026-01-27T10:45:21+00:00\" \/>\n<meta property=\"og:image\" content=\"https:\/\/specialpapers.fedrigoni.com\/wp-content\/uploads\/2021\/09\/Banner-HP-ladder.jpg\" \/>\n\t<meta property=\"og:image:width\" content=\"2200\" \/>\n\t<meta property=\"og:image:height\" content=\"1467\" \/>\n\t<meta property=\"og:image:type\" content=\"image\/jpeg\" \/>\n<meta name=\"twitter:card\" content=\"summary_large_image\" \/>\n<meta name=\"twitter:label1\" content=\"Gesch\u00e4tzte Lesezeit\" \/>\n\t<meta name=\"twitter:data1\" content=\"2\u00a0Minuten\" \/>\n<script type=\"application\/ld+json\" class=\"yoast-schema-graph\">{\"@context\":\"https:\\\/\\\/schema.org\",\"@graph\":[{\"@type\":[\"WebPage\",\"ProfilePage\"],\"@id\":\"https:\\\/\\\/specialpapers.fedrigoni.com\\\/deu\\\/cookie-policy\\\/\",\"url\":\"https:\\\/\\\/specialpapers.fedrigoni.com\\\/deu\\\/cookie-policy\\\/\",\"name\":\"Cookie Policy - DEU | Special Papers\",\"isPartOf\":{\"@id\":\"https:\\\/\\\/specialpapers.fedrigoni.com\\\/deu\\\/#website\"},\"datePublished\":\"2021-10-01T07:58:47+00:00\",\"dateModified\":\"2026-01-27T10:45:21+00:00\",\"description\":\"Klare Informationen zur Verwendung von Cookies mit Angaben zu Typen Zwecken der Verarbeitung und Optionen zur Verwaltung Ihrer Datenschutzeinstellungen.\",\"breadcrumb\":{\"@id\":\"https:\\\/\\\/specialpapers.fedrigoni.com\\\/deu\\\/cookie-policy\\\/#breadcrumb\"},\"inLanguage\":\"de\",\"potentialAction\":[{\"@type\":\"ReadAction\",\"target\":[\"https:\\\/\\\/specialpapers.fedrigoni.com\\\/deu\\\/cookie-policy\\\/\"]}]},{\"@type\":\"BreadcrumbList\",\"@id\":\"https:\\\/\\\/specialpapers.fedrigoni.com\\\/deu\\\/cookie-policy\\\/#breadcrumb\",\"itemListElement\":[{\"@type\":\"ListItem\",\"position\":1,\"name\":\"Home\",\"item\":\"https:\\\/\\\/specialpapers.fedrigoni.com\\\/deu\\\/\"},{\"@type\":\"ListItem\",\"position\":2,\"name\":\"Cookie Policy\"}]},{\"@type\":\"WebSite\",\"@id\":\"https:\\\/\\\/specialpapers.fedrigoni.com\\\/deu\\\/#website\",\"url\":\"https:\\\/\\\/specialpapers.fedrigoni.com\\\/deu\\\/\",\"name\":\"Fedrigoni Special Papers\",\"description\":\"Elevating Creativity\",\"potentialAction\":[{\"@type\":\"SearchAction\",\"target\":{\"@type\":\"EntryPoint\",\"urlTemplate\":\"https:\\\/\\\/specialpapers.fedrigoni.com\\\/deu\\\/?s={search_term_string}\"},\"query-input\":{\"@type\":\"PropertyValueSpecification\",\"valueRequired\":true,\"valueName\":\"search_term_string\"}}],\"inLanguage\":\"de\"}]}<\/script>\n<!-- \/ Yoast SEO plugin. -->","yoast_head_json":{"title":"Cookie Policy - DEU | Special Papers","description":"Klare Informationen zur Verwendung von Cookies mit Angaben zu Typen Zwecken der Verarbeitung und Optionen zur Verwaltung Ihrer ...","robots":{"index":"index","follow":"follow","max-snippet":"max-snippet:-1","max-image-preview":"max-image-preview:large","max-video-preview":"max-video-preview:-1"},"canonical":"https:\/\/specialpapers.fedrigoni.com\/deu\/cookie-policy\/","og_locale":"de_DE","og_type":"article","og_title":"Cookie Policy - DEU | Special Papers","og_description":"Klare Informationen zur Verwendung von Cookies mit Angaben zu Typen Zwecken der Verarbeitung und Optionen zur Verwaltung Ihrer Datenschutzeinstellungen.","og_url":"https:\/\/specialpapers.fedrigoni.com\/deu\/cookie-policy\/","og_site_name":"Fedrigoni Special Papers","article_modified_time":"2026-01-27T10:45:21+00:00","og_image":[{"width":2200,"height":1467,"url":"https:\/\/specialpapers.fedrigoni.com\/wp-content\/uploads\/2021\/09\/Banner-HP-ladder.jpg","type":"image\/jpeg"}],"twitter_card":"summary_large_image","twitter_misc":{"Gesch\u00e4tzte Lesezeit":"2\u00a0Minuten"},"schema":{"@context":"https:\/\/schema.org","@graph":[{"@type":["WebPage","ProfilePage"],"@id":"https:\/\/specialpapers.fedrigoni.com\/deu\/cookie-policy\/","url":"https:\/\/specialpapers.fedrigoni.com\/deu\/cookie-policy\/","name":"Cookie Policy - DEU | Special Papers","isPartOf":{"@id":"https:\/\/specialpapers.fedrigoni.com\/deu\/#website"},"datePublished":"2021-10-01T07:58:47+00:00","dateModified":"2026-01-27T10:45:21+00:00","description":"Klare Informationen zur Verwendung von Cookies mit Angaben zu Typen Zwecken der Verarbeitung und Optionen zur Verwaltung Ihrer Datenschutzeinstellungen.","breadcrumb":{"@id":"https:\/\/specialpapers.fedrigoni.com\/deu\/cookie-policy\/#breadcrumb"},"inLanguage":"de","potentialAction":[{"@type":"ReadAction","target":["https:\/\/specialpapers.fedrigoni.com\/deu\/cookie-policy\/"]}]},{"@type":"BreadcrumbList","@id":"https:\/\/specialpapers.fedrigoni.com\/deu\/cookie-policy\/#breadcrumb","itemListElement":[{"@type":"ListItem","position":1,"name":"Home","item":"https:\/\/specialpapers.fedrigoni.com\/deu\/"},{"@type":"ListItem","position":2,"name":"Cookie Policy"}]},{"@type":"WebSite","@id":"https:\/\/specialpapers.fedrigoni.com\/deu\/#website","url":"https:\/\/specialpapers.fedrigoni.com\/deu\/","name":"Fedrigoni Special Papers","description":"Elevating Creativity","potentialAction":[{"@type":"SearchAction","target":{"@type":"EntryPoint","urlTemplate":"https:\/\/specialpapers.fedrigoni.com\/deu\/?s={search_term_string}"},"query-input":{"@type":"PropertyValueSpecification","valueRequired":true,"valueName":"search_term_string"}}],"inLanguage":"de"}]}},"_links":{"self":[{"href":"https:\/\/specialpapers.fedrigoni.com\/deu\/wp-json\/wp\/v2\/pages\/30744","targetHints":{"allow":["GET"]}}],"collection":[{"href":"https:\/\/specialpapers.fedrigoni.com\/deu\/wp-json\/wp\/v2\/pages"}],"about":[{"href":"https:\/\/specialpapers.fedrigoni.com\/deu\/wp-json\/wp\/v2\/types\/page"}],"author":[{"embeddable":true,"href":"https:\/\/specialpapers.fedrigoni.com\/deu\/wp-json\/wp\/v2\/users\/7"}],"replies":[{"embeddable":true,"href":"https:\/\/specialpapers.fedrigoni.com\/deu\/wp-json\/wp\/v2\/comments?post=30744"}],"version-history":[{"count":0,"href":"https:\/\/specialpapers.fedrigoni.com\/deu\/wp-json\/wp\/v2\/pages\/30744\/revisions"}],"wp:attachment":[{"href":"https:\/\/specialpapers.fedrigoni.com\/deu\/wp-json\/wp\/v2\/media?parent=30744"}],"curies":[{"name":"wp","href":"https:\/\/api.w.org\/{rel}","templated":true}]}}