{"id":30762,"date":"2021-10-01T07:57:47","date_gmt":"2021-10-01T07:57:47","guid":{"rendered":"https:\/\/specialpapers.fedrigoni.com\/privacy-policy\/"},"modified":"2025-11-07T16:48:35","modified_gmt":"2025-11-07T16:48:35","slug":"privacy-policy","status":"publish","type":"page","link":"https:\/\/specialpapers.fedrigoni.com\/deu\/privacy-policy\/","title":{"rendered":"Privacy Policy"},"content":{"rendered":"<h4>DATENSCHUTZERKL\u00c4RUNG GEM\u00c4SS ARTIKEL 13 DER EU-VERORDNUNG 2016\/679 \u2013 NUTZER VON WEBPORTALEN<\/h4>\n<p>&nbsp;<\/p>\n<p><strong>1. Der Datenverantwortliche<\/strong><\/p>\n<p>&nbsp;<\/p>\n<p>Der Datenverantwortliche ist die Fedrigoni S.p.A. mit Rechtssitz in Via Enrico Fermi 13\/F, 37135 Verona (VR) Italien. Um Ihre in der aktuellen Verordnung vorgesehenen Rechte auszu\u00fcben, die unter \u201e5. Rechte der betroffenen Person\u201c aufgelistet sind, und f\u00fcr alle anderen Anfragen in Bezug auf den Datenschutz wenden Sie sich an den Datenverantwortlichen unter <a href=\"mailto:privacy@fedrigoni.com\">privacy@fedrigoni.com<\/a>.<\/p>\n<p>&nbsp;<\/p>\n<p><strong>2. Arten der verarbeiteten Prozesse<\/strong><\/p>\n<p><strong>a) Verwaltung der Portalregistrierung<\/strong><\/p>\n<p>\u2022 <strong>Zweck<\/strong>: Das Webportal erm\u00f6glicht die Registrierung von Benutzern, die dadurch ihren eigenen reservierten Bereich erstellen und auf vertrauliche und exklusive Informationen innerhalb der Plattform zugreifen k\u00f6nnen.<br \/>\n\u2022 <strong>Rechtsgrundlage<\/strong>: Der Registrierungsprozess erfolgt auf Grundlage der Einwilligung der betroffenen Person.<br \/>\n\u2022 <strong>Datenaufbewahrung<\/strong>: Die Daten werden so lange aufbewahrt, wie es f\u00fcr die Verwaltung des Registrierungsdienstes in dem dem Benutzer zur Verf\u00fcgung gestellten Portal erforderlich ist.<br \/>\nNach Abschluss des Registrierungsprozesses ist der Nutzer in den Systemen des Unternehmens<br \/>\nregistriert und hat jederzeit die M\u00f6glichkeit, die Deaktivierung seines Kontos \u00fcber die unter Punkt 1<br \/>\nangegebenen Kommunikationswege zu beantragen.<\/p>\n<p>&nbsp;<\/p>\n<p><strong>b) Verwaltung der Benutzerkommunikation<\/strong><\/p>\n<p>\u2022 <strong>Zweck<\/strong>: Das freiwillige Versenden von Nachrichten an die Kontaktadressen auf dieser Website und das Ausf\u00fcllen der \u201eFormulare\u201c f\u00fchrt zur Erfassung der Kontaktdaten des Absenders sowie aller in den Mitteilungen enthaltenen personenbezogenen Daten, die f\u00fcr den Auftrag ben\u00f6tigt warden, um spezifische Anfragen zu erf\u00fcllen, die an den Datenverantwortlichen gesendet werden. Die Daten werden f\u00fcr die Verwaltung der Kommunikation verarbeitet, basierend auf der Notwendigkeit, den dem Benutzer zur Verf\u00fcgung gestellten Kommunikationsdienst bereitzustellen.<br \/>\n\u2022 <strong>Rechtsgrundlage<\/strong>: Die Verarbeitung erfolgt unter Zustimmung der Person, die die Mitteilung sendet.<br \/>\n\u2022 <strong>Datenspeicherung<\/strong>: Die Daten des Benutzers werden vom Datenverantwortlichen erfasst und f\u00fcr die Zeit gespeichert, die f\u00fcr die Verwaltung der Kommunikation erforderlich ist, um die Gesch\u00e4ftsbeziehung mit dem Benutzer zu verwalten, vorbehaltlich seiner Zustimmung, die jederzeit auf Anfrage \u00fcber die Kommunikationskan\u00e4le unter Punkt 1 widerrufbar ist.<\/p>\n<p>&nbsp;<\/p>\n<p><strong>c) Newsletter<\/strong><\/p>\n<p>\u2022 <strong>Zweck<\/strong>: Bei der Registrierung im Portal und\/oder beim Versenden von Mitteilungen \u00fcber die \u201eFormulare\u201c auf der Plattform kann der Benutzer Newsletter-Dienste zu Updates und Werbeaktionen im Zusammenhang mit Angebot, Produkten und Dienstleistungen abonnieren.<br \/>\n\u2022 <strong>Rechtsgrundlage<\/strong>: Die Datenverarbeitung erfolgt auf Grundlage der Einwilligung des Nutzers gem\u00e4\u00df Art. 6 Abs. 1 lit. a DSGVO.<br \/>\n\u2022 <strong>Datenaufbewahrung<\/strong>: Personenbezogene Daten werden f\u00fcr die Zeit aufbewahrt, die f\u00fcr die Verwaltung des Newsletter-Dienstes erforderlich ist, der dem Benutzer zur Verf\u00fcgung gestellt wird, der jederzeit entscheiden kann, den Versand von Newslettern einzustellen, indem er die erteilte Einwilligung \u00fcber die in jeder erhaltenen Mitteilung enthaltene spezifische Funktionalit\u00e4t widerruft, oder durch eine Anfrage \u00fcber die unter Punkt 1 angegebenen Kommunikationskan\u00e4le.<\/p>\n<p>&nbsp;<\/p>\n<p><strong>d) Anwendungsmanagement<\/strong><\/p>\n<p>\u00dcber das Portal ist es m\u00f6glich, auf den Bereich \u201eKarriere\u201c zuzugreifen, um Stellenangebote einzusehen und Bewerbungen zu verwalten. Informationen zu solchen Verarbeitungsaktivit\u00e4ten finden Sie in der Kandidatenrichtlinie, die im entsprechenden Abschnitt zu finden ist.<\/p>\n<p>&nbsp;<\/p>\n<p><strong>e) Browsing-Datenverwaltung<\/strong><\/p>\n<p>\u2022 <strong>Zweck<\/strong>: Die Tools, die zur Gew\u00e4hrleistung des Betriebs und der Sicherheit des Portals verwendet werden, k\u00f6nnen im Laufe ihres normalen Betriebs einige Informationen verarbeiten, die nicht gesammelt werden, um mit den betroffenen Personen in Verbindung gebracht zu werden, die aber aus Systemgr\u00fcnden m\u00f6glicherweise verwendet werden k\u00f6nnten, um die Identifizierung von Benutzern zu erm\u00f6glichen (z.B. IP-Adressen, Domain Namen, usw.). Diese Informationen werden gesammelt, um die Sicherheit und das ordnungsgem\u00e4\u00dfe Funktionieren des Portals zu gew\u00e4hrleisten.<br \/>\n\u2022 <strong>Rechtsgrundlage<\/strong>: Die Daten werden im berechtigten Interesse des Datenverantwortlichen gem\u00e4\u00df Artikel 6 Absatz 1 Buchstabe f) der DSGVO verarbeitet.<br \/>\n\u2022 <strong>Datenaufbewahrung<\/strong>: Daten werden so lange aufbewahrt, wie es zur Verfolgung der angegebenen Zwecke unbedingt erforderlich ist.<\/p>\n<p>&nbsp;<\/p>\n<p><strong>f) Gesch\u00e4ftskontakte<\/strong><\/p>\n<p>\u2022 <strong>Zweck<\/strong>: Die von Ihnen angegebenen Kontaktinformationen werden f\u00fcr die Verwaltung Ihrer Gesch\u00e4ftsbeziehung als Kunden-\/Interessenten-Kontaktdaten gespeichert und verarbeitet.<br \/>\n\u2022 <strong>Rechtsgrundlage<\/strong>: Die Verwaltung Ihrer Kontaktinformationen erfolgt aufgrund eines bestehenden Vertrags zwischen den Parteien oder aufgrund eines kommerziellen Interesses, das m\u00f6glicherweise zu zuk\u00fcnftigen vertraglichen Vereinbarungen f\u00fchrt. Sie k\u00f6nnen jederzeit die L\u00f6schung Ihrer Kontaktdaten verlangen, indem Sie eine Anfrage \u00fcber die unter Punkt 1 angegebenen Kommunikationswege stellen.<br \/>\n\u2022 <strong>Datenaufbewahrung<\/strong>: Die Daten werden 36 Monate lang ab dem letzten beruflichen Kontakt aufbewahrt; wenn eine vertragliche Vereinbarung definiert wird, werden die Daten bis zum Ende der daraus entstehenden Rechtswirkungen aufbewahrt.<\/p>\n<p>&nbsp;<\/p>\n<p><strong>g) Kommerzielle B2B-Kommunikation<\/strong><\/p>\n<p>\u2022 <strong>Zweck<\/strong>: Die Kontaktinformationen, die Sie im Zusammenhang mit dem Aufbau\/der Pflege einer beruflichen\/kommerziellen Beziehung angeben, werden gespeichert und verarbeitet, um Werbe-bzw. Update-Mitteilungen und Frageb\u00f6gen zu versenden, um Feedback und Verbesserungs-vorschl\u00e4ge zu sammeln.<br \/>\n\u2022 <strong>Rechtsgrundlage<\/strong>: Die Verarbeitungst\u00e4tigkeit erfolgt aufgrund des berechtigten Interesses des Datenverantwortlichen, berufliche Kontakte zu seinen derzeitigen oder potenziellen Gesch\u00e4ftspartnern zu pflegen und zu verbessern.<br \/>\n\u2022 <strong>Datenaufbewahrung<\/strong>: Die Daten werden zum Versenden von Mitteilungen 36 Monate lang ab dem letzten beruflichen Kontakt verarbeitet. Sie k\u00f6nnen jederzeit verlangen, derartige Mitteilungen abzubestellen, indem Sie den Link in der Willkommens-Mail ausw\u00e4hlen oder eine Anfrage \u00fcber die unter Punkt 1 angegebenen Kommunikationskan\u00e4le stellen.<\/p>\n<p>&nbsp;<\/p>\n<p><strong>h) Registrierung und Kommunikation zum Fedrigoni Top Award<\/strong><\/p>\n<p>\u2022 <strong>Zweck<\/strong>: Die Kontaktinformationen, die Sie im Rahmen Ihrer Registrierung f\u00fcr die Fedrigoni Top Awards-Veranstaltung angeben, werden gespeichert und verarbeitet, um die Registrierung zu verwalten und anschlie\u00dfend Update-Mitteilungen zu senden (z. B. Nominierte f\u00fcr die Auszeichnung, nachfolgende Ausgaben, etc.).<br \/>\n\u2022 <strong>Rechtsgrundlage<\/strong>: Die Verarbeitung erfolgt im berechtigten Interesse des Datenverantwortlichen, den Teilnahmeprozess der Mitglieder zu verwalten und die Teilnehmer \u00fcber die Entwicklung der Top Awards-Initiative auf dem Laufenden zu halten.<br \/>\n\u2022 <strong>Datenaufbewahrung<\/strong>: Die Daten werden so lange aufbewahrt, wie es f\u00fcr die Verwaltung der Veranstaltungsteilnahme und danach f\u00fcr den Versand der oben genannten Mitteilungen erforderlich ist. Der Benutzer kann jederzeit verlangen, den Versand der Newsletter durch eine Anfrage \u00fcber die unter Punkt 1 angegebenen Kommunikationskan\u00e4le einzustellen.<\/p>\n<p>&nbsp;<\/p>\n<p><strong>i) Cookies-Verwaltung<\/strong><\/p>\n<p>Das Portal verwendet Cookies, durch die personenbezogene Daten des Benutzers verarbeitet werden k\u00f6nnen. F\u00fcr diese Anwendung beachten Sie bitte die Cookies-Richtlinie.<\/p>\n<p>&nbsp;<\/p>\n<p>&nbsp;<\/p>\n<p><strong>3. Verarbeitungsmethoden<\/strong><\/p>\n<p>Ihre personenbezogenen Daten werden in \u00dcbereinstimmung mit den Bestimmungen der geltenden Gesetzgebung zum Schutz personenbezogener Daten unter Verwendung analoger und digitaler Mittel verarbeitet, die geeignet sind, die Sicherheit und Vertraulichkeit derselben in \u00dcbereinstimmung mit den in Artikel 32 der DSGVO vorgesehenen Bestimmungen zu gew\u00e4hrleisten.<\/p>\n<p>&nbsp;<\/p>\n<p><strong>4. Parteien, denen Ihre personenbezogenen Daten mitgeteilt werden k\u00f6nnen<\/strong><\/p>\n<p>Zur Verfolgung der oben beschriebenen Zwecke k\u00f6nnen Ihre personenbezogenen Daten Mitarbeitern und Handelsvertretern des Verantwortlichen bekannt gegeben werden, die als zur Verarbeitung befugte Parteien und\/oder Datenverarbeiter fungieren.<br \/>\nDar\u00fcber hinaus muss der Datenverantwortliche Ihre personenbezogenen Daten m\u00f6glicherweise an Dritte weitergeben, die beispielsweise zu den folgenden Kategorien geh\u00f6ren:<\/p>\n<p>\u2022 Unternehmen der Fedrigoni-Gruppe;<br \/>\n\u2022 Parteien, die Dienste zur Verwaltung von ICT-Diensten (z. B. Website-Verwaltung),<\/p>\n<p>Kommunikationsdiensten (z. B. Mailinglistenverwaltung) und Anwendungsverwaltung anbieten.<br \/>\nDer Datenverantwortliche kann Ihre personenbezogenen Daten au\u00dferhalb des Europ\u00e4ischen Wirtschaftsraums \u00fcbertragen, wobei eine der folgenden Bedingungen erf\u00fcllt ist: es handelt sich entweder um ein Drittland gem\u00e4\u00df Artikel 45 der DSGVO, oder um ein Land, f\u00fcr das der Datenverantwortliche angemessene Datenschutzgarantien bietet gem\u00e4\u00df Artikel 46 und 47 der DSGVO und f\u00fcr welches er den betroffenen Personen durchsetzbare Rechte und wirksame Rechtsbehelfe gew\u00e4hrleisten kann.<\/p>\n<p>&nbsp;<\/p>\n<p><strong>5. Rechte der betroffenen Person<\/strong><\/p>\n<p>Der Datenverantwortliche achtet besonders auf den Schutz Ihrer Daten und informiert Sie dar\u00fcber, dass Sie unter den in der geltenden Gesetzgebung vorgesehenen Bedingungen die folgenden Rechte aus\u00fcben k\u00f6nnen:<\/p>\n<p>\u2022 <strong>Auskunftsrecht<\/strong> \u2013 das Recht, vom Datenverantwortlichen eine Best\u00e4tigung dar\u00fcber zu erhalten, ob Ihre Person betreffende personenbezogene Daten verarbeitet werden oder nicht, und, falls dies der Fall ist, auf die personenbezogenen Daten zuzugreifen;<br \/>\n\u2022 <strong>Recht auf Berichtigung<\/strong> \u2013 das Recht, vom Datenverantwortlichen unverz\u00fcglich die Berichtigung Sie betreffender unrichtiger personenbezogener Daten und die Vervollst\u00e4ndigung unvollst\u00e4ndiger personenbezogener Daten zu verlangen;<br \/>\n\u2022 <strong>Recht auf L\u00f6schung (\u201eRecht auf Vergessenwerden\u201c)<\/strong> \u2013 das Recht, vom Datenverantwortlichen zu verlangen, dass Ihre Person betreffende personenbezogene Daten unverz\u00fcglich gel\u00f6scht werden;<br \/>\n\u2022 <strong>Recht auf Einschr\u00e4nkung der Verarbeitung<\/strong> \u2013 gegebenenfalls das Recht auf Einschr\u00e4nkung der Verarbeitung, wenn die gesetzlichen Voraussetzungen erf\u00fcllt sind;<br \/>\n\u2022 <strong>Recht auf Daten\u00fcbertragbarkeit<\/strong> \u2013 das Recht, die Sie betreffenden personenbezogenen Daten, die Sie dem Datenverantwortlichen zur Verf\u00fcgung gestellt haben, in einem strukturierten Format zu erhalten, das von einem automatischen Ger\u00e4t gelesen werden kann, und das Recht, diese frei an einen anderen Datenverantwortlichen zu senden;<br \/>\n\u2022 <strong>Widerspruchsrecht<\/strong> \u2013 das Recht, jederzeit der Verarbeitung personenbezogener Daten, die Sie betreffen, zu widersprechen, wenn die in der Gesetzgebung festgelegten Bestimmungen vorliegen;<br \/>\n\u2022 <strong>Widerruf der Einwilligung<\/strong> \u2013 Recht, jederzeit den Widerruf der erteilten Einwilligung zu verlangen, ohne dass die Rechtm\u00e4\u00dfigkeit der Verarbeitung aufgrund der vor dem Widerruf erteilten Einwilligung ber\u00fchrt wird.<\/p>\n<p>Die oben genannten Rechte k\u00f6nnen gegen\u00fcber dem Datenverantwortlichen unter Verwendung der oben unter Punkt 1 angegebenen Kontaktkan\u00e4le ausge\u00fcbt werden.<br \/>\nUm sich \u00fcber Ihre Rechte zu informieren, eine Beschwerde einzureichen und \u00fcber die Gesetzgebung zum Schutz nat\u00fcrlicher Personen bei der Verarbeitung personenbezogener Daten auf dem Laufenden zu bleiben, wenden Sie sich an die Datenschutzbeh\u00f6rde unter <a href=\"http:\/\/www.garanteprivacy.it\/\" target=\"_blank\" rel=\"noopener\">Garante della Privacy: http:\/\/www.garanteprivacy.it\/<\/a>.<\/p>\n","protected":false},"excerpt":{"rendered":"<p>DATENSCHUTZERKL\u00c4RUNG GEM\u00c4SS ARTIKEL 13 DER EU-VERORDNUNG 2016\/679 \u2013 NUTZER VON WEBPORTALEN &nbsp; 1. Der Datenverantwortliche &nbsp; Der Datenverantwortliche ist die Fedrigoni S.p.A. mit Rechtssitz in Via Enrico Fermi 13\/F, 37135 Verona (VR) Italien. Um Ihre in der aktuellen Verordnung vorgesehenen Rechte auszu\u00fcben, die unter \u201e5. Rechte der betroffenen Person\u201c aufgelistet sind, und f\u00fcr alle anderen&#8230;<\/p>\n","protected":false},"author":7,"featured_media":0,"parent":0,"menu_order":0,"comment_status":"closed","ping_status":"closed","template":"","meta":{"_acf_changed":false,"footnotes":""},"class_list":["post-30762","page","type-page","status-publish","hentry"],"acf":[],"yoast_head":"<!-- This site is optimized with the Yoast SEO plugin v27.3 - https:\/\/yoast.com\/product\/yoast-seo-wordpress\/ -->\n<title>Privacy Policy - DEU | Special Papers<\/title>\n<meta name=\"description\" content=\"Informativer Hinweis zum Datenschutz: \u00dcberblick \u00fcber Erhebung, Nutzung und Speicherung personenbezogener Daten sowie Nutzerrechte gem\u00e4\u00df EU-Recht.\" \/>\n<meta name=\"robots\" content=\"index, follow, max-snippet:-1, max-image-preview:large, max-video-preview:-1\" \/>\n<link rel=\"canonical\" href=\"https:\/\/specialpapers.fedrigoni.com\/deu\/privacy-policy\/\" \/>\n<meta property=\"og:locale\" content=\"de_DE\" \/>\n<meta property=\"og:type\" content=\"article\" \/>\n<meta property=\"og:title\" content=\"Privacy Policy - DEU | Special Papers\" \/>\n<meta property=\"og:description\" content=\"Informativer Hinweis zum Datenschutz: \u00dcberblick \u00fcber Erhebung, Nutzung und Speicherung personenbezogener Daten sowie Nutzerrechte gem\u00e4\u00df EU-Recht.\" \/>\n<meta property=\"og:url\" content=\"https:\/\/specialpapers.fedrigoni.com\/deu\/privacy-policy\/\" \/>\n<meta property=\"og:site_name\" content=\"Fedrigoni Special Papers\" \/>\n<meta property=\"article:modified_time\" content=\"2025-11-07T16:48:35+00:00\" \/>\n<meta property=\"og:image\" content=\"https:\/\/specialpapers.fedrigoni.com\/wp-content\/uploads\/2021\/09\/Banner-HP-ladder.jpg\" \/>\n\t<meta property=\"og:image:width\" content=\"2200\" \/>\n\t<meta property=\"og:image:height\" content=\"1467\" \/>\n\t<meta property=\"og:image:type\" content=\"image\/jpeg\" \/>\n<meta name=\"twitter:card\" content=\"summary_large_image\" \/>\n<meta name=\"twitter:label1\" content=\"Gesch\u00e4tzte Lesezeit\" \/>\n\t<meta name=\"twitter:data1\" content=\"7\u00a0Minuten\" \/>\n<script type=\"application\/ld+json\" class=\"yoast-schema-graph\">{\"@context\":\"https:\\\/\\\/schema.org\",\"@graph\":[{\"@type\":[\"WebPage\",\"ProfilePage\"],\"@id\":\"https:\\\/\\\/specialpapers.fedrigoni.com\\\/deu\\\/privacy-policy\\\/\",\"url\":\"https:\\\/\\\/specialpapers.fedrigoni.com\\\/deu\\\/privacy-policy\\\/\",\"name\":\"Privacy Policy - DEU | Special Papers\",\"isPartOf\":{\"@id\":\"https:\\\/\\\/specialpapers.fedrigoni.com\\\/deu\\\/#website\"},\"datePublished\":\"2021-10-01T07:57:47+00:00\",\"dateModified\":\"2025-11-07T16:48:35+00:00\",\"description\":\"Informativer Hinweis zum Datenschutz: \u00dcberblick \u00fcber Erhebung, Nutzung und Speicherung personenbezogener Daten sowie Nutzerrechte gem\u00e4\u00df EU-Recht.\",\"breadcrumb\":{\"@id\":\"https:\\\/\\\/specialpapers.fedrigoni.com\\\/deu\\\/privacy-policy\\\/#breadcrumb\"},\"inLanguage\":\"de\",\"potentialAction\":[{\"@type\":\"ReadAction\",\"target\":[\"https:\\\/\\\/specialpapers.fedrigoni.com\\\/deu\\\/privacy-policy\\\/\"]}]},{\"@type\":\"BreadcrumbList\",\"@id\":\"https:\\\/\\\/specialpapers.fedrigoni.com\\\/deu\\\/privacy-policy\\\/#breadcrumb\",\"itemListElement\":[{\"@type\":\"ListItem\",\"position\":1,\"name\":\"Home\",\"item\":\"https:\\\/\\\/specialpapers.fedrigoni.com\\\/deu\\\/\"},{\"@type\":\"ListItem\",\"position\":2,\"name\":\"Privacy Policy\"}]},{\"@type\":\"WebSite\",\"@id\":\"https:\\\/\\\/specialpapers.fedrigoni.com\\\/deu\\\/#website\",\"url\":\"https:\\\/\\\/specialpapers.fedrigoni.com\\\/deu\\\/\",\"name\":\"Fedrigoni Special Papers\",\"description\":\"Elevating Creativity\",\"potentialAction\":[{\"@type\":\"SearchAction\",\"target\":{\"@type\":\"EntryPoint\",\"urlTemplate\":\"https:\\\/\\\/specialpapers.fedrigoni.com\\\/deu\\\/?s={search_term_string}\"},\"query-input\":{\"@type\":\"PropertyValueSpecification\",\"valueRequired\":true,\"valueName\":\"search_term_string\"}}],\"inLanguage\":\"de\"}]}<\/script>\n<!-- \/ Yoast SEO plugin. -->","yoast_head_json":{"title":"Privacy Policy - DEU | Special Papers","description":"Informativer Hinweis zum Datenschutz: \u00dcberblick \u00fcber Erhebung, Nutzung und Speicherung personenbezogener Daten sowie Nutzerrechte gem\u00e4\u00df EU-Recht.","robots":{"index":"index","follow":"follow","max-snippet":"max-snippet:-1","max-image-preview":"max-image-preview:large","max-video-preview":"max-video-preview:-1"},"canonical":"https:\/\/specialpapers.fedrigoni.com\/deu\/privacy-policy\/","og_locale":"de_DE","og_type":"article","og_title":"Privacy Policy - DEU | Special Papers","og_description":"Informativer Hinweis zum Datenschutz: \u00dcberblick \u00fcber Erhebung, Nutzung und Speicherung personenbezogener Daten sowie Nutzerrechte gem\u00e4\u00df EU-Recht.","og_url":"https:\/\/specialpapers.fedrigoni.com\/deu\/privacy-policy\/","og_site_name":"Fedrigoni Special Papers","article_modified_time":"2025-11-07T16:48:35+00:00","og_image":[{"width":2200,"height":1467,"url":"https:\/\/specialpapers.fedrigoni.com\/wp-content\/uploads\/2021\/09\/Banner-HP-ladder.jpg","type":"image\/jpeg"}],"twitter_card":"summary_large_image","twitter_misc":{"Gesch\u00e4tzte Lesezeit":"7\u00a0Minuten"},"schema":{"@context":"https:\/\/schema.org","@graph":[{"@type":["WebPage","ProfilePage"],"@id":"https:\/\/specialpapers.fedrigoni.com\/deu\/privacy-policy\/","url":"https:\/\/specialpapers.fedrigoni.com\/deu\/privacy-policy\/","name":"Privacy Policy - DEU | Special Papers","isPartOf":{"@id":"https:\/\/specialpapers.fedrigoni.com\/deu\/#website"},"datePublished":"2021-10-01T07:57:47+00:00","dateModified":"2025-11-07T16:48:35+00:00","description":"Informativer Hinweis zum Datenschutz: \u00dcberblick \u00fcber Erhebung, Nutzung und Speicherung personenbezogener Daten sowie Nutzerrechte gem\u00e4\u00df EU-Recht.","breadcrumb":{"@id":"https:\/\/specialpapers.fedrigoni.com\/deu\/privacy-policy\/#breadcrumb"},"inLanguage":"de","potentialAction":[{"@type":"ReadAction","target":["https:\/\/specialpapers.fedrigoni.com\/deu\/privacy-policy\/"]}]},{"@type":"BreadcrumbList","@id":"https:\/\/specialpapers.fedrigoni.com\/deu\/privacy-policy\/#breadcrumb","itemListElement":[{"@type":"ListItem","position":1,"name":"Home","item":"https:\/\/specialpapers.fedrigoni.com\/deu\/"},{"@type":"ListItem","position":2,"name":"Privacy Policy"}]},{"@type":"WebSite","@id":"https:\/\/specialpapers.fedrigoni.com\/deu\/#website","url":"https:\/\/specialpapers.fedrigoni.com\/deu\/","name":"Fedrigoni Special Papers","description":"Elevating Creativity","potentialAction":[{"@type":"SearchAction","target":{"@type":"EntryPoint","urlTemplate":"https:\/\/specialpapers.fedrigoni.com\/deu\/?s={search_term_string}"},"query-input":{"@type":"PropertyValueSpecification","valueRequired":true,"valueName":"search_term_string"}}],"inLanguage":"de"}]}},"_links":{"self":[{"href":"https:\/\/specialpapers.fedrigoni.com\/deu\/wp-json\/wp\/v2\/pages\/30762","targetHints":{"allow":["GET"]}}],"collection":[{"href":"https:\/\/specialpapers.fedrigoni.com\/deu\/wp-json\/wp\/v2\/pages"}],"about":[{"href":"https:\/\/specialpapers.fedrigoni.com\/deu\/wp-json\/wp\/v2\/types\/page"}],"author":[{"embeddable":true,"href":"https:\/\/specialpapers.fedrigoni.com\/deu\/wp-json\/wp\/v2\/users\/7"}],"replies":[{"embeddable":true,"href":"https:\/\/specialpapers.fedrigoni.com\/deu\/wp-json\/wp\/v2\/comments?post=30762"}],"version-history":[{"count":0,"href":"https:\/\/specialpapers.fedrigoni.com\/deu\/wp-json\/wp\/v2\/pages\/30762\/revisions"}],"wp:attachment":[{"href":"https:\/\/specialpapers.fedrigoni.com\/deu\/wp-json\/wp\/v2\/media?parent=30762"}],"curies":[{"name":"wp","href":"https:\/\/api.w.org\/{rel}","templated":true}]}}