{"id":30908,"date":"2021-08-25T10:34:17","date_gmt":"2021-08-25T10:34:17","guid":{"rendered":"https:\/\/specialpapers.fedrigoni.com\/inspire-me\/"},"modified":"2021-11-22T11:13:39","modified_gmt":"2021-11-22T11:13:39","slug":"inspire-me","status":"publish","type":"page","link":"https:\/\/specialpapers.fedrigoni.com\/deu\/inspire-me\/","title":{"rendered":"Inspiration<!--Inspire Me-->"},"content":{"rendered":"<p><strong>Unendliche M\u00f6glichkeiten<\/strong><\/p>\n<p>Schlie\u00dfen Sie Ihre Augen und \u00f6ffnen Sie sie wieder in der Welt von Fedrigoni Special Papers. Eine Reise voller kreativer M\u00f6glichkeiten erwartet Sie. Geschichten, die Sie mit allen Sinnen erleben k\u00f6nnen. Projekte, die die Geschichte Ihrer (und unserer) Kunst erz\u00e4hlen.<\/p>\n<p>UMFRAGE<br \/>\nWie w\u00fcrden Sie Ihr Interesse an Fedrigoni Papieren beschreiben?<\/p>\n<p><!--<strong>Infinite possibilities<\/strong>\n\nClose your eyes and open them again to the world of Fedrigoni Special Papers. A journey of infinite creative possibilities awaits you. Stories to relive with all your senses. Projects that tell the story of your (and our) art.\n\nPOLL\nHow would you describe your interest in Fedrigoni Special Paperss?--><\/p>\n","protected":false},"excerpt":{"rendered":"<p>Unendliche M\u00f6glichkeiten Schlie\u00dfen Sie Ihre Augen und \u00f6ffnen Sie sie wieder in der Welt von Fedrigoni Special Papers. Eine Reise voller kreativer M\u00f6glichkeiten erwartet Sie. Geschichten, die Sie mit allen Sinnen erleben k\u00f6nnen. Projekte, die die Geschichte Ihrer (und unserer) Kunst erz\u00e4hlen. UMFRAGE Wie w\u00fcrden Sie Ihr Interesse an Fedrigoni Papieren beschreiben?<\/p>\n","protected":false},"author":7,"featured_media":0,"parent":0,"menu_order":0,"comment_status":"closed","ping_status":"closed","template":"","meta":{"_acf_changed":false,"footnotes":""},"class_list":["post-30908","page","type-page","status-publish","hentry"],"acf":[],"yoast_head":"<!-- This site is optimized with the Yoast SEO plugin v27.3 - https:\/\/yoast.com\/product\/yoast-seo-wordpress\/ -->\n<title>Inspiration<\/title>\n<meta name=\"robots\" content=\"index, follow, max-snippet:-1, max-image-preview:large, max-video-preview:-1\" \/>\n<link rel=\"canonical\" href=\"https:\/\/specialpapers.fedrigoni.com\/deu\/inspire-me\/\" \/>\n<meta property=\"og:locale\" content=\"de_DE\" \/>\n<meta property=\"og:type\" content=\"article\" \/>\n<meta property=\"og:title\" content=\"Inspiration\" \/>\n<meta property=\"og:description\" content=\"Unendliche M\u00f6glichkeiten Schlie\u00dfen Sie Ihre Augen und \u00f6ffnen Sie sie wieder in der Welt von Fedrigoni Special Papers. Eine Reise voller kreativer M\u00f6glichkeiten erwartet Sie. Geschichten, die Sie mit allen Sinnen erleben k\u00f6nnen. Projekte, die die Geschichte Ihrer (und unserer) Kunst erz\u00e4hlen. UMFRAGE Wie w\u00fcrden Sie Ihr Interesse an Fedrigoni Papieren beschreiben?\" \/>\n<meta property=\"og:url\" content=\"https:\/\/specialpapers.fedrigoni.com\/deu\/inspire-me\/\" \/>\n<meta property=\"og:site_name\" content=\"Fedrigoni Special Papers\" \/>\n<meta property=\"article:modified_time\" content=\"2021-11-22T11:13:39+00:00\" \/>\n<meta property=\"og:image\" content=\"https:\/\/specialpapers.fedrigoni.com\/wp-content\/uploads\/2021\/09\/Banner-HP-ladder.jpg\" \/>\n\t<meta property=\"og:image:width\" content=\"2200\" \/>\n\t<meta property=\"og:image:height\" content=\"1467\" \/>\n\t<meta property=\"og:image:type\" content=\"image\/jpeg\" \/>\n<meta name=\"twitter:card\" content=\"summary_large_image\" \/>\n<script type=\"application\/ld+json\" class=\"yoast-schema-graph\">{\"@context\":\"https:\\\/\\\/schema.org\",\"@graph\":[{\"@type\":[\"WebPage\",\"ProfilePage\"],\"@id\":\"https:\\\/\\\/specialpapers.fedrigoni.com\\\/deu\\\/inspire-me\\\/\",\"url\":\"https:\\\/\\\/specialpapers.fedrigoni.com\\\/deu\\\/inspire-me\\\/\",\"name\":\"Inspiration\",\"isPartOf\":{\"@id\":\"https:\\\/\\\/specialpapers.fedrigoni.com\\\/deu\\\/#website\"},\"datePublished\":\"2021-08-25T10:34:17+00:00\",\"dateModified\":\"2021-11-22T11:13:39+00:00\",\"breadcrumb\":{\"@id\":\"https:\\\/\\\/specialpapers.fedrigoni.com\\\/deu\\\/inspire-me\\\/#breadcrumb\"},\"inLanguage\":\"de\",\"potentialAction\":[{\"@type\":\"ReadAction\",\"target\":[\"https:\\\/\\\/specialpapers.fedrigoni.com\\\/deu\\\/inspire-me\\\/\"]}]},{\"@type\":\"BreadcrumbList\",\"@id\":\"https:\\\/\\\/specialpapers.fedrigoni.com\\\/deu\\\/inspire-me\\\/#breadcrumb\",\"itemListElement\":[{\"@type\":\"ListItem\",\"position\":1,\"name\":\"Home\",\"item\":\"https:\\\/\\\/specialpapers.fedrigoni.com\\\/deu\\\/\"},{\"@type\":\"ListItem\",\"position\":2,\"name\":\"Inspiration\"}]},{\"@type\":\"WebSite\",\"@id\":\"https:\\\/\\\/specialpapers.fedrigoni.com\\\/deu\\\/#website\",\"url\":\"https:\\\/\\\/specialpapers.fedrigoni.com\\\/deu\\\/\",\"name\":\"Fedrigoni Special Papers\",\"description\":\"Elevating Creativity\",\"potentialAction\":[{\"@type\":\"SearchAction\",\"target\":{\"@type\":\"EntryPoint\",\"urlTemplate\":\"https:\\\/\\\/specialpapers.fedrigoni.com\\\/deu\\\/?s={search_term_string}\"},\"query-input\":{\"@type\":\"PropertyValueSpecification\",\"valueRequired\":true,\"valueName\":\"search_term_string\"}}],\"inLanguage\":\"de\"}]}<\/script>\n<!-- \/ Yoast SEO plugin. -->","yoast_head_json":{"title":"Inspiration","robots":{"index":"index","follow":"follow","max-snippet":"max-snippet:-1","max-image-preview":"max-image-preview:large","max-video-preview":"max-video-preview:-1"},"canonical":"https:\/\/specialpapers.fedrigoni.com\/deu\/inspire-me\/","og_locale":"de_DE","og_type":"article","og_title":"Inspiration","og_description":"Unendliche M\u00f6glichkeiten Schlie\u00dfen Sie Ihre Augen und \u00f6ffnen Sie sie wieder in der Welt von Fedrigoni Special Papers. Eine Reise voller kreativer M\u00f6glichkeiten erwartet Sie. Geschichten, die Sie mit allen Sinnen erleben k\u00f6nnen. Projekte, die die Geschichte Ihrer (und unserer) Kunst erz\u00e4hlen. UMFRAGE Wie w\u00fcrden Sie Ihr Interesse an Fedrigoni Papieren beschreiben?","og_url":"https:\/\/specialpapers.fedrigoni.com\/deu\/inspire-me\/","og_site_name":"Fedrigoni Special Papers","article_modified_time":"2021-11-22T11:13:39+00:00","og_image":[{"width":2200,"height":1467,"url":"https:\/\/specialpapers.fedrigoni.com\/wp-content\/uploads\/2021\/09\/Banner-HP-ladder.jpg","type":"image\/jpeg"}],"twitter_card":"summary_large_image","schema":{"@context":"https:\/\/schema.org","@graph":[{"@type":["WebPage","ProfilePage"],"@id":"https:\/\/specialpapers.fedrigoni.com\/deu\/inspire-me\/","url":"https:\/\/specialpapers.fedrigoni.com\/deu\/inspire-me\/","name":"Inspiration","isPartOf":{"@id":"https:\/\/specialpapers.fedrigoni.com\/deu\/#website"},"datePublished":"2021-08-25T10:34:17+00:00","dateModified":"2021-11-22T11:13:39+00:00","breadcrumb":{"@id":"https:\/\/specialpapers.fedrigoni.com\/deu\/inspire-me\/#breadcrumb"},"inLanguage":"de","potentialAction":[{"@type":"ReadAction","target":["https:\/\/specialpapers.fedrigoni.com\/deu\/inspire-me\/"]}]},{"@type":"BreadcrumbList","@id":"https:\/\/specialpapers.fedrigoni.com\/deu\/inspire-me\/#breadcrumb","itemListElement":[{"@type":"ListItem","position":1,"name":"Home","item":"https:\/\/specialpapers.fedrigoni.com\/deu\/"},{"@type":"ListItem","position":2,"name":"Inspiration"}]},{"@type":"WebSite","@id":"https:\/\/specialpapers.fedrigoni.com\/deu\/#website","url":"https:\/\/specialpapers.fedrigoni.com\/deu\/","name":"Fedrigoni Special Papers","description":"Elevating Creativity","potentialAction":[{"@type":"SearchAction","target":{"@type":"EntryPoint","urlTemplate":"https:\/\/specialpapers.fedrigoni.com\/deu\/?s={search_term_string}"},"query-input":{"@type":"PropertyValueSpecification","valueRequired":true,"valueName":"search_term_string"}}],"inLanguage":"de"}]}},"_links":{"self":[{"href":"https:\/\/specialpapers.fedrigoni.com\/deu\/wp-json\/wp\/v2\/pages\/30908","targetHints":{"allow":["GET"]}}],"collection":[{"href":"https:\/\/specialpapers.fedrigoni.com\/deu\/wp-json\/wp\/v2\/pages"}],"about":[{"href":"https:\/\/specialpapers.fedrigoni.com\/deu\/wp-json\/wp\/v2\/types\/page"}],"author":[{"embeddable":true,"href":"https:\/\/specialpapers.fedrigoni.com\/deu\/wp-json\/wp\/v2\/users\/7"}],"replies":[{"embeddable":true,"href":"https:\/\/specialpapers.fedrigoni.com\/deu\/wp-json\/wp\/v2\/comments?post=30908"}],"version-history":[{"count":0,"href":"https:\/\/specialpapers.fedrigoni.com\/deu\/wp-json\/wp\/v2\/pages\/30908\/revisions"}],"wp:attachment":[{"href":"https:\/\/specialpapers.fedrigoni.com\/deu\/wp-json\/wp\/v2\/media?parent=30908"}],"curies":[{"name":"wp","href":"https:\/\/api.w.org\/{rel}","templated":true}]}}