{"id":73447,"date":"2025-04-15T07:40:12","date_gmt":"2025-04-15T07:40:12","guid":{"rendered":"https:\/\/specialpapers.fedrigoni.com\/papier-produkte\/paper-for-publishing\/"},"modified":"2025-12-12T13:40:21","modified_gmt":"2025-12-12T13:40:21","slug":"papiere-fuer-publishing","status":"publish","type":"page","link":"https:\/\/specialpapers.fedrigoni.com\/deu\/papier-produkte\/papiere-fuer-publishing\/","title":{"rendered":"Papiere f\u00fcr Publishing"},"content":{"rendered":"","protected":false},"excerpt":{"rendered":"","protected":false},"author":38,"featured_media":0,"parent":44860,"menu_order":0,"comment_status":"closed","ping_status":"closed","template":"page-flexible-contents-new-uniqueid.php","meta":{"_acf_changed":false,"footnotes":""},"class_list":["post-73447","page","type-page","status-publish","hentry"],"acf":[],"yoast_head":"<!-- This site is optimized with the Yoast SEO plugin v27.4 - https:\/\/yoast.com\/product\/yoast-seo-wordpress\/ -->\n<title>Papiere f\u00fcr Publishing<\/title>\n<meta name=\"description\" content=\"Papiere f\u00fcr Publishing entwickelt f\u00fcr B\u00fccher Magazine und redaktionelle Projekte mit hoher Druckqualit\u00e4t angenehmer Haptik und zuverl\u00e4ssiger ...\" \/>\n<meta name=\"robots\" content=\"index, follow, max-snippet:-1, max-image-preview:large, max-video-preview:-1\" \/>\n<link rel=\"canonical\" href=\"https:\/\/specialpapers.fedrigoni.com\/deu\/papier-produkte\/papiere-fuer-publishing\/\" \/>\n<meta property=\"og:locale\" content=\"de_DE\" \/>\n<meta property=\"og:type\" content=\"article\" \/>\n<meta property=\"og:title\" content=\"Papiere f\u00fcr Publishing\" \/>\n<meta property=\"og:description\" content=\"Papiere f\u00fcr Publishing entwickelt f\u00fcr B\u00fccher Magazine und redaktionelle Projekte mit hoher Druckqualit\u00e4t angenehmer Haptik und zuverl\u00e4ssiger Performance.\" \/>\n<meta property=\"og:url\" content=\"https:\/\/specialpapers.fedrigoni.com\/deu\/papier-produkte\/papiere-fuer-publishing\/\" \/>\n<meta property=\"og:site_name\" content=\"Fedrigoni Special Papers\" \/>\n<meta property=\"article:modified_time\" content=\"2025-12-12T13:40:21+00:00\" \/>\n<meta property=\"og:image\" content=\"https:\/\/specialpapers.fedrigoni.com\/wp-content\/uploads\/2021\/09\/Banner-HP-ladder.jpg\" \/>\n\t<meta property=\"og:image:width\" content=\"2200\" \/>\n\t<meta property=\"og:image:height\" content=\"1467\" \/>\n\t<meta property=\"og:image:type\" content=\"image\/jpeg\" \/>\n<meta name=\"twitter:card\" content=\"summary_large_image\" \/>\n<script type=\"application\/ld+json\" class=\"yoast-schema-graph\">{\"@context\":\"https:\\\/\\\/schema.org\",\"@graph\":[{\"@type\":[\"WebPage\",\"ProfilePage\"],\"@id\":\"https:\\\/\\\/specialpapers.fedrigoni.com\\\/deu\\\/papier-produkte\\\/papiere-fuer-publishing\\\/\",\"url\":\"https:\\\/\\\/specialpapers.fedrigoni.com\\\/deu\\\/papier-produkte\\\/papiere-fuer-publishing\\\/\",\"name\":\"Papiere f\u00fcr Publishing\",\"isPartOf\":{\"@id\":\"https:\\\/\\\/specialpapers.fedrigoni.com\\\/deu\\\/#website\"},\"datePublished\":\"2025-04-15T07:40:12+00:00\",\"dateModified\":\"2025-12-12T13:40:21+00:00\",\"description\":\"Papiere f\u00fcr Publishing entwickelt f\u00fcr B\u00fccher Magazine und redaktionelle Projekte mit hoher Druckqualit\u00e4t angenehmer Haptik und zuverl\u00e4ssiger Performance.\",\"breadcrumb\":{\"@id\":\"https:\\\/\\\/specialpapers.fedrigoni.com\\\/deu\\\/papier-produkte\\\/papiere-fuer-publishing\\\/#breadcrumb\"},\"inLanguage\":\"de\",\"potentialAction\":[{\"@type\":\"ReadAction\",\"target\":[\"https:\\\/\\\/specialpapers.fedrigoni.com\\\/deu\\\/papier-produkte\\\/papiere-fuer-publishing\\\/\"]}]},{\"@type\":\"BreadcrumbList\",\"@id\":\"https:\\\/\\\/specialpapers.fedrigoni.com\\\/deu\\\/papier-produkte\\\/papiere-fuer-publishing\\\/#breadcrumb\",\"itemListElement\":[{\"@type\":\"ListItem\",\"position\":1,\"name\":\"Home\",\"item\":\"https:\\\/\\\/specialpapers.fedrigoni.com\\\/deu\\\/\"},{\"@type\":\"ListItem\",\"position\":2,\"name\":\"Papiere\"},{\"@type\":\"ListItem\",\"position\":3,\"name\":\"Papiere f\u00fcr Publishing\"}]},{\"@type\":\"WebSite\",\"@id\":\"https:\\\/\\\/specialpapers.fedrigoni.com\\\/deu\\\/#website\",\"url\":\"https:\\\/\\\/specialpapers.fedrigoni.com\\\/deu\\\/\",\"name\":\"Fedrigoni Special Papers\",\"description\":\"Elevating Creativity\",\"potentialAction\":[{\"@type\":\"SearchAction\",\"target\":{\"@type\":\"EntryPoint\",\"urlTemplate\":\"https:\\\/\\\/specialpapers.fedrigoni.com\\\/deu\\\/?s={search_term_string}\"},\"query-input\":{\"@type\":\"PropertyValueSpecification\",\"valueRequired\":true,\"valueName\":\"search_term_string\"}}],\"inLanguage\":\"de\"}]}<\/script>\n<!-- \/ Yoast SEO plugin. -->","yoast_head_json":{"title":"Papiere f\u00fcr Publishing","description":"Papiere f\u00fcr Publishing entwickelt f\u00fcr B\u00fccher Magazine und redaktionelle Projekte mit hoher Druckqualit\u00e4t angenehmer Haptik und zuverl\u00e4ssiger ...","robots":{"index":"index","follow":"follow","max-snippet":"max-snippet:-1","max-image-preview":"max-image-preview:large","max-video-preview":"max-video-preview:-1"},"canonical":"https:\/\/specialpapers.fedrigoni.com\/deu\/papier-produkte\/papiere-fuer-publishing\/","og_locale":"de_DE","og_type":"article","og_title":"Papiere f\u00fcr Publishing","og_description":"Papiere f\u00fcr Publishing entwickelt f\u00fcr B\u00fccher Magazine und redaktionelle Projekte mit hoher Druckqualit\u00e4t angenehmer Haptik und zuverl\u00e4ssiger Performance.","og_url":"https:\/\/specialpapers.fedrigoni.com\/deu\/papier-produkte\/papiere-fuer-publishing\/","og_site_name":"Fedrigoni Special Papers","article_modified_time":"2025-12-12T13:40:21+00:00","og_image":[{"width":2200,"height":1467,"url":"https:\/\/specialpapers.fedrigoni.com\/wp-content\/uploads\/2021\/09\/Banner-HP-ladder.jpg","type":"image\/jpeg"}],"twitter_card":"summary_large_image","schema":{"@context":"https:\/\/schema.org","@graph":[{"@type":["WebPage","ProfilePage"],"@id":"https:\/\/specialpapers.fedrigoni.com\/deu\/papier-produkte\/papiere-fuer-publishing\/","url":"https:\/\/specialpapers.fedrigoni.com\/deu\/papier-produkte\/papiere-fuer-publishing\/","name":"Papiere f\u00fcr Publishing","isPartOf":{"@id":"https:\/\/specialpapers.fedrigoni.com\/deu\/#website"},"datePublished":"2025-04-15T07:40:12+00:00","dateModified":"2025-12-12T13:40:21+00:00","description":"Papiere f\u00fcr Publishing entwickelt f\u00fcr B\u00fccher Magazine und redaktionelle Projekte mit hoher Druckqualit\u00e4t angenehmer Haptik und zuverl\u00e4ssiger Performance.","breadcrumb":{"@id":"https:\/\/specialpapers.fedrigoni.com\/deu\/papier-produkte\/papiere-fuer-publishing\/#breadcrumb"},"inLanguage":"de","potentialAction":[{"@type":"ReadAction","target":["https:\/\/specialpapers.fedrigoni.com\/deu\/papier-produkte\/papiere-fuer-publishing\/"]}]},{"@type":"BreadcrumbList","@id":"https:\/\/specialpapers.fedrigoni.com\/deu\/papier-produkte\/papiere-fuer-publishing\/#breadcrumb","itemListElement":[{"@type":"ListItem","position":1,"name":"Home","item":"https:\/\/specialpapers.fedrigoni.com\/deu\/"},{"@type":"ListItem","position":2,"name":"Papiere"},{"@type":"ListItem","position":3,"name":"Papiere f\u00fcr Publishing"}]},{"@type":"WebSite","@id":"https:\/\/specialpapers.fedrigoni.com\/deu\/#website","url":"https:\/\/specialpapers.fedrigoni.com\/deu\/","name":"Fedrigoni Special Papers","description":"Elevating Creativity","potentialAction":[{"@type":"SearchAction","target":{"@type":"EntryPoint","urlTemplate":"https:\/\/specialpapers.fedrigoni.com\/deu\/?s={search_term_string}"},"query-input":{"@type":"PropertyValueSpecification","valueRequired":true,"valueName":"search_term_string"}}],"inLanguage":"de"}]}},"_links":{"self":[{"href":"https:\/\/specialpapers.fedrigoni.com\/deu\/wp-json\/wp\/v2\/pages\/73447","targetHints":{"allow":["GET"]}}],"collection":[{"href":"https:\/\/specialpapers.fedrigoni.com\/deu\/wp-json\/wp\/v2\/pages"}],"about":[{"href":"https:\/\/specialpapers.fedrigoni.com\/deu\/wp-json\/wp\/v2\/types\/page"}],"author":[{"embeddable":true,"href":"https:\/\/specialpapers.fedrigoni.com\/deu\/wp-json\/wp\/v2\/users\/38"}],"replies":[{"embeddable":true,"href":"https:\/\/specialpapers.fedrigoni.com\/deu\/wp-json\/wp\/v2\/comments?post=73447"}],"version-history":[{"count":0,"href":"https:\/\/specialpapers.fedrigoni.com\/deu\/wp-json\/wp\/v2\/pages\/73447\/revisions"}],"up":[{"embeddable":true,"href":"https:\/\/specialpapers.fedrigoni.com\/deu\/wp-json\/wp\/v2\/pages\/44860"}],"wp:attachment":[{"href":"https:\/\/specialpapers.fedrigoni.com\/deu\/wp-json\/wp\/v2\/media?parent=73447"}],"curies":[{"name":"wp","href":"https:\/\/api.w.org\/{rel}","templated":true}]}}