{"id":26449,"date":"2021-10-01T07:58:47","date_gmt":"2021-10-01T07:58:47","guid":{"rendered":"https:\/\/specialpapers.fedrigoni.com\/cookie-policy\/"},"modified":"2026-01-27T10:47:30","modified_gmt":"2026-01-27T10:47:30","slug":"cookie-policy","status":"publish","type":"page","link":"https:\/\/specialpapers.fedrigoni.com\/esp\/cookie-policy\/","title":{"rendered":"Cookie Policy"},"content":{"rendered":"<p>El responsable del tratamiento es Fedrigoni S.p.A. &#8211; Viale Piave 3 &#8211; 37135 Verona (IT) email: privacy@fedrigoni.com<\/p>\n<p>Utilizamos las cookies necesarias para garantizar el correcto funcionamiento de la p\u00e1gina web, para personalizar el contenido y los anuncios, para ofrecer funciones de redes sociales y para analizar nuestro tr\u00e1fico web. Tambi\u00e9n compartimos informaci\u00f3n sobre el uso que usted hace de nuestra web con nuestros socios de an\u00e1lisis web, publicidad y redes sociales, que pueden combinarla con otra informaci\u00f3n que usted les haya proporcionado o que hayan recopilado a partir del uso que usted hace de sus servicios.<\/p>\n<p>La ley establece que podemos almacenar cookies en su dispositivo si son estrictamente necesarias para el funcionamiento de este sitio web, en base al inter\u00e9s leg\u00edtimo de Fedrigoni de garantizar el uso correcto y seguro de los sitios web. Para todos las dem\u00e1s tipos de cookies necesitamos su consentimiento.<\/p>\n<p>Este sitio utiliza diferentes tipos de cookies. Algunas cookies son colocadas por servicios de terceros que aparecen en nuestras p\u00e1ginas.<\/p>\n<p>Es posible ejercer en cualquier momento los derechos establecidos en los art\u00edculos 15 a 22 del RGPD, de acuerdo con las condiciones establecidas en la legislaci\u00f3n. Estos derechos son, en particular:<br \/>\n&#8211; Derecho a retirar el consentimiento;<br \/>\n&#8211; Derecho de acceso;<br \/>\n&#8211; Derecho de rectificaci\u00f3n ;<br \/>\n&#8211; Derecho de cancelaci\u00f3n ;<br \/>\n&#8211; Derecho a la restricci\u00f3n del tratamiento;<br \/>\n&#8211; Derecho a la portabilidad de los datos;<br \/>\n&#8211; Derecho a oponerse al tratamiento;<br \/>\n&#8211; Derecho a no ser sometido a un proceso automatizado de toma de decisiones.<\/p>\n<p>Tambi\u00e9n es posible presentar una queja ante la Autoridad Italiana de Protecci\u00f3n de Datos: http:\/\/www.garanteprivacy.it.<br \/>\nLos derechos mencionados pueden ejercerse ante el responsable del tratamiento escribiendo a privacy@fedrigoni.com.<\/p>\n<p>Puede cambiar o revocar su consentimiento en cualquier momento desde la Declaraci\u00f3n de Cookies en nuestra p\u00e1gina web, o a continuaci\u00f3n:<\/p>\n<p>Obtenga m\u00e1s informaci\u00f3n sobre qui\u00e9nes somos, c\u00f3mo puede ponerse en contacto con nosotros y c\u00f3mo procesamos los datos personales en nuestra Pol\u00edtica de Privacidad.<\/p>\n<script type=\"text\/javascript\" id=\"CookieDeclaration\" src=\"https:\/\/consent.cookiebot.com\/e4330ee6-bb6a-4f10-9928-6f342f1d4ca0\/cd.js\" data-culture=\"ES\" async><\/script>\n","protected":false},"excerpt":{"rendered":"<p>El responsable del tratamiento es Fedrigoni S.p.A. &#8211; Viale Piave 3 &#8211; 37135 Verona (IT) email: privacy@fedrigoni.com Utilizamos las cookies necesarias para garantizar el correcto funcionamiento de la p\u00e1gina web, para personalizar el contenido y los anuncios, para ofrecer funciones de redes sociales y para analizar nuestro tr\u00e1fico web. Tambi\u00e9n compartimos informaci\u00f3n sobre el uso&#8230;<\/p>\n","protected":false},"author":7,"featured_media":0,"parent":0,"menu_order":0,"comment_status":"closed","ping_status":"closed","template":"","meta":{"_acf_changed":false,"footnotes":""},"class_list":["post-26449","page","type-page","status-publish","hentry"],"acf":[],"yoast_head":"<!-- This site is optimized with the Yoast SEO plugin v27.3 - https:\/\/yoast.com\/product\/yoast-seo-wordpress\/ -->\n<title>Cookie Policy - ESP | Special Papers<\/title>\n<meta name=\"description\" content=\"Informaci\u00f3n clara sobre el uso de cookies incluyendo tipos finalidades del tratamiento y opciones disponibles para gestionar la configuraci\u00f3n de ...\" \/>\n<meta name=\"robots\" content=\"index, follow, max-snippet:-1, max-image-preview:large, max-video-preview:-1\" \/>\n<link rel=\"canonical\" href=\"https:\/\/specialpapers.fedrigoni.com\/esp\/cookie-policy\/\" \/>\n<meta property=\"og:locale\" content=\"es_ES\" \/>\n<meta property=\"og:type\" content=\"article\" \/>\n<meta property=\"og:title\" content=\"Cookie Policy - ESP | Special Papers\" \/>\n<meta property=\"og:description\" content=\"Informaci\u00f3n clara sobre el uso de cookies incluyendo tipos finalidades del tratamiento y opciones disponibles para gestionar la configuraci\u00f3n de privacidad del usuario.\" \/>\n<meta property=\"og:url\" content=\"https:\/\/specialpapers.fedrigoni.com\/esp\/cookie-policy\/\" \/>\n<meta property=\"og:site_name\" content=\"Fedrigoni Special Papers\" \/>\n<meta property=\"article:modified_time\" content=\"2026-01-27T10:47:30+00:00\" \/>\n<meta property=\"og:image\" content=\"https:\/\/specialpapers.fedrigoni.com\/wp-content\/uploads\/2021\/09\/Banner-HP-ladder.jpg\" \/>\n\t<meta property=\"og:image:width\" content=\"2200\" \/>\n\t<meta property=\"og:image:height\" content=\"1467\" \/>\n\t<meta property=\"og:image:type\" content=\"image\/jpeg\" \/>\n<meta name=\"twitter:card\" content=\"summary_large_image\" \/>\n<meta name=\"twitter:label1\" content=\"Tiempo de lectura\" \/>\n\t<meta name=\"twitter:data1\" content=\"1 minuto\" \/>\n<script type=\"application\/ld+json\" class=\"yoast-schema-graph\">{\"@context\":\"https:\\\/\\\/schema.org\",\"@graph\":[{\"@type\":[\"WebPage\",\"ProfilePage\"],\"@id\":\"https:\\\/\\\/specialpapers.fedrigoni.com\\\/esp\\\/cookie-policy\\\/\",\"url\":\"https:\\\/\\\/specialpapers.fedrigoni.com\\\/esp\\\/cookie-policy\\\/\",\"name\":\"Cookie Policy - ESP | Special Papers\",\"isPartOf\":{\"@id\":\"https:\\\/\\\/specialpapers.fedrigoni.com\\\/esp\\\/#website\"},\"datePublished\":\"2021-10-01T07:58:47+00:00\",\"dateModified\":\"2026-01-27T10:47:30+00:00\",\"description\":\"Informaci\u00f3n clara sobre el uso de cookies incluyendo tipos finalidades del tratamiento y opciones disponibles para gestionar la configuraci\u00f3n de privacidad del usuario.\",\"breadcrumb\":{\"@id\":\"https:\\\/\\\/specialpapers.fedrigoni.com\\\/esp\\\/cookie-policy\\\/#breadcrumb\"},\"inLanguage\":\"es\",\"potentialAction\":[{\"@type\":\"ReadAction\",\"target\":[\"https:\\\/\\\/specialpapers.fedrigoni.com\\\/esp\\\/cookie-policy\\\/\"]}]},{\"@type\":\"BreadcrumbList\",\"@id\":\"https:\\\/\\\/specialpapers.fedrigoni.com\\\/esp\\\/cookie-policy\\\/#breadcrumb\",\"itemListElement\":[{\"@type\":\"ListItem\",\"position\":1,\"name\":\"Home\",\"item\":\"https:\\\/\\\/specialpapers.fedrigoni.com\\\/esp\\\/\"},{\"@type\":\"ListItem\",\"position\":2,\"name\":\"Cookie Policy\"}]},{\"@type\":\"WebSite\",\"@id\":\"https:\\\/\\\/specialpapers.fedrigoni.com\\\/esp\\\/#website\",\"url\":\"https:\\\/\\\/specialpapers.fedrigoni.com\\\/esp\\\/\",\"name\":\"Fedrigoni Special Papers\",\"description\":\"Elevating Creativity\",\"potentialAction\":[{\"@type\":\"SearchAction\",\"target\":{\"@type\":\"EntryPoint\",\"urlTemplate\":\"https:\\\/\\\/specialpapers.fedrigoni.com\\\/esp\\\/?s={search_term_string}\"},\"query-input\":{\"@type\":\"PropertyValueSpecification\",\"valueRequired\":true,\"valueName\":\"search_term_string\"}}],\"inLanguage\":\"es\"}]}<\/script>\n<!-- \/ Yoast SEO plugin. -->","yoast_head_json":{"title":"Cookie Policy - ESP | Special Papers","description":"Informaci\u00f3n clara sobre el uso de cookies incluyendo tipos finalidades del tratamiento y opciones disponibles para gestionar la configuraci\u00f3n de ...","robots":{"index":"index","follow":"follow","max-snippet":"max-snippet:-1","max-image-preview":"max-image-preview:large","max-video-preview":"max-video-preview:-1"},"canonical":"https:\/\/specialpapers.fedrigoni.com\/esp\/cookie-policy\/","og_locale":"es_ES","og_type":"article","og_title":"Cookie Policy - ESP | Special Papers","og_description":"Informaci\u00f3n clara sobre el uso de cookies incluyendo tipos finalidades del tratamiento y opciones disponibles para gestionar la configuraci\u00f3n de privacidad del usuario.","og_url":"https:\/\/specialpapers.fedrigoni.com\/esp\/cookie-policy\/","og_site_name":"Fedrigoni Special Papers","article_modified_time":"2026-01-27T10:47:30+00:00","og_image":[{"width":2200,"height":1467,"url":"https:\/\/specialpapers.fedrigoni.com\/wp-content\/uploads\/2021\/09\/Banner-HP-ladder.jpg","type":"image\/jpeg"}],"twitter_card":"summary_large_image","twitter_misc":{"Tiempo de lectura":"1 minuto"},"schema":{"@context":"https:\/\/schema.org","@graph":[{"@type":["WebPage","ProfilePage"],"@id":"https:\/\/specialpapers.fedrigoni.com\/esp\/cookie-policy\/","url":"https:\/\/specialpapers.fedrigoni.com\/esp\/cookie-policy\/","name":"Cookie Policy - ESP | Special Papers","isPartOf":{"@id":"https:\/\/specialpapers.fedrigoni.com\/esp\/#website"},"datePublished":"2021-10-01T07:58:47+00:00","dateModified":"2026-01-27T10:47:30+00:00","description":"Informaci\u00f3n clara sobre el uso de cookies incluyendo tipos finalidades del tratamiento y opciones disponibles para gestionar la configuraci\u00f3n de privacidad del usuario.","breadcrumb":{"@id":"https:\/\/specialpapers.fedrigoni.com\/esp\/cookie-policy\/#breadcrumb"},"inLanguage":"es","potentialAction":[{"@type":"ReadAction","target":["https:\/\/specialpapers.fedrigoni.com\/esp\/cookie-policy\/"]}]},{"@type":"BreadcrumbList","@id":"https:\/\/specialpapers.fedrigoni.com\/esp\/cookie-policy\/#breadcrumb","itemListElement":[{"@type":"ListItem","position":1,"name":"Home","item":"https:\/\/specialpapers.fedrigoni.com\/esp\/"},{"@type":"ListItem","position":2,"name":"Cookie Policy"}]},{"@type":"WebSite","@id":"https:\/\/specialpapers.fedrigoni.com\/esp\/#website","url":"https:\/\/specialpapers.fedrigoni.com\/esp\/","name":"Fedrigoni Special Papers","description":"Elevating Creativity","potentialAction":[{"@type":"SearchAction","target":{"@type":"EntryPoint","urlTemplate":"https:\/\/specialpapers.fedrigoni.com\/esp\/?s={search_term_string}"},"query-input":{"@type":"PropertyValueSpecification","valueRequired":true,"valueName":"search_term_string"}}],"inLanguage":"es"}]}},"_links":{"self":[{"href":"https:\/\/specialpapers.fedrigoni.com\/esp\/wp-json\/wp\/v2\/pages\/26449","targetHints":{"allow":["GET"]}}],"collection":[{"href":"https:\/\/specialpapers.fedrigoni.com\/esp\/wp-json\/wp\/v2\/pages"}],"about":[{"href":"https:\/\/specialpapers.fedrigoni.com\/esp\/wp-json\/wp\/v2\/types\/page"}],"author":[{"embeddable":true,"href":"https:\/\/specialpapers.fedrigoni.com\/esp\/wp-json\/wp\/v2\/users\/7"}],"replies":[{"embeddable":true,"href":"https:\/\/specialpapers.fedrigoni.com\/esp\/wp-json\/wp\/v2\/comments?post=26449"}],"version-history":[{"count":0,"href":"https:\/\/specialpapers.fedrigoni.com\/esp\/wp-json\/wp\/v2\/pages\/26449\/revisions"}],"wp:attachment":[{"href":"https:\/\/specialpapers.fedrigoni.com\/esp\/wp-json\/wp\/v2\/media?parent=26449"}],"curies":[{"name":"wp","href":"https:\/\/api.w.org\/{rel}","templated":true}]}}