{"id":26451,"date":"2021-10-01T07:57:47","date_gmt":"2021-10-01T07:57:47","guid":{"rendered":"https:\/\/specialpapers.fedrigoni.com\/privacy-policy\/"},"modified":"2025-11-11T09:13:53","modified_gmt":"2025-11-11T09:13:53","slug":"privacy-policy","status":"publish","type":"page","link":"https:\/\/specialpapers.fedrigoni.com\/esp\/privacy-policy\/","title":{"rendered":"Privacy Policy"},"content":{"rendered":"<p><strong>AVISO DE PRIVACIDAD SEG\u00daN EL ART\u00cdCULO 13 DEL REGLAMENTO UE 2016\/679 \u2013 USUARIOS DE PORTALES WEB<\/strong><\/p>\n<p>&nbsp;<\/p>\n<p>&nbsp;<\/p>\n<p><strong>1. El control de datos<\/strong><\/p>\n<p>&nbsp;<\/p>\n<p>El control de datos es ejercido por Fedrigoni S.p.A., con oficina legal en Via Enrico Fermi 13\/F, 37135, Verona (VR) Italia. Para ejercer los derechos previstos en la normativa vigente, enumerados en el apartado \u201c5. Derechos del titular de los datos\u201d y para cualquier otra solicitud relacionada con cuestiones de privacidad, puede ponerse en contacto con el controlador de datos escribiendo a <a href=\"mailto:privacy@fedrigoni.com\">privacy@fedrigoni.com<\/a>.<\/p>\n<p>&nbsp;<\/p>\n<p><strong>2. Tipos de tratamiento procesados<\/strong><\/p>\n<p>&nbsp;<\/p>\n<p><strong>a) <\/strong><strong>Gesti\u00f3n de registro del portal <\/strong><\/p>\n<p>\u2022 <strong>Objetivo<\/strong>: el portal web permite el registro de usuarios, quienes pueden as\u00ed crear su propia \u00e1rea reservada y acceder a informaci\u00f3n confidencial y exclusiva dentro de la plataforma.<br \/>\n\u2022 <strong>Base legal<\/strong>: el proceso de registro se lleva a cabo en base al consentimiento del interesado.<br \/>\n\u2022 <strong>Conservaci\u00f3n de los datos<\/strong>: los datos se conservar\u00e1n durante el tiempo necesario para la gesti\u00f3n del servicio de registro en el portal puesto a disposici\u00f3n del usuario. Una vez finalizado el proceso de registro, el usuario queda registrado en los sistemas de la empresa y tiene la opci\u00f3n de solicitar en cualquier momento la inhabilitaci\u00f3n de su cuenta a trav\u00e9s de los canales de comunicaci\u00f3n indicados en el punto 1.<\/p>\n<p>&nbsp;<\/p>\n<p><strong>b) Gesti\u00f3n de las comunicaciones de los usuarios<\/strong><\/p>\n<p>\u2022 <strong>Objetivo<\/strong>: el env\u00edo voluntario de mensajes a las direcciones de contacto de este sitio web y la cumplimentaci\u00f3n de los \u00abformularios\u00bb conducen a la adquisici\u00f3n de los datos de contacto del remitente, as\u00ed como de todos los datos personales contenidos en las comunicaciones, que son necesarios para cumplir determinadas solicitudes enviadas al Controlador de datos. Los datos son tratados para la gesti\u00f3n de la comunicaci\u00f3n, en base a la necesidad de prestar el servicio de comunicaci\u00f3n puesto a disposici\u00f3n del usuario.<br \/>\n\u2022 <strong>Base legal<\/strong>: la actividad de tratamiento se realiza en base al consentimiento del remitente de la comunicaci\u00f3n.<br \/>\n\u2022 <strong>Conservaci\u00f3n de los datos<\/strong>: los datos del usuario son registrados por el Controlador de datos y conservados durante el tiempo necesario para la gesti\u00f3n de la comunicaci\u00f3n, para gestionar la relaci\u00f3n comercial con el usuario, sujeto a su consentimiento, revocable en cualquier momento con una solicitud a trav\u00e9s de los canales de comunicaci\u00f3n indicados en punto 1.<\/p>\n<p>&nbsp;<\/p>\n<p><strong>c) Newsletters<\/strong><\/p>\n<p>\u2022 <strong>Objetivo<\/strong>: al registrarse en el portal y\/o enviar comunicaciones a trav\u00e9s de los \u201cformularios\u201d de la plataforma, el usuario podr\u00e1 suscribirse a los servicios de newsletter sobre actualizaciones y promociones relacionadas con la oferta de productos y servicios.<br \/>\n\u2022 <strong>Base legal<\/strong>: los datos se procesan en base al consentimiento prestado por el usuario, de conformidad con el art\u00edculo 6, p\u00e1rrafo 1, letra a) del RGPD.<br \/>\n\u2022 <strong>Conservaci\u00f3n de los datos<\/strong>: los datos personales se conservan durante el tiempo necesario para gestionar el servicio de Newsletter puesto a disposici\u00f3n del usuario, quien en cualquier momento puede decidir dejar de recibir newsletters revocando el consentimiento prestado, a trav\u00e9s de la funcionalidad espec\u00edfica presente en cada comunicaci\u00f3n recibida o bien realizando una solicitud a trav\u00e9s de los canales de comunicaci\u00f3n indicados en el punto 1.<\/p>\n<p>&nbsp;<\/p>\n<p><strong>d) Gesti\u00f3n de solicitudes de trabajo<\/strong><\/p>\n<p>A trav\u00e9s del portal es posible acceder al \u00e1rea de \u201ccarrera\u201d para consultar ofertas de trabajo y gestionar solicitudes. Para dicha actividad de procesamiento, consulte la pol\u00edtica de candidatos, que se puede encontrar en la secci\u00f3n dedicada.<\/p>\n<p>&nbsp;<\/p>\n<p><strong>e) Gesti\u00f3n de datos de navegaci\u00f3n<\/strong><\/p>\n<p>\u2022 <strong>Objetivo<\/strong>: las herramientas utilizadas para garantizar el funcionamiento y la seguridad del portal pueden procesar, en el curso de su normal funcionamiento, algunos datos que no se recogen para asociarlos a los interesados pero que, como consecuencia de dicho procesamiento, podr\u00edan permitir a los usuarios ser identificados (por ejemplo, direcciones IP, nombres de dominio de computadora, etc.). Dicha informaci\u00f3n se recopila para garantizar la seguridad y el correcto funcionamiento del portal.<br \/>\n\u2022 <strong>Base legal<\/strong>: los datos se procesan bajo el inter\u00e9s leg\u00edtimo del Controlador de datos, de conformidad con el art\u00edculo 6, p\u00e1rrafo 1, letra f) del RGPD.<br \/>\n\u2022 <strong>Conservaci\u00f3n de los datos<\/strong>: los datos se conservan durante el tiempo estrictamente necesario para la consecuci\u00f3n de los Objetivos indicados.<\/p>\n<p>&nbsp;<\/p>\n<p><strong>f) Contactos comerciales<\/strong><\/p>\n<p>\u2022 <strong>Objetivo<\/strong>: la informaci\u00f3n de contacto que proporciona se conserva y procesa para la gesti\u00f3n de su relaci\u00f3n comercial, como punto de contacto como cliente\/cliente potencial.<br \/>\n\u2022 <strong>Base legal<\/strong>: la actividad de gesti\u00f3n de su informaci\u00f3n de contacto se lleva a cabo en virtud de un contrato existente entre las partes o debido a un inter\u00e9s comercial que puede conducir al establecimiento futuro de acuerdos contractuales.<br \/>\nPodr\u00e1 solicitar la eliminaci\u00f3n de sus datos de contacto en cualquier momento realizando una solicitud a trav\u00e9s de los canales de comunicaci\u00f3n indicados en el punto 1.<br \/>\n\u2022 <strong>Conservaci\u00f3n de los datos<\/strong>: los datos se conservar\u00e1n durante 36 meses a partir del \u00faltimo contacto profesional realizado; si se define un acuerdo contractual, los datos se conservar\u00e1n hasta la extinci\u00f3n de los efectos jur\u00eddicos derivados del mismo.<\/p>\n<p>&nbsp;<\/p>\n<p><strong>g) Comunicaciones comerciales B2B<\/strong><\/p>\n<p>\u2022 <strong>Objetivo<\/strong>: la informaci\u00f3n de contacto que es proporcionada en el contexto del establecimiento\/mantenimiento de una relaci\u00f3n profesional\/comercial se almacena y procesa para enviar comunicaciones promocionales y de actualizaci\u00f3n, as\u00ed como cuestionarios de satisfacci\u00f3n para recopilar comentarios y claves para mejorar.<br \/>\n\u2022 <strong>Base legal<\/strong>: la actividad de procesamiento se lleva a cabo en virtud del inter\u00e9s leg\u00edtimo del Controlador de datos en mantener y mejorar los contactos profesionales con sus contrapartes comerciales actuales o potenciales.<br \/>\n\u2022 <strong>Conservaci\u00f3n de datos<\/strong>: Los datos ser\u00e1n tratados para el env\u00edo de comunicaciones durante 36 meses desde el \u00faltimo contacto profesional realizado. Podr\u00e1 solicitar no recibir dichas comunicaciones en cualquier momento seleccionando el enlace del Mail de Bienvenida o bien realizando una solicitud a trav\u00e9s de los canales de comunicaci\u00f3n indicados en el punto 1.<\/p>\n<p>&nbsp;<\/p>\n<p><strong>h) Registro y Comunicaciones de los Premios Fedrigoni Top Awards<\/strong><\/p>\n<p>\u2022 <strong>Objetivo<\/strong>: informaci\u00f3n de contacto proporcionada como parte de su registro para el evento Fedrigoni Top Awards se almacena y procesa para la gesti\u00f3n del registro y, posteriormente, para enviar comunicaciones de actualizaci\u00f3n (por ejemplo, nominados a premios, ediciones posteriores, etc.).<br \/>\n\u2022 <strong>Base legal<\/strong>: actividad de procesamiento se lleva a cabo bajo el inter\u00e9s leg\u00edtimo del Controlador de datos para administrar el proceso de participaci\u00f3n de los miembros y mantener a los participantes actualizados sobre la evoluci\u00f3n de la iniciativa Top Awards.<br \/>\n\u2022 <strong>Conservaci\u00f3n de datos<\/strong>: los datos se conservar\u00e1n durante el tiempo necesario para gestionar la participaci\u00f3n en el evento y, posteriormente, para el env\u00edo de las citadas comunicaciones. El usuario podr\u00e1 en cualquier momento solicitar el cese del env\u00edo de newsletters a trav\u00e9s de la funcionalidad espec\u00edfica presente en cada comunicaci\u00f3n recibida o bien realizando una solicitud a trav\u00e9s de los canales de comunicaci\u00f3n indicados en el punto 1.<\/p>\n<p>&nbsp;<\/p>\n<p><strong>i) Gesti\u00f3n de cookies<\/strong><\/p>\n<p>El portal hace uso de cookies a trav\u00e9s de las cuales se pueden tratar datos personales del usuario. Para dicho procesamiento, lo invitamos a consultar la Pol\u00edtica de Cookies.<\/p>\n<p>&nbsp;<\/p>\n<p><strong>3. M\u00e9todos de procesamiento<\/strong><\/p>\n<p>Sus datos personales ser\u00e1n tratados de conformidad con lo dispuesto en la legislaci\u00f3n vigente en materia de protecci\u00f3n de datos personales, utilizando medios anal\u00f3gicos y digitales, as\u00ed como m\u00e9todos adecuados para garantizar la seguridad y confidencialidad de los mismos de conformidad con lo previsto en el art\u00edculo 32 del RGPD.<\/p>\n<p>&nbsp;<\/p>\n<p><strong>4. Terceros a quienes se pueden comunicar sus datos personales<\/strong><\/p>\n<p>Para la consecuci\u00f3n de los Objetivos antes descritos, sus datos personales podr\u00e1n llegar a conocimiento de los empleados, colaboradores y agentes comerciales del Controlador, quienes actuar\u00e1n como autorizados para realizar el tratamiento y\/o Encargados del tratamiento de datos.<\/p>\n<p>Adem\u00e1s, el Controlador de datos puede necesitar comunicar sus datos personales a terceros pertenecientes, por ejemplo, a las siguientes categor\u00edas:<\/p>\n<p>\u2022 compa\u00f1\u00edas pertenecientes a Fedrigoni Group;<br \/>\n\u2022 terceros de gesti\u00f3n de TIC (p. ej., gesti\u00f3n de sitios web), servicios de comunicaci\u00f3n (p. ej., gesti\u00f3n de listas de correo) y gesti\u00f3n de aplicaciones.<\/p>\n<p>El Controlador de datos puede transferir sus datos personales fuera del Espacio Econ\u00f3mico Europeo siempre que se cumpla una de las siguientes condiciones: si se trata de un tercer pa\u00eds considerado adecuado seg\u00fan el art\u00edculo 45 del RGPD o de un pa\u00eds para el que el Controlador de datos ofrece garant\u00edas adecuadas sobre la protecci\u00f3n de datos seg\u00fan a los art\u00edculos 46 y 47 del RGPD y garantizar que los interesados \u200b\u200btengan derechos exigibles y recursos efectivos.<\/p>\n<p>&nbsp;<\/p>\n<p><strong>5. Derechos del interesado<\/strong><\/p>\n<p>El Controlador de datos presta especial atenci\u00f3n a la protecci\u00f3n de sus datos y le informa que, en las condiciones previstas por la legislaci\u00f3n vigente, podr\u00e1 ejercer los siguientes derechos:<\/p>\n<p>\u2022 <strong>derecho de acceso<\/strong> \u2013el derecho a obtener informaci\u00f3n del Controlador de datos sobre si se est\u00e1n tratando o no datos personales que le conciernan y, en su caso, acceder a los mismos;<br \/>\n\u2022 <strong>derecho de rectificaci\u00f3n<\/strong> \u2013el derecho a obtener del Controlador de datos sin demora indebida la rectificaci\u00f3n de los datos personales inexactos que le conciernan y a que se completen los datos personales incompletos;<br \/>\n\u2022 <strong>derecho al olvido<\/strong> \u2013 el derecho a obtener del Controlador de datos la eliminaci\u00f3n de los datos personales que le conciernan sin demora indebida;<br \/>\n\u2022 <strong>derecho a la restricci\u00f3n del procesamiento<\/strong> \u2013 cuando sea aplicable, el derecho a obtener la limitaci\u00f3n del tratamiento, cuando se cumplan los requisitos legales;<br \/>\n\u2022 <strong>derecho de portabilidad de datos<\/strong> &#8211; el derecho a recibir, en un formato estructurado de uso com\u00fan que sea legible por un dispositivo autom\u00e1tico, los datos personales que le incumban facilitados al Controlador de datos, as\u00ed como derecho a transmitirlos libremente a otro responsable del tratamiento de datos;<br \/>\n\u2022 <strong>derecho de oposici\u00f3n<\/strong> &#8211; el derecho a oponerse, en cualquier momento, al procesamiento de los datos personales que le conciernan cuando ocurran las disposiciones identificadas en la legislaci\u00f3n;<br \/>\n\u2022 <strong>retirada del consentimiento<\/strong>\u2013 derecho a solicitar la revocaci\u00f3n del consentimiento prestado en cualquier momento, sin que ello afecte a la licitud del tratamiento basado en el consentimiento prestado antes de la revocaci\u00f3n.<\/p>\n<p>Los derechos antes mencionados se pueden ejercer ante el Controlador de datos utilizando los contactos indicados anteriormente en el punto 1.<\/p>\n<p>Para conocer sus derechos, presentar una reclamaci\u00f3n y estar informado sobre la legislaci\u00f3n de protecci\u00f3n de las personas f\u00edsicas en lo que respecta al tratamiento de datos de car\u00e1cter personal, puede dirigirse a la Autoridad de Protecci\u00f3n de Datos visitando la p\u00e1gina web <a href=\"http:\/\/www.garanteprivacy.it\/\">Garante della Privacy: http:\/\/www.garanteprivacy.it\/<\/a>.<\/p>\n","protected":false},"excerpt":{"rendered":"<p>AVISO DE PRIVACIDAD SEG\u00daN EL ART\u00cdCULO 13 DEL REGLAMENTO UE 2016\/679 \u2013 USUARIOS DE PORTALES WEB &nbsp; &nbsp; 1. El control de datos &nbsp; El control de datos es ejercido por Fedrigoni S.p.A., con oficina legal en Via Enrico Fermi 13\/F, 37135, Verona (VR) Italia. Para ejercer los derechos previstos en la normativa vigente, enumerados&#8230;<\/p>\n","protected":false},"author":7,"featured_media":0,"parent":0,"menu_order":0,"comment_status":"closed","ping_status":"closed","template":"","meta":{"_acf_changed":false,"footnotes":""},"class_list":["post-26451","page","type-page","status-publish","hentry"],"acf":[],"yoast_head":"<!-- This site is optimized with the Yoast SEO plugin v27.3 - https:\/\/yoast.com\/product\/yoast-seo-wordpress\/ -->\n<title>Privacy Policy - ESP | Special Papers<\/title>\n<meta name=\"description\" content=\"Pol\u00edtica de privacidad, Conozca c\u00f3mo se recopilan, utilizan y protegen sus datos personales, y qu\u00e9 derechos le asisten seg\u00fan el RGPD.\" \/>\n<meta name=\"robots\" content=\"index, follow, max-snippet:-1, max-image-preview:large, max-video-preview:-1\" \/>\n<link rel=\"canonical\" href=\"https:\/\/specialpapers.fedrigoni.com\/esp\/privacy-policy\/\" \/>\n<meta property=\"og:locale\" content=\"es_ES\" \/>\n<meta property=\"og:type\" content=\"article\" \/>\n<meta property=\"og:title\" content=\"Privacy Policy - ESP | Special Papers\" \/>\n<meta property=\"og:description\" content=\"Pol\u00edtica de privacidad, Conozca c\u00f3mo se recopilan, utilizan y protegen sus datos personales, y qu\u00e9 derechos le asisten seg\u00fan el RGPD.\" \/>\n<meta property=\"og:url\" content=\"https:\/\/specialpapers.fedrigoni.com\/esp\/privacy-policy\/\" \/>\n<meta property=\"og:site_name\" content=\"Fedrigoni Special Papers\" \/>\n<meta property=\"article:modified_time\" content=\"2025-11-11T09:13:53+00:00\" \/>\n<meta property=\"og:image\" content=\"https:\/\/specialpapers.fedrigoni.com\/wp-content\/uploads\/2021\/09\/Banner-HP-ladder.jpg\" \/>\n\t<meta property=\"og:image:width\" content=\"2200\" \/>\n\t<meta property=\"og:image:height\" content=\"1467\" \/>\n\t<meta property=\"og:image:type\" content=\"image\/jpeg\" \/>\n<meta name=\"twitter:card\" content=\"summary_large_image\" \/>\n<meta name=\"twitter:label1\" content=\"Tiempo de lectura\" \/>\n\t<meta name=\"twitter:data1\" content=\"8 minutos\" \/>\n<script type=\"application\/ld+json\" class=\"yoast-schema-graph\">{\"@context\":\"https:\\\/\\\/schema.org\",\"@graph\":[{\"@type\":[\"WebPage\",\"ProfilePage\"],\"@id\":\"https:\\\/\\\/specialpapers.fedrigoni.com\\\/esp\\\/privacy-policy\\\/\",\"url\":\"https:\\\/\\\/specialpapers.fedrigoni.com\\\/esp\\\/privacy-policy\\\/\",\"name\":\"Privacy Policy - ESP | Special Papers\",\"isPartOf\":{\"@id\":\"https:\\\/\\\/specialpapers.fedrigoni.com\\\/esp\\\/#website\"},\"datePublished\":\"2021-10-01T07:57:47+00:00\",\"dateModified\":\"2025-11-11T09:13:53+00:00\",\"description\":\"Pol\u00edtica de privacidad, Conozca c\u00f3mo se recopilan, utilizan y protegen sus datos personales, y qu\u00e9 derechos le asisten seg\u00fan el RGPD.\",\"breadcrumb\":{\"@id\":\"https:\\\/\\\/specialpapers.fedrigoni.com\\\/esp\\\/privacy-policy\\\/#breadcrumb\"},\"inLanguage\":\"es\",\"potentialAction\":[{\"@type\":\"ReadAction\",\"target\":[\"https:\\\/\\\/specialpapers.fedrigoni.com\\\/esp\\\/privacy-policy\\\/\"]}]},{\"@type\":\"BreadcrumbList\",\"@id\":\"https:\\\/\\\/specialpapers.fedrigoni.com\\\/esp\\\/privacy-policy\\\/#breadcrumb\",\"itemListElement\":[{\"@type\":\"ListItem\",\"position\":1,\"name\":\"Home\",\"item\":\"https:\\\/\\\/specialpapers.fedrigoni.com\\\/esp\\\/\"},{\"@type\":\"ListItem\",\"position\":2,\"name\":\"Privacy Policy\"}]},{\"@type\":\"WebSite\",\"@id\":\"https:\\\/\\\/specialpapers.fedrigoni.com\\\/esp\\\/#website\",\"url\":\"https:\\\/\\\/specialpapers.fedrigoni.com\\\/esp\\\/\",\"name\":\"Fedrigoni Special Papers\",\"description\":\"Elevating Creativity\",\"potentialAction\":[{\"@type\":\"SearchAction\",\"target\":{\"@type\":\"EntryPoint\",\"urlTemplate\":\"https:\\\/\\\/specialpapers.fedrigoni.com\\\/esp\\\/?s={search_term_string}\"},\"query-input\":{\"@type\":\"PropertyValueSpecification\",\"valueRequired\":true,\"valueName\":\"search_term_string\"}}],\"inLanguage\":\"es\"}]}<\/script>\n<!-- \/ Yoast SEO plugin. -->","yoast_head_json":{"title":"Privacy Policy - ESP | Special Papers","description":"Pol\u00edtica de privacidad, Conozca c\u00f3mo se recopilan, utilizan y protegen sus datos personales, y qu\u00e9 derechos le asisten seg\u00fan el RGPD.","robots":{"index":"index","follow":"follow","max-snippet":"max-snippet:-1","max-image-preview":"max-image-preview:large","max-video-preview":"max-video-preview:-1"},"canonical":"https:\/\/specialpapers.fedrigoni.com\/esp\/privacy-policy\/","og_locale":"es_ES","og_type":"article","og_title":"Privacy Policy - ESP | Special Papers","og_description":"Pol\u00edtica de privacidad, Conozca c\u00f3mo se recopilan, utilizan y protegen sus datos personales, y qu\u00e9 derechos le asisten seg\u00fan el RGPD.","og_url":"https:\/\/specialpapers.fedrigoni.com\/esp\/privacy-policy\/","og_site_name":"Fedrigoni Special Papers","article_modified_time":"2025-11-11T09:13:53+00:00","og_image":[{"width":2200,"height":1467,"url":"https:\/\/specialpapers.fedrigoni.com\/wp-content\/uploads\/2021\/09\/Banner-HP-ladder.jpg","type":"image\/jpeg"}],"twitter_card":"summary_large_image","twitter_misc":{"Tiempo de lectura":"8 minutos"},"schema":{"@context":"https:\/\/schema.org","@graph":[{"@type":["WebPage","ProfilePage"],"@id":"https:\/\/specialpapers.fedrigoni.com\/esp\/privacy-policy\/","url":"https:\/\/specialpapers.fedrigoni.com\/esp\/privacy-policy\/","name":"Privacy Policy - ESP | Special Papers","isPartOf":{"@id":"https:\/\/specialpapers.fedrigoni.com\/esp\/#website"},"datePublished":"2021-10-01T07:57:47+00:00","dateModified":"2025-11-11T09:13:53+00:00","description":"Pol\u00edtica de privacidad, Conozca c\u00f3mo se recopilan, utilizan y protegen sus datos personales, y qu\u00e9 derechos le asisten seg\u00fan el RGPD.","breadcrumb":{"@id":"https:\/\/specialpapers.fedrigoni.com\/esp\/privacy-policy\/#breadcrumb"},"inLanguage":"es","potentialAction":[{"@type":"ReadAction","target":["https:\/\/specialpapers.fedrigoni.com\/esp\/privacy-policy\/"]}]},{"@type":"BreadcrumbList","@id":"https:\/\/specialpapers.fedrigoni.com\/esp\/privacy-policy\/#breadcrumb","itemListElement":[{"@type":"ListItem","position":1,"name":"Home","item":"https:\/\/specialpapers.fedrigoni.com\/esp\/"},{"@type":"ListItem","position":2,"name":"Privacy Policy"}]},{"@type":"WebSite","@id":"https:\/\/specialpapers.fedrigoni.com\/esp\/#website","url":"https:\/\/specialpapers.fedrigoni.com\/esp\/","name":"Fedrigoni Special Papers","description":"Elevating Creativity","potentialAction":[{"@type":"SearchAction","target":{"@type":"EntryPoint","urlTemplate":"https:\/\/specialpapers.fedrigoni.com\/esp\/?s={search_term_string}"},"query-input":{"@type":"PropertyValueSpecification","valueRequired":true,"valueName":"search_term_string"}}],"inLanguage":"es"}]}},"_links":{"self":[{"href":"https:\/\/specialpapers.fedrigoni.com\/esp\/wp-json\/wp\/v2\/pages\/26451","targetHints":{"allow":["GET"]}}],"collection":[{"href":"https:\/\/specialpapers.fedrigoni.com\/esp\/wp-json\/wp\/v2\/pages"}],"about":[{"href":"https:\/\/specialpapers.fedrigoni.com\/esp\/wp-json\/wp\/v2\/types\/page"}],"author":[{"embeddable":true,"href":"https:\/\/specialpapers.fedrigoni.com\/esp\/wp-json\/wp\/v2\/users\/7"}],"replies":[{"embeddable":true,"href":"https:\/\/specialpapers.fedrigoni.com\/esp\/wp-json\/wp\/v2\/comments?post=26451"}],"version-history":[{"count":0,"href":"https:\/\/specialpapers.fedrigoni.com\/esp\/wp-json\/wp\/v2\/pages\/26451\/revisions"}],"wp:attachment":[{"href":"https:\/\/specialpapers.fedrigoni.com\/esp\/wp-json\/wp\/v2\/media?parent=26451"}],"curies":[{"name":"wp","href":"https:\/\/api.w.org\/{rel}","templated":true}]}}