{"id":26471,"date":"2021-08-25T10:34:17","date_gmt":"2021-08-25T10:34:17","guid":{"rendered":"https:\/\/specialpapers.fedrigoni.com\/inspire-me\/"},"modified":"2021-10-07T13:07:42","modified_gmt":"2021-10-07T13:07:42","slug":"inspire-me","status":"publish","type":"page","link":"https:\/\/specialpapers.fedrigoni.com\/esp\/inspire-me\/","title":{"rendered":"PAPER &#8211; Insp\u00edrame"},"content":{"rendered":"<p>Posibilidades infinitas<br \/>\n<!--<strong>Infinite possibilities<\/strong>--><\/p>\n<p>Cierra los ojos y \u00e1brelos de nuevo al mundo de Fedrigoni Special Papers. Un viaje de infinitas posibilidades creativas te espera. Historias para revivir con todos los sentidos. Proyectos que cuentan la historia de tu (y nuestro) arte.<br \/>\n<!--Close your eyes and open them again to the world of Fedrigoni Special Papers. A journey of infinite creative possibilities awaits you. Stories to relive with all your senses. Projects that tell the story of your (and our) art.--><\/p>\n<p>ENCUESTA<br \/>\n<!--POLL--><br \/>\n\u00bfC\u00f3mo describir\u00edas tu inter\u00e9s en nuestros papeles Fedrigoni?<br \/>\n<!--How would you describe your interest in Fedrigoni Special Paperss?--><\/p>\n","protected":false},"excerpt":{"rendered":"<p>Posibilidades infinitas Cierra los ojos y \u00e1brelos de nuevo al mundo de Fedrigoni Special Papers. Un viaje de infinitas posibilidades creativas te espera. Historias para revivir con todos los sentidos. Proyectos que cuentan la historia de tu (y nuestro) arte. ENCUESTA \u00bfC\u00f3mo describir\u00edas tu inter\u00e9s en nuestros papeles Fedrigoni?<\/p>\n","protected":false},"author":7,"featured_media":0,"parent":0,"menu_order":0,"comment_status":"closed","ping_status":"closed","template":"","meta":{"_acf_changed":false,"footnotes":""},"class_list":["post-26471","page","type-page","status-publish","hentry"],"acf":[],"yoast_head":"<!-- This site is optimized with the Yoast SEO plugin v27.3 - https:\/\/yoast.com\/product\/yoast-seo-wordpress\/ -->\n<title>PAPER - Insp\u00edrame<\/title>\n<meta name=\"robots\" content=\"index, follow, max-snippet:-1, max-image-preview:large, max-video-preview:-1\" \/>\n<link rel=\"canonical\" href=\"https:\/\/specialpapers.fedrigoni.com\/esp\/inspire-me\/\" \/>\n<meta property=\"og:locale\" content=\"es_ES\" \/>\n<meta property=\"og:type\" content=\"article\" \/>\n<meta property=\"og:title\" content=\"PAPER - Insp\u00edrame\" \/>\n<meta property=\"og:description\" content=\"Posibilidades infinitas Cierra los ojos y \u00e1brelos de nuevo al mundo de Fedrigoni Special Papers. Un viaje de infinitas posibilidades creativas te espera. Historias para revivir con todos los sentidos. Proyectos que cuentan la historia de tu (y nuestro) arte. ENCUESTA \u00bfC\u00f3mo describir\u00edas tu inter\u00e9s en nuestros papeles Fedrigoni?\" \/>\n<meta property=\"og:url\" content=\"https:\/\/specialpapers.fedrigoni.com\/esp\/inspire-me\/\" \/>\n<meta property=\"og:site_name\" content=\"Fedrigoni Special Papers\" \/>\n<meta property=\"article:modified_time\" content=\"2021-10-07T13:07:42+00:00\" \/>\n<meta property=\"og:image\" content=\"https:\/\/specialpapers.fedrigoni.com\/wp-content\/uploads\/2021\/09\/Banner-HP-ladder.jpg\" \/>\n\t<meta property=\"og:image:width\" content=\"2200\" \/>\n\t<meta property=\"og:image:height\" content=\"1467\" \/>\n\t<meta property=\"og:image:type\" content=\"image\/jpeg\" \/>\n<meta name=\"twitter:card\" content=\"summary_large_image\" \/>\n<script type=\"application\/ld+json\" class=\"yoast-schema-graph\">{\"@context\":\"https:\\\/\\\/schema.org\",\"@graph\":[{\"@type\":[\"WebPage\",\"ProfilePage\"],\"@id\":\"https:\\\/\\\/specialpapers.fedrigoni.com\\\/esp\\\/inspire-me\\\/\",\"url\":\"https:\\\/\\\/specialpapers.fedrigoni.com\\\/esp\\\/inspire-me\\\/\",\"name\":\"PAPER - Insp\u00edrame\",\"isPartOf\":{\"@id\":\"https:\\\/\\\/specialpapers.fedrigoni.com\\\/esp\\\/#website\"},\"datePublished\":\"2021-08-25T10:34:17+00:00\",\"dateModified\":\"2021-10-07T13:07:42+00:00\",\"breadcrumb\":{\"@id\":\"https:\\\/\\\/specialpapers.fedrigoni.com\\\/esp\\\/inspire-me\\\/#breadcrumb\"},\"inLanguage\":\"es\",\"potentialAction\":[{\"@type\":\"ReadAction\",\"target\":[\"https:\\\/\\\/specialpapers.fedrigoni.com\\\/esp\\\/inspire-me\\\/\"]}]},{\"@type\":\"BreadcrumbList\",\"@id\":\"https:\\\/\\\/specialpapers.fedrigoni.com\\\/esp\\\/inspire-me\\\/#breadcrumb\",\"itemListElement\":[{\"@type\":\"ListItem\",\"position\":1,\"name\":\"Home\",\"item\":\"https:\\\/\\\/specialpapers.fedrigoni.com\\\/esp\\\/\"},{\"@type\":\"ListItem\",\"position\":2,\"name\":\"PAPER &#8211; Insp\u00edrame\"}]},{\"@type\":\"WebSite\",\"@id\":\"https:\\\/\\\/specialpapers.fedrigoni.com\\\/esp\\\/#website\",\"url\":\"https:\\\/\\\/specialpapers.fedrigoni.com\\\/esp\\\/\",\"name\":\"Fedrigoni Special Papers\",\"description\":\"Elevating Creativity\",\"potentialAction\":[{\"@type\":\"SearchAction\",\"target\":{\"@type\":\"EntryPoint\",\"urlTemplate\":\"https:\\\/\\\/specialpapers.fedrigoni.com\\\/esp\\\/?s={search_term_string}\"},\"query-input\":{\"@type\":\"PropertyValueSpecification\",\"valueRequired\":true,\"valueName\":\"search_term_string\"}}],\"inLanguage\":\"es\"}]}<\/script>\n<!-- \/ Yoast SEO plugin. -->","yoast_head_json":{"title":"PAPER - Insp\u00edrame","robots":{"index":"index","follow":"follow","max-snippet":"max-snippet:-1","max-image-preview":"max-image-preview:large","max-video-preview":"max-video-preview:-1"},"canonical":"https:\/\/specialpapers.fedrigoni.com\/esp\/inspire-me\/","og_locale":"es_ES","og_type":"article","og_title":"PAPER - Insp\u00edrame","og_description":"Posibilidades infinitas Cierra los ojos y \u00e1brelos de nuevo al mundo de Fedrigoni Special Papers. Un viaje de infinitas posibilidades creativas te espera. Historias para revivir con todos los sentidos. Proyectos que cuentan la historia de tu (y nuestro) arte. ENCUESTA \u00bfC\u00f3mo describir\u00edas tu inter\u00e9s en nuestros papeles Fedrigoni?","og_url":"https:\/\/specialpapers.fedrigoni.com\/esp\/inspire-me\/","og_site_name":"Fedrigoni Special Papers","article_modified_time":"2021-10-07T13:07:42+00:00","og_image":[{"width":2200,"height":1467,"url":"https:\/\/specialpapers.fedrigoni.com\/wp-content\/uploads\/2021\/09\/Banner-HP-ladder.jpg","type":"image\/jpeg"}],"twitter_card":"summary_large_image","schema":{"@context":"https:\/\/schema.org","@graph":[{"@type":["WebPage","ProfilePage"],"@id":"https:\/\/specialpapers.fedrigoni.com\/esp\/inspire-me\/","url":"https:\/\/specialpapers.fedrigoni.com\/esp\/inspire-me\/","name":"PAPER - Insp\u00edrame","isPartOf":{"@id":"https:\/\/specialpapers.fedrigoni.com\/esp\/#website"},"datePublished":"2021-08-25T10:34:17+00:00","dateModified":"2021-10-07T13:07:42+00:00","breadcrumb":{"@id":"https:\/\/specialpapers.fedrigoni.com\/esp\/inspire-me\/#breadcrumb"},"inLanguage":"es","potentialAction":[{"@type":"ReadAction","target":["https:\/\/specialpapers.fedrigoni.com\/esp\/inspire-me\/"]}]},{"@type":"BreadcrumbList","@id":"https:\/\/specialpapers.fedrigoni.com\/esp\/inspire-me\/#breadcrumb","itemListElement":[{"@type":"ListItem","position":1,"name":"Home","item":"https:\/\/specialpapers.fedrigoni.com\/esp\/"},{"@type":"ListItem","position":2,"name":"PAPER &#8211; Insp\u00edrame"}]},{"@type":"WebSite","@id":"https:\/\/specialpapers.fedrigoni.com\/esp\/#website","url":"https:\/\/specialpapers.fedrigoni.com\/esp\/","name":"Fedrigoni Special Papers","description":"Elevating Creativity","potentialAction":[{"@type":"SearchAction","target":{"@type":"EntryPoint","urlTemplate":"https:\/\/specialpapers.fedrigoni.com\/esp\/?s={search_term_string}"},"query-input":{"@type":"PropertyValueSpecification","valueRequired":true,"valueName":"search_term_string"}}],"inLanguage":"es"}]}},"_links":{"self":[{"href":"https:\/\/specialpapers.fedrigoni.com\/esp\/wp-json\/wp\/v2\/pages\/26471","targetHints":{"allow":["GET"]}}],"collection":[{"href":"https:\/\/specialpapers.fedrigoni.com\/esp\/wp-json\/wp\/v2\/pages"}],"about":[{"href":"https:\/\/specialpapers.fedrigoni.com\/esp\/wp-json\/wp\/v2\/types\/page"}],"author":[{"embeddable":true,"href":"https:\/\/specialpapers.fedrigoni.com\/esp\/wp-json\/wp\/v2\/users\/7"}],"replies":[{"embeddable":true,"href":"https:\/\/specialpapers.fedrigoni.com\/esp\/wp-json\/wp\/v2\/comments?post=26471"}],"version-history":[{"count":0,"href":"https:\/\/specialpapers.fedrigoni.com\/esp\/wp-json\/wp\/v2\/pages\/26471\/revisions"}],"wp:attachment":[{"href":"https:\/\/specialpapers.fedrigoni.com\/esp\/wp-json\/wp\/v2\/media?parent=26471"}],"curies":[{"name":"wp","href":"https:\/\/api.w.org\/{rel}","templated":true}]}}