{"id":30743,"date":"2021-10-01T07:58:47","date_gmt":"2021-10-01T07:58:47","guid":{"rendered":"https:\/\/specialpapers.fedrigoni.com\/cookie-policy\/"},"modified":"2026-01-27T10:45:39","modified_gmt":"2026-01-27T10:45:39","slug":"cookie-policy","status":"publish","type":"page","link":"https:\/\/specialpapers.fedrigoni.com\/fra\/cookie-policy\/","title":{"rendered":"Cookie Policy"},"content":{"rendered":"<p>Le Responsable du traitement est Fedrigoni S.p.A. \u2013 Viale Piave 3 &#8211; 37135 Verona (IT)\u00a0; e-mail : privacy@fedrigoni.com<\/p>\n<p>Ce site web utilise des cookies. Nous utilisons des cookies n\u00e9cessaires au bon fonctionnement du site web, pour personnaliser son contenu et ses publicit\u00e9s, fournir des fonctionnalit\u00e9s relatives aux r\u00e9seaux sociaux et analyser notre trafic web. Nous partageons \u00e9galement des informations concernant votre utilisation du site \u00e0 nos partenaires publicitaires, analytiques et de r\u00e9seaux sociaux, qui peuvent les combiner avec d\u2019autres informations que vous leur avez fournies ou qu\u2019ils ont collect\u00e9es \u00e0 partir de votre utilisation de leurs services.<\/p>\n<p>La loi pr\u00e9voit que nous pouvons stocker des cookies sur votre appareil uniquement s\u2019ils sont strictement n\u00e9cessaires au fonctionnement de ce site, sur la base de l\u2019int\u00e9r\u00eat l\u00e9gitime de Fedrigoni \u00e0 assurer une utilisation correcte et s\u00e9curis\u00e9e des sites web. Pour tous les autres types de cookies, nous avons besoin de votre accord.<\/p>\n<p>Ce site utilise diff\u00e9rents types de cookies. Certains cookies sont plac\u00e9s par des services tiers visibles sur nos pages.<\/p>\n<p>\u00c0 tout moment, vous pouvez exercer vos droits relatifs \u00e0 la protection des donn\u00e9es, comme pr\u00e9vu aux articles 15 \u00e0 22 du RGPD, dans la limite des dispositions l\u00e9gales applicables. Ces droits sont les suivants :<\/p>\n<p>&#8211; Droit de retirer votre consentement ;<br \/>\n&#8211; Droit d&rsquo;acc\u00e8s ;<br \/>\n&#8211; Droit de rectification ;<br \/>\n&#8211; Droit \u00e0 l\u2019effacement ;<br \/>\n&#8211; Droit \u00e0 la limitation du traitement ;<br \/>\n&#8211; Droit \u00e0 la portabilit\u00e9 des donn\u00e9es ;<br \/>\n&#8211; Droit d\u2019opposition au traitement de vos donn\u00e9es personnelles ;<br \/>\n&#8211; Droit de ne pas faire l&rsquo;objet d&rsquo;une d\u00e9cision fond\u00e9e exclusivement sur un traitement automatis\u00e9, y compris le profilage.<\/p>\n<p>En outre, il est possible d\u2019introduire une r\u00e9clamation aupr\u00e8s d\u2019une autorit\u00e9 de contr\u00f4le.<br \/>\nIl vous est possible d\u2019exercer les droits ci-dessus en contactant le Responsable du traitement via l\u2019adresse e-mail suivante : privacy@fedrigoni.com<\/p>\n<p>\u00c0 tout moment, vous pouvez modifier ou retirer votre consentement \u00e0 la D\u00e9claration relative aux cookies sur notre site web et\/ou en cliquant ci-dessous.<\/p>\n<p>Pour en savoir plus sur qui nous sommes, comment vous pouvez nous contacter et comment nous traitons les donn\u00e9es personnelles, veuillez consulter notre Politique de confidentialit\u00e9.<\/p>\n<script type=\"text\/javascript\" id=\"CookieDeclaration\" src=\"https:\/\/consent.cookiebot.com\/e4330ee6-bb6a-4f10-9928-6f342f1d4ca0\/cd.js\" data-culture=\"FR\" async><\/script>\n","protected":false},"excerpt":{"rendered":"<p>Le Responsable du traitement est Fedrigoni S.p.A. \u2013 Viale Piave 3 &#8211; 37135 Verona (IT)\u00a0; e-mail : privacy@fedrigoni.com Ce site web utilise des cookies. Nous utilisons des cookies n\u00e9cessaires au bon fonctionnement du site web, pour personnaliser son contenu et ses publicit\u00e9s, fournir des fonctionnalit\u00e9s relatives aux r\u00e9seaux sociaux et analyser notre trafic web. Nous&#8230;<\/p>\n","protected":false},"author":7,"featured_media":0,"parent":0,"menu_order":0,"comment_status":"closed","ping_status":"closed","template":"","meta":{"_acf_changed":false,"footnotes":""},"class_list":["post-30743","page","type-page","status-publish","hentry"],"acf":[],"yoast_head":"<!-- This site is optimized with the Yoast SEO plugin v27.4 - https:\/\/yoast.com\/product\/yoast-seo-wordpress\/ -->\n<title>Cookie Policy - FRA | Special Papers<\/title>\n<meta name=\"description\" content=\"Informations claires sur l\u2019utilisation des cookies incluant types finalit\u00e9s du traitement et options disponibles pour g\u00e9rer les param\u00e8tres de ...\" \/>\n<meta name=\"robots\" content=\"index, follow, max-snippet:-1, max-image-preview:large, max-video-preview:-1\" \/>\n<link rel=\"canonical\" href=\"https:\/\/specialpapers.fedrigoni.com\/fra\/cookie-policy\/\" \/>\n<meta property=\"og:locale\" content=\"fr_FR\" \/>\n<meta property=\"og:type\" content=\"article\" \/>\n<meta property=\"og:title\" content=\"Cookie Policy - FRA | Special Papers\" \/>\n<meta property=\"og:description\" content=\"Informations claires sur l\u2019utilisation des cookies incluant types finalit\u00e9s du traitement et options disponibles pour g\u00e9rer les param\u00e8tres de confidentialit\u00e9.\" \/>\n<meta property=\"og:url\" content=\"https:\/\/specialpapers.fedrigoni.com\/fra\/cookie-policy\/\" \/>\n<meta property=\"og:site_name\" content=\"Fedrigoni Special Papers\" \/>\n<meta property=\"article:modified_time\" content=\"2026-01-27T10:45:39+00:00\" \/>\n<meta property=\"og:image\" content=\"https:\/\/specialpapers.fedrigoni.com\/wp-content\/uploads\/2021\/09\/Banner-HP-ladder.jpg\" \/>\n\t<meta property=\"og:image:width\" content=\"2200\" \/>\n\t<meta property=\"og:image:height\" content=\"1467\" \/>\n\t<meta property=\"og:image:type\" content=\"image\/jpeg\" \/>\n<meta name=\"twitter:card\" content=\"summary_large_image\" \/>\n<meta name=\"twitter:label1\" content=\"Dur\u00e9e de lecture estim\u00e9e\" \/>\n\t<meta name=\"twitter:data1\" content=\"1 minute\" \/>\n<script type=\"application\/ld+json\" class=\"yoast-schema-graph\">{\"@context\":\"https:\\\/\\\/schema.org\",\"@graph\":[{\"@type\":[\"WebPage\",\"ProfilePage\"],\"@id\":\"https:\\\/\\\/specialpapers.fedrigoni.com\\\/fra\\\/cookie-policy\\\/\",\"url\":\"https:\\\/\\\/specialpapers.fedrigoni.com\\\/fra\\\/cookie-policy\\\/\",\"name\":\"Cookie Policy - FRA | Special Papers\",\"isPartOf\":{\"@id\":\"https:\\\/\\\/specialpapers.fedrigoni.com\\\/fra\\\/#website\"},\"datePublished\":\"2021-10-01T07:58:47+00:00\",\"dateModified\":\"2026-01-27T10:45:39+00:00\",\"description\":\"Informations claires sur l\u2019utilisation des cookies incluant types finalit\u00e9s du traitement et options disponibles pour g\u00e9rer les param\u00e8tres de confidentialit\u00e9.\",\"breadcrumb\":{\"@id\":\"https:\\\/\\\/specialpapers.fedrigoni.com\\\/fra\\\/cookie-policy\\\/#breadcrumb\"},\"inLanguage\":\"fr-FR\",\"potentialAction\":[{\"@type\":\"ReadAction\",\"target\":[\"https:\\\/\\\/specialpapers.fedrigoni.com\\\/fra\\\/cookie-policy\\\/\"]}]},{\"@type\":\"BreadcrumbList\",\"@id\":\"https:\\\/\\\/specialpapers.fedrigoni.com\\\/fra\\\/cookie-policy\\\/#breadcrumb\",\"itemListElement\":[{\"@type\":\"ListItem\",\"position\":1,\"name\":\"Home\",\"item\":\"https:\\\/\\\/specialpapers.fedrigoni.com\\\/fra\\\/\"},{\"@type\":\"ListItem\",\"position\":2,\"name\":\"Cookie Policy\"}]},{\"@type\":\"WebSite\",\"@id\":\"https:\\\/\\\/specialpapers.fedrigoni.com\\\/fra\\\/#website\",\"url\":\"https:\\\/\\\/specialpapers.fedrigoni.com\\\/fra\\\/\",\"name\":\"Fedrigoni Special Papers\",\"description\":\"Elevating Creativity\",\"potentialAction\":[{\"@type\":\"SearchAction\",\"target\":{\"@type\":\"EntryPoint\",\"urlTemplate\":\"https:\\\/\\\/specialpapers.fedrigoni.com\\\/fra\\\/?s={search_term_string}\"},\"query-input\":{\"@type\":\"PropertyValueSpecification\",\"valueRequired\":true,\"valueName\":\"search_term_string\"}}],\"inLanguage\":\"fr-FR\"}]}<\/script>\n<!-- \/ Yoast SEO plugin. -->","yoast_head_json":{"title":"Cookie Policy - FRA | Special Papers","description":"Informations claires sur l\u2019utilisation des cookies incluant types finalit\u00e9s du traitement et options disponibles pour g\u00e9rer les param\u00e8tres de ...","robots":{"index":"index","follow":"follow","max-snippet":"max-snippet:-1","max-image-preview":"max-image-preview:large","max-video-preview":"max-video-preview:-1"},"canonical":"https:\/\/specialpapers.fedrigoni.com\/fra\/cookie-policy\/","og_locale":"fr_FR","og_type":"article","og_title":"Cookie Policy - FRA | Special Papers","og_description":"Informations claires sur l\u2019utilisation des cookies incluant types finalit\u00e9s du traitement et options disponibles pour g\u00e9rer les param\u00e8tres de confidentialit\u00e9.","og_url":"https:\/\/specialpapers.fedrigoni.com\/fra\/cookie-policy\/","og_site_name":"Fedrigoni Special Papers","article_modified_time":"2026-01-27T10:45:39+00:00","og_image":[{"width":2200,"height":1467,"url":"https:\/\/specialpapers.fedrigoni.com\/wp-content\/uploads\/2021\/09\/Banner-HP-ladder.jpg","type":"image\/jpeg"}],"twitter_card":"summary_large_image","twitter_misc":{"Dur\u00e9e de lecture estim\u00e9e":"1 minute"},"schema":{"@context":"https:\/\/schema.org","@graph":[{"@type":["WebPage","ProfilePage"],"@id":"https:\/\/specialpapers.fedrigoni.com\/fra\/cookie-policy\/","url":"https:\/\/specialpapers.fedrigoni.com\/fra\/cookie-policy\/","name":"Cookie Policy - FRA | Special Papers","isPartOf":{"@id":"https:\/\/specialpapers.fedrigoni.com\/fra\/#website"},"datePublished":"2021-10-01T07:58:47+00:00","dateModified":"2026-01-27T10:45:39+00:00","description":"Informations claires sur l\u2019utilisation des cookies incluant types finalit\u00e9s du traitement et options disponibles pour g\u00e9rer les param\u00e8tres de confidentialit\u00e9.","breadcrumb":{"@id":"https:\/\/specialpapers.fedrigoni.com\/fra\/cookie-policy\/#breadcrumb"},"inLanguage":"fr-FR","potentialAction":[{"@type":"ReadAction","target":["https:\/\/specialpapers.fedrigoni.com\/fra\/cookie-policy\/"]}]},{"@type":"BreadcrumbList","@id":"https:\/\/specialpapers.fedrigoni.com\/fra\/cookie-policy\/#breadcrumb","itemListElement":[{"@type":"ListItem","position":1,"name":"Home","item":"https:\/\/specialpapers.fedrigoni.com\/fra\/"},{"@type":"ListItem","position":2,"name":"Cookie Policy"}]},{"@type":"WebSite","@id":"https:\/\/specialpapers.fedrigoni.com\/fra\/#website","url":"https:\/\/specialpapers.fedrigoni.com\/fra\/","name":"Fedrigoni Special Papers","description":"Elevating Creativity","potentialAction":[{"@type":"SearchAction","target":{"@type":"EntryPoint","urlTemplate":"https:\/\/specialpapers.fedrigoni.com\/fra\/?s={search_term_string}"},"query-input":{"@type":"PropertyValueSpecification","valueRequired":true,"valueName":"search_term_string"}}],"inLanguage":"fr-FR"}]}},"_links":{"self":[{"href":"https:\/\/specialpapers.fedrigoni.com\/fra\/wp-json\/wp\/v2\/pages\/30743","targetHints":{"allow":["GET"]}}],"collection":[{"href":"https:\/\/specialpapers.fedrigoni.com\/fra\/wp-json\/wp\/v2\/pages"}],"about":[{"href":"https:\/\/specialpapers.fedrigoni.com\/fra\/wp-json\/wp\/v2\/types\/page"}],"author":[{"embeddable":true,"href":"https:\/\/specialpapers.fedrigoni.com\/fra\/wp-json\/wp\/v2\/users\/7"}],"replies":[{"embeddable":true,"href":"https:\/\/specialpapers.fedrigoni.com\/fra\/wp-json\/wp\/v2\/comments?post=30743"}],"version-history":[{"count":0,"href":"https:\/\/specialpapers.fedrigoni.com\/fra\/wp-json\/wp\/v2\/pages\/30743\/revisions"}],"wp:attachment":[{"href":"https:\/\/specialpapers.fedrigoni.com\/fra\/wp-json\/wp\/v2\/media?parent=30743"}],"curies":[{"name":"wp","href":"https:\/\/api.w.org\/{rel}","templated":true}]}}