{"id":30761,"date":"2021-10-01T07:57:47","date_gmt":"2021-10-01T07:57:47","guid":{"rendered":"https:\/\/specialpapers.fedrigoni.com\/privacy-policy\/"},"modified":"2025-11-12T16:15:55","modified_gmt":"2025-11-12T16:15:55","slug":"privacy-policy","status":"publish","type":"page","link":"https:\/\/specialpapers.fedrigoni.com\/fra\/privacy-policy\/","title":{"rendered":"Privacy Policy"},"content":{"rendered":"<p><strong>D\u00c9CLARATION DE CONFIDENTIALIT\u00c9 CONFORM\u00c9MENT \u00c0 L\u2019ARTICLE\u00a013 DU R\u00c8GLEMENT (UE) 2016\/679 DE L\u2019UNION EUROP\u00c9ENNE &#8211; UTILISATEURS DE PORTAILS WEB<\/strong><\/p>\n<p>&nbsp;<\/p>\n<p><strong>1. Responsable de traitement<\/strong><\/p>\n<p>Le Responsable de traitement est Fedrigoni S.p.A., dont le si\u00e8ge social est sis Via Enrico Fermi 13\/F, 37135, V\u00e9rone (VR), Italie. Pour l\u2019exercice de vos droits conform\u00e9ment au r\u00e8glement en vigueur, \u00e9num\u00e9r\u00e9s au point 5 \u00ab Droits de la personne concern\u00e9e \u00bb, et pour toute autre demande relative \u00e0 la confidentialit\u00e9, vous pouvez contacter le Responsable de traitement \u00e0 l\u2019adresse e-mail suivante: <a href=\"mailto:privacy@fedrigoni.com\">privacy@fedrigoni.com<\/a>.<\/p>\n<p>&nbsp;<\/p>\n<p>&nbsp;<\/p>\n<p><strong>2. Types de traitements r\u00e9alis\u00e9s<\/strong><\/p>\n<p>&nbsp;<\/p>\n<p><strong>a) Gestion des inscriptions sur le portail<\/strong><\/p>\n<p>\u2022 <strong>Finalit\u00e9<\/strong>: le portail web permet l\u2019inscription des utilisateurs, qui peuvent ainsi cr\u00e9er leur propre espace r\u00e9serv\u00e9 et acc\u00e9der \u00e0 des informations confidentielles et exclusives sur la plateforme.<br \/>\n\u2022 <strong>Base l\u00e9gale<\/strong>: le processus d\u2019inscription s\u2019effectue sur la base du consentement de la personne concern\u00e9e.<br \/>\n\u2022 <strong>Conservation des donn\u00e9es<\/strong>: les donn\u00e9es sont conserv\u00e9es pendant toute la dur\u00e9e n\u00e9cessaire \u00e0 la gestion du service d&rsquo;inscription sur le portail mis \u00e0 la disposition de l\u2019utilisateur.<br \/>\nD\u00e8s la fin du processus d\u2019inscription, l\u2019utilisateur est enregistr\u00e9 dans les syst\u00e8mes de la soci\u00e9t\u00e9 et a la possibilit\u00e9 de demander, \u00e0 tout moment, la d\u00e9sactivation de son compte via les canaux de communication indiqu\u00e9s au point\u00a01.<\/p>\n<p>&nbsp;<\/p>\n<p><strong>b) Gestion des communications de l\u2019utilisateur<\/strong><\/p>\n<p>\u2022 <strong>Objectif<\/strong> : l\u2019envoi volontaire de messages aux adresses de contact sur ce site web et le remplissage des \u00ab formulaires \u00bb conduisent \u00e0 l\u2019acquisition des coordonn\u00e9es de l\u2019exp\u00e9diteur, ainsi que toutes les donn\u00e9es \u00e0 caract\u00e8re personnel contenues dans les communications, qui sont n\u00e9cessaires pour r\u00e9pondre aux demandes sp\u00e9cifiques envoy\u00e9es au Responsable de traitement. Les donn\u00e9es sont trait\u00e9es \u00e0 des fins de gestion de la communication, fond\u00e9e sur le besoin de fournir le service de communication mis \u00e0 la disposition de l\u2019utilisateur.<br \/>\n\u2022 <strong>Base l\u00e9gale<\/strong>\u00a0: l\u2019activit\u00e9 de traitement s\u2019effectue sur la base du consentement de la personne \u00e0 l\u2019origine de la communication.<br \/>\n\u2022 <strong>Conservation des donn\u00e9es<\/strong>\u00a0: les donn\u00e9es de l\u2019utilisateur sont enregistr\u00e9es par le Responsable de traitement et conserv\u00e9es pendant la dur\u00e9e n\u00e9cessaire \u00e0 la gestion de la communication, afin de g\u00e9rer la relation commerciale avec l\u2019utilisateur, sous r\u00e9serve du consentement de ce dernier, r\u00e9vocable \u00e0 tout moment sur demande via les canaux de communication \u00e9num\u00e9r\u00e9s au point\u00a01.<\/p>\n<p><strong>c) Newsletters<\/strong><\/p>\n<p>\u2022 <strong>Objectif<\/strong> : lors de l\u2019inscription au portail et\/ou de l\u2019envoi de communications via les \u00ab formulaires \u00bb sur la plateforme, l\u2019utilisateur peut s\u2019abonner \u00e0 des services de newsletters pour recevoir des actualit\u00e9s et des promotions relatives \u00e0 la proposition de produits et services.<br \/>\n\u2022 <strong>Base l\u00e9gale<\/strong>\u00a0: les donn\u00e9es sont trait\u00e9es sur la base du consentement de l\u2019utilisateur, conform\u00e9ment \u00e0 l\u2019article\u00a06, paragraphe\u00a01, point\u00a0a) du RGPD.<br \/>\n\u2022 <strong>Conservation des donn\u00e9es<\/strong>\u00a0: les donn\u00e9es \u00e0 caract\u00e8re personnel sont conserv\u00e9es pendant la dur\u00e9e n\u00e9cessaire \u00e0 la gestion du service de newsletters mis \u00e0 disposition de l\u2019utilisateur\u00a0; ce dernier peut \u00e0 tout moment demander que cessent les envois de newsletters en r\u00e9voquant son consentement, via la fonctionnalit\u00e9 d\u00e9di\u00e9e pr\u00e9sente dans chaque communication re\u00e7ue, ou en effectuant une demande via les canaux de communication \u00e9num\u00e9r\u00e9s au point\u00a01.<\/p>\n<p>&nbsp;<\/p>\n<p><strong>d) Gestion des candidatures<\/strong><\/p>\n<p>Via le portail, il est possible d\u2019acc\u00e9der \u00e0 la rubrique \u00ab carri\u00e8res \u00bb afin de consulter les offres d\u2019emploi et de g\u00e9rer des candidatures. Pour cette activit\u00e9 de traitement, veuillez vous r\u00e9f\u00e9rer \u00e0 la politique relative aux candidatures, disponible dans la section d\u00e9di\u00e9e.<\/p>\n<p>&nbsp;<\/p>\n<p><strong>e) Gestion des donn\u00e9es de navigation<\/strong><\/p>\n<p>\u2022 <strong>Objectif<\/strong> : les outils utilis\u00e9s pour assurer le fonctionnement et la s\u00e9curit\u00e9 du portail peuvent, au cours de leur fonctionnement habituel, traiter certaines informations qui ne sont pas recueillies pour \u00eatre associ\u00e9es aux personnes physiques concern\u00e9es mais qui, du fait du traitement, pourraient permettre l\u2019identification des utilisateurs (par exemple : adresses IP, noms des ordinateurs, etc.). Ces informations sont recueillies afin d\u2019assurer la s\u00e9curit\u00e9 et le bon fonctionnement du portail.<br \/>\n\u2022 <strong>Base l\u00e9gale<\/strong>\u00a0: les donn\u00e9es sont trait\u00e9es sur la base de l\u2019int\u00e9r\u00eat l\u00e9gitime du Responsable de traitement, conform\u00e9ment \u00e0 l\u2019article\u00a06, paragraphe\u00a01, point\u00a0f) du RGPD.<br \/>\n\u2022 <strong>Conservation des donn\u00e9es<\/strong>\u00a0: les donn\u00e9es sont conserv\u00e9es pendant la dur\u00e9e strictement n\u00e9cessaire \u00e0 la poursuite des finalit\u00e9s indiqu\u00e9es.<\/p>\n<p>&nbsp;<\/p>\n<p><strong>f) Contacts professionnels<\/strong><\/p>\n<p>\u2022 <strong>Finalit\u00e9<\/strong> : Les coordonn\u00e9es que vous fournissez sont conserv\u00e9es et trait\u00e9es pour g\u00e9rer vos relations professionnelles, en tant que point de contact, en tant que client\/prospect.<br \/>\n\u2022 <strong>Base l\u00e9gale<\/strong>\u00a0: l\u2019activit\u00e9 de gestion de vos coordonn\u00e9es est effectu\u00e9e en vertu d\u2019un contrat existant entre les parties ou en raison d\u2019un int\u00e9r\u00eat commercial pouvant mener \u00e0 des ententes contractuelles futures.<br \/>\n\u00c0 tout moment, vous pouvez demander l\u2019effacement de vos coordonn\u00e9es en effectuant une demande via les canaux de communication \u00e9num\u00e9r\u00e9s au point\u00a01.<br \/>\n\u2022 <strong>Conservation des donn\u00e9es<\/strong>\u00a0: les donn\u00e9es seront conserv\u00e9es pour une dur\u00e9e de\u00a036\u00a0mois (3\u00a0ans) \u00e0 compter du dernier contact professionnel \u00e9tabli. Si un contrat a \u00e9t\u00e9 \u00e9tabli, les donn\u00e9es seront conserv\u00e9es jusqu\u2019\u00e0 l\u2019extinction des effets juridiques qui en d\u00e9coulent.<\/p>\n<p>&nbsp;<\/p>\n<p><strong>g) Communications commerciales d\u2019entreprise \u00e0 entreprise<\/strong><\/p>\n<p>\u2022 <strong>Finalit\u00e9<\/strong> : les coordonn\u00e9es que vous fournissez afin d\u2019\u00e9tablir\/de maintenir une relation professionnelle\/commerciale sont conserv\u00e9es et trait\u00e9es pour l\u2019envoi de communications promotionnelles et d\u2019actualit\u00e9s et l\u2019envoi de questionnaires de pr\u00e9f\u00e9rences dans le but de recueillir des commentaires et des pistes d\u2019am\u00e9lioration.<br \/>\n\u2022 <strong>Base l\u00e9gale<\/strong>\u00a0: l\u2019activit\u00e9 de traitement est effectu\u00e9e en vertu de l\u2019int\u00e9r\u00eat l\u00e9gitime du Responsable de traitement au maintien et \u00e0 l\u2019am\u00e9lioration des contacts professionnels avec ses contreparties professionnelles actuelles ou potentielles.<br \/>\n\u2022 <strong>Conservation des donn\u00e9es<\/strong>\u00a0: les donn\u00e9es seront trait\u00e9es pour l\u2019envoi de communications pendant une dur\u00e9e de\u00a036\u00a0mois (3\u00a0ans) \u00e0 compter du dernier contact professionnel \u00e9tabli. \u00c0 tout moment, vous pouvez demander \u00e0 ne pas recevoir de telles communications en cliquant sur le lien correspondant dans l\u2019e-mail de bienvenue, ou en effectuant une demande via les canaux de communication \u00e9num\u00e9r\u00e9s au point\u00a01.<\/p>\n<p>&nbsp;<\/p>\n<p><strong>h) Fedrigoni Top Awards: inscription et communications<\/strong><\/p>\n<p>\u2022 <strong>Finalit\u00e9<\/strong>: les coordonn\u00e9es que vous fournissez lors de votre inscription \u00e0 l\u2019\u00e9v\u00e8nement \u00ab Fedrigoni Top Awards \u00bb sont conserv\u00e9es et trait\u00e9es pour la gestion de l\u2019inscription puis pour l\u2019envoi de communications d\u2019actualit\u00e9 (par exemple, les candidats nomin\u00e9s, les prochaines \u00e9ditions etc.).<br \/>\n\u2022 <strong>Base l\u00e9gale<\/strong>: l\u2019activit\u00e9 de traitement est effectu\u00e9e sur la base de l\u2019int\u00e9r\u00eat l\u00e9gitime du Responsable de traitement \u00e0 la gestion du processus de participation des membres et \u00e0 l\u2019information des candidats sur l\u2019\u00e9volution du projet Top Awards.<br \/>\n\u2022 <strong>Conservation des donn\u00e9es<\/strong>: les donn\u00e9es sont conserv\u00e9es pendant la dur\u00e9e n\u00e9cessaire \u00e0 la gestion des participants \u00e0 l\u2019\u00e9v\u00e8nement, puis \u00e0 l\u2019envoi des communications mentionn\u00e9es ci-dessus. L\u2019utilisateur peut \u00e0 tout moment demander que cessent les envois de newsletters via la fonctionnalit\u00e9 d\u00e9di\u00e9e pr\u00e9sente dans chaque communication re\u00e7ue, ou en effectuant une demande via les canaux de communication \u00e9num\u00e9r\u00e9s au point\u00a01.<\/p>\n<p>&nbsp;<\/p>\n<p><strong>i) Gestion des cookies<\/strong><\/p>\n<p>Le portail utilise des cookies gr\u00e2ce auxquels des donn\u00e9es \u00e0 caract\u00e8re personnel peuvent \u00eatre trait\u00e9es par l\u2019utilisateur. Pour un tel traitement, veuillez vous r\u00e9f\u00e9rer \u00e0 la Politique des cookies.<\/p>\n<p>&nbsp;<\/p>\n<p>&nbsp;<\/p>\n<p><strong>3. M\u00e9thodes de traitement<\/strong><\/p>\n<p>&nbsp;<\/p>\n<p>Vos donn\u00e9es personnelles seront trait\u00e9es conform\u00e9ment aux dispositions \u00e9nonc\u00e9es par la l\u00e9gislation en vigueur relative \u00e0 la protection des donn\u00e9es \u00e0 caract\u00e8re personnel, en utilisant des moyens analogiques et num\u00e9riques, par des m\u00e9thodes et des moyens adapt\u00e9s pour assurer la s\u00e9curit\u00e9 et la confidentialit\u00e9 des donn\u00e9es conform\u00e9ment aux dispositions pr\u00e9vues \u00e0 l\u2019article 32 du RGPD.<\/p>\n<p>&nbsp;<\/p>\n<p>&nbsp;<\/p>\n<p><strong>4. Parties auxquelles vos donn\u00e9es personnelles peuvent \u00eatre communiqu\u00e9es<\/strong><\/p>\n<p>&nbsp;<\/p>\n<p>En vue d\u2019atteindre les objectifs mentionn\u00e9s ci-dessus, vos donn\u00e9es personnelles peuvent \u00eatre port\u00e9es \u00e0 la connaissance d\u2019employ\u00e9s, de collaborateurs et d\u2019agents commerciaux du Responsable, qui agiront en tant que parties autoris\u00e9es \u00e0 exercer le traitement et\/ou Sous-traitants.<br \/>\nDe plus, le Responsable de traitement peut \u00eatre amen\u00e9 \u00e0 communiquer vos donn\u00e9es \u00e0 caract\u00e8re personnel \u00e0 des tiers pouvant appartenir, par exemple, aux cat\u00e9gories suivantes\u00a0:<\/p>\n<p>\u2022 soci\u00e9t\u00e9s du groupe Fedrigoni ;<br \/>\n\u2022 parties fournissant des services de gestion des TIC (par exemple, gestion de site Internet), des services de communication (par exemple, gestion de liste de diffusion) et de gestion des candidatures.<\/p>\n<p>Le Responsable de traitement peut transf\u00e9rer vos donn\u00e9es \u00e0 caract\u00e8re personnel hors de l\u2019Espace \u00e9conomique europ\u00e9en, en veillant au respect d\u2019une des conditions suivantes : que le transfert soit effectu\u00e9 vers un pays tiers jug\u00e9 ad\u00e9quat, conform\u00e9ment \u00e0 l\u2019article 45 du RGPD, ou un pays pour lequel le Responsable de traitement fournit des garanties ad\u00e9quates en mati\u00e8re de protection des donn\u00e9es, conform\u00e9ment aux articles 46 et 47 du RGPD, en s\u2019assurant que les personnes concern\u00e9es disposent de droits opposables et de voies de droit effectives.<\/p>\n<p>&nbsp;<\/p>\n<p>&nbsp;<\/p>\n<p><strong>5. Droits de la Personne concern\u00e9e<\/strong><\/p>\n<p>&nbsp;<\/p>\n<p>Le Responsable de traitement doit porter une attention particuli\u00e8re \u00e0 la protection de vos donn\u00e9es et vous informe, en vertu des conditions pr\u00e9vues par la l\u00e9gislation en vigueur, que vous pouvez exercer les droits suivants :<\/p>\n<p>\u2022 <strong>droit d\u2019acc\u00e8s<\/strong> : le droit d&rsquo;obtenir du Responsable du traitement la confirmation que des donn\u00e9es \u00e0 caract\u00e8re personnel vous concernant sont ou ne sont pas trait\u00e9es et, lorsqu&rsquo;elles le sont, l&rsquo;acc\u00e8s auxdites donn\u00e9es ;<br \/>\n\u2022 <strong>droit de rectification<\/strong>\u00a0: le droit d\u2019obtenir du Responsable de traitement, dans des d\u00e9lais raisonnables, la rectification des donn\u00e9es \u00e0 caract\u00e8re personnel inexactes vous concernant, et que des donn\u00e9es \u00e0 caract\u00e8re personnel incompl\u00e8tes soient compl\u00e9t\u00e9es\u00a0;<br \/>\n\u2022 <strong>droit \u00e0 l\u2019effacement (\u00ab\u00a0droit \u00e0 l&rsquo;oubli\u00a0\u00bb)\u00a0<\/strong>: le droit d&rsquo;obtenir du Responsable de traitement l\u2019effacement, dans des d\u00e9lais raisonnables, de donn\u00e9es \u00e0 caract\u00e8re personnel vous concernant\u00a0;<br \/>\n\u2022 <strong>droit \u00e0 la limitation du traitement<\/strong>\u00a0: le cas \u00e9ch\u00e9ant, le droit d\u2019obtenir la limitation du traitement, lorsque les exigences l\u00e9gales sont respect\u00e9es\u00a0;<br \/>\n\u2022 <strong>droit \u00e0 la portabilit\u00e9 des donn\u00e9es<\/strong>\u00a0: le droit de recevoir les donn\u00e9es \u00e0 caract\u00e8re personnel vous concernant que vous avez fournies au Responsable de traitement, dans un format structur\u00e9, couramment utilis\u00e9 et lisible par machine, et le droit de transmettre librement ces donn\u00e9es \u00e0 un autre responsable de traitement\u00a0;<br \/>\n\u2022 <strong>droit d\u2019opposition<\/strong>\u00a0: le droit de s&rsquo;opposer \u00e0 tout moment au traitement des donn\u00e9es \u00e0 caract\u00e8re personnel vous concernant, en vertu des dispositions de la l\u00e9gislation en vigueur\u00a0;<br \/>\n\u2022 <strong>retrait du\u00a0consentement<\/strong>\u00a0: le droit de r\u00e9voquer un consentement donn\u00e9 \u00e0 tout moment, sans que cela n\u2019affecte la l\u00e9galit\u00e9 du traitement fond\u00e9 sur le consentement donn\u00e9 avant la r\u00e9vocation de celui-ci.<\/p>\n<p>Les droits susmentionn\u00e9s peuvent \u00eatre exerc\u00e9s aupr\u00e8s du Responsable de traitement au moyen des coordonn\u00e9es indiqu\u00e9es pr\u00e9c\u00e9demment au point 1.<br \/>\nPour en savoir plus sur vos droits, porter r\u00e9clamation ou \u00eatre tenu inform\u00e9 sur la l\u00e9gislation relative \u00e0 la protection des personnes physiques \u00e0 l\u2019\u00e9gard du traitement des donn\u00e9es \u00e0 caract\u00e8re personnel, contactez l\u2019autorit\u00e9 de protection des donn\u00e9es en cliquant sur le lien suivant\u00a0: <a href=\"http:\/\/www.garanteprivacy.it\/\" target=\"_blank\" rel=\"noopener\">Garante della Privacy: http:\/\/www.garanteprivacy.it\/<\/a>.<\/p>\n","protected":false},"excerpt":{"rendered":"<p>D\u00c9CLARATION DE CONFIDENTIALIT\u00c9 CONFORM\u00c9MENT \u00c0 L\u2019ARTICLE\u00a013 DU R\u00c8GLEMENT (UE) 2016\/679 DE L\u2019UNION EUROP\u00c9ENNE &#8211; UTILISATEURS DE PORTAILS WEB &nbsp; 1. Responsable de traitement Le Responsable de traitement est Fedrigoni S.p.A., dont le si\u00e8ge social est sis Via Enrico Fermi 13\/F, 37135, V\u00e9rone (VR), Italie. Pour l\u2019exercice de vos droits conform\u00e9ment au r\u00e8glement en vigueur, \u00e9num\u00e9r\u00e9s&#8230;<\/p>\n","protected":false},"author":7,"featured_media":0,"parent":0,"menu_order":0,"comment_status":"closed","ping_status":"closed","template":"","meta":{"_acf_changed":false,"footnotes":""},"class_list":["post-30761","page","type-page","status-publish","hentry"],"acf":[],"yoast_head":"<!-- This site is optimized with the Yoast SEO plugin v27.3 - https:\/\/yoast.com\/product\/yoast-seo-wordpress\/ -->\n<title>Privacy Policy - FRA | Special Papers<\/title>\n<meta name=\"description\" content=\"Informations d\u00e9taill\u00e9es sur la collecte, l\u2019utilisation et la protection de vos donn\u00e9es personnelles selon le r\u00e8glement europ\u00e9en RGPD.\" \/>\n<meta name=\"robots\" content=\"index, follow, max-snippet:-1, max-image-preview:large, max-video-preview:-1\" \/>\n<link rel=\"canonical\" href=\"https:\/\/specialpapers.fedrigoni.com\/fra\/privacy-policy\/\" \/>\n<meta property=\"og:locale\" content=\"fr_FR\" \/>\n<meta property=\"og:type\" content=\"article\" \/>\n<meta property=\"og:title\" content=\"Privacy Policy - FRA | Special Papers\" \/>\n<meta property=\"og:description\" content=\"Informations d\u00e9taill\u00e9es sur la collecte, l\u2019utilisation et la protection de vos donn\u00e9es personnelles selon le r\u00e8glement europ\u00e9en RGPD.\" \/>\n<meta property=\"og:url\" content=\"https:\/\/specialpapers.fedrigoni.com\/fra\/privacy-policy\/\" \/>\n<meta property=\"og:site_name\" content=\"Fedrigoni Special Papers\" \/>\n<meta property=\"article:modified_time\" content=\"2025-11-12T16:15:55+00:00\" \/>\n<meta property=\"og:image\" content=\"https:\/\/specialpapers.fedrigoni.com\/wp-content\/uploads\/2021\/09\/Banner-HP-ladder.jpg\" \/>\n\t<meta property=\"og:image:width\" content=\"2200\" \/>\n\t<meta property=\"og:image:height\" content=\"1467\" \/>\n\t<meta property=\"og:image:type\" content=\"image\/jpeg\" \/>\n<meta name=\"twitter:card\" content=\"summary_large_image\" \/>\n<meta name=\"twitter:label1\" content=\"Dur\u00e9e de lecture estim\u00e9e\" \/>\n\t<meta name=\"twitter:data1\" content=\"8 minutes\" \/>\n<script type=\"application\/ld+json\" class=\"yoast-schema-graph\">{\"@context\":\"https:\\\/\\\/schema.org\",\"@graph\":[{\"@type\":[\"WebPage\",\"ProfilePage\"],\"@id\":\"https:\\\/\\\/specialpapers.fedrigoni.com\\\/fra\\\/privacy-policy\\\/\",\"url\":\"https:\\\/\\\/specialpapers.fedrigoni.com\\\/fra\\\/privacy-policy\\\/\",\"name\":\"Privacy Policy - FRA | Special Papers\",\"isPartOf\":{\"@id\":\"https:\\\/\\\/specialpapers.fedrigoni.com\\\/fra\\\/#website\"},\"datePublished\":\"2021-10-01T07:57:47+00:00\",\"dateModified\":\"2025-11-12T16:15:55+00:00\",\"description\":\"Informations d\u00e9taill\u00e9es sur la collecte, l\u2019utilisation et la protection de vos donn\u00e9es personnelles selon le r\u00e8glement europ\u00e9en RGPD.\",\"breadcrumb\":{\"@id\":\"https:\\\/\\\/specialpapers.fedrigoni.com\\\/fra\\\/privacy-policy\\\/#breadcrumb\"},\"inLanguage\":\"fr-FR\",\"potentialAction\":[{\"@type\":\"ReadAction\",\"target\":[\"https:\\\/\\\/specialpapers.fedrigoni.com\\\/fra\\\/privacy-policy\\\/\"]}]},{\"@type\":\"BreadcrumbList\",\"@id\":\"https:\\\/\\\/specialpapers.fedrigoni.com\\\/fra\\\/privacy-policy\\\/#breadcrumb\",\"itemListElement\":[{\"@type\":\"ListItem\",\"position\":1,\"name\":\"Home\",\"item\":\"https:\\\/\\\/specialpapers.fedrigoni.com\\\/fra\\\/\"},{\"@type\":\"ListItem\",\"position\":2,\"name\":\"Privacy Policy\"}]},{\"@type\":\"WebSite\",\"@id\":\"https:\\\/\\\/specialpapers.fedrigoni.com\\\/fra\\\/#website\",\"url\":\"https:\\\/\\\/specialpapers.fedrigoni.com\\\/fra\\\/\",\"name\":\"Fedrigoni Special Papers\",\"description\":\"Elevating Creativity\",\"potentialAction\":[{\"@type\":\"SearchAction\",\"target\":{\"@type\":\"EntryPoint\",\"urlTemplate\":\"https:\\\/\\\/specialpapers.fedrigoni.com\\\/fra\\\/?s={search_term_string}\"},\"query-input\":{\"@type\":\"PropertyValueSpecification\",\"valueRequired\":true,\"valueName\":\"search_term_string\"}}],\"inLanguage\":\"fr-FR\"}]}<\/script>\n<!-- \/ Yoast SEO plugin. -->","yoast_head_json":{"title":"Privacy Policy - FRA | Special Papers","description":"Informations d\u00e9taill\u00e9es sur la collecte, l\u2019utilisation et la protection de vos donn\u00e9es personnelles selon le r\u00e8glement europ\u00e9en RGPD.","robots":{"index":"index","follow":"follow","max-snippet":"max-snippet:-1","max-image-preview":"max-image-preview:large","max-video-preview":"max-video-preview:-1"},"canonical":"https:\/\/specialpapers.fedrigoni.com\/fra\/privacy-policy\/","og_locale":"fr_FR","og_type":"article","og_title":"Privacy Policy - FRA | Special Papers","og_description":"Informations d\u00e9taill\u00e9es sur la collecte, l\u2019utilisation et la protection de vos donn\u00e9es personnelles selon le r\u00e8glement europ\u00e9en RGPD.","og_url":"https:\/\/specialpapers.fedrigoni.com\/fra\/privacy-policy\/","og_site_name":"Fedrigoni Special Papers","article_modified_time":"2025-11-12T16:15:55+00:00","og_image":[{"width":2200,"height":1467,"url":"https:\/\/specialpapers.fedrigoni.com\/wp-content\/uploads\/2021\/09\/Banner-HP-ladder.jpg","type":"image\/jpeg"}],"twitter_card":"summary_large_image","twitter_misc":{"Dur\u00e9e de lecture estim\u00e9e":"8 minutes"},"schema":{"@context":"https:\/\/schema.org","@graph":[{"@type":["WebPage","ProfilePage"],"@id":"https:\/\/specialpapers.fedrigoni.com\/fra\/privacy-policy\/","url":"https:\/\/specialpapers.fedrigoni.com\/fra\/privacy-policy\/","name":"Privacy Policy - FRA | Special Papers","isPartOf":{"@id":"https:\/\/specialpapers.fedrigoni.com\/fra\/#website"},"datePublished":"2021-10-01T07:57:47+00:00","dateModified":"2025-11-12T16:15:55+00:00","description":"Informations d\u00e9taill\u00e9es sur la collecte, l\u2019utilisation et la protection de vos donn\u00e9es personnelles selon le r\u00e8glement europ\u00e9en RGPD.","breadcrumb":{"@id":"https:\/\/specialpapers.fedrigoni.com\/fra\/privacy-policy\/#breadcrumb"},"inLanguage":"fr-FR","potentialAction":[{"@type":"ReadAction","target":["https:\/\/specialpapers.fedrigoni.com\/fra\/privacy-policy\/"]}]},{"@type":"BreadcrumbList","@id":"https:\/\/specialpapers.fedrigoni.com\/fra\/privacy-policy\/#breadcrumb","itemListElement":[{"@type":"ListItem","position":1,"name":"Home","item":"https:\/\/specialpapers.fedrigoni.com\/fra\/"},{"@type":"ListItem","position":2,"name":"Privacy Policy"}]},{"@type":"WebSite","@id":"https:\/\/specialpapers.fedrigoni.com\/fra\/#website","url":"https:\/\/specialpapers.fedrigoni.com\/fra\/","name":"Fedrigoni Special Papers","description":"Elevating Creativity","potentialAction":[{"@type":"SearchAction","target":{"@type":"EntryPoint","urlTemplate":"https:\/\/specialpapers.fedrigoni.com\/fra\/?s={search_term_string}"},"query-input":{"@type":"PropertyValueSpecification","valueRequired":true,"valueName":"search_term_string"}}],"inLanguage":"fr-FR"}]}},"_links":{"self":[{"href":"https:\/\/specialpapers.fedrigoni.com\/fra\/wp-json\/wp\/v2\/pages\/30761","targetHints":{"allow":["GET"]}}],"collection":[{"href":"https:\/\/specialpapers.fedrigoni.com\/fra\/wp-json\/wp\/v2\/pages"}],"about":[{"href":"https:\/\/specialpapers.fedrigoni.com\/fra\/wp-json\/wp\/v2\/types\/page"}],"author":[{"embeddable":true,"href":"https:\/\/specialpapers.fedrigoni.com\/fra\/wp-json\/wp\/v2\/users\/7"}],"replies":[{"embeddable":true,"href":"https:\/\/specialpapers.fedrigoni.com\/fra\/wp-json\/wp\/v2\/comments?post=30761"}],"version-history":[{"count":0,"href":"https:\/\/specialpapers.fedrigoni.com\/fra\/wp-json\/wp\/v2\/pages\/30761\/revisions"}],"wp:attachment":[{"href":"https:\/\/specialpapers.fedrigoni.com\/fra\/wp-json\/wp\/v2\/media?parent=30761"}],"curies":[{"name":"wp","href":"https:\/\/api.w.org\/{rel}","templated":true}]}}