{"id":30848,"date":"2021-09-03T17:19:01","date_gmt":"2021-09-03T17:19:01","guid":{"rendered":"https:\/\/specialpapers.fedrigoni.com\/fed-world\/"},"modified":"2025-11-12T16:14:49","modified_gmt":"2025-11-12T16:14:49","slug":"fed-world","status":"publish","type":"page","link":"https:\/\/specialpapers.fedrigoni.com\/fra\/fed-world\/","title":{"rendered":"Fed World"},"content":{"rendered":"<p>Au cours de cette session, nous allons vous en dire plus sur nous.<br \/>\nUn voyage \u00e0 travers des nouvelles, des interviews, des \u00e9v\u00e9nements, des tutoriels et des tutaux \u00e9ducatifs pour d\u00e9couvrir notre monde de papier. De 1888 \u00e0 aujourd&rsquo;hui.<\/p>\n","protected":false},"excerpt":{"rendered":"<p>Au cours de cette session, nous allons vous en dire plus sur nous. Un voyage \u00e0 travers des nouvelles, des interviews, des \u00e9v\u00e9nements, des tutoriels et des tutaux \u00e9ducatifs pour d\u00e9couvrir notre monde de papier. De 1888 \u00e0 aujourd&rsquo;hui.<\/p>\n","protected":false},"author":7,"featured_media":0,"parent":0,"menu_order":0,"comment_status":"closed","ping_status":"closed","template":"","meta":{"_acf_changed":false,"footnotes":""},"class_list":["post-30848","page","type-page","status-publish","hentry"],"acf":[],"yoast_head":"<!-- This site is optimized with the Yoast SEO plugin v27.3 - https:\/\/yoast.com\/product\/yoast-seo-wordpress\/ -->\n<title>Fed World - FRA | Special Papers<\/title>\n<meta name=\"robots\" content=\"index, follow, max-snippet:-1, max-image-preview:large, max-video-preview:-1\" \/>\n<link rel=\"canonical\" href=\"https:\/\/specialpapers.fedrigoni.com\/fra\/fed-world\/\" \/>\n<meta property=\"og:locale\" content=\"fr_FR\" \/>\n<meta property=\"og:type\" content=\"article\" \/>\n<meta property=\"og:title\" content=\"Fed World - FRA | Special Papers\" \/>\n<meta property=\"og:description\" content=\"Au cours de cette session, nous allons vous en dire plus sur nous. Un voyage \u00e0 travers des nouvelles, des interviews, des \u00e9v\u00e9nements, des tutoriels et des tutaux \u00e9ducatifs pour d\u00e9couvrir notre monde de papier. De 1888 \u00e0 aujourd&rsquo;hui.\" \/>\n<meta property=\"og:url\" content=\"https:\/\/specialpapers.fedrigoni.com\/fra\/fed-world\/\" \/>\n<meta property=\"og:site_name\" content=\"Fedrigoni Special Papers\" \/>\n<meta property=\"article:modified_time\" content=\"2025-11-12T16:14:49+00:00\" \/>\n<meta property=\"og:image\" content=\"https:\/\/specialpapers.fedrigoni.com\/wp-content\/uploads\/2021\/09\/Banner-HP-ladder.jpg\" \/>\n\t<meta property=\"og:image:width\" content=\"2200\" \/>\n\t<meta property=\"og:image:height\" content=\"1467\" \/>\n\t<meta property=\"og:image:type\" content=\"image\/jpeg\" \/>\n<meta name=\"twitter:card\" content=\"summary_large_image\" \/>\n<meta name=\"twitter:label1\" content=\"Dur\u00e9e de lecture estim\u00e9e\" \/>\n\t<meta name=\"twitter:data1\" content=\"1 minute\" \/>\n<script type=\"application\/ld+json\" class=\"yoast-schema-graph\">{\"@context\":\"https:\\\/\\\/schema.org\",\"@graph\":[{\"@type\":[\"WebPage\",\"ProfilePage\"],\"@id\":\"https:\\\/\\\/specialpapers.fedrigoni.com\\\/fra\\\/fed-world\\\/\",\"url\":\"https:\\\/\\\/specialpapers.fedrigoni.com\\\/fra\\\/fed-world\\\/\",\"name\":\"Fed World - FRA | Special Papers\",\"isPartOf\":{\"@id\":\"https:\\\/\\\/specialpapers.fedrigoni.com\\\/fra\\\/#website\"},\"datePublished\":\"2021-09-03T17:19:01+00:00\",\"dateModified\":\"2025-11-12T16:14:49+00:00\",\"breadcrumb\":{\"@id\":\"https:\\\/\\\/specialpapers.fedrigoni.com\\\/fra\\\/fed-world\\\/#breadcrumb\"},\"inLanguage\":\"fr-FR\",\"potentialAction\":[{\"@type\":\"ReadAction\",\"target\":[\"https:\\\/\\\/specialpapers.fedrigoni.com\\\/fra\\\/fed-world\\\/\"]}]},{\"@type\":\"BreadcrumbList\",\"@id\":\"https:\\\/\\\/specialpapers.fedrigoni.com\\\/fra\\\/fed-world\\\/#breadcrumb\",\"itemListElement\":[{\"@type\":\"ListItem\",\"position\":1,\"name\":\"Home\",\"item\":\"https:\\\/\\\/specialpapers.fedrigoni.com\\\/fra\\\/\"},{\"@type\":\"ListItem\",\"position\":2,\"name\":\"Fed World\"}]},{\"@type\":\"WebSite\",\"@id\":\"https:\\\/\\\/specialpapers.fedrigoni.com\\\/fra\\\/#website\",\"url\":\"https:\\\/\\\/specialpapers.fedrigoni.com\\\/fra\\\/\",\"name\":\"Fedrigoni Special Papers\",\"description\":\"Elevating Creativity\",\"potentialAction\":[{\"@type\":\"SearchAction\",\"target\":{\"@type\":\"EntryPoint\",\"urlTemplate\":\"https:\\\/\\\/specialpapers.fedrigoni.com\\\/fra\\\/?s={search_term_string}\"},\"query-input\":{\"@type\":\"PropertyValueSpecification\",\"valueRequired\":true,\"valueName\":\"search_term_string\"}}],\"inLanguage\":\"fr-FR\"}]}<\/script>\n<!-- \/ Yoast SEO plugin. -->","yoast_head_json":{"title":"Fed World - FRA | Special Papers","robots":{"index":"index","follow":"follow","max-snippet":"max-snippet:-1","max-image-preview":"max-image-preview:large","max-video-preview":"max-video-preview:-1"},"canonical":"https:\/\/specialpapers.fedrigoni.com\/fra\/fed-world\/","og_locale":"fr_FR","og_type":"article","og_title":"Fed World - FRA | Special Papers","og_description":"Au cours de cette session, nous allons vous en dire plus sur nous. Un voyage \u00e0 travers des nouvelles, des interviews, des \u00e9v\u00e9nements, des tutoriels et des tutaux \u00e9ducatifs pour d\u00e9couvrir notre monde de papier. De 1888 \u00e0 aujourd&rsquo;hui.","og_url":"https:\/\/specialpapers.fedrigoni.com\/fra\/fed-world\/","og_site_name":"Fedrigoni Special Papers","article_modified_time":"2025-11-12T16:14:49+00:00","og_image":[{"width":2200,"height":1467,"url":"https:\/\/specialpapers.fedrigoni.com\/wp-content\/uploads\/2021\/09\/Banner-HP-ladder.jpg","type":"image\/jpeg"}],"twitter_card":"summary_large_image","twitter_misc":{"Dur\u00e9e de lecture estim\u00e9e":"1 minute"},"schema":{"@context":"https:\/\/schema.org","@graph":[{"@type":["WebPage","ProfilePage"],"@id":"https:\/\/specialpapers.fedrigoni.com\/fra\/fed-world\/","url":"https:\/\/specialpapers.fedrigoni.com\/fra\/fed-world\/","name":"Fed World - FRA | Special Papers","isPartOf":{"@id":"https:\/\/specialpapers.fedrigoni.com\/fra\/#website"},"datePublished":"2021-09-03T17:19:01+00:00","dateModified":"2025-11-12T16:14:49+00:00","breadcrumb":{"@id":"https:\/\/specialpapers.fedrigoni.com\/fra\/fed-world\/#breadcrumb"},"inLanguage":"fr-FR","potentialAction":[{"@type":"ReadAction","target":["https:\/\/specialpapers.fedrigoni.com\/fra\/fed-world\/"]}]},{"@type":"BreadcrumbList","@id":"https:\/\/specialpapers.fedrigoni.com\/fra\/fed-world\/#breadcrumb","itemListElement":[{"@type":"ListItem","position":1,"name":"Home","item":"https:\/\/specialpapers.fedrigoni.com\/fra\/"},{"@type":"ListItem","position":2,"name":"Fed World"}]},{"@type":"WebSite","@id":"https:\/\/specialpapers.fedrigoni.com\/fra\/#website","url":"https:\/\/specialpapers.fedrigoni.com\/fra\/","name":"Fedrigoni Special Papers","description":"Elevating Creativity","potentialAction":[{"@type":"SearchAction","target":{"@type":"EntryPoint","urlTemplate":"https:\/\/specialpapers.fedrigoni.com\/fra\/?s={search_term_string}"},"query-input":{"@type":"PropertyValueSpecification","valueRequired":true,"valueName":"search_term_string"}}],"inLanguage":"fr-FR"}]}},"_links":{"self":[{"href":"https:\/\/specialpapers.fedrigoni.com\/fra\/wp-json\/wp\/v2\/pages\/30848","targetHints":{"allow":["GET"]}}],"collection":[{"href":"https:\/\/specialpapers.fedrigoni.com\/fra\/wp-json\/wp\/v2\/pages"}],"about":[{"href":"https:\/\/specialpapers.fedrigoni.com\/fra\/wp-json\/wp\/v2\/types\/page"}],"author":[{"embeddable":true,"href":"https:\/\/specialpapers.fedrigoni.com\/fra\/wp-json\/wp\/v2\/users\/7"}],"replies":[{"embeddable":true,"href":"https:\/\/specialpapers.fedrigoni.com\/fra\/wp-json\/wp\/v2\/comments?post=30848"}],"version-history":[{"count":0,"href":"https:\/\/specialpapers.fedrigoni.com\/fra\/wp-json\/wp\/v2\/pages\/30848\/revisions"}],"wp:attachment":[{"href":"https:\/\/specialpapers.fedrigoni.com\/fra\/wp-json\/wp\/v2\/media?parent=30848"}],"curies":[{"name":"wp","href":"https:\/\/api.w.org\/{rel}","templated":true}]}}