{"id":30907,"date":"2021-08-25T10:34:17","date_gmt":"2021-08-25T10:34:17","guid":{"rendered":"https:\/\/specialpapers.fedrigoni.com\/inspire-me\/"},"modified":"2021-10-19T08:48:28","modified_gmt":"2021-10-19T08:48:28","slug":"inspire-me","status":"publish","type":"page","link":"https:\/\/specialpapers.fedrigoni.com\/fra\/inspire-me\/","title":{"rendered":"Inspirez-moi"},"content":{"rendered":"<p><strong>Des possibilit\u00e9s infinies<\/strong><\/p>\n<p>Fermez les yeux et ouvrez-les \u00e0 nouveau sur le monde de Fedrigoni Special Papers. Un voyage aux possibilit\u00e9s cr\u00e9atives infinies vous attend. Des histoires \u00e0 revivre avec tous vos sens. Des projets qui racontent l&rsquo;histoire de votre (et de notre) art.  <\/p>\n<p>SONDAGE<br \/>\nComment d\u00e9cririez-vous votre int\u00e9r\u00eat pour les papiers Fedrigoni ?<\/p>\n<p><!--<strong>Infinite possibilities<\/strong>\n\nClose your eyes and open them again to the world of Fedrigoni Special Papers. A journey of infinite creative possibilities awaits you. Stories to relive with all your senses. Projects that tell the story of your (and our) art.\n\nPOLL\nHow would you describe your interest in Fedrigoni Special Paperss?--><\/p>\n","protected":false},"excerpt":{"rendered":"<p>Des possibilit\u00e9s infinies Fermez les yeux et ouvrez-les \u00e0 nouveau sur le monde de Fedrigoni Special Papers. Un voyage aux possibilit\u00e9s cr\u00e9atives infinies vous attend. Des histoires \u00e0 revivre avec tous vos sens. Des projets qui racontent l&rsquo;histoire de votre (et de notre) art. SONDAGE Comment d\u00e9cririez-vous votre int\u00e9r\u00eat pour les papiers Fedrigoni ?<\/p>\n","protected":false},"author":7,"featured_media":0,"parent":0,"menu_order":0,"comment_status":"closed","ping_status":"closed","template":"","meta":{"_acf_changed":false,"footnotes":""},"class_list":["post-30907","page","type-page","status-publish","hentry"],"acf":[],"yoast_head":"<!-- This site is optimized with the Yoast SEO plugin v27.3 - https:\/\/yoast.com\/product\/yoast-seo-wordpress\/ -->\n<title>Inspirez-moi<\/title>\n<meta name=\"robots\" content=\"index, follow, max-snippet:-1, max-image-preview:large, max-video-preview:-1\" \/>\n<link rel=\"canonical\" href=\"https:\/\/specialpapers.fedrigoni.com\/fra\/inspire-me\/\" \/>\n<meta property=\"og:locale\" content=\"fr_FR\" \/>\n<meta property=\"og:type\" content=\"article\" \/>\n<meta property=\"og:title\" content=\"Inspirez-moi\" \/>\n<meta property=\"og:description\" content=\"Des possibilit\u00e9s infinies Fermez les yeux et ouvrez-les \u00e0 nouveau sur le monde de Fedrigoni Special Papers. Un voyage aux possibilit\u00e9s cr\u00e9atives infinies vous attend. Des histoires \u00e0 revivre avec tous vos sens. Des projets qui racontent l&rsquo;histoire de votre (et de notre) art. SONDAGE Comment d\u00e9cririez-vous votre int\u00e9r\u00eat pour les papiers Fedrigoni ?\" \/>\n<meta property=\"og:url\" content=\"https:\/\/specialpapers.fedrigoni.com\/fra\/inspire-me\/\" \/>\n<meta property=\"og:site_name\" content=\"Fedrigoni Special Papers\" \/>\n<meta property=\"article:modified_time\" content=\"2021-10-19T08:48:28+00:00\" \/>\n<meta property=\"og:image\" content=\"https:\/\/specialpapers.fedrigoni.com\/wp-content\/uploads\/2021\/09\/Banner-HP-ladder.jpg\" \/>\n\t<meta property=\"og:image:width\" content=\"2200\" \/>\n\t<meta property=\"og:image:height\" content=\"1467\" \/>\n\t<meta property=\"og:image:type\" content=\"image\/jpeg\" \/>\n<meta name=\"twitter:card\" content=\"summary_large_image\" \/>\n<script type=\"application\/ld+json\" class=\"yoast-schema-graph\">{\"@context\":\"https:\\\/\\\/schema.org\",\"@graph\":[{\"@type\":[\"WebPage\",\"ProfilePage\"],\"@id\":\"https:\\\/\\\/specialpapers.fedrigoni.com\\\/fra\\\/inspire-me\\\/\",\"url\":\"https:\\\/\\\/specialpapers.fedrigoni.com\\\/fra\\\/inspire-me\\\/\",\"name\":\"Inspirez-moi\",\"isPartOf\":{\"@id\":\"https:\\\/\\\/specialpapers.fedrigoni.com\\\/fra\\\/#website\"},\"datePublished\":\"2021-08-25T10:34:17+00:00\",\"dateModified\":\"2021-10-19T08:48:28+00:00\",\"breadcrumb\":{\"@id\":\"https:\\\/\\\/specialpapers.fedrigoni.com\\\/fra\\\/inspire-me\\\/#breadcrumb\"},\"inLanguage\":\"fr-FR\",\"potentialAction\":[{\"@type\":\"ReadAction\",\"target\":[\"https:\\\/\\\/specialpapers.fedrigoni.com\\\/fra\\\/inspire-me\\\/\"]}]},{\"@type\":\"BreadcrumbList\",\"@id\":\"https:\\\/\\\/specialpapers.fedrigoni.com\\\/fra\\\/inspire-me\\\/#breadcrumb\",\"itemListElement\":[{\"@type\":\"ListItem\",\"position\":1,\"name\":\"Home\",\"item\":\"https:\\\/\\\/specialpapers.fedrigoni.com\\\/fra\\\/\"},{\"@type\":\"ListItem\",\"position\":2,\"name\":\"Inspirez-moi\"}]},{\"@type\":\"WebSite\",\"@id\":\"https:\\\/\\\/specialpapers.fedrigoni.com\\\/fra\\\/#website\",\"url\":\"https:\\\/\\\/specialpapers.fedrigoni.com\\\/fra\\\/\",\"name\":\"Fedrigoni Special Papers\",\"description\":\"Elevating Creativity\",\"potentialAction\":[{\"@type\":\"SearchAction\",\"target\":{\"@type\":\"EntryPoint\",\"urlTemplate\":\"https:\\\/\\\/specialpapers.fedrigoni.com\\\/fra\\\/?s={search_term_string}\"},\"query-input\":{\"@type\":\"PropertyValueSpecification\",\"valueRequired\":true,\"valueName\":\"search_term_string\"}}],\"inLanguage\":\"fr-FR\"}]}<\/script>\n<!-- \/ Yoast SEO plugin. -->","yoast_head_json":{"title":"Inspirez-moi","robots":{"index":"index","follow":"follow","max-snippet":"max-snippet:-1","max-image-preview":"max-image-preview:large","max-video-preview":"max-video-preview:-1"},"canonical":"https:\/\/specialpapers.fedrigoni.com\/fra\/inspire-me\/","og_locale":"fr_FR","og_type":"article","og_title":"Inspirez-moi","og_description":"Des possibilit\u00e9s infinies Fermez les yeux et ouvrez-les \u00e0 nouveau sur le monde de Fedrigoni Special Papers. Un voyage aux possibilit\u00e9s cr\u00e9atives infinies vous attend. Des histoires \u00e0 revivre avec tous vos sens. Des projets qui racontent l&rsquo;histoire de votre (et de notre) art. SONDAGE Comment d\u00e9cririez-vous votre int\u00e9r\u00eat pour les papiers Fedrigoni ?","og_url":"https:\/\/specialpapers.fedrigoni.com\/fra\/inspire-me\/","og_site_name":"Fedrigoni Special Papers","article_modified_time":"2021-10-19T08:48:28+00:00","og_image":[{"width":2200,"height":1467,"url":"https:\/\/specialpapers.fedrigoni.com\/wp-content\/uploads\/2021\/09\/Banner-HP-ladder.jpg","type":"image\/jpeg"}],"twitter_card":"summary_large_image","schema":{"@context":"https:\/\/schema.org","@graph":[{"@type":["WebPage","ProfilePage"],"@id":"https:\/\/specialpapers.fedrigoni.com\/fra\/inspire-me\/","url":"https:\/\/specialpapers.fedrigoni.com\/fra\/inspire-me\/","name":"Inspirez-moi","isPartOf":{"@id":"https:\/\/specialpapers.fedrigoni.com\/fra\/#website"},"datePublished":"2021-08-25T10:34:17+00:00","dateModified":"2021-10-19T08:48:28+00:00","breadcrumb":{"@id":"https:\/\/specialpapers.fedrigoni.com\/fra\/inspire-me\/#breadcrumb"},"inLanguage":"fr-FR","potentialAction":[{"@type":"ReadAction","target":["https:\/\/specialpapers.fedrigoni.com\/fra\/inspire-me\/"]}]},{"@type":"BreadcrumbList","@id":"https:\/\/specialpapers.fedrigoni.com\/fra\/inspire-me\/#breadcrumb","itemListElement":[{"@type":"ListItem","position":1,"name":"Home","item":"https:\/\/specialpapers.fedrigoni.com\/fra\/"},{"@type":"ListItem","position":2,"name":"Inspirez-moi"}]},{"@type":"WebSite","@id":"https:\/\/specialpapers.fedrigoni.com\/fra\/#website","url":"https:\/\/specialpapers.fedrigoni.com\/fra\/","name":"Fedrigoni Special Papers","description":"Elevating Creativity","potentialAction":[{"@type":"SearchAction","target":{"@type":"EntryPoint","urlTemplate":"https:\/\/specialpapers.fedrigoni.com\/fra\/?s={search_term_string}"},"query-input":{"@type":"PropertyValueSpecification","valueRequired":true,"valueName":"search_term_string"}}],"inLanguage":"fr-FR"}]}},"_links":{"self":[{"href":"https:\/\/specialpapers.fedrigoni.com\/fra\/wp-json\/wp\/v2\/pages\/30907","targetHints":{"allow":["GET"]}}],"collection":[{"href":"https:\/\/specialpapers.fedrigoni.com\/fra\/wp-json\/wp\/v2\/pages"}],"about":[{"href":"https:\/\/specialpapers.fedrigoni.com\/fra\/wp-json\/wp\/v2\/types\/page"}],"author":[{"embeddable":true,"href":"https:\/\/specialpapers.fedrigoni.com\/fra\/wp-json\/wp\/v2\/users\/7"}],"replies":[{"embeddable":true,"href":"https:\/\/specialpapers.fedrigoni.com\/fra\/wp-json\/wp\/v2\/comments?post=30907"}],"version-history":[{"count":0,"href":"https:\/\/specialpapers.fedrigoni.com\/fra\/wp-json\/wp\/v2\/pages\/30907\/revisions"}],"wp:attachment":[{"href":"https:\/\/specialpapers.fedrigoni.com\/fra\/wp-json\/wp\/v2\/media?parent=30907"}],"curies":[{"name":"wp","href":"https:\/\/api.w.org\/{rel}","templated":true}]}}