{"id":69637,"date":"2025-01-07T09:34:53","date_gmt":"2025-01-07T09:34:53","guid":{"rendered":"https:\/\/specialpapers.fedrigoni.com\/home-2\/"},"modified":"2026-02-13T08:47:42","modified_gmt":"2026-02-13T08:47:42","slug":"frontpage-2","status":"publish","type":"page","link":"https:\/\/specialpapers.fedrigoni.com\/fra\/","title":{"rendered":"Homepage<!--Frontpage-->"},"content":{"rendered":"","protected":false},"excerpt":{"rendered":"","protected":false},"author":38,"featured_media":0,"parent":0,"menu_order":0,"comment_status":"closed","ping_status":"closed","template":"page-flexible-contents-new-uniqueid.php","meta":{"_acf_changed":false,"footnotes":""},"class_list":["post-69637","page","type-page","status-publish","hentry"],"acf":[],"yoast_head":"<!-- This site is optimized with the Yoast SEO plugin v27.3 - https:\/\/yoast.com\/product\/yoast-seo-wordpress\/ -->\n<title>Special Paper | Papiers d\u2019exception pour cr\u00e9ateurs<\/title>\n<meta name=\"description\" content=\"D\u00e9couvrez les papiers sp\u00e9ciaux Fedrigoni : une vaste gamme de papiers cr\u00e9atifs pour l\u2019\u00e9dition, le design, le packaging et les projets de ...\" \/>\n<meta name=\"robots\" content=\"index, follow, max-snippet:-1, max-image-preview:large, max-video-preview:-1\" \/>\n<link rel=\"canonical\" href=\"https:\/\/specialpapers.fedrigoni.com\/fra\/\" \/>\n<meta property=\"og:locale\" content=\"fr_FR\" \/>\n<meta property=\"og:type\" content=\"article\" \/>\n<meta property=\"og:title\" content=\"Special Paper | Papiers d\u2019exception pour cr\u00e9ateurs\" \/>\n<meta property=\"og:description\" content=\"D\u00e9couvrez les papiers sp\u00e9ciaux Fedrigoni : une vaste gamme de papiers cr\u00e9atifs pour l\u2019\u00e9dition, le design, le packaging et les projets de prestige.\" \/>\n<meta property=\"og:url\" content=\"https:\/\/specialpapers.fedrigoni.com\/fra\/\" \/>\n<meta property=\"og:site_name\" content=\"Fedrigoni Special Papers\" \/>\n<meta property=\"article:modified_time\" content=\"2026-02-13T08:47:42+00:00\" \/>\n<meta property=\"og:image\" content=\"https:\/\/specialpapers.fedrigoni.com\/wp-content\/uploads\/2024\/12\/Hero-1-Shaping-ideas_-min.jpg\" \/>\n\t<meta property=\"og:image:width\" content=\"2000\" \/>\n\t<meta property=\"og:image:height\" content=\"761\" \/>\n\t<meta property=\"og:image:type\" content=\"image\/jpeg\" \/>\n<meta name=\"twitter:card\" content=\"summary_large_image\" \/>\n<script type=\"application\/ld+json\" class=\"yoast-schema-graph\">{\"@context\":\"https:\\\/\\\/schema.org\",\"@graph\":[{\"@type\":[\"WebPage\",\"ProfilePage\"],\"@id\":\"https:\\\/\\\/specialpapers.fedrigoni.com\\\/fra\\\/\",\"url\":\"https:\\\/\\\/specialpapers.fedrigoni.com\\\/fra\\\/\",\"name\":\"Special Paper | Papiers d\u2019exception pour cr\u00e9ateurs\",\"isPartOf\":{\"@id\":\"https:\\\/\\\/specialpapers.fedrigoni.com\\\/fra\\\/#website\"},\"datePublished\":\"2025-01-07T09:34:53+00:00\",\"dateModified\":\"2026-02-13T08:47:42+00:00\",\"description\":\"D\u00e9couvrez les papiers sp\u00e9ciaux Fedrigoni : une vaste gamme de papiers cr\u00e9atifs pour l\u2019\u00e9dition, le design, le packaging et les projets de prestige.\",\"breadcrumb\":{\"@id\":\"https:\\\/\\\/specialpapers.fedrigoni.com\\\/fra\\\/#breadcrumb\"},\"inLanguage\":\"fr-FR\",\"potentialAction\":[{\"@type\":\"ReadAction\",\"target\":[\"https:\\\/\\\/specialpapers.fedrigoni.com\\\/fra\\\/\"]}]},{\"@type\":\"BreadcrumbList\",\"@id\":\"https:\\\/\\\/specialpapers.fedrigoni.com\\\/fra\\\/#breadcrumb\",\"itemListElement\":[{\"@type\":\"ListItem\",\"position\":1,\"name\":\"Home\",\"item\":\"https:\\\/\\\/specialpapers.fedrigoni.com\\\/fra\\\/\"},{\"@type\":\"ListItem\",\"position\":2,\"name\":\"Homepage\"}]},{\"@type\":\"WebSite\",\"@id\":\"https:\\\/\\\/specialpapers.fedrigoni.com\\\/fra\\\/#website\",\"url\":\"https:\\\/\\\/specialpapers.fedrigoni.com\\\/fra\\\/\",\"name\":\"Fedrigoni Special Papers\",\"description\":\"Elevating Creativity\",\"potentialAction\":[{\"@type\":\"SearchAction\",\"target\":{\"@type\":\"EntryPoint\",\"urlTemplate\":\"https:\\\/\\\/specialpapers.fedrigoni.com\\\/fra\\\/?s={search_term_string}\"},\"query-input\":{\"@type\":\"PropertyValueSpecification\",\"valueRequired\":true,\"valueName\":\"search_term_string\"}}],\"inLanguage\":\"fr-FR\"}]}<\/script>\n<!-- \/ Yoast SEO plugin. -->","yoast_head_json":{"title":"Special Paper | Papiers d\u2019exception pour cr\u00e9ateurs","description":"D\u00e9couvrez les papiers sp\u00e9ciaux Fedrigoni : une vaste gamme de papiers cr\u00e9atifs pour l\u2019\u00e9dition, le design, le packaging et les projets de ...","robots":{"index":"index","follow":"follow","max-snippet":"max-snippet:-1","max-image-preview":"max-image-preview:large","max-video-preview":"max-video-preview:-1"},"canonical":"https:\/\/specialpapers.fedrigoni.com\/fra\/","og_locale":"fr_FR","og_type":"article","og_title":"Special Paper | Papiers d\u2019exception pour cr\u00e9ateurs","og_description":"D\u00e9couvrez les papiers sp\u00e9ciaux Fedrigoni : une vaste gamme de papiers cr\u00e9atifs pour l\u2019\u00e9dition, le design, le packaging et les projets de prestige.","og_url":"https:\/\/specialpapers.fedrigoni.com\/fra\/","og_site_name":"Fedrigoni Special Papers","article_modified_time":"2026-02-13T08:47:42+00:00","og_image":[{"width":2000,"height":761,"url":"https:\/\/specialpapers.fedrigoni.com\/wp-content\/uploads\/2024\/12\/Hero-1-Shaping-ideas_-min.jpg","type":"image\/jpeg"}],"twitter_card":"summary_large_image","schema":{"@context":"https:\/\/schema.org","@graph":[{"@type":["WebPage","ProfilePage"],"@id":"https:\/\/specialpapers.fedrigoni.com\/fra\/","url":"https:\/\/specialpapers.fedrigoni.com\/fra\/","name":"Special Paper | Papiers d\u2019exception pour cr\u00e9ateurs","isPartOf":{"@id":"https:\/\/specialpapers.fedrigoni.com\/fra\/#website"},"datePublished":"2025-01-07T09:34:53+00:00","dateModified":"2026-02-13T08:47:42+00:00","description":"D\u00e9couvrez les papiers sp\u00e9ciaux Fedrigoni : une vaste gamme de papiers cr\u00e9atifs pour l\u2019\u00e9dition, le design, le packaging et les projets de prestige.","breadcrumb":{"@id":"https:\/\/specialpapers.fedrigoni.com\/fra\/#breadcrumb"},"inLanguage":"fr-FR","potentialAction":[{"@type":"ReadAction","target":["https:\/\/specialpapers.fedrigoni.com\/fra\/"]}]},{"@type":"BreadcrumbList","@id":"https:\/\/specialpapers.fedrigoni.com\/fra\/#breadcrumb","itemListElement":[{"@type":"ListItem","position":1,"name":"Home","item":"https:\/\/specialpapers.fedrigoni.com\/fra\/"},{"@type":"ListItem","position":2,"name":"Homepage"}]},{"@type":"WebSite","@id":"https:\/\/specialpapers.fedrigoni.com\/fra\/#website","url":"https:\/\/specialpapers.fedrigoni.com\/fra\/","name":"Fedrigoni Special Papers","description":"Elevating Creativity","potentialAction":[{"@type":"SearchAction","target":{"@type":"EntryPoint","urlTemplate":"https:\/\/specialpapers.fedrigoni.com\/fra\/?s={search_term_string}"},"query-input":{"@type":"PropertyValueSpecification","valueRequired":true,"valueName":"search_term_string"}}],"inLanguage":"fr-FR"}]}},"_links":{"self":[{"href":"https:\/\/specialpapers.fedrigoni.com\/fra\/wp-json\/wp\/v2\/pages\/69637","targetHints":{"allow":["GET"]}}],"collection":[{"href":"https:\/\/specialpapers.fedrigoni.com\/fra\/wp-json\/wp\/v2\/pages"}],"about":[{"href":"https:\/\/specialpapers.fedrigoni.com\/fra\/wp-json\/wp\/v2\/types\/page"}],"author":[{"embeddable":true,"href":"https:\/\/specialpapers.fedrigoni.com\/fra\/wp-json\/wp\/v2\/users\/38"}],"replies":[{"embeddable":true,"href":"https:\/\/specialpapers.fedrigoni.com\/fra\/wp-json\/wp\/v2\/comments?post=69637"}],"version-history":[{"count":0,"href":"https:\/\/specialpapers.fedrigoni.com\/fra\/wp-json\/wp\/v2\/pages\/69637\/revisions"}],"wp:attachment":[{"href":"https:\/\/specialpapers.fedrigoni.com\/fra\/wp-json\/wp\/v2\/media?parent=69637"}],"curies":[{"name":"wp","href":"https:\/\/api.w.org\/{rel}","templated":true}]}}