{"id":73446,"date":"2025-04-15T07:40:12","date_gmt":"2025-04-15T07:40:12","guid":{"rendered":"https:\/\/specialpapers.fedrigoni.com\/les-papiers-et-les-produits\/paper-for-publishing\/"},"modified":"2025-12-12T14:34:39","modified_gmt":"2025-12-12T14:34:39","slug":"papier-pour-ledition","status":"publish","type":"page","link":"https:\/\/specialpapers.fedrigoni.com\/fra\/les-papiers-et-les-produits\/papier-pour-ledition\/","title":{"rendered":"Papier pour l&rsquo;Edition"},"content":{"rendered":"","protected":false},"excerpt":{"rendered":"","protected":false},"author":38,"featured_media":0,"parent":44859,"menu_order":0,"comment_status":"closed","ping_status":"closed","template":"page-flexible-contents-new-uniqueid.php","meta":{"_acf_changed":false,"footnotes":""},"class_list":["post-73446","page","type-page","status-publish","hentry"],"acf":[],"yoast_head":"<!-- This site is optimized with the Yoast SEO plugin v27.4 - https:\/\/yoast.com\/product\/yoast-seo-wordpress\/ -->\n<title>Papier pour l&#039;Edition<\/title>\n<meta name=\"description\" content=\"Papiers pour l\u2019\u00e9dition con\u00e7us pour livres magazines et projets \u00e9ditoriaux offrant une excellente qualit\u00e9 d\u2019impression un toucher agr\u00e9able ...\" \/>\n<meta name=\"robots\" content=\"index, follow, max-snippet:-1, max-image-preview:large, max-video-preview:-1\" \/>\n<link rel=\"canonical\" href=\"https:\/\/specialpapers.fedrigoni.com\/fra\/les-papiers-et-les-produits\/papier-pour-ledition\/\" \/>\n<meta property=\"og:locale\" content=\"fr_FR\" \/>\n<meta property=\"og:type\" content=\"article\" \/>\n<meta property=\"og:title\" content=\"Papier pour l&#039;Edition\" \/>\n<meta property=\"og:description\" content=\"Papiers pour l\u2019\u00e9dition con\u00e7us pour livres magazines et projets \u00e9ditoriaux offrant une excellente qualit\u00e9 d\u2019impression un toucher agr\u00e9able et des performances fiables.\" \/>\n<meta property=\"og:url\" content=\"https:\/\/specialpapers.fedrigoni.com\/fra\/les-papiers-et-les-produits\/papier-pour-ledition\/\" \/>\n<meta property=\"og:site_name\" content=\"Fedrigoni Special Papers\" \/>\n<meta property=\"article:modified_time\" content=\"2025-12-12T14:34:39+00:00\" \/>\n<meta property=\"og:image\" content=\"https:\/\/specialpapers.fedrigoni.com\/wp-content\/uploads\/2021\/09\/Banner-HP-ladder.jpg\" \/>\n\t<meta property=\"og:image:width\" content=\"2200\" \/>\n\t<meta property=\"og:image:height\" content=\"1467\" \/>\n\t<meta property=\"og:image:type\" content=\"image\/jpeg\" \/>\n<meta name=\"twitter:card\" content=\"summary_large_image\" \/>\n<script type=\"application\/ld+json\" class=\"yoast-schema-graph\">{\"@context\":\"https:\\\/\\\/schema.org\",\"@graph\":[{\"@type\":[\"WebPage\",\"ProfilePage\"],\"@id\":\"https:\\\/\\\/specialpapers.fedrigoni.com\\\/fra\\\/les-papiers-et-les-produits\\\/papier-pour-ledition\\\/\",\"url\":\"https:\\\/\\\/specialpapers.fedrigoni.com\\\/fra\\\/les-papiers-et-les-produits\\\/papier-pour-ledition\\\/\",\"name\":\"Papier pour l'Edition\",\"isPartOf\":{\"@id\":\"https:\\\/\\\/specialpapers.fedrigoni.com\\\/fra\\\/#website\"},\"datePublished\":\"2025-04-15T07:40:12+00:00\",\"dateModified\":\"2025-12-12T14:34:39+00:00\",\"description\":\"Papiers pour l\u2019\u00e9dition con\u00e7us pour livres magazines et projets \u00e9ditoriaux offrant une excellente qualit\u00e9 d\u2019impression un toucher agr\u00e9able et des performances fiables.\",\"breadcrumb\":{\"@id\":\"https:\\\/\\\/specialpapers.fedrigoni.com\\\/fra\\\/les-papiers-et-les-produits\\\/papier-pour-ledition\\\/#breadcrumb\"},\"inLanguage\":\"fr-FR\",\"potentialAction\":[{\"@type\":\"ReadAction\",\"target\":[\"https:\\\/\\\/specialpapers.fedrigoni.com\\\/fra\\\/les-papiers-et-les-produits\\\/papier-pour-ledition\\\/\"]}]},{\"@type\":\"BreadcrumbList\",\"@id\":\"https:\\\/\\\/specialpapers.fedrigoni.com\\\/fra\\\/les-papiers-et-les-produits\\\/papier-pour-ledition\\\/#breadcrumb\",\"itemListElement\":[{\"@type\":\"ListItem\",\"position\":1,\"name\":\"Home\",\"item\":\"https:\\\/\\\/specialpapers.fedrigoni.com\\\/fra\\\/\"},{\"@type\":\"ListItem\",\"position\":2,\"name\":\"Les papiers et les produits\"},{\"@type\":\"ListItem\",\"position\":3,\"name\":\"Papier pour l&#8217;Edition\"}]},{\"@type\":\"WebSite\",\"@id\":\"https:\\\/\\\/specialpapers.fedrigoni.com\\\/fra\\\/#website\",\"url\":\"https:\\\/\\\/specialpapers.fedrigoni.com\\\/fra\\\/\",\"name\":\"Fedrigoni Special Papers\",\"description\":\"Elevating Creativity\",\"potentialAction\":[{\"@type\":\"SearchAction\",\"target\":{\"@type\":\"EntryPoint\",\"urlTemplate\":\"https:\\\/\\\/specialpapers.fedrigoni.com\\\/fra\\\/?s={search_term_string}\"},\"query-input\":{\"@type\":\"PropertyValueSpecification\",\"valueRequired\":true,\"valueName\":\"search_term_string\"}}],\"inLanguage\":\"fr-FR\"}]}<\/script>\n<!-- \/ Yoast SEO plugin. -->","yoast_head_json":{"title":"Papier pour l'Edition","description":"Papiers pour l\u2019\u00e9dition con\u00e7us pour livres magazines et projets \u00e9ditoriaux offrant une excellente qualit\u00e9 d\u2019impression un toucher agr\u00e9able ...","robots":{"index":"index","follow":"follow","max-snippet":"max-snippet:-1","max-image-preview":"max-image-preview:large","max-video-preview":"max-video-preview:-1"},"canonical":"https:\/\/specialpapers.fedrigoni.com\/fra\/les-papiers-et-les-produits\/papier-pour-ledition\/","og_locale":"fr_FR","og_type":"article","og_title":"Papier pour l'Edition","og_description":"Papiers pour l\u2019\u00e9dition con\u00e7us pour livres magazines et projets \u00e9ditoriaux offrant une excellente qualit\u00e9 d\u2019impression un toucher agr\u00e9able et des performances fiables.","og_url":"https:\/\/specialpapers.fedrigoni.com\/fra\/les-papiers-et-les-produits\/papier-pour-ledition\/","og_site_name":"Fedrigoni Special Papers","article_modified_time":"2025-12-12T14:34:39+00:00","og_image":[{"width":2200,"height":1467,"url":"https:\/\/specialpapers.fedrigoni.com\/wp-content\/uploads\/2021\/09\/Banner-HP-ladder.jpg","type":"image\/jpeg"}],"twitter_card":"summary_large_image","schema":{"@context":"https:\/\/schema.org","@graph":[{"@type":["WebPage","ProfilePage"],"@id":"https:\/\/specialpapers.fedrigoni.com\/fra\/les-papiers-et-les-produits\/papier-pour-ledition\/","url":"https:\/\/specialpapers.fedrigoni.com\/fra\/les-papiers-et-les-produits\/papier-pour-ledition\/","name":"Papier pour l'Edition","isPartOf":{"@id":"https:\/\/specialpapers.fedrigoni.com\/fra\/#website"},"datePublished":"2025-04-15T07:40:12+00:00","dateModified":"2025-12-12T14:34:39+00:00","description":"Papiers pour l\u2019\u00e9dition con\u00e7us pour livres magazines et projets \u00e9ditoriaux offrant une excellente qualit\u00e9 d\u2019impression un toucher agr\u00e9able et des performances fiables.","breadcrumb":{"@id":"https:\/\/specialpapers.fedrigoni.com\/fra\/les-papiers-et-les-produits\/papier-pour-ledition\/#breadcrumb"},"inLanguage":"fr-FR","potentialAction":[{"@type":"ReadAction","target":["https:\/\/specialpapers.fedrigoni.com\/fra\/les-papiers-et-les-produits\/papier-pour-ledition\/"]}]},{"@type":"BreadcrumbList","@id":"https:\/\/specialpapers.fedrigoni.com\/fra\/les-papiers-et-les-produits\/papier-pour-ledition\/#breadcrumb","itemListElement":[{"@type":"ListItem","position":1,"name":"Home","item":"https:\/\/specialpapers.fedrigoni.com\/fra\/"},{"@type":"ListItem","position":2,"name":"Les papiers et les produits"},{"@type":"ListItem","position":3,"name":"Papier pour l&#8217;Edition"}]},{"@type":"WebSite","@id":"https:\/\/specialpapers.fedrigoni.com\/fra\/#website","url":"https:\/\/specialpapers.fedrigoni.com\/fra\/","name":"Fedrigoni Special Papers","description":"Elevating Creativity","potentialAction":[{"@type":"SearchAction","target":{"@type":"EntryPoint","urlTemplate":"https:\/\/specialpapers.fedrigoni.com\/fra\/?s={search_term_string}"},"query-input":{"@type":"PropertyValueSpecification","valueRequired":true,"valueName":"search_term_string"}}],"inLanguage":"fr-FR"}]}},"_links":{"self":[{"href":"https:\/\/specialpapers.fedrigoni.com\/fra\/wp-json\/wp\/v2\/pages\/73446","targetHints":{"allow":["GET"]}}],"collection":[{"href":"https:\/\/specialpapers.fedrigoni.com\/fra\/wp-json\/wp\/v2\/pages"}],"about":[{"href":"https:\/\/specialpapers.fedrigoni.com\/fra\/wp-json\/wp\/v2\/types\/page"}],"author":[{"embeddable":true,"href":"https:\/\/specialpapers.fedrigoni.com\/fra\/wp-json\/wp\/v2\/users\/38"}],"replies":[{"embeddable":true,"href":"https:\/\/specialpapers.fedrigoni.com\/fra\/wp-json\/wp\/v2\/comments?post=73446"}],"version-history":[{"count":0,"href":"https:\/\/specialpapers.fedrigoni.com\/fra\/wp-json\/wp\/v2\/pages\/73446\/revisions"}],"up":[{"embeddable":true,"href":"https:\/\/specialpapers.fedrigoni.com\/fra\/wp-json\/wp\/v2\/pages\/44859"}],"wp:attachment":[{"href":"https:\/\/specialpapers.fedrigoni.com\/fra\/wp-json\/wp\/v2\/media?parent=73446"}],"curies":[{"name":"wp","href":"https:\/\/api.w.org\/{rel}","templated":true}]}}