{"id":30745,"date":"2021-10-01T07:58:47","date_gmt":"2021-10-01T07:58:47","guid":{"rendered":"https:\/\/specialpapers.fedrigoni.com\/cookie-policy\/"},"modified":"2026-01-27T10:45:57","modified_gmt":"2026-01-27T10:45:57","slug":"cookie-policy","status":"publish","type":"page","link":"https:\/\/specialpapers.fedrigoni.com\/hun\/cookie-policy\/","title":{"rendered":"Cookie szab\u00e1lyzat"},"content":{"rendered":"<p>Az adatkezel\u0151 a Fedrigoni S.p.A. &#8211; Viale Piave 3 &#8211; 37135 Verona (IT); e-mail c\u00edm: privacy@fedrigoni.com.<\/p>\n<p>Ez a weboldal cookie-kat haszn\u00e1l. A weboldal funkci\u00f3inak biztos\u00edt\u00e1s\u00e1hoz, a tartalom \u00e9s a hirdet\u00e9sek szem\u00e9lyre szab\u00e1s\u00e1hoz, a k\u00f6z\u00f6ss\u00e9gi m\u00e9diafunkci\u00f3k biztos\u00edt\u00e1s\u00e1hoz \u00e9s a forgalom elemz\u00e9s\u00e9hez sz\u00fcks\u00e9ges cookie-kat haszn\u00e1lunk. A weboldalunk \u00d6n \u00e1ltali haszn\u00e1lat\u00e1ra vonatkoz\u00f3 inform\u00e1ci\u00f3kat megosztjuk k\u00f6z\u00f6ss\u00e9gi m\u00e9dia-, hirdet\u00e9si \u00e9s elemz\u00e9si partnereinkkel is, akik ezeket az inform\u00e1ci\u00f3kat kombin\u00e1lhatj\u00e1k m\u00e1s olyan inform\u00e1ci\u00f3kkal, amelyeket \u00d6n megadott nekik, vagy amelyeket a szolg\u00e1ltat\u00e1saik haszn\u00e1lat\u00e1b\u00f3l gy\u0171jt\u00f6ttek.<\/p>\n<p>A t\u00f6rv\u00e9ny kimondja, hogy a Fedrigoni jogos \u00e9rdeke alapj\u00e1n, a weboldalak megfelel\u0151 \u00e9s biztons\u00e1gos haszn\u00e1lat\u00e1nak biztos\u00edt\u00e1sa \u00e9rdek\u00e9ben cookie-kat t\u00e1rolhatunk az \u00d6n eszk\u00f6z\u00e9n, ha azok felt\u00e9tlen\u00fcl sz\u00fcks\u00e9gesek a weboldal m\u0171k\u00f6d\u00e9s\u00e9hez. Minden m\u00e1s t\u00edpus\u00fa cookie-hoz az \u00d6n hozz\u00e1j\u00e1rul\u00e1s\u00e1ra van sz\u00fcks\u00e9g\u00fcnk.<\/p>\n<p>Ez az oldal k\u00fcl\u00f6nb\u00f6z\u0151 t\u00edpus\u00fa s\u00fctiket haszn\u00e1l. Egyes cookie-kat harmadik f\u00e9lt\u0151l sz\u00e1rmaz\u00f3 szolg\u00e1ltat\u00e1sok helyeznek el, amelyek megjelennek az oldalainkon.<\/p>\n<p>A GDPR 15-22. cikkei szerinti adatv\u00e9delmi jogok gyakorl\u00e1s\u00e1ra b\u00e1rmikor lehet\u0151s\u00e9g van, az alkalmazand\u00f3 jogi rendelkez\u00e9sek keretein bel\u00fcl. Ezek a jogok a k\u00f6vetkez\u0151k:<\/p>\n<p>&#8211; A hozz\u00e1j\u00e1rul\u00e1s visszavon\u00e1s\u00e1hoz val\u00f3 jog;<br \/>\n&#8211; Hozz\u00e1f\u00e9r\u00e9shez val\u00f3 jog;<br \/>\n&#8211; Helyreigaz\u00edt\u00e1shoz val\u00f3 jog;<br \/>\n&#8211; T\u00f6rl\u00e9shez val\u00f3 jog;<br \/>\n&#8211; Az adatkezel\u00e9s korl\u00e1toz\u00e1s\u00e1hoz val\u00f3 jog;<br \/>\n&#8211; Az adathordozhat\u00f3s\u00e1ghoz val\u00f3 jog;<br \/>\n&#8211; A szem\u00e9lyes adatok feldolgoz\u00e1sa elleni tiltakoz\u00e1s joga;<br \/>\n&#8211; A kiz\u00e1r\u00f3lag automatiz\u00e1lt feldolgoz\u00e1son alapul\u00f3 d\u00f6nt\u00e9s megtagad\u00e1s\u00e1hoz val\u00f3 jog, ide\u00e9rtve A profilalkot\u00e1st is.<\/p>\n<p>Lehet\u0151s\u00e9g van tov\u00e1bb\u00e1 panaszt tenni a fel\u00fcgyeleti hat\u00f3s\u00e1gn\u00e1l.<br \/>\nA fenti jogokat az adatkezel\u0151vel a k\u00f6vetkez\u0151 e-mail c\u00edmen gyakorolhatja: privacy@fedrigoni.com.<br \/>\n\u00d6n b\u00e1rmikor megv\u00e1ltoztathatja vagy visszavonhatja hozz\u00e1j\u00e1rul\u00e1s\u00e1t a weboldalunkon \u00e9s\/vagy az al\u00e1bbiakban tal\u00e1lhat\u00f3 Cookie-nyilatkozatban.<\/p>\n<p>Adatv\u00e9delmi szab\u00e1lyzatunkban t\u00f6bbet megtudhat arr\u00f3l, hogy kik vagyunk, hogyan l\u00e9phet kapcsolatba vel\u00fcnk, \u00e9s hogyan kezelj\u00fck a szem\u00e9lyes adatokat.<\/p>\n<script type=\"text\/javascript\" id=\"CookieDeclaration\" src=\"https:\/\/consent.cookiebot.com\/e4330ee6-bb6a-4f10-9928-6f342f1d4ca0\/cd.js\" data-culture=\"HU\" async><\/script>\n","protected":false},"excerpt":{"rendered":"<p>Az adatkezel\u0151 a Fedrigoni S.p.A. &#8211; Viale Piave 3 &#8211; 37135 Verona (IT); e-mail c\u00edm: privacy@fedrigoni.com. Ez a weboldal cookie-kat haszn\u00e1l. A weboldal funkci\u00f3inak biztos\u00edt\u00e1s\u00e1hoz, a tartalom \u00e9s a hirdet\u00e9sek szem\u00e9lyre szab\u00e1s\u00e1hoz, a k\u00f6z\u00f6ss\u00e9gi m\u00e9diafunkci\u00f3k biztos\u00edt\u00e1s\u00e1hoz \u00e9s a forgalom elemz\u00e9s\u00e9hez sz\u00fcks\u00e9ges cookie-kat haszn\u00e1lunk. A weboldalunk \u00d6n \u00e1ltali haszn\u00e1lat\u00e1ra vonatkoz\u00f3 inform\u00e1ci\u00f3kat megosztjuk k\u00f6z\u00f6ss\u00e9gi m\u00e9dia-, hirdet\u00e9si \u00e9s&#8230;<\/p>\n","protected":false},"author":7,"featured_media":0,"parent":0,"menu_order":0,"comment_status":"closed","ping_status":"closed","template":"","meta":{"_acf_changed":false,"footnotes":""},"class_list":["post-30745","page","type-page","status-publish","hentry"],"acf":[],"yoast_head":"<!-- This site is optimized with the Yoast SEO plugin v27.4 - https:\/\/yoast.com\/product\/yoast-seo-wordpress\/ -->\n<title>Cookie Policy - HUN | Special Papers<\/title>\n<meta name=\"description\" content=\"Fedrigoni Creative Summit rendezv\u00e9nyen, Mer\u00fclj\u00f6n el a k\u00fcl\u00f6nleges pap\u00edrok, anyaginnov\u00e1ci\u00f3k \u00e9s csomagol\u00e1si trendek vil\u00e1g\u00e1ban.\" \/>\n<meta name=\"robots\" content=\"index, follow, max-snippet:-1, max-image-preview:large, max-video-preview:-1\" \/>\n<link rel=\"canonical\" href=\"https:\/\/specialpapers.fedrigoni.com\/hun\/cookie-policy\/\" \/>\n<meta property=\"og:locale\" content=\"hu_HU\" \/>\n<meta property=\"og:type\" content=\"article\" \/>\n<meta property=\"og:title\" content=\"Cookie Policy - HUN | Special Papers\" \/>\n<meta property=\"og:description\" content=\"Fedrigoni Creative Summit rendezv\u00e9nyen, Mer\u00fclj\u00f6n el a k\u00fcl\u00f6nleges pap\u00edrok, anyaginnov\u00e1ci\u00f3k \u00e9s csomagol\u00e1si trendek vil\u00e1g\u00e1ban.\" \/>\n<meta property=\"og:url\" content=\"https:\/\/specialpapers.fedrigoni.com\/hun\/cookie-policy\/\" \/>\n<meta property=\"og:site_name\" content=\"Fedrigoni Special Papers\" \/>\n<meta property=\"article:modified_time\" content=\"2026-01-27T10:45:57+00:00\" \/>\n<meta property=\"og:image\" content=\"https:\/\/specialpapers.fedrigoni.com\/wp-content\/uploads\/2021\/09\/Banner-HP-ladder.jpg\" \/>\n\t<meta property=\"og:image:width\" content=\"2200\" \/>\n\t<meta property=\"og:image:height\" content=\"1467\" \/>\n\t<meta property=\"og:image:type\" content=\"image\/jpeg\" \/>\n<meta name=\"twitter:card\" content=\"summary_large_image\" \/>\n<meta name=\"twitter:label1\" content=\"Becs\u00fclt olvas\u00e1si id\u0151\" \/>\n\t<meta name=\"twitter:data1\" content=\"1 perc\" \/>\n<script type=\"application\/ld+json\" class=\"yoast-schema-graph\">{\"@context\":\"https:\\\/\\\/schema.org\",\"@graph\":[{\"@type\":[\"WebPage\",\"ProfilePage\"],\"@id\":\"https:\\\/\\\/specialpapers.fedrigoni.com\\\/hun\\\/cookie-policy\\\/\",\"url\":\"https:\\\/\\\/specialpapers.fedrigoni.com\\\/hun\\\/cookie-policy\\\/\",\"name\":\"Cookie Policy - HUN | Special Papers\",\"isPartOf\":{\"@id\":\"https:\\\/\\\/specialpapers.fedrigoni.com\\\/hun\\\/#website\"},\"datePublished\":\"2021-10-01T07:58:47+00:00\",\"dateModified\":\"2026-01-27T10:45:57+00:00\",\"description\":\"Fedrigoni Creative Summit rendezv\u00e9nyen, Mer\u00fclj\u00f6n el a k\u00fcl\u00f6nleges pap\u00edrok, anyaginnov\u00e1ci\u00f3k \u00e9s csomagol\u00e1si trendek vil\u00e1g\u00e1ban.\",\"breadcrumb\":{\"@id\":\"https:\\\/\\\/specialpapers.fedrigoni.com\\\/hun\\\/cookie-policy\\\/#breadcrumb\"},\"inLanguage\":\"hu\",\"potentialAction\":[{\"@type\":\"ReadAction\",\"target\":[\"https:\\\/\\\/specialpapers.fedrigoni.com\\\/hun\\\/cookie-policy\\\/\"]}]},{\"@type\":\"BreadcrumbList\",\"@id\":\"https:\\\/\\\/specialpapers.fedrigoni.com\\\/hun\\\/cookie-policy\\\/#breadcrumb\",\"itemListElement\":[{\"@type\":\"ListItem\",\"position\":1,\"name\":\"Home\",\"item\":\"https:\\\/\\\/specialpapers.fedrigoni.com\\\/hun\\\/\"},{\"@type\":\"ListItem\",\"position\":2,\"name\":\"Cookie szab\u00e1lyzat\"}]},{\"@type\":\"WebSite\",\"@id\":\"https:\\\/\\\/specialpapers.fedrigoni.com\\\/hun\\\/#website\",\"url\":\"https:\\\/\\\/specialpapers.fedrigoni.com\\\/hun\\\/\",\"name\":\"Fedrigoni Special Papers\",\"description\":\"Elevating Creativity\",\"potentialAction\":[{\"@type\":\"SearchAction\",\"target\":{\"@type\":\"EntryPoint\",\"urlTemplate\":\"https:\\\/\\\/specialpapers.fedrigoni.com\\\/hun\\\/?s={search_term_string}\"},\"query-input\":{\"@type\":\"PropertyValueSpecification\",\"valueRequired\":true,\"valueName\":\"search_term_string\"}}],\"inLanguage\":\"hu\"}]}<\/script>\n<!-- \/ Yoast SEO plugin. -->","yoast_head_json":{"title":"Cookie Policy - HUN | Special Papers","description":"Fedrigoni Creative Summit rendezv\u00e9nyen, Mer\u00fclj\u00f6n el a k\u00fcl\u00f6nleges pap\u00edrok, anyaginnov\u00e1ci\u00f3k \u00e9s csomagol\u00e1si trendek vil\u00e1g\u00e1ban.","robots":{"index":"index","follow":"follow","max-snippet":"max-snippet:-1","max-image-preview":"max-image-preview:large","max-video-preview":"max-video-preview:-1"},"canonical":"https:\/\/specialpapers.fedrigoni.com\/hun\/cookie-policy\/","og_locale":"hu_HU","og_type":"article","og_title":"Cookie Policy - HUN | Special Papers","og_description":"Fedrigoni Creative Summit rendezv\u00e9nyen, Mer\u00fclj\u00f6n el a k\u00fcl\u00f6nleges pap\u00edrok, anyaginnov\u00e1ci\u00f3k \u00e9s csomagol\u00e1si trendek vil\u00e1g\u00e1ban.","og_url":"https:\/\/specialpapers.fedrigoni.com\/hun\/cookie-policy\/","og_site_name":"Fedrigoni Special Papers","article_modified_time":"2026-01-27T10:45:57+00:00","og_image":[{"width":2200,"height":1467,"url":"https:\/\/specialpapers.fedrigoni.com\/wp-content\/uploads\/2021\/09\/Banner-HP-ladder.jpg","type":"image\/jpeg"}],"twitter_card":"summary_large_image","twitter_misc":{"Becs\u00fclt olvas\u00e1si id\u0151":"1 perc"},"schema":{"@context":"https:\/\/schema.org","@graph":[{"@type":["WebPage","ProfilePage"],"@id":"https:\/\/specialpapers.fedrigoni.com\/hun\/cookie-policy\/","url":"https:\/\/specialpapers.fedrigoni.com\/hun\/cookie-policy\/","name":"Cookie Policy - HUN | Special Papers","isPartOf":{"@id":"https:\/\/specialpapers.fedrigoni.com\/hun\/#website"},"datePublished":"2021-10-01T07:58:47+00:00","dateModified":"2026-01-27T10:45:57+00:00","description":"Fedrigoni Creative Summit rendezv\u00e9nyen, Mer\u00fclj\u00f6n el a k\u00fcl\u00f6nleges pap\u00edrok, anyaginnov\u00e1ci\u00f3k \u00e9s csomagol\u00e1si trendek vil\u00e1g\u00e1ban.","breadcrumb":{"@id":"https:\/\/specialpapers.fedrigoni.com\/hun\/cookie-policy\/#breadcrumb"},"inLanguage":"hu","potentialAction":[{"@type":"ReadAction","target":["https:\/\/specialpapers.fedrigoni.com\/hun\/cookie-policy\/"]}]},{"@type":"BreadcrumbList","@id":"https:\/\/specialpapers.fedrigoni.com\/hun\/cookie-policy\/#breadcrumb","itemListElement":[{"@type":"ListItem","position":1,"name":"Home","item":"https:\/\/specialpapers.fedrigoni.com\/hun\/"},{"@type":"ListItem","position":2,"name":"Cookie szab\u00e1lyzat"}]},{"@type":"WebSite","@id":"https:\/\/specialpapers.fedrigoni.com\/hun\/#website","url":"https:\/\/specialpapers.fedrigoni.com\/hun\/","name":"Fedrigoni Special Papers","description":"Elevating Creativity","potentialAction":[{"@type":"SearchAction","target":{"@type":"EntryPoint","urlTemplate":"https:\/\/specialpapers.fedrigoni.com\/hun\/?s={search_term_string}"},"query-input":{"@type":"PropertyValueSpecification","valueRequired":true,"valueName":"search_term_string"}}],"inLanguage":"hu"}]}},"_links":{"self":[{"href":"https:\/\/specialpapers.fedrigoni.com\/hun\/wp-json\/wp\/v2\/pages\/30745","targetHints":{"allow":["GET"]}}],"collection":[{"href":"https:\/\/specialpapers.fedrigoni.com\/hun\/wp-json\/wp\/v2\/pages"}],"about":[{"href":"https:\/\/specialpapers.fedrigoni.com\/hun\/wp-json\/wp\/v2\/types\/page"}],"author":[{"embeddable":true,"href":"https:\/\/specialpapers.fedrigoni.com\/hun\/wp-json\/wp\/v2\/users\/7"}],"replies":[{"embeddable":true,"href":"https:\/\/specialpapers.fedrigoni.com\/hun\/wp-json\/wp\/v2\/comments?post=30745"}],"version-history":[{"count":0,"href":"https:\/\/specialpapers.fedrigoni.com\/hun\/wp-json\/wp\/v2\/pages\/30745\/revisions"}],"wp:attachment":[{"href":"https:\/\/specialpapers.fedrigoni.com\/hun\/wp-json\/wp\/v2\/media?parent=30745"}],"curies":[{"name":"wp","href":"https:\/\/api.w.org\/{rel}","templated":true}]}}