{"id":30763,"date":"2021-10-01T07:57:47","date_gmt":"2021-10-01T07:57:47","guid":{"rendered":"https:\/\/specialpapers.fedrigoni.com\/privacy-policy\/"},"modified":"2025-12-12T14:37:31","modified_gmt":"2025-12-12T14:37:31","slug":"privacy-policy","status":"publish","type":"page","link":"https:\/\/specialpapers.fedrigoni.com\/hun\/privacy-policy\/","title":{"rendered":"Adatv\u00e9delmi ir\u00e1nyelvek"},"content":{"rendered":"<h4>A 2016\/679 EUR\u00d3PAI UNI\u00d3S RENDELET 13. CIKKE SZERINTI ADATV\u00c9DELMI T\u00c1J\u00c9KOZTAT\u00d3 &#8211; WEBPORT\u00c1LOK FELHASZN\u00c1L\u00d3I<\/h4>\n<p>&nbsp;<\/p>\n<p>&nbsp;<\/p>\n<p><strong>1. Az adatkezel\u0151<\/strong><\/p>\n<p>&nbsp;<\/p>\n<p>Az adatkezel\u0151 a Fedrigoni S.p.A., amelynek sz\u00e9khelye: Via Enrico Fermi 13\/F, 37135, Verona (VR) Olaszorsz\u00e1g. A hat\u00e1lyos rendeletben el\u0151\u00edrt, az &#8222;5. Az \u00e9rintettek jogai&#8221; pontban felsorolt jogainak gyakorl\u00e1sa \u00e9rdek\u00e9ben, valamint a mag\u00e1n\u00e9let v\u00e9delm\u00e9vel kapcsolatos b\u00e1rmely egy\u00e9b k\u00e9r\u00e9ssel az Adatkezel\u0151h\u00f6z fordulhat a privacy@fedrigoni.com e-mail c\u00edmen.<\/p>\n<p>&nbsp;<\/p>\n<p><strong>2. A feldolgozott kezel\u00e9sek t\u00edpusai<\/strong><\/p>\n<p>&nbsp;<\/p>\n<p><strong>a) Port\u00e1lon t\u00f6rt\u00e9n\u0151 regisztr\u00e1ci\u00f3 kezel\u00e9se<\/strong><\/p>\n<p>\u2022 <strong>C\u00e9l<\/strong>: a webport\u00e1l lehet\u0151v\u00e9 teszi a felhaszn\u00e1l\u00f3k regisztr\u00e1ci\u00f3j\u00e1t, akik ez\u00e1ltal l\u00e9trehozhatj\u00e1k saj\u00e1t fenntartott ter\u00fclet\u00fcket, \u00e9s hozz\u00e1f\u00e9rhetnek a platformon bel\u00fcli bizalmas \u00e9s exkluz\u00edv inform\u00e1ci\u00f3khoz.<br \/>\n\u2022 <strong>Jogalap<\/strong>: a regisztr\u00e1ci\u00f3s folyamat az \u00e9rintett hozz\u00e1j\u00e1rul\u00e1sa alapj\u00e1n t\u00f6rt\u00e9nik.<br \/>\n\u2022 <strong>Adatmeg\u0151rz\u00e9s<\/strong>: az adatokat a felhaszn\u00e1l\u00f3 rendelkez\u00e9s\u00e9re bocs\u00e1tott port\u00e1lon a regisztr\u00e1ci\u00f3s szolg\u00e1ltat\u00e1s kezel\u00e9s\u00e9hez sz\u00fcks\u00e9ges ideig t\u00e1roljuk.<br \/>\nA regisztr\u00e1ci\u00f3s folyamat befejezt\u00e9vel a felhaszn\u00e1l\u00f3 regisztr\u00e1l a v\u00e1llalat rendszereiben, \u00e9s b\u00e1rmikor k\u00e9rheti fi\u00f3kja letilt\u00e1s\u00e1t az 1. pontban megjel\u00f6lt kommunik\u00e1ci\u00f3s csatorn\u00e1kon kereszt\u00fcl.<\/p>\n<p>&nbsp;<\/p>\n<p><strong>b) A felhaszn\u00e1l\u00f3i kommunik\u00e1ci\u00f3 kezel\u00e9se<\/strong><\/p>\n<p>\u2022 <strong>C\u00e9l<\/strong>: a weboldalon tal\u00e1lhat\u00f3 el\u00e9rhet\u0151s\u00e9gi c\u00edmekre t\u00f6rt\u00e9n\u0151 \u00f6nk\u00e9ntes \u00fczenetk\u00fcld\u00e9s \u00e9s az &#8222;\u0171rlapok&#8221; kit\u00f6lt\u00e9se a felad\u00f3 el\u00e9rhet\u0151s\u00e9gi adatainak, valamint a kommunik\u00e1ci\u00f3ban szerepl\u0151 valamennyi szem\u00e9lyes adatnak a megszerz\u00e9s\u00e9hez vezet, amelyek az Adatkezel\u0151nek k\u00fcld\u00f6tt konkr\u00e9t k\u00e9r\u00e9sek teljes\u00edt\u00e9s\u00e9hez sz\u00fcks\u00e9gesek. Az adatok feldolgoz\u00e1sa a kommunik\u00e1ci\u00f3 kezel\u00e9se \u00e9rdek\u00e9ben t\u00f6rt\u00e9nik, a felhaszn\u00e1l\u00f3 rendelkez\u00e9s\u00e9re bocs\u00e1tott kommunik\u00e1ci\u00f3s szolg\u00e1ltat\u00e1s biztos\u00edt\u00e1s\u00e1nak sz\u00fcks\u00e9gess\u00e9ge alapj\u00e1n.<br \/>\n\u2022 <strong>Jogalap<\/strong>: az adatkezel\u00e9si tev\u00e9kenys\u00e9g a k\u00f6zlem\u00e9nyt k\u00fcld\u0151 szem\u00e9ly hozz\u00e1j\u00e1rul\u00e1sa alapj\u00e1n t\u00f6rt\u00e9nik.<br \/>\n\u2022 <strong>Adatt\u00e1rol\u00e1s<\/strong>: a felhaszn\u00e1l\u00f3 adatait az Adatkezel\u0151 r\u00f6gz\u00edti \u00e9s a kommunik\u00e1ci\u00f3 kezel\u00e9s\u00e9hez sz\u00fcks\u00e9ges ideig t\u00e1rolja, a felhaszn\u00e1l\u00f3val val\u00f3 \u00fczleti kapcsolat kezel\u00e9se \u00e9rdek\u00e9ben, a felhaszn\u00e1l\u00f3 hozz\u00e1j\u00e1rul\u00e1sa alapj\u00e1n, amely b\u00e1rmikor visszavonhat\u00f3 az 1. pontban megjel\u00f6lt kommunik\u00e1ci\u00f3s csatorn\u00e1kon kereszt\u00fcl beny\u00fajtott k\u00e9relemmel.<\/p>\n<p>&nbsp;<\/p>\n<p><strong>c) H\u00edrlevelek<\/strong><\/p>\n<p><strong>\u2022 C\u00e9l<\/strong>: a port\u00e1lra t\u00f6rt\u00e9n\u0151 regisztr\u00e1ci\u00f3 \u00e9s\/vagy a platformon tal\u00e1lhat\u00f3 &#8222;\u0171rlapokon&#8221; kereszt\u00fcl t\u00f6rt\u00e9n\u0151 kommunik\u00e1ci\u00f3 elk\u00fcld\u00e9sekor a felhaszn\u00e1l\u00f3 feliratkozhat a term\u00e9k- \u00e9s szolg\u00e1ltat\u00e1sk\u00edn\u00e1lattal kapcsolatos friss\u00edt\u00e9sekr\u0151l \u00e9s prom\u00f3ci\u00f3kr\u00f3l sz\u00f3l\u00f3 h\u00edrlev\u00e9l szolg\u00e1ltat\u00e1sokra.<br \/>\n<strong>\u2022 Jogalap<\/strong>: az adatok feldolgoz\u00e1sa a felhaszn\u00e1l\u00f3 \u00e1ltal megadott hozz\u00e1j\u00e1rul\u00e1s alapj\u00e1n t\u00f6rt\u00e9nik, a GDPR 6. cikke (1) bekezd\u00e9s\u00e9nek a) pontj\u00e1val \u00f6sszhangban.<br \/>\n<strong>\u2022 Adatmeg\u0151rz\u00e9s<\/strong>: a szem\u00e9lyes adatokat a felhaszn\u00e1l\u00f3 rendelkez\u00e9s\u00e9re bocs\u00e1tott h\u00edrlev\u00e9l-szolg\u00e1ltat\u00e1s kezel\u00e9s\u00e9hez sz\u00fcks\u00e9ges ideig t\u00e1roljuk, aki b\u00e1rmikor d\u00f6nthet \u00fagy, hogy a megadott hozz\u00e1j\u00e1rul\u00e1s visszavon\u00e1s\u00e1val, az egyes kapott k\u00f6zlem\u00e9nyekben tal\u00e1lhat\u00f3 k\u00fcl\u00f6n funkci\u00f3n kereszt\u00fcl, vagy az 1. pontban megjel\u00f6lt kommunik\u00e1ci\u00f3s csatorn\u00e1kon kereszt\u00fcl t\u00f6rt\u00e9n\u0151 k\u00e9r\u00e9ssel le\u00e1ll\u00edtja a h\u00edrlevelek k\u00fcld\u00e9s\u00e9t.<\/p>\n<p>&nbsp;<\/p>\n<p><strong>d) Alkalmaz\u00e1sok kezel\u00e9se<\/strong><\/p>\n<p>A port\u00e1lon kereszt\u00fcl lehet\u0151s\u00e9g van a &#8222;karrier&#8221; ter\u00fcletre val\u00f3 bel\u00e9p\u00e9sre az \u00e1ll\u00e1saj\u00e1nlatok tan\u00e1csad\u00e1s\u00e1hoz \u00e9s a p\u00e1ly\u00e1zatok kezel\u00e9s\u00e9hez. Az ilyen feldolgoz\u00e1si tev\u00e9kenys\u00e9ggel kapcsolatban k\u00e9rj\u00fck, olvassa el a jelentkez\u00e9si szab\u00e1lyzatot, amely az erre a c\u00e9lra szolg\u00e1l\u00f3 r\u00e9szben tal\u00e1lhat\u00f3.<\/p>\n<p>&nbsp;<\/p>\n<p><strong>e) B\u00f6ng\u00e9sz\u00e9s adatkezel\u00e9s<\/strong><\/p>\n<p><strong>\u2022 C\u00e9l<\/strong>: a port\u00e1l m\u0171k\u00f6d\u00e9s\u00e9nek \u00e9s biztons\u00e1g\u00e1nak biztos\u00edt\u00e1s\u00e1hoz haszn\u00e1lt eszk\u00f6z\u00f6k norm\u00e1l m\u0171k\u00f6d\u00e9s\u00fck sor\u00e1n feldolgozhatnak bizonyos olyan inform\u00e1ci\u00f3kat, amelyeket nem az\u00e9rt gy\u0171jtenek, hogy az \u00e9rintett szem\u00e9lyekkel kapcsolatba hozz\u00e1k \u0151ket, de amelyek a feldolgoz\u00e1s eredm\u00e9nyek\u00e9nt lehet\u0151v\u00e9 tehetik a felhaszn\u00e1l\u00f3k azonos\u00edt\u00e1s\u00e1t (pl. IP-c\u00edmek, sz\u00e1m\u00edt\u00f3g\u00e9pes domainnevek stb.). Az ilyen inform\u00e1ci\u00f3k gy\u0171jt\u00e9se a port\u00e1l biztons\u00e1g\u00e1nak \u00e9s megfelel\u0151 m\u0171k\u00f6d\u00e9s\u00e9nek biztos\u00edt\u00e1sa \u00e9rdek\u00e9ben t\u00f6rt\u00e9nik.<br \/>\n<strong>\u2022 Jogalap<\/strong>: az adatok kezel\u00e9se az Adatkezel\u0151 jogos \u00e9rdeke alapj\u00e1n t\u00f6rt\u00e9nik, a GDPR 6. cikk (1) bekezd\u00e9s f) pontja szerint.<br \/>\n<strong>\u2022 Adatmeg\u0151rz\u00e9s<\/strong>: az adatokat a megadott c\u00e9lok el\u00e9r\u00e9s\u00e9hez felt\u00e9tlen\u00fcl sz\u00fcks\u00e9ges ideig t\u00e1roljuk.<\/p>\n<p>&nbsp;<\/p>\n<p><strong>f) \u00dczleti kapcsolatok<\/strong><\/p>\n<p><strong>\u2022 C\u00e9l<\/strong>: a port\u00e1l m\u0171k\u00f6d\u00e9s\u00e9nek \u00e9s biztons\u00e1g\u00e1nak biztos\u00edt\u00e1s\u00e1hoz haszn\u00e1lt eszk\u00f6z\u00f6k norm\u00e1l m\u0171k\u00f6d\u00e9s\u00fck sor\u00e1n feldolgozhatnak bizonyos olyan inform\u00e1ci\u00f3kat, amelyeket nem az\u00e9rt gy\u0171jtenek, hogy az \u00e9rintett szem\u00e9lyekkel kapcsolatba hozz\u00e1k \u0151ket, de amelyek a feldolgoz\u00e1s eredm\u00e9nyek\u00e9nt lehet\u0151v\u00e9 tehetik a felhaszn\u00e1l\u00f3k azonos\u00edt\u00e1s\u00e1t (pl. IP-c\u00edmek, sz\u00e1m\u00edt\u00f3g\u00e9pes domainnevek stb.). Az ilyen inform\u00e1ci\u00f3k gy\u0171jt\u00e9se a port\u00e1l biztons\u00e1g\u00e1nak \u00e9s megfelel\u0151 m\u0171k\u00f6d\u00e9s\u00e9nek biztos\u00edt\u00e1sa \u00e9rdek\u00e9ben t\u00f6rt\u00e9nik.<br \/>\n<strong>\u2022 Jogalap<\/strong>: az \u00d6n el\u00e9rhet\u0151s\u00e9gi adatainak kezel\u00e9s\u00e9re a felek k\u00f6z\u00f6tt fenn\u00e1ll\u00f3 szerz\u0151d\u00e9s alapj\u00e1n vagy olyan kereskedelmi \u00e9rdekb\u0151l ker\u00fcl sor, amely a j\u00f6v\u0151beni szerz\u0151d\u00e9ses meg\u00e1llapod\u00e1sok l\u00e9trehoz\u00e1s\u00e1hoz vezethet.<br \/>\n\u00d6n b\u00e1rmikor k\u00e9rheti el\u00e9rhet\u0151s\u00e9gei t\u00f6rl\u00e9s\u00e9t az 1. pontban megjel\u00f6lt kommunik\u00e1ci\u00f3s csatorn\u00e1kon kereszt\u00fcl.<br \/>\n<strong>\u2022 Adatmeg\u0151rz\u00e9s<\/strong>: az adatokat a megadott c\u00e9lok el\u00e9r\u00e9s\u00e9hez felt\u00e9tlen\u00fcl sz\u00fcks\u00e9ges ideig t\u00e1roljuk.<\/p>\n<p>&nbsp;<\/p>\n<p><strong>g) B2B kereskedelmi kommunik\u00e1ci\u00f3<\/strong><\/p>\n<p><strong>\u2022 C\u00e9l<\/strong>: az \u00d6n \u00e1ltal a szakmai\/kereskedelmi kapcsolat l\u00e9trehoz\u00e1s\u00e1val\/ fenntart\u00e1s\u00e1val \u00f6sszef\u00fcgg\u00e9sben megadott el\u00e9rhet\u0151s\u00e9gi adatokat t\u00e1roljuk \u00e9s feldolgozzuk prom\u00f3ci\u00f3s \u00e9s friss\u00edt\u0151 k\u00f6zlem\u00e9nyek k\u00fcld\u00e9se, valamint k\u00e9rd\u0151\u00edvek k\u00fcld\u00e9se c\u00e9lj\u00e1b\u00f3l, hogy visszajelz\u00e9seket \u00e9s jav\u00edt\u00e1si javaslatokat gy\u0171jts\u00fcnk.<br \/>\n<strong>\u2022 Jogalap<\/strong>: az adatkezel\u00e9si tev\u00e9kenys\u00e9gre az Adatkezel\u0151nek a jelenlegi vagy potenci\u00e1lis \u00fczleti partnereivel val\u00f3 szakmai kapcsolatok fenntart\u00e1s\u00e1hoz \u00e9s jav\u00edt\u00e1s\u00e1hoz f\u0171z\u0151d\u0151 jogos \u00e9rdeke alapj\u00e1n ker\u00fcl sor.<br \/>\n<strong>\u2022 Adatmeg\u0151rz\u00e9s<\/strong>: az adatokat az utols\u00f3 szakmai kapcsolatfelv\u00e9telt\u0151l sz\u00e1m\u00edtott 36 h\u00f3napig kezelj\u00fck a kommunik\u00e1ci\u00f3 k\u00fcld\u00e9se c\u00e9lj\u00e1b\u00f3l. \u00d6n b\u00e1rmikor k\u00e9rheti, hogy ne kapjon ilyen jelleg\u0171 k\u00f6zlem\u00e9nyeket az \u00fcdv\u00f6zl\u0151 lev\u00e9lben tal\u00e1lhat\u00f3 link kiv\u00e1laszt\u00e1s\u00e1val, vagy az 1. pontban megjel\u00f6lt kommunik\u00e1ci\u00f3s csatorn\u00e1kon kereszt\u00fcl t\u00f6rt\u00e9n\u0151 k\u00e9r\u00e9ssel.<\/p>\n<p>&nbsp;<\/p>\n<p><strong>h) Fedrigoni Top Awards regisztr\u00e1ci\u00f3 \u00e9s kommunik\u00e1ci\u00f3<\/strong><\/p>\n<p><strong>\u2022 C\u00e9l<\/strong>: a Fedrigoni Top Awards esem\u00e9nyre val\u00f3 regisztr\u00e1ci\u00f3 r\u00e9szek\u00e9nt megadott el\u00e9rhet\u0151s\u00e9gi adatokat a regisztr\u00e1ci\u00f3 kezel\u00e9se, valamint a k\u00e9s\u0151bbiekben a friss\u00edt\u0151 k\u00f6zlem\u00e9nyek (pl. d\u00edjra jel\u00f6ltek, k\u00e9s\u0151bbi kiad\u00e1sok stb.) k\u00fcld\u00e9se c\u00e9lj\u00e1b\u00f3l t\u00e1roljuk \u00e9s feldolgozzuk.<br \/>\n<strong>\u2022 Jogalap<\/strong>: az adatkezel\u00e9si tev\u00e9kenys\u00e9get az Adatkezel\u0151 jogos \u00e9rdeke alapj\u00e1n v\u00e9gzi, hogy kezelje a tagok r\u00e9szv\u00e9teli folyamat\u00e1t, \u00e9s folyamatosan t\u00e1j\u00e9koztassa a r\u00e9sztvev\u0151ket a Top Awards kezdem\u00e9nyez\u00e9s alakul\u00e1s\u00e1r\u00f3l.<br \/>\n<strong>\u2022 Adatmeg\u0151rz\u00e9s<\/strong>: adatokat a rendezv\u00e9nyen val\u00f3 r\u00e9szv\u00e9tel lebonyol\u00edt\u00e1s\u00e1hoz sz\u00fcks\u00e9ges ideig, majd ezt k\u00f6vet\u0151en a fenti k\u00f6zlem\u00e9nyek k\u00fcld\u00e9s\u00e9hez sz\u00fcks\u00e9ges ideig t\u00e1roljuk. A felhaszn\u00e1l\u00f3 b\u00e1rmikor k\u00e9rheti a h\u00edrlevelek k\u00fcld\u00e9s\u00e9nek le\u00e1ll\u00edt\u00e1s\u00e1t az egyes kapott k\u00f6zlem\u00e9nyekben tal\u00e1lhat\u00f3 k\u00fcl\u00f6n funkci\u00f3val, vagy az 1. pontban megjel\u00f6lt kommunik\u00e1ci\u00f3s csatorn\u00e1kon kereszt\u00fcl t\u00f6rt\u00e9n\u0151 k\u00e9r\u00e9ssel.<\/p>\n<p>&nbsp;<\/p>\n<p><strong>i) S\u00fctik kezel\u00e9se<\/strong><\/p>\n<p>A port\u00e1l s\u00fctiket haszn\u00e1l, amelyeken kereszt\u00fcl a felhaszn\u00e1l\u00f3 szem\u00e9lyes adatokat kezelhet. Az ilyen jelleg\u0171 feldolgoz\u00e1ssal kapcsolatban k\u00e9rj\u00fck, tekintse meg a Cookie szab\u00e1lyzatot.<\/p>\n<p>&nbsp;<\/p>\n<p>&nbsp;<\/p>\n<p><strong>3. Feldolgoz\u00e1si m\u00f3dszerek<\/strong><\/p>\n<p>&nbsp;<\/p>\n<p>Az \u00d6n szem\u00e9lyes adatait a szem\u00e9lyes adatok v\u00e9delm\u00e9re vonatkoz\u00f3 hat\u00e1lyos jogszab\u00e1lyokban meghat\u00e1rozott rendelkez\u00e9seknek megfelel\u0151en, anal\u00f3g \u00e9s digit\u00e1lis eszk\u00f6z\u00f6kkel, a GDPR 32. cikk\u00e9ben el\u0151ir\u00e1nyzott rendelkez\u00e9seknek megfelel\u0151en, a biztons\u00e1g \u00e9s a bizalmas jelleg garant\u00e1l\u00e1s\u00e1ra alkalmas m\u00f3dszerek \u00e9s eszk\u00f6z\u00f6k alkalmaz\u00e1s\u00e1val kezelj\u00fck.<\/p>\n<p>&nbsp;<\/p>\n<p>&nbsp;<\/p>\n<p><strong>4. Felek, akikkel vagy amelyekkel az \u00d6n szem\u00e9lyes adatai k\u00f6z\u00f6lhet\u0151k<\/strong><\/p>\n<p>&nbsp;<\/p>\n<p>A fent le\u00edrt c\u00e9lok megval\u00f3s\u00edt\u00e1sa \u00e9rdek\u00e9ben az \u00d6n szem\u00e9lyes adatai az Adatkezel\u0151 alkalmazottai, munkat\u00e1rsai \u00e9s kereskedelmi k\u00e9pvisel\u0151i tudom\u00e1s\u00e1ra juthatnak, akik az adatkezel\u00e9sre jogosult felekk\u00e9nt \u00e9s\/vagy adatfeldolgoz\u00f3k\u00e9nt m\u0171k\u00f6dnek.<br \/>\nEzen t\u00falmen\u0151en az Adatkezel\u0151nek sz\u00fcks\u00e9ge lehet arra, hogy az \u00d6n szem\u00e9lyes adatait k\u00f6z\u00f6lje harmadik felekkel, akik p\u00e9ld\u00e1ul az al\u00e1bbi kateg\u00f3ri\u00e1kba tartoznak:<\/p>\n<p>\u2022 a Fedrigoni csoporthoz tartoz\u00f3 v\u00e1llalatok;<br \/>\n\u2022 olyan felek, akik IKT-szolg\u00e1ltat\u00e1sok (pl. weboldal-kezel\u00e9s), kommunik\u00e1ci\u00f3s szolg\u00e1ltat\u00e1sok (pl. levelez\u0151lista-kezel\u00e9s) \u00e9s alkalmaz\u00e1sok kezel\u00e9s\u00e9vel kapcsolatos szolg\u00e1ltat\u00e1sokat ny\u00fajtanak.<\/p>\n<p>Az Adatkezel\u0151 az \u00d6n szem\u00e9lyes adatait az Eur\u00f3pai Gazdas\u00e1gi T\u00e9rs\u00e9gen k\u00edv\u00fclre tov\u00e1bb\u00edthatja, biztos\u00edtva az al\u00e1bbi felt\u00e9telek egyik\u00e9t: vagy a GDPR 45. cikke alapj\u00e1n megfelel\u0151nek min\u0151s\u00edtett harmadik orsz\u00e1g, vagy olyan orsz\u00e1g, amelyre vonatkoz\u00f3an az Adatkezel\u0151 a GDPR 46. \u00e9s 47. cikke szerint megfelel\u0151 garanci\u00e1kat ny\u00fajt az adatv\u00e9delemre vonatkoz\u00f3an, \u00e9s biztos\u00edtja, hogy az \u00e9rintettek \u00e9rv\u00e9nyes\u00edthet\u0151 jogokkal \u00e9s hat\u00e9kony jogorvoslati lehet\u0151s\u00e9gekkel rendelkezzenek.<\/p>\n<p>&nbsp;<\/p>\n<p>&nbsp;<\/p>\n<p><strong>5. Az \u00e9rintettek jogai<\/strong><\/p>\n<p>&nbsp;<\/p>\n<p>Az Adatkezel\u0151 k\u00fcl\u00f6n\u00f6s figyelmet ford\u00edt az \u00d6n adatainak v\u00e9delm\u00e9re, \u00e9s t\u00e1j\u00e9koztatja \u00d6nt, hogy a hat\u00e1lyos jogszab\u00e1lyokban el\u0151\u00edrt felt\u00e9telek mellett az al\u00e1bbi jogokat gyakorolhatja:<\/p>\n<p>\u2022 hozz\u00e1f\u00e9r\u00e9si jog -az a jog, hogy az Adatkezel\u0151t\u0151l meger\u0151s\u00edt\u00e9st kapjon arr\u00f3l, hogy az \u00d6nre vonatkoz\u00f3 szem\u00e9lyes adatok kezel\u00e9se folyamatban van-e, \u00e9s amennyiben ez a helyzet, hozz\u00e1f\u00e9rjen a szem\u00e9lyes adatokhoz;<br \/>\n\u2022 helyesb\u00edt\u00e9shez val\u00f3 jog -az a jog, hogy az Adatkezel\u0151t\u0151l indokolatlan k\u00e9sedelem n\u00e9lk\u00fcl k\u00e9rje az \u00d6nre vonatkoz\u00f3 pontatlan szem\u00e9lyes adatok helyesb\u00edt\u00e9s\u00e9t, valamint a hi\u00e1nyos szem\u00e9lyes adatok kieg\u00e9sz\u00edt\u00e9s\u00e9t;<br \/>\n\u2022 a t\u00f6rl\u00e9shez val\u00f3 jog (&#8222;az elfeledtet\u00e9shez val\u00f3 jog&#8221;) &#8211; az \u00d6nre vonatkoz\u00f3 szem\u00e9lyes adatok indokolatlan k\u00e9sedelem n\u00e9lk\u00fcli t\u00f6rl\u00e9s\u00e9nek az Adatkezel\u0151t\u0151l val\u00f3 k\u00e9r\u00e9s\u00e9hez val\u00f3 jog;<br \/>\n\u2022 az adatkezel\u00e9s korl\u00e1toz\u00e1s\u00e1hoz val\u00f3 jog &#8211; adott esetben az adatkezel\u00e9s korl\u00e1toz\u00e1s\u00e1hoz val\u00f3 jog, amennyiben a jogi k\u00f6vetelm\u00e9nyek teljes\u00fclnek;<br \/>\n\u2022 az adathordozhat\u00f3s\u00e1ghoz val\u00f3 jog &#8211; az \u00d6nre vonatkoz\u00f3, az Adatkezel\u0151 r\u00e9sz\u00e9re megadott szem\u00e9lyes adatoknak egy automatiz\u00e1lt eszk\u00f6zzel olvashat\u00f3, k\u00f6znapi haszn\u00e1latra alkalmas, struktur\u00e1lt form\u00e1tumban t\u00f6rt\u00e9n\u0151 \u00e1tv\u00e9tel\u00e9hez val\u00f3 jog, valamint az a jog, hogy ezeket szabadon tov\u00e1bb\u00edtsa egy m\u00e1sik adatkezel\u0151nek;<br \/>\n\u2022 tiltakoz\u00e1shoz val\u00f3 jog &#8211; a jogszab\u00e1lyban meghat\u00e1rozott rendelkez\u00e9sek bek\u00f6vetkez\u00e9se eset\u00e9n b\u00e1rmikor tiltakozhat az \u00d6nre vonatkoz\u00f3 szem\u00e9lyes adatok kezel\u00e9se ellen;<br \/>\n\u2022 hozz\u00e1j\u00e1rul\u00e1s visszavon\u00e1sa &#8211; a megadott hozz\u00e1j\u00e1rul\u00e1s visszavon\u00e1s\u00e1nak b\u00e1rmikor t\u00f6rt\u00e9n\u0151 k\u00e9r\u00e9s\u00e9hez val\u00f3 jog, amely nem \u00e9rinti a visszavon\u00e1s el\u0151tt adott hozz\u00e1j\u00e1rul\u00e1son alapul\u00f3 adatkezel\u00e9s jogszer\u0171s\u00e9g\u00e9t.<\/p>\n<p>A fent eml\u00edtett jogokat az adatkezel\u0151n\u00e9l lehet gyakorolni a fent az 1. pontban megjel\u00f6lt el\u00e9rhet\u0151s\u00e9geken.<\/p>\n<p>Ha t\u00e1j\u00e9koz\u00f3dni szeretne jogair\u00f3l, panaszt tehet, \u00e9s naprak\u00e9szen t\u00e1j\u00e9koz\u00f3dhat a szem\u00e9lyes adatok feldolgoz\u00e1sa tekintet\u00e9ben az egy\u00e9nek v\u00e9delm\u00e9re vonatkoz\u00f3 jogszab\u00e1lyokr\u00f3l, a <a href=\"http:\/\/www.garanteprivacy.it\" target=\"_blank\" rel=\"noopener\">http:\/\/www.garanteprivacy.it<\/a> weboldalon kereszt\u00fcl l\u00e9phet kapcsolatba az Adatv\u00e9delmi Hat\u00f3s\u00e1ggal.<\/p>\n","protected":false},"excerpt":{"rendered":"<p>A 2016\/679 EUR\u00d3PAI UNI\u00d3S RENDELET 13. CIKKE SZERINTI ADATV\u00c9DELMI T\u00c1J\u00c9KOZTAT\u00d3 &#8211; WEBPORT\u00c1LOK FELHASZN\u00c1L\u00d3I &nbsp; &nbsp; 1. Az adatkezel\u0151 &nbsp; Az adatkezel\u0151 a Fedrigoni S.p.A., amelynek sz\u00e9khelye: Via Enrico Fermi 13\/F, 37135, Verona (VR) Olaszorsz\u00e1g. A hat\u00e1lyos rendeletben el\u0151\u00edrt, az &#8222;5. Az \u00e9rintettek jogai&#8221; pontban felsorolt jogainak gyakorl\u00e1sa \u00e9rdek\u00e9ben, valamint a mag\u00e1n\u00e9let v\u00e9delm\u00e9vel kapcsolatos b\u00e1rmely egy\u00e9b&#8230;<\/p>\n","protected":false},"author":7,"featured_media":0,"parent":0,"menu_order":0,"comment_status":"closed","ping_status":"closed","template":"","meta":{"_acf_changed":false,"footnotes":""},"class_list":["post-30763","page","type-page","status-publish","hentry"],"acf":[],"yoast_head":"<!-- This site is optimized with the Yoast SEO plugin v27.4 - https:\/\/yoast.com\/product\/yoast-seo-wordpress\/ -->\n<title>Privacy Policy - HUN | Special Papers<\/title>\n<meta name=\"description\" content=\"\u00c1tl\u00e1that\u00f3 t\u00e1j\u00e9koztat\u00e1s a szem\u00e9lyes adatok kezel\u00e9s\u00e9r\u0151l az adatv\u00e9delmi ir\u00e1nyelvek c\u00e9ljair\u00f3l \u00e9s a felhaszn\u00e1l\u00f3i jogokr\u00f3l a ...\" \/>\n<meta name=\"robots\" content=\"index, follow, max-snippet:-1, max-image-preview:large, max-video-preview:-1\" \/>\n<link rel=\"canonical\" href=\"https:\/\/specialpapers.fedrigoni.com\/hun\/privacy-policy\/\" \/>\n<meta property=\"og:locale\" content=\"hu_HU\" \/>\n<meta property=\"og:type\" content=\"article\" \/>\n<meta property=\"og:title\" content=\"Privacy Policy - HUN | Special Papers\" \/>\n<meta property=\"og:description\" content=\"\u00c1tl\u00e1that\u00f3 t\u00e1j\u00e9koztat\u00e1s a szem\u00e9lyes adatok kezel\u00e9s\u00e9r\u0151l az adatv\u00e9delmi ir\u00e1nyelvek c\u00e9ljair\u00f3l \u00e9s a felhaszn\u00e1l\u00f3i jogokr\u00f3l a vonatkoz\u00f3 szab\u00e1lyoz\u00e1soknak megfelel\u0151en.\" \/>\n<meta property=\"og:url\" content=\"https:\/\/specialpapers.fedrigoni.com\/hun\/privacy-policy\/\" \/>\n<meta property=\"og:site_name\" content=\"Fedrigoni Special Papers\" \/>\n<meta property=\"article:modified_time\" content=\"2025-12-12T14:37:31+00:00\" \/>\n<meta property=\"og:image\" content=\"https:\/\/specialpapers.fedrigoni.com\/wp-content\/uploads\/2021\/09\/Banner-HP-ladder.jpg\" \/>\n\t<meta property=\"og:image:width\" content=\"2200\" \/>\n\t<meta property=\"og:image:height\" content=\"1467\" \/>\n\t<meta property=\"og:image:type\" content=\"image\/jpeg\" \/>\n<meta name=\"twitter:card\" content=\"summary_large_image\" \/>\n<meta name=\"twitter:label1\" content=\"Becs\u00fclt olvas\u00e1si id\u0151\" \/>\n\t<meta name=\"twitter:data1\" content=\"6 perc\" \/>\n<script type=\"application\/ld+json\" class=\"yoast-schema-graph\">{\"@context\":\"https:\\\/\\\/schema.org\",\"@graph\":[{\"@type\":[\"WebPage\",\"ProfilePage\"],\"@id\":\"https:\\\/\\\/specialpapers.fedrigoni.com\\\/hun\\\/privacy-policy\\\/\",\"url\":\"https:\\\/\\\/specialpapers.fedrigoni.com\\\/hun\\\/privacy-policy\\\/\",\"name\":\"Privacy Policy - HUN | Special Papers\",\"isPartOf\":{\"@id\":\"https:\\\/\\\/specialpapers.fedrigoni.com\\\/hun\\\/#website\"},\"datePublished\":\"2021-10-01T07:57:47+00:00\",\"dateModified\":\"2025-12-12T14:37:31+00:00\",\"description\":\"\u00c1tl\u00e1that\u00f3 t\u00e1j\u00e9koztat\u00e1s a szem\u00e9lyes adatok kezel\u00e9s\u00e9r\u0151l az adatv\u00e9delmi ir\u00e1nyelvek c\u00e9ljair\u00f3l \u00e9s a felhaszn\u00e1l\u00f3i jogokr\u00f3l a vonatkoz\u00f3 szab\u00e1lyoz\u00e1soknak megfelel\u0151en.\",\"breadcrumb\":{\"@id\":\"https:\\\/\\\/specialpapers.fedrigoni.com\\\/hun\\\/privacy-policy\\\/#breadcrumb\"},\"inLanguage\":\"hu\",\"potentialAction\":[{\"@type\":\"ReadAction\",\"target\":[\"https:\\\/\\\/specialpapers.fedrigoni.com\\\/hun\\\/privacy-policy\\\/\"]}]},{\"@type\":\"BreadcrumbList\",\"@id\":\"https:\\\/\\\/specialpapers.fedrigoni.com\\\/hun\\\/privacy-policy\\\/#breadcrumb\",\"itemListElement\":[{\"@type\":\"ListItem\",\"position\":1,\"name\":\"Home\",\"item\":\"https:\\\/\\\/specialpapers.fedrigoni.com\\\/hun\\\/\"},{\"@type\":\"ListItem\",\"position\":2,\"name\":\"Adatv\u00e9delmi ir\u00e1nyelvek\"}]},{\"@type\":\"WebSite\",\"@id\":\"https:\\\/\\\/specialpapers.fedrigoni.com\\\/hun\\\/#website\",\"url\":\"https:\\\/\\\/specialpapers.fedrigoni.com\\\/hun\\\/\",\"name\":\"Fedrigoni Special Papers\",\"description\":\"Elevating Creativity\",\"potentialAction\":[{\"@type\":\"SearchAction\",\"target\":{\"@type\":\"EntryPoint\",\"urlTemplate\":\"https:\\\/\\\/specialpapers.fedrigoni.com\\\/hun\\\/?s={search_term_string}\"},\"query-input\":{\"@type\":\"PropertyValueSpecification\",\"valueRequired\":true,\"valueName\":\"search_term_string\"}}],\"inLanguage\":\"hu\"}]}<\/script>\n<!-- \/ Yoast SEO plugin. -->","yoast_head_json":{"title":"Privacy Policy - HUN | Special Papers","description":"\u00c1tl\u00e1that\u00f3 t\u00e1j\u00e9koztat\u00e1s a szem\u00e9lyes adatok kezel\u00e9s\u00e9r\u0151l az adatv\u00e9delmi ir\u00e1nyelvek c\u00e9ljair\u00f3l \u00e9s a felhaszn\u00e1l\u00f3i jogokr\u00f3l a ...","robots":{"index":"index","follow":"follow","max-snippet":"max-snippet:-1","max-image-preview":"max-image-preview:large","max-video-preview":"max-video-preview:-1"},"canonical":"https:\/\/specialpapers.fedrigoni.com\/hun\/privacy-policy\/","og_locale":"hu_HU","og_type":"article","og_title":"Privacy Policy - HUN | Special Papers","og_description":"\u00c1tl\u00e1that\u00f3 t\u00e1j\u00e9koztat\u00e1s a szem\u00e9lyes adatok kezel\u00e9s\u00e9r\u0151l az adatv\u00e9delmi ir\u00e1nyelvek c\u00e9ljair\u00f3l \u00e9s a felhaszn\u00e1l\u00f3i jogokr\u00f3l a vonatkoz\u00f3 szab\u00e1lyoz\u00e1soknak megfelel\u0151en.","og_url":"https:\/\/specialpapers.fedrigoni.com\/hun\/privacy-policy\/","og_site_name":"Fedrigoni Special Papers","article_modified_time":"2025-12-12T14:37:31+00:00","og_image":[{"width":2200,"height":1467,"url":"https:\/\/specialpapers.fedrigoni.com\/wp-content\/uploads\/2021\/09\/Banner-HP-ladder.jpg","type":"image\/jpeg"}],"twitter_card":"summary_large_image","twitter_misc":{"Becs\u00fclt olvas\u00e1si id\u0151":"6 perc"},"schema":{"@context":"https:\/\/schema.org","@graph":[{"@type":["WebPage","ProfilePage"],"@id":"https:\/\/specialpapers.fedrigoni.com\/hun\/privacy-policy\/","url":"https:\/\/specialpapers.fedrigoni.com\/hun\/privacy-policy\/","name":"Privacy Policy - HUN | Special Papers","isPartOf":{"@id":"https:\/\/specialpapers.fedrigoni.com\/hun\/#website"},"datePublished":"2021-10-01T07:57:47+00:00","dateModified":"2025-12-12T14:37:31+00:00","description":"\u00c1tl\u00e1that\u00f3 t\u00e1j\u00e9koztat\u00e1s a szem\u00e9lyes adatok kezel\u00e9s\u00e9r\u0151l az adatv\u00e9delmi ir\u00e1nyelvek c\u00e9ljair\u00f3l \u00e9s a felhaszn\u00e1l\u00f3i jogokr\u00f3l a vonatkoz\u00f3 szab\u00e1lyoz\u00e1soknak megfelel\u0151en.","breadcrumb":{"@id":"https:\/\/specialpapers.fedrigoni.com\/hun\/privacy-policy\/#breadcrumb"},"inLanguage":"hu","potentialAction":[{"@type":"ReadAction","target":["https:\/\/specialpapers.fedrigoni.com\/hun\/privacy-policy\/"]}]},{"@type":"BreadcrumbList","@id":"https:\/\/specialpapers.fedrigoni.com\/hun\/privacy-policy\/#breadcrumb","itemListElement":[{"@type":"ListItem","position":1,"name":"Home","item":"https:\/\/specialpapers.fedrigoni.com\/hun\/"},{"@type":"ListItem","position":2,"name":"Adatv\u00e9delmi ir\u00e1nyelvek"}]},{"@type":"WebSite","@id":"https:\/\/specialpapers.fedrigoni.com\/hun\/#website","url":"https:\/\/specialpapers.fedrigoni.com\/hun\/","name":"Fedrigoni Special Papers","description":"Elevating Creativity","potentialAction":[{"@type":"SearchAction","target":{"@type":"EntryPoint","urlTemplate":"https:\/\/specialpapers.fedrigoni.com\/hun\/?s={search_term_string}"},"query-input":{"@type":"PropertyValueSpecification","valueRequired":true,"valueName":"search_term_string"}}],"inLanguage":"hu"}]}},"_links":{"self":[{"href":"https:\/\/specialpapers.fedrigoni.com\/hun\/wp-json\/wp\/v2\/pages\/30763","targetHints":{"allow":["GET"]}}],"collection":[{"href":"https:\/\/specialpapers.fedrigoni.com\/hun\/wp-json\/wp\/v2\/pages"}],"about":[{"href":"https:\/\/specialpapers.fedrigoni.com\/hun\/wp-json\/wp\/v2\/types\/page"}],"author":[{"embeddable":true,"href":"https:\/\/specialpapers.fedrigoni.com\/hun\/wp-json\/wp\/v2\/users\/7"}],"replies":[{"embeddable":true,"href":"https:\/\/specialpapers.fedrigoni.com\/hun\/wp-json\/wp\/v2\/comments?post=30763"}],"version-history":[{"count":0,"href":"https:\/\/specialpapers.fedrigoni.com\/hun\/wp-json\/wp\/v2\/pages\/30763\/revisions"}],"wp:attachment":[{"href":"https:\/\/specialpapers.fedrigoni.com\/hun\/wp-json\/wp\/v2\/media?parent=30763"}],"curies":[{"name":"wp","href":"https:\/\/api.w.org\/{rel}","templated":true}]}}