{"id":30876,"date":"2021-08-25T10:36:21","date_gmt":"2021-08-25T10:36:21","guid":{"rendered":"https:\/\/specialpapers.fedrigoni.com\/contacts\/"},"modified":"2025-11-14T17:05:34","modified_gmt":"2025-11-14T17:05:34","slug":"contacts","status":"publish","type":"page","link":"https:\/\/specialpapers.fedrigoni.com\/hun\/contacts\/","title":{"rendered":"Keressen meg minket \u00e9s l\u00e9pjen kapcsolatba vel\u00fcnk"},"content":{"rendered":"","protected":false},"excerpt":{"rendered":"","protected":false},"author":7,"featured_media":0,"parent":0,"menu_order":0,"comment_status":"closed","ping_status":"closed","template":"page-contacts.php","meta":{"_acf_changed":false,"footnotes":""},"class_list":["post-30876","page","type-page","status-publish","hentry"],"acf":[],"yoast_head":"<!-- This site is optimized with the Yoast SEO plugin v27.3 - https:\/\/yoast.com\/product\/yoast-seo-wordpress\/ -->\n<title>Contacts - HUN | Special Papers<\/title>\n<meta name=\"description\" content=\"T\u00e1j\u00e9koztat\u00e1s arr\u00f3l, hogyan haszn\u00e1ljuk a cookie-kat, milyen adatokat gy\u0171jt\u00fcnk \u00e9s hogyan biztos\u00edtjuk az \u00f6n adatv\u00e9delm\u00e9t a honlapon.\" \/>\n<meta name=\"robots\" content=\"index, follow, max-snippet:-1, max-image-preview:large, max-video-preview:-1\" \/>\n<link rel=\"canonical\" href=\"https:\/\/specialpapers.fedrigoni.com\/hun\/contacts\/\" \/>\n<meta property=\"og:locale\" content=\"hu_HU\" \/>\n<meta property=\"og:type\" content=\"article\" \/>\n<meta property=\"og:title\" content=\"Contacts - HUN | Special Papers\" \/>\n<meta property=\"og:description\" content=\"T\u00e1j\u00e9koztat\u00e1s arr\u00f3l, hogyan haszn\u00e1ljuk a cookie-kat, milyen adatokat gy\u0171jt\u00fcnk \u00e9s hogyan biztos\u00edtjuk az \u00f6n adatv\u00e9delm\u00e9t a honlapon.\" \/>\n<meta property=\"og:url\" content=\"https:\/\/specialpapers.fedrigoni.com\/hun\/contacts\/\" \/>\n<meta property=\"og:site_name\" content=\"Fedrigoni Special Papers\" \/>\n<meta property=\"article:modified_time\" content=\"2025-11-14T17:05:34+00:00\" \/>\n<meta property=\"og:image\" content=\"https:\/\/specialpapers.fedrigoni.com\/wp-content\/uploads\/2021\/09\/Banner-HP-ladder.jpg\" \/>\n\t<meta property=\"og:image:width\" content=\"2200\" \/>\n\t<meta property=\"og:image:height\" content=\"1467\" \/>\n\t<meta property=\"og:image:type\" content=\"image\/jpeg\" \/>\n<meta name=\"twitter:card\" content=\"summary_large_image\" \/>\n<script type=\"application\/ld+json\" class=\"yoast-schema-graph\">{\"@context\":\"https:\\\/\\\/schema.org\",\"@graph\":[{\"@type\":[\"WebPage\",\"ProfilePage\"],\"@id\":\"https:\\\/\\\/specialpapers.fedrigoni.com\\\/hun\\\/contacts\\\/\",\"url\":\"https:\\\/\\\/specialpapers.fedrigoni.com\\\/hun\\\/contacts\\\/\",\"name\":\"Contacts - HUN | Special Papers\",\"isPartOf\":{\"@id\":\"https:\\\/\\\/specialpapers.fedrigoni.com\\\/hun\\\/#website\"},\"datePublished\":\"2021-08-25T10:36:21+00:00\",\"dateModified\":\"2025-11-14T17:05:34+00:00\",\"description\":\"T\u00e1j\u00e9koztat\u00e1s arr\u00f3l, hogyan haszn\u00e1ljuk a cookie-kat, milyen adatokat gy\u0171jt\u00fcnk \u00e9s hogyan biztos\u00edtjuk az \u00f6n adatv\u00e9delm\u00e9t a honlapon.\",\"breadcrumb\":{\"@id\":\"https:\\\/\\\/specialpapers.fedrigoni.com\\\/hun\\\/contacts\\\/#breadcrumb\"},\"inLanguage\":\"hu\",\"potentialAction\":[{\"@type\":\"ReadAction\",\"target\":[\"https:\\\/\\\/specialpapers.fedrigoni.com\\\/hun\\\/contacts\\\/\"]}]},{\"@type\":\"BreadcrumbList\",\"@id\":\"https:\\\/\\\/specialpapers.fedrigoni.com\\\/hun\\\/contacts\\\/#breadcrumb\",\"itemListElement\":[{\"@type\":\"ListItem\",\"position\":1,\"name\":\"Home\",\"item\":\"https:\\\/\\\/specialpapers.fedrigoni.com\\\/hun\\\/\"},{\"@type\":\"ListItem\",\"position\":2,\"name\":\"Keressen meg minket \u00e9s l\u00e9pjen kapcsolatba vel\u00fcnk\"}]},{\"@type\":\"WebSite\",\"@id\":\"https:\\\/\\\/specialpapers.fedrigoni.com\\\/hun\\\/#website\",\"url\":\"https:\\\/\\\/specialpapers.fedrigoni.com\\\/hun\\\/\",\"name\":\"Fedrigoni Special Papers\",\"description\":\"Elevating Creativity\",\"potentialAction\":[{\"@type\":\"SearchAction\",\"target\":{\"@type\":\"EntryPoint\",\"urlTemplate\":\"https:\\\/\\\/specialpapers.fedrigoni.com\\\/hun\\\/?s={search_term_string}\"},\"query-input\":{\"@type\":\"PropertyValueSpecification\",\"valueRequired\":true,\"valueName\":\"search_term_string\"}}],\"inLanguage\":\"hu\"}]}<\/script>\n<!-- \/ Yoast SEO plugin. -->","yoast_head_json":{"title":"Contacts - HUN | Special Papers","description":"T\u00e1j\u00e9koztat\u00e1s arr\u00f3l, hogyan haszn\u00e1ljuk a cookie-kat, milyen adatokat gy\u0171jt\u00fcnk \u00e9s hogyan biztos\u00edtjuk az \u00f6n adatv\u00e9delm\u00e9t a honlapon.","robots":{"index":"index","follow":"follow","max-snippet":"max-snippet:-1","max-image-preview":"max-image-preview:large","max-video-preview":"max-video-preview:-1"},"canonical":"https:\/\/specialpapers.fedrigoni.com\/hun\/contacts\/","og_locale":"hu_HU","og_type":"article","og_title":"Contacts - HUN | Special Papers","og_description":"T\u00e1j\u00e9koztat\u00e1s arr\u00f3l, hogyan haszn\u00e1ljuk a cookie-kat, milyen adatokat gy\u0171jt\u00fcnk \u00e9s hogyan biztos\u00edtjuk az \u00f6n adatv\u00e9delm\u00e9t a honlapon.","og_url":"https:\/\/specialpapers.fedrigoni.com\/hun\/contacts\/","og_site_name":"Fedrigoni Special Papers","article_modified_time":"2025-11-14T17:05:34+00:00","og_image":[{"width":2200,"height":1467,"url":"https:\/\/specialpapers.fedrigoni.com\/wp-content\/uploads\/2021\/09\/Banner-HP-ladder.jpg","type":"image\/jpeg"}],"twitter_card":"summary_large_image","schema":{"@context":"https:\/\/schema.org","@graph":[{"@type":["WebPage","ProfilePage"],"@id":"https:\/\/specialpapers.fedrigoni.com\/hun\/contacts\/","url":"https:\/\/specialpapers.fedrigoni.com\/hun\/contacts\/","name":"Contacts - HUN | Special Papers","isPartOf":{"@id":"https:\/\/specialpapers.fedrigoni.com\/hun\/#website"},"datePublished":"2021-08-25T10:36:21+00:00","dateModified":"2025-11-14T17:05:34+00:00","description":"T\u00e1j\u00e9koztat\u00e1s arr\u00f3l, hogyan haszn\u00e1ljuk a cookie-kat, milyen adatokat gy\u0171jt\u00fcnk \u00e9s hogyan biztos\u00edtjuk az \u00f6n adatv\u00e9delm\u00e9t a honlapon.","breadcrumb":{"@id":"https:\/\/specialpapers.fedrigoni.com\/hun\/contacts\/#breadcrumb"},"inLanguage":"hu","potentialAction":[{"@type":"ReadAction","target":["https:\/\/specialpapers.fedrigoni.com\/hun\/contacts\/"]}]},{"@type":"BreadcrumbList","@id":"https:\/\/specialpapers.fedrigoni.com\/hun\/contacts\/#breadcrumb","itemListElement":[{"@type":"ListItem","position":1,"name":"Home","item":"https:\/\/specialpapers.fedrigoni.com\/hun\/"},{"@type":"ListItem","position":2,"name":"Keressen meg minket \u00e9s l\u00e9pjen kapcsolatba vel\u00fcnk"}]},{"@type":"WebSite","@id":"https:\/\/specialpapers.fedrigoni.com\/hun\/#website","url":"https:\/\/specialpapers.fedrigoni.com\/hun\/","name":"Fedrigoni Special Papers","description":"Elevating Creativity","potentialAction":[{"@type":"SearchAction","target":{"@type":"EntryPoint","urlTemplate":"https:\/\/specialpapers.fedrigoni.com\/hun\/?s={search_term_string}"},"query-input":{"@type":"PropertyValueSpecification","valueRequired":true,"valueName":"search_term_string"}}],"inLanguage":"hu"}]}},"_links":{"self":[{"href":"https:\/\/specialpapers.fedrigoni.com\/hun\/wp-json\/wp\/v2\/pages\/30876","targetHints":{"allow":["GET"]}}],"collection":[{"href":"https:\/\/specialpapers.fedrigoni.com\/hun\/wp-json\/wp\/v2\/pages"}],"about":[{"href":"https:\/\/specialpapers.fedrigoni.com\/hun\/wp-json\/wp\/v2\/types\/page"}],"author":[{"embeddable":true,"href":"https:\/\/specialpapers.fedrigoni.com\/hun\/wp-json\/wp\/v2\/users\/7"}],"replies":[{"embeddable":true,"href":"https:\/\/specialpapers.fedrigoni.com\/hun\/wp-json\/wp\/v2\/comments?post=30876"}],"version-history":[{"count":0,"href":"https:\/\/specialpapers.fedrigoni.com\/hun\/wp-json\/wp\/v2\/pages\/30876\/revisions"}],"wp:attachment":[{"href":"https:\/\/specialpapers.fedrigoni.com\/hun\/wp-json\/wp\/v2\/media?parent=30876"}],"curies":[{"name":"wp","href":"https:\/\/api.w.org\/{rel}","templated":true}]}}