{"id":30909,"date":"2021-08-25T10:34:17","date_gmt":"2021-08-25T10:34:17","guid":{"rendered":"https:\/\/specialpapers.fedrigoni.com\/inspire-me\/"},"modified":"2021-12-17T15:50:24","modified_gmt":"2021-12-17T15:50:24","slug":"inspiralj-engem","status":"publish","type":"page","link":"https:\/\/specialpapers.fedrigoni.com\/hun\/inspiralj-engem\/","title":{"rendered":"Inspir\u00e1lj engem"},"content":{"rendered":"<p><strong>V\u00e9gtelen lehet\u0151s\u00e9gek<\/strong><\/p>\n<p>Csukja be a szem\u00e9t, azt\u00e1n nyissa ki \u00fajra a Fedrigoni Special Papers vil\u00e1g\u00e1ra. A v\u00e9gtelen kreat\u00edv lehet\u0151s\u00e9gek utaz\u00e1sa v\u00e1r \u00d6nre. T\u00f6rt\u00e9netek, amelyeket minden \u00e9rz\u00e9kszerv\u00e9vel \u00fajra meg\u00e9lhet. Projektek, amelyek az \u00d6n m\u0171v\u00e9szet\u00e9r\u0151l mes\u00e9lnek (\u00e9s a mi\u00e9nkr\u0151l).  <\/p>\n<p>FELM\u00c9R\u00c9S<br \/>\nHogyan jellemezn\u00e9 a Fedrigoni pap\u00edrjai ir\u00e1nti \u00e9rdekl\u0151d\u00e9s\u00e9t?<\/p>\n","protected":false},"excerpt":{"rendered":"<p>V\u00e9gtelen lehet\u0151s\u00e9gek Csukja be a szem\u00e9t, azt\u00e1n nyissa ki \u00fajra a Fedrigoni Special Papers vil\u00e1g\u00e1ra. A v\u00e9gtelen kreat\u00edv lehet\u0151s\u00e9gek utaz\u00e1sa v\u00e1r \u00d6nre. T\u00f6rt\u00e9netek, amelyeket minden \u00e9rz\u00e9kszerv\u00e9vel \u00fajra meg\u00e9lhet. Projektek, amelyek az \u00d6n m\u0171v\u00e9szet\u00e9r\u0151l mes\u00e9lnek (\u00e9s a mi\u00e9nkr\u0151l). FELM\u00c9R\u00c9S Hogyan jellemezn\u00e9 a Fedrigoni pap\u00edrjai ir\u00e1nti \u00e9rdekl\u0151d\u00e9s\u00e9t?<\/p>\n","protected":false},"author":7,"featured_media":0,"parent":0,"menu_order":0,"comment_status":"closed","ping_status":"closed","template":"","meta":{"_acf_changed":false,"footnotes":""},"class_list":["post-30909","page","type-page","status-publish","hentry"],"acf":[],"yoast_head":"<!-- This site is optimized with the Yoast SEO plugin v27.3 - https:\/\/yoast.com\/product\/yoast-seo-wordpress\/ -->\n<title>Inspir\u00e1lj engem<\/title>\n<meta name=\"robots\" content=\"index, follow, max-snippet:-1, max-image-preview:large, max-video-preview:-1\" \/>\n<link rel=\"canonical\" href=\"https:\/\/specialpapers.fedrigoni.com\/hun\/inspiralj-engem\/\" \/>\n<meta property=\"og:locale\" content=\"hu_HU\" \/>\n<meta property=\"og:type\" content=\"article\" \/>\n<meta property=\"og:title\" content=\"Inspir\u00e1lj engem\" \/>\n<meta property=\"og:description\" content=\"V\u00e9gtelen lehet\u0151s\u00e9gek Csukja be a szem\u00e9t, azt\u00e1n nyissa ki \u00fajra a Fedrigoni Special Papers vil\u00e1g\u00e1ra. A v\u00e9gtelen kreat\u00edv lehet\u0151s\u00e9gek utaz\u00e1sa v\u00e1r \u00d6nre. T\u00f6rt\u00e9netek, amelyeket minden \u00e9rz\u00e9kszerv\u00e9vel \u00fajra meg\u00e9lhet. Projektek, amelyek az \u00d6n m\u0171v\u00e9szet\u00e9r\u0151l mes\u00e9lnek (\u00e9s a mi\u00e9nkr\u0151l). FELM\u00c9R\u00c9S Hogyan jellemezn\u00e9 a Fedrigoni pap\u00edrjai ir\u00e1nti \u00e9rdekl\u0151d\u00e9s\u00e9t?\" \/>\n<meta property=\"og:url\" content=\"https:\/\/specialpapers.fedrigoni.com\/hun\/inspiralj-engem\/\" \/>\n<meta property=\"og:site_name\" content=\"Fedrigoni Special Papers\" \/>\n<meta property=\"article:modified_time\" content=\"2021-12-17T15:50:24+00:00\" \/>\n<meta property=\"og:image\" content=\"https:\/\/specialpapers.fedrigoni.com\/wp-content\/uploads\/2021\/09\/Banner-HP-ladder.jpg\" \/>\n\t<meta property=\"og:image:width\" content=\"2200\" \/>\n\t<meta property=\"og:image:height\" content=\"1467\" \/>\n\t<meta property=\"og:image:type\" content=\"image\/jpeg\" \/>\n<meta name=\"twitter:card\" content=\"summary_large_image\" \/>\n<script type=\"application\/ld+json\" class=\"yoast-schema-graph\">{\"@context\":\"https:\\\/\\\/schema.org\",\"@graph\":[{\"@type\":[\"WebPage\",\"ProfilePage\"],\"@id\":\"https:\\\/\\\/specialpapers.fedrigoni.com\\\/hun\\\/inspiralj-engem\\\/\",\"url\":\"https:\\\/\\\/specialpapers.fedrigoni.com\\\/hun\\\/inspiralj-engem\\\/\",\"name\":\"Inspir\u00e1lj engem\",\"isPartOf\":{\"@id\":\"https:\\\/\\\/specialpapers.fedrigoni.com\\\/hun\\\/#website\"},\"datePublished\":\"2021-08-25T10:34:17+00:00\",\"dateModified\":\"2021-12-17T15:50:24+00:00\",\"breadcrumb\":{\"@id\":\"https:\\\/\\\/specialpapers.fedrigoni.com\\\/hun\\\/inspiralj-engem\\\/#breadcrumb\"},\"inLanguage\":\"hu\",\"potentialAction\":[{\"@type\":\"ReadAction\",\"target\":[\"https:\\\/\\\/specialpapers.fedrigoni.com\\\/hun\\\/inspiralj-engem\\\/\"]}]},{\"@type\":\"BreadcrumbList\",\"@id\":\"https:\\\/\\\/specialpapers.fedrigoni.com\\\/hun\\\/inspiralj-engem\\\/#breadcrumb\",\"itemListElement\":[{\"@type\":\"ListItem\",\"position\":1,\"name\":\"Home\",\"item\":\"https:\\\/\\\/specialpapers.fedrigoni.com\\\/hun\\\/\"},{\"@type\":\"ListItem\",\"position\":2,\"name\":\"Inspir\u00e1lj engem\"}]},{\"@type\":\"WebSite\",\"@id\":\"https:\\\/\\\/specialpapers.fedrigoni.com\\\/hun\\\/#website\",\"url\":\"https:\\\/\\\/specialpapers.fedrigoni.com\\\/hun\\\/\",\"name\":\"Fedrigoni Special Papers\",\"description\":\"Elevating Creativity\",\"potentialAction\":[{\"@type\":\"SearchAction\",\"target\":{\"@type\":\"EntryPoint\",\"urlTemplate\":\"https:\\\/\\\/specialpapers.fedrigoni.com\\\/hun\\\/?s={search_term_string}\"},\"query-input\":{\"@type\":\"PropertyValueSpecification\",\"valueRequired\":true,\"valueName\":\"search_term_string\"}}],\"inLanguage\":\"hu\"}]}<\/script>\n<!-- \/ Yoast SEO plugin. -->","yoast_head_json":{"title":"Inspir\u00e1lj engem","robots":{"index":"index","follow":"follow","max-snippet":"max-snippet:-1","max-image-preview":"max-image-preview:large","max-video-preview":"max-video-preview:-1"},"canonical":"https:\/\/specialpapers.fedrigoni.com\/hun\/inspiralj-engem\/","og_locale":"hu_HU","og_type":"article","og_title":"Inspir\u00e1lj engem","og_description":"V\u00e9gtelen lehet\u0151s\u00e9gek Csukja be a szem\u00e9t, azt\u00e1n nyissa ki \u00fajra a Fedrigoni Special Papers vil\u00e1g\u00e1ra. A v\u00e9gtelen kreat\u00edv lehet\u0151s\u00e9gek utaz\u00e1sa v\u00e1r \u00d6nre. T\u00f6rt\u00e9netek, amelyeket minden \u00e9rz\u00e9kszerv\u00e9vel \u00fajra meg\u00e9lhet. Projektek, amelyek az \u00d6n m\u0171v\u00e9szet\u00e9r\u0151l mes\u00e9lnek (\u00e9s a mi\u00e9nkr\u0151l). FELM\u00c9R\u00c9S Hogyan jellemezn\u00e9 a Fedrigoni pap\u00edrjai ir\u00e1nti \u00e9rdekl\u0151d\u00e9s\u00e9t?","og_url":"https:\/\/specialpapers.fedrigoni.com\/hun\/inspiralj-engem\/","og_site_name":"Fedrigoni Special Papers","article_modified_time":"2021-12-17T15:50:24+00:00","og_image":[{"width":2200,"height":1467,"url":"https:\/\/specialpapers.fedrigoni.com\/wp-content\/uploads\/2021\/09\/Banner-HP-ladder.jpg","type":"image\/jpeg"}],"twitter_card":"summary_large_image","schema":{"@context":"https:\/\/schema.org","@graph":[{"@type":["WebPage","ProfilePage"],"@id":"https:\/\/specialpapers.fedrigoni.com\/hun\/inspiralj-engem\/","url":"https:\/\/specialpapers.fedrigoni.com\/hun\/inspiralj-engem\/","name":"Inspir\u00e1lj engem","isPartOf":{"@id":"https:\/\/specialpapers.fedrigoni.com\/hun\/#website"},"datePublished":"2021-08-25T10:34:17+00:00","dateModified":"2021-12-17T15:50:24+00:00","breadcrumb":{"@id":"https:\/\/specialpapers.fedrigoni.com\/hun\/inspiralj-engem\/#breadcrumb"},"inLanguage":"hu","potentialAction":[{"@type":"ReadAction","target":["https:\/\/specialpapers.fedrigoni.com\/hun\/inspiralj-engem\/"]}]},{"@type":"BreadcrumbList","@id":"https:\/\/specialpapers.fedrigoni.com\/hun\/inspiralj-engem\/#breadcrumb","itemListElement":[{"@type":"ListItem","position":1,"name":"Home","item":"https:\/\/specialpapers.fedrigoni.com\/hun\/"},{"@type":"ListItem","position":2,"name":"Inspir\u00e1lj engem"}]},{"@type":"WebSite","@id":"https:\/\/specialpapers.fedrigoni.com\/hun\/#website","url":"https:\/\/specialpapers.fedrigoni.com\/hun\/","name":"Fedrigoni Special Papers","description":"Elevating Creativity","potentialAction":[{"@type":"SearchAction","target":{"@type":"EntryPoint","urlTemplate":"https:\/\/specialpapers.fedrigoni.com\/hun\/?s={search_term_string}"},"query-input":{"@type":"PropertyValueSpecification","valueRequired":true,"valueName":"search_term_string"}}],"inLanguage":"hu"}]}},"_links":{"self":[{"href":"https:\/\/specialpapers.fedrigoni.com\/hun\/wp-json\/wp\/v2\/pages\/30909","targetHints":{"allow":["GET"]}}],"collection":[{"href":"https:\/\/specialpapers.fedrigoni.com\/hun\/wp-json\/wp\/v2\/pages"}],"about":[{"href":"https:\/\/specialpapers.fedrigoni.com\/hun\/wp-json\/wp\/v2\/types\/page"}],"author":[{"embeddable":true,"href":"https:\/\/specialpapers.fedrigoni.com\/hun\/wp-json\/wp\/v2\/users\/7"}],"replies":[{"embeddable":true,"href":"https:\/\/specialpapers.fedrigoni.com\/hun\/wp-json\/wp\/v2\/comments?post=30909"}],"version-history":[{"count":0,"href":"https:\/\/specialpapers.fedrigoni.com\/hun\/wp-json\/wp\/v2\/pages\/30909\/revisions"}],"wp:attachment":[{"href":"https:\/\/specialpapers.fedrigoni.com\/hun\/wp-json\/wp\/v2\/media?parent=30909"}],"curies":[{"name":"wp","href":"https:\/\/api.w.org\/{rel}","templated":true}]}}