{"id":26448,"date":"2021-10-01T07:58:47","date_gmt":"2021-10-01T07:58:47","guid":{"rendered":"https:\/\/specialpapers.fedrigoni.com\/cookie-policy\/"},"modified":"2026-01-27T10:46:56","modified_gmt":"2026-01-27T10:46:56","slug":"cookie-policy","status":"publish","type":"page","link":"https:\/\/specialpapers.fedrigoni.com\/prt\/cookie-policy\/","title":{"rendered":"Cookie Policy"},"content":{"rendered":"<p>O respons\u00e1vel pelo tratamento de dados \u00e9 a Fedrigoni S.p.A. &#8211; Viale Piave 3 &#8211; 37135 Verona (IT); e-mail: privacidade@fedrigoni.com<\/p>\n<p>Este site utiliza cookies. Usamos os cookies necess\u00e1rios para garantir as funcionalidades do site, personalizar conte\u00fado e an\u00fancios, fornecer recursos de m\u00eddia social e analisar o nosso tr\u00e1fego. Tamb\u00e9m partilhamos informa\u00e7\u00f5es sobre o seu uso do nosso site com os nossos parceiros de m\u00eddia social, publicidade e an\u00e1lise, que podem combin\u00e1-los com outras informa\u00e7\u00f5es que lhes forneceu ou que foram compiladas atrav\u00e9s do uso dos seus servi\u00e7os.<\/p>\n<p>A lei afirma que podemos armazenar cookies no seu dispositivo se forem estritamente necess\u00e1rios para o funcionamento deste site, com base no interesse leg\u00edtimo da Fedrigoni em garantir um uso adequado e seguro dos sites. Para todos os outros tipos de cookies, precisamos do seu consentimento.<\/p>\n<p>Este site utiliza diferentes tipos de cookies. Alguns s\u00e3o colocados por servi\u00e7os de terceiros que aparecem nas nossas p\u00e1ginas.<\/p>\n<p>\u00c9 poss\u00edvel exercer, em qualquer momento, os direitos de prote\u00e7\u00e3o de dados ao abrigo dos artigos 15.\u00ba a 22.\u00ba do RGPD, no \u00e2mbito das disposi\u00e7\u00f5es legais aplic\u00e1veis. Estes direitos s\u00e3o os seguintes:<\/p>\n<p>&#8211; Direito de retirar o seu consentimento;<br \/>\n&#8211; Direito de acesso;<br \/>\n&#8211; Direito de retifica\u00e7\u00e3o;<br \/>\n&#8211; Direito de cancelamento;<br \/>\n&#8211; Direito de restringir o processo;<br \/>\n&#8211; Direito \u00e0 portabilidade dos dados;<br \/>\n&#8211; Direito de oposi\u00e7\u00e3o ao processamento de dados pessoais;<br \/>\n&#8211; Direito a n\u00e3o estar sujeito a uma decis\u00e3o baseada exclusivamente num processo automatizado, incluindo a cria\u00e7\u00e3o de perfil.<\/p>\n<p>Tamb\u00e9m \u00e9 poss\u00edvel apresentar uma reclama\u00e7\u00e3o junto de uma autoridade de controlo.<br \/>\nPode exercer os direitos mencionados entrando em contacto com o Controlador de Dados no seguinte endere\u00e7o de e-mail: privacy@fedrigoni.com<\/p>\n<p>A qualquer momento, pode alterar ou retirar o seu consentimento da Declara\u00e7\u00e3o de Cookies no nosso site e\/ou abaixo.<\/p>\n<p>Saiba mais sobre quem somos, como nos pode contactar e como processamos os dados pessoais na nossa Pol\u00edtica de Privacidade.<\/p>\n<script type=\"text\/javascript\" id=\"CookieDeclaration\" src=\"https:\/\/consent.cookiebot.com\/e4330ee6-bb6a-4f10-9928-6f342f1d4ca0\/cd.js\" data-culture=\"PT\" async><\/script>\n","protected":false},"excerpt":{"rendered":"<p>O respons\u00e1vel pelo tratamento de dados \u00e9 a Fedrigoni S.p.A. &#8211; Viale Piave 3 &#8211; 37135 Verona (IT); e-mail: privacidade@fedrigoni.com Este site utiliza cookies. Usamos os cookies necess\u00e1rios para garantir as funcionalidades do site, personalizar conte\u00fado e an\u00fancios, fornecer recursos de m\u00eddia social e analisar o nosso tr\u00e1fego. Tamb\u00e9m partilhamos informa\u00e7\u00f5es sobre o seu uso&#8230;<\/p>\n","protected":false},"author":7,"featured_media":0,"parent":0,"menu_order":0,"comment_status":"closed","ping_status":"closed","template":"","meta":{"_acf_changed":false,"footnotes":""},"class_list":["post-26448","page","type-page","status-publish","hentry"],"acf":[],"yoast_head":"<!-- This site is optimized with the Yoast SEO plugin v27.4 - https:\/\/yoast.com\/product\/yoast-seo-wordpress\/ -->\n<title>Cookie Policy - PRT | Special Papers<\/title>\n<meta name=\"description\" content=\"Informa\u00e7\u00f5es claras sobre a utiliza\u00e7\u00e3o de cookies incluindo tipos finalidades do tratamento e op\u00e7\u00f5es dispon\u00edveis para gerir as prefer\u00eancias ...\" \/>\n<meta name=\"robots\" content=\"index, follow, max-snippet:-1, max-image-preview:large, max-video-preview:-1\" \/>\n<link rel=\"canonical\" href=\"https:\/\/specialpapers.fedrigoni.com\/prt\/cookie-policy\/\" \/>\n<meta property=\"og:locale\" content=\"pt_PT\" \/>\n<meta property=\"og:type\" content=\"article\" \/>\n<meta property=\"og:title\" content=\"Cookie Policy - PRT | Special Papers\" \/>\n<meta property=\"og:description\" content=\"Informa\u00e7\u00f5es claras sobre a utiliza\u00e7\u00e3o de cookies incluindo tipos finalidades do tratamento e op\u00e7\u00f5es dispon\u00edveis para gerir as prefer\u00eancias de privacidade.\" \/>\n<meta property=\"og:url\" content=\"https:\/\/specialpapers.fedrigoni.com\/prt\/cookie-policy\/\" \/>\n<meta property=\"og:site_name\" content=\"Fedrigoni Special Papers\" \/>\n<meta property=\"article:modified_time\" content=\"2026-01-27T10:46:56+00:00\" \/>\n<meta property=\"og:image\" content=\"https:\/\/specialpapers.fedrigoni.com\/wp-content\/uploads\/2021\/09\/Banner-HP-ladder.jpg\" \/>\n\t<meta property=\"og:image:width\" content=\"2200\" \/>\n\t<meta property=\"og:image:height\" content=\"1467\" \/>\n\t<meta property=\"og:image:type\" content=\"image\/jpeg\" \/>\n<meta name=\"twitter:card\" content=\"summary_large_image\" \/>\n<meta name=\"twitter:label1\" content=\"Tempo estimado de leitura\" \/>\n\t<meta name=\"twitter:data1\" content=\"1 minuto\" \/>\n<script type=\"application\/ld+json\" class=\"yoast-schema-graph\">{\"@context\":\"https:\\\/\\\/schema.org\",\"@graph\":[{\"@type\":[\"WebPage\",\"ProfilePage\"],\"@id\":\"https:\\\/\\\/specialpapers.fedrigoni.com\\\/prt\\\/cookie-policy\\\/\",\"url\":\"https:\\\/\\\/specialpapers.fedrigoni.com\\\/prt\\\/cookie-policy\\\/\",\"name\":\"Cookie Policy - PRT | Special Papers\",\"isPartOf\":{\"@id\":\"https:\\\/\\\/specialpapers.fedrigoni.com\\\/prt\\\/#website\"},\"datePublished\":\"2021-10-01T07:58:47+00:00\",\"dateModified\":\"2026-01-27T10:46:56+00:00\",\"description\":\"Informa\u00e7\u00f5es claras sobre a utiliza\u00e7\u00e3o de cookies incluindo tipos finalidades do tratamento e op\u00e7\u00f5es dispon\u00edveis para gerir as prefer\u00eancias de privacidade.\",\"breadcrumb\":{\"@id\":\"https:\\\/\\\/specialpapers.fedrigoni.com\\\/prt\\\/cookie-policy\\\/#breadcrumb\"},\"inLanguage\":\"pt-PT\",\"potentialAction\":[{\"@type\":\"ReadAction\",\"target\":[\"https:\\\/\\\/specialpapers.fedrigoni.com\\\/prt\\\/cookie-policy\\\/\"]}]},{\"@type\":\"BreadcrumbList\",\"@id\":\"https:\\\/\\\/specialpapers.fedrigoni.com\\\/prt\\\/cookie-policy\\\/#breadcrumb\",\"itemListElement\":[{\"@type\":\"ListItem\",\"position\":1,\"name\":\"Home\",\"item\":\"https:\\\/\\\/specialpapers.fedrigoni.com\\\/prt\\\/\"},{\"@type\":\"ListItem\",\"position\":2,\"name\":\"Cookie Policy\"}]},{\"@type\":\"WebSite\",\"@id\":\"https:\\\/\\\/specialpapers.fedrigoni.com\\\/prt\\\/#website\",\"url\":\"https:\\\/\\\/specialpapers.fedrigoni.com\\\/prt\\\/\",\"name\":\"Fedrigoni Special Papers\",\"description\":\"Elevating Creativity\",\"potentialAction\":[{\"@type\":\"SearchAction\",\"target\":{\"@type\":\"EntryPoint\",\"urlTemplate\":\"https:\\\/\\\/specialpapers.fedrigoni.com\\\/prt\\\/?s={search_term_string}\"},\"query-input\":{\"@type\":\"PropertyValueSpecification\",\"valueRequired\":true,\"valueName\":\"search_term_string\"}}],\"inLanguage\":\"pt-PT\"}]}<\/script>\n<!-- \/ Yoast SEO plugin. -->","yoast_head_json":{"title":"Cookie Policy - PRT | Special Papers","description":"Informa\u00e7\u00f5es claras sobre a utiliza\u00e7\u00e3o de cookies incluindo tipos finalidades do tratamento e op\u00e7\u00f5es dispon\u00edveis para gerir as prefer\u00eancias ...","robots":{"index":"index","follow":"follow","max-snippet":"max-snippet:-1","max-image-preview":"max-image-preview:large","max-video-preview":"max-video-preview:-1"},"canonical":"https:\/\/specialpapers.fedrigoni.com\/prt\/cookie-policy\/","og_locale":"pt_PT","og_type":"article","og_title":"Cookie Policy - PRT | Special Papers","og_description":"Informa\u00e7\u00f5es claras sobre a utiliza\u00e7\u00e3o de cookies incluindo tipos finalidades do tratamento e op\u00e7\u00f5es dispon\u00edveis para gerir as prefer\u00eancias de privacidade.","og_url":"https:\/\/specialpapers.fedrigoni.com\/prt\/cookie-policy\/","og_site_name":"Fedrigoni Special Papers","article_modified_time":"2026-01-27T10:46:56+00:00","og_image":[{"width":2200,"height":1467,"url":"https:\/\/specialpapers.fedrigoni.com\/wp-content\/uploads\/2021\/09\/Banner-HP-ladder.jpg","type":"image\/jpeg"}],"twitter_card":"summary_large_image","twitter_misc":{"Tempo estimado de leitura":"1 minuto"},"schema":{"@context":"https:\/\/schema.org","@graph":[{"@type":["WebPage","ProfilePage"],"@id":"https:\/\/specialpapers.fedrigoni.com\/prt\/cookie-policy\/","url":"https:\/\/specialpapers.fedrigoni.com\/prt\/cookie-policy\/","name":"Cookie Policy - PRT | Special Papers","isPartOf":{"@id":"https:\/\/specialpapers.fedrigoni.com\/prt\/#website"},"datePublished":"2021-10-01T07:58:47+00:00","dateModified":"2026-01-27T10:46:56+00:00","description":"Informa\u00e7\u00f5es claras sobre a utiliza\u00e7\u00e3o de cookies incluindo tipos finalidades do tratamento e op\u00e7\u00f5es dispon\u00edveis para gerir as prefer\u00eancias de privacidade.","breadcrumb":{"@id":"https:\/\/specialpapers.fedrigoni.com\/prt\/cookie-policy\/#breadcrumb"},"inLanguage":"pt-PT","potentialAction":[{"@type":"ReadAction","target":["https:\/\/specialpapers.fedrigoni.com\/prt\/cookie-policy\/"]}]},{"@type":"BreadcrumbList","@id":"https:\/\/specialpapers.fedrigoni.com\/prt\/cookie-policy\/#breadcrumb","itemListElement":[{"@type":"ListItem","position":1,"name":"Home","item":"https:\/\/specialpapers.fedrigoni.com\/prt\/"},{"@type":"ListItem","position":2,"name":"Cookie Policy"}]},{"@type":"WebSite","@id":"https:\/\/specialpapers.fedrigoni.com\/prt\/#website","url":"https:\/\/specialpapers.fedrigoni.com\/prt\/","name":"Fedrigoni Special Papers","description":"Elevating Creativity","potentialAction":[{"@type":"SearchAction","target":{"@type":"EntryPoint","urlTemplate":"https:\/\/specialpapers.fedrigoni.com\/prt\/?s={search_term_string}"},"query-input":{"@type":"PropertyValueSpecification","valueRequired":true,"valueName":"search_term_string"}}],"inLanguage":"pt-PT"}]}},"_links":{"self":[{"href":"https:\/\/specialpapers.fedrigoni.com\/prt\/wp-json\/wp\/v2\/pages\/26448","targetHints":{"allow":["GET"]}}],"collection":[{"href":"https:\/\/specialpapers.fedrigoni.com\/prt\/wp-json\/wp\/v2\/pages"}],"about":[{"href":"https:\/\/specialpapers.fedrigoni.com\/prt\/wp-json\/wp\/v2\/types\/page"}],"author":[{"embeddable":true,"href":"https:\/\/specialpapers.fedrigoni.com\/prt\/wp-json\/wp\/v2\/users\/7"}],"replies":[{"embeddable":true,"href":"https:\/\/specialpapers.fedrigoni.com\/prt\/wp-json\/wp\/v2\/comments?post=26448"}],"version-history":[{"count":0,"href":"https:\/\/specialpapers.fedrigoni.com\/prt\/wp-json\/wp\/v2\/pages\/26448\/revisions"}],"wp:attachment":[{"href":"https:\/\/specialpapers.fedrigoni.com\/prt\/wp-json\/wp\/v2\/media?parent=26448"}],"curies":[{"name":"wp","href":"https:\/\/api.w.org\/{rel}","templated":true}]}}