{"id":26450,"date":"2021-10-01T07:57:47","date_gmt":"2021-10-01T07:57:47","guid":{"rendered":"https:\/\/specialpapers.fedrigoni.com\/privacy-policy\/"},"modified":"2025-11-14T13:59:25","modified_gmt":"2025-11-14T13:59:25","slug":"privacy-policy","status":"publish","type":"page","link":"https:\/\/specialpapers.fedrigoni.com\/prt\/privacy-policy\/","title":{"rendered":"Privacy Policy"},"content":{"rendered":"<h4>AVISO DE PRIVACIDADE DE ACORDO COM O ARTIGO 13.\u00ba DO REGULAMENTO (UE) 2016\/679 \u2013 UTILIZADORES DE WEBSITES<\/h4>\n<p>&nbsp;<\/p>\n<p>&nbsp;<\/p>\n<p><strong>1. Respons\u00e1vel pelo tratamento de dados pessoais<\/strong><\/p>\n<p>O respons\u00e1vel pelo tratamento de dados \u00e9 a Fedrigoni S.p.A., com sede em Via Enrico Fermi 13\/F, 37135, Verona (VR) It\u00e1lia. Para exercer os direitos previstos na legisla\u00e7\u00e3o em vigor, enumerados na sec\u00e7\u00e3o \u201c5. Direitos do titular dos dados\u201d, assim como para qualquer outro pedido relacionado com quest\u00f5es de privacidade, o titular dos dados poder\u00e1 contactar por escrito o Respons\u00e1vel pelo tratamento para <a href=\"mailto:privacy@fedrigoni.com\">privacy@fedrigoni.com<\/a>.<\/p>\n<p>&nbsp;<\/p>\n<p>&nbsp;<\/p>\n<p><strong>2. Tipos de tratamento de dados pessoais realizados<\/strong><\/p>\n<p><strong>a) Gest\u00e3o do registo no portal<\/strong><\/p>\n<p>\u2022 <strong>Finalidade<\/strong>: o portal web permite o registo de utilizadores, permitindo-lhes criar a sua pr\u00f3pria \u00e1rea reservada e aceder a informa\u00e7\u00e3o confidencial e exclusiva dentro da plataforma.<br \/>\n\u2022 <strong>Fundamento jur\u00eddico<\/strong>: o processo de registo \u00e9 realizado com base no consentimento do titular dos dados.<br \/>\n\u2022 <strong>Conserva\u00e7\u00e3o dos dados<\/strong>: os dados ser\u00e3o conservados durante o tempo necess\u00e1rio para a gest\u00e3o do servi\u00e7o de registo no portal disponibilizado ao utilizador.<br \/>\nUma vez conclu\u00eddo o processo de registo, os dados do utilizador ficam registados nos sistemas da empresa, sendo que o titular dos dados tem o direito de solicitar a qualquer momento a inativa\u00e7\u00e3o da sua conta atrav\u00e9s dos canais de comunica\u00e7\u00e3o indicados no n\u00famero 1.<\/p>\n<p>&nbsp;<\/p>\n<p><strong>b) Gest\u00e3o das comunica\u00e7\u00f5es dos utilizadores<\/strong><\/p>\n<p>\u2022 <strong>Finalidade<\/strong>: o envio volunt\u00e1rio de mensagens para os contactos disponibilizados no presente website e o preenchimento de &#8220;formul\u00e1rios&#8221; conduzem \u00e0 aquisi\u00e7\u00e3o dos dados de contacto do remetente, assim como da totalidade dos dados pessoais contidos nessas comunica\u00e7\u00f5es, que s\u00e3o necess\u00e1rios para o cumprimento de determinados pedidos enviados ao Respons\u00e1vel pelo tratamento. Os dados s\u00e3o tratados para gest\u00e3o das comunica\u00e7\u00f5es, com base na necessidade de prestar o servi\u00e7o de comunica\u00e7\u00e3o disponibilizado ao utilizador.<br \/>\n\u2022 <strong>Fundamento jur\u00eddico<\/strong>: a atividade de tratamento \u00e9 realizada com base no consentimento do remetente da comunica\u00e7\u00e3o.<br \/>\n\u2022 <strong>Conserva\u00e7\u00e3o dos dados<\/strong>: os dados do utilizador s\u00e3o registados pelo Respons\u00e1vel pelo tratamento e conservados durante o tempo necess\u00e1rio para a gest\u00e3o da comunica\u00e7\u00e3o e da rela\u00e7\u00e3o comercial com o utilizador, com base no seu consentimento, revog\u00e1vel em qualquer momento mediante pedido escrito enviado atrav\u00e9s dos canais de comunica\u00e7\u00e3o indicados no n\u00famero 1.<\/p>\n<p>&nbsp;<\/p>\n<p><strong>c) Newsletters<\/strong><\/p>\n<p>\u2022 <strong>Finalidade<\/strong>: quando se regista no portal e\/ou envia comunica\u00e7\u00f5es atrav\u00e9s dos \u201cformul\u00e1rios\u201d da plataforma, o utilizador poder\u00e1 subscrever os servi\u00e7os de newsletter para receber atualiza\u00e7\u00f5es e promo\u00e7\u00f5es relacionadas com a oferta de produtos e servi\u00e7os.<br \/>\n\u2022 <strong>Fundamento jur\u00eddico<\/strong>: os dados s\u00e3o tratados com base no consentimento dado pelo utilizador, nos termos do artigo 6.\u00ba, n\u00famero 1, al\u00ednea a) do RGPD.<br \/>\n\u2022 <strong>Conserva\u00e7\u00e3o dos dados<\/strong>: os dados pessoais ser\u00e3o conservados durante o tempo necess\u00e1rio para a gest\u00e3o do servi\u00e7o de Newsletter disponibilizado ao utilizador, que tem o direito de retirar o seu consentimento em qualquer momento para deixar de receber newsletters, devendo faz\u00ea-lo atrav\u00e9s da funcionalidade espec\u00edfica existente em cada comunica\u00e7\u00e3o recebida ou enviando um pedido escrito atrav\u00e9s dos canais de comunica\u00e7\u00e3o indicados no n\u00famero 1.<\/p>\n<p>&nbsp;<\/p>\n<p><strong>d) Gest\u00e3o de pedidos de trabalho<\/strong><\/p>\n<p>Atrav\u00e9s do portal \u00e9 poss\u00edvel aceder \u00e0 \u00e1rea de \u201ccarreira\u201d para consultar ofertas de trabalho e gerir pedidos. Para mais informa\u00e7\u00e3o sobre essa atividade de tratamento, o utilizador dever\u00e1 consultar a pol\u00edtica de candidatos que se encontra na respetiva sec\u00e7\u00e3o.<\/p>\n<p>&nbsp;<\/p>\n<p><strong>e) Gest\u00e3o de dados de navega\u00e7\u00e3o<\/strong><\/p>\n<p>\u2022 <strong>Finalidade<\/strong>: as ferramentas utilizadas para garantir o funcionamento e a seguran\u00e7a do portal podem tratar, no decorrer do seu normal funcionamento, alguns dados que, n\u00e3o sendo recolhidos de forma associada aos titulares dos dados, poder\u00e3o permitir a identifica\u00e7\u00e3o dos utilizadores como consequ\u00eancia desse tratamento (por exemplo, endere\u00e7os IP, nomes de dom\u00ednio de computadores, etc.). Essa informa\u00e7\u00e3o \u00e9 recolhida para garantir a seguran\u00e7a e o normal funcionamento do portal.<br \/>\n\u2022 <strong>Fundamento jur\u00eddico<\/strong>: os dados s\u00e3o tratados com base no interesse leg\u00edtimo do Respons\u00e1vel pelo tratamento, nos termos do artigo 6.\u00ba, n\u00famero 1, al\u00ednea f) do RGPD.<br \/>\n\u2022 <strong>Conserva\u00e7\u00e3o dos dados<\/strong>: os dados ser\u00e3o conservados durante o tempo estritamente necess\u00e1rio para a concretiza\u00e7\u00e3o das Finalidades indicadas.<\/p>\n<p>&nbsp;<\/p>\n<p><strong>f) Contactos comerciais<\/strong><\/p>\n<p>\u2022 <strong>Finalidade<\/strong>: os dados de contacto fornecidos ser\u00e3o conservados e tratados para a gest\u00e3o da rela\u00e7\u00e3o comercial com o utilizador, ou como ponto de contacto de um cliente\/potencial cliente.<br \/>\n\u2022 <strong>Fundamento jur\u00eddico<\/strong>: a atividade de gest\u00e3o dos seus dados de contacto \u00e9 realizada na sequ\u00eancia da exist\u00eancia de um contrato entre as partes ou devido a um interesse comercial que pode conduzir \u00e0 futura celebra\u00e7\u00e3o de acordos contratuais.<br \/>\nO titular dos dados tem o direito de solicitar em qualquer momento o apagamento dos seus dados de contacto mediante pedido escrito enviado atrav\u00e9s dos canais de comunica\u00e7\u00e3o indicados no n\u00famero 1.<br \/>\n\u2022 <strong>Conserva\u00e7\u00e3o dos dados<\/strong>: os dados ser\u00e3o conservados durante 36 meses ap\u00f3s o \u00faltimo contacto profissional realizado; caso tenha sido celebrado um acordo contratual, os dados ser\u00e3o conservados at\u00e9 \u00e0 extin\u00e7\u00e3o dos efeitos jur\u00eddicos produzidos pelo mesmo.<\/p>\n<p>&nbsp;<\/p>\n<p><strong>g) Comunica\u00e7\u00f5es comerciais B2B<\/strong><\/p>\n<p>\u2022 <strong>Finalidade<\/strong>: os dados de contacto fornecidos no contexto do estabelecimento ou da manuten\u00e7\u00e3o de uma rela\u00e7\u00e3o profissional\/comercial ser\u00e3o conservados e tratados para efeitos de envio de comunica\u00e7\u00f5es promocionais e de informa\u00e7\u00f5es de atualiza\u00e7\u00e3o, assim como para question\u00e1rios de satisfa\u00e7\u00e3o destinados a recolher coment\u00e1rios e sugest\u00f5es de melhoria.<br \/>\n\u2022 <strong>Fundamento jur\u00eddico<\/strong>: a atividade de tratamento \u00e9 realizada com base no interesse leg\u00edtimo do Respons\u00e1vel pelo tratamento, nomeadamente para manter e melhorar os contactos profissionais com os seus atuais ou potenciais parceiros comerciais.<br \/>\n\u2022 <strong>Conserva\u00e7\u00e3o dos dados<\/strong>: os dados ser\u00e3o conservados durante 36 meses ap\u00f3s o \u00faltimo contacto profissional realizado. O titular dos dados tem o direito de solicitar em qualquer momento o cancelamento do envio dessas comunica\u00e7\u00f5es, clicando na hiperliga\u00e7\u00e3o existente no E-mail de Boas-vindas ou mediante pedido escrito enviado atrav\u00e9s dos canais de comunica\u00e7\u00e3o indicados no n\u00famero 1.<\/p>\n<p>&nbsp;<\/p>\n<p><strong>h) Registo e Comunica\u00e7\u00f5es no \u00e2mbito do concurso Fedrigoni Top Award<\/strong><\/p>\n<p>\u2022 <strong>Finalidade<\/strong>: os dados de contacto fornecidos no contexto do registo para participa\u00e7\u00e3o no concurso Fedrigoni Top Award ser\u00e3o conservados e tratados para gest\u00e3o do registo e, posteriormente, para envio de comunica\u00e7\u00f5es de atualiza\u00e7\u00e3o (por exemplo, nomeados para pr\u00e9mios, edi\u00e7\u00f5es posteriores, etc.).<br \/>\n\u2022 <strong>Fundamento jur\u00eddico<\/strong>: a atividade de tratamento \u00e9 realizada com base no interesse leg\u00edtimo do Respons\u00e1vel pelo tratamento, nomeadamente para administrar o processo de participa\u00e7\u00e3o dos membros e manter os participantes atualizados sobre a evolu\u00e7\u00e3o da iniciativa Fedrigoni Top Award.<br \/>\n\u2022 <strong>Conserva\u00e7\u00e3o dos dados<\/strong>: os dados ser\u00e3o conservados durante o tempo necess\u00e1rio para a gest\u00e3o da participa\u00e7\u00e3o no evento e, posteriormente, para o envio das comunica\u00e7\u00f5es referidas. O titular dos dados tem o direito de solicitar em qualquer momento o cancelamento do envio de newsletters atrav\u00e9s da funcionalidade espec\u00edfica existente em cada comunica\u00e7\u00e3o recebida ou enviando um pedido escrito atrav\u00e9s dos canais de comunica\u00e7\u00e3o indicados no n\u00famero 1.<\/p>\n<p>&nbsp;<\/p>\n<p><strong>i) Gest\u00e3o de cookies<\/strong><\/p>\n<p>O portal utiliza cookies, atrav\u00e9s dos quais podem ser tratados dados pessoais do utilizador. Para mais informa\u00e7\u00e3o sobre essa atividade de tratamento, o utilizador dever\u00e1 consultar a Pol\u00edtica de Cookies.<\/p>\n<p>&nbsp;<\/p>\n<p>&nbsp;<\/p>\n<p><strong>3. M\u00e9todos de tratamento<\/strong><\/p>\n<p>Os seus dados pessoais ser\u00e3o tratados ao abrigo do disposto na lei em vigor em mat\u00e9ria de prote\u00e7\u00e3o de dados pessoais, utilizando meios anal\u00f3gicos e digitais e medidas adequadas para garantir a seguran\u00e7a e confidencialidade dos mesmos, nos termos do artigo 32.\u00ba do RGPD.<\/p>\n<p>&nbsp;<\/p>\n<p><strong>4. Transfer\u00eancias de dados pessoais para pa\u00edses terceiros<\/strong><\/p>\n<p>Para a concretiza\u00e7\u00e3o das Finalidades acima descritas, os seus dados pessoais poder\u00e3o chegar ao conhecimento de funcion\u00e1rios, colaboradores e agentes comerciais do Respons\u00e1vel pelo tratamento, que atuar\u00e3o na qualidade de partes autorizadas a realizar o tratamento e\/ou como Respons\u00e1veis pelo tratamento de dados.<br \/>\nAl\u00e9m disso, o Respons\u00e1vel pelo tratamento poder\u00e1 necessitar de comunicar os seus dados pessoais a terceiros pertencentes, por exemplo, \u00e0s seguintes categorias:<\/p>\n<p>\u2022 empresas pertencentes ao Grupo Fedrigoni;<br \/>\n\u2022 terceiros fornecedores de servi\u00e7os de gest\u00e3o de TIC (por exemplo, gest\u00e3o de websites), servi\u00e7os de comunica\u00e7\u00e3o (por exemplo, gest\u00e3o de listas de endere\u00e7os de e-mail) e gest\u00e3o de aplica\u00e7\u00f5es.<\/p>\n<p>O Respons\u00e1vel pelo tratamento poder\u00e1 transferir os dados pessoais do utilizador para entidades situadas fora do Espa\u00e7o Econ\u00f3mico Europeu desde que se verifique uma das seguintes condi\u00e7\u00f5es: quando se trata de um pa\u00eds terceiro que assegura um n\u00edvel de prote\u00e7\u00e3o adequado em conformidade com o artigo 45.\u00ba do RGPD ou de um pa\u00eds para o qual o Respons\u00e1vel pelo tratamento tenha apresentado garantias adequadas de prote\u00e7\u00e3o de dados nos termos dos artigos 46.\u00ba e 47.\u00ba do RGPD, e na condi\u00e7\u00e3o de os titulares dos dados gozarem de direitos opon\u00edveis e de medidas jur\u00eddicas corretivas eficazes.<\/p>\n<p>&nbsp;<\/p>\n<p><strong>5. Direitos do Titular dos dados<\/strong><\/p>\n<p>O Respons\u00e1vel pelo tratamento dedica especial aten\u00e7\u00e3o \u00e0 prote\u00e7\u00e3o dos seus dados e informa que, nas condi\u00e7\u00f5es previstas na lei em vigor, o titular dos dados poder\u00e1 exercer os seguintes direitos:<\/p>\n<p>\u2022 <strong>direito de acesso<\/strong> \u2013 o direito de obter do Respons\u00e1vel pelo tratamento a confirma\u00e7\u00e3o de que os dados pessoais que lhe digam respeito s\u00e3o ou n\u00e3o objeto de tratamento e, se for esse o caso, o direito de aceder aos mesmos;<br \/>\n\u2022 <strong>direito de retifica\u00e7\u00e3o<\/strong>\u00a0\u2013 o direito de obter do Respons\u00e1vel pelo tratamento, sem demora injustificada, a retifica\u00e7\u00e3o dos dados pessoais inexatos que lhe digam respeito, bem como o direito a que os seus dados pessoais incompletos sejam completados;<br \/>\n\u2022 <strong>direito a ser esquecido<\/strong>\u00a0\u2013 o direito de obter do Respons\u00e1vel pelo tratamento o apagamento dos dados pessoais que lhe digam respeito, sem demora injustificada;<br \/>\n\u2022 <strong>direito \u00e0 limita\u00e7\u00e3o do tratamento<\/strong>\u00a0\u2013 quando aplic\u00e1vel, o direito de obter do Respons\u00e1vel pelo tratamento a limita\u00e7\u00e3o do tratamento, em conformidade com os requisitos legais;<br \/>\n\u2022 <strong>direito de portabilidade dos dados<\/strong>\u00a0\u2013 o direito a receber do Respons\u00e1vel pelo tratamento os dados pessoais que lhe digam respeito, num formato estruturado, de uso corrente e de leitura autom\u00e1tica, e o direito de os transmitir livremente a outro respons\u00e1vel;<br \/>\n\u2022 <strong>direito de oposi\u00e7\u00e3o<\/strong>\u00a0\u2013 direito de se opor, a qualquer momento, ao tratamento dos dados pessoais que lhe digam respeito, sempre que ocorram as situa\u00e7\u00f5es identificadas na legisla\u00e7\u00e3o;<br \/>\n\u2022 <strong>retirada do consentimento<\/strong> \u2013 direito a solicitar, a qualquer momento, a revoga\u00e7\u00e3o do consentimento dado sem que isso afete a licitude do tratamento baseado no consentimento dado antes da revoga\u00e7\u00e3o.<\/p>\n<p>Os direitos atr\u00e1s referidos podem ser exercidos junto do Respons\u00e1vel pelo tratamento atrav\u00e9s dos canais de comunica\u00e7\u00e3o indicados no n\u00famero 1.<br \/>\nPara conhecer os seus direitos, apresentar uma reclama\u00e7\u00e3o e informar-se sobre a legisla\u00e7\u00e3o relativa \u00e0 prote\u00e7\u00e3o das pessoas singulares no que diz respeito ao tratamento de dados de car\u00e1cter pessoal, pode dirigir-se \u00e0 Comiss\u00e3o Nacional de Prote\u00e7\u00e3o de Dados visitando o website <a href=\"http:\/\/www.garanteprivacy.it\/\" target=\"_blank\" rel=\"noopener\">Garante della Privacy: http:\/\/www.garanteprivacy.it\/<\/a>.<\/p>\n","protected":false},"excerpt":{"rendered":"<p>AVISO DE PRIVACIDADE DE ACORDO COM O ARTIGO 13.\u00ba DO REGULAMENTO (UE) 2016\/679 \u2013 UTILIZADORES DE WEBSITES &nbsp; &nbsp; 1. Respons\u00e1vel pelo tratamento de dados pessoais O respons\u00e1vel pelo tratamento de dados \u00e9 a Fedrigoni S.p.A., com sede em Via Enrico Fermi 13\/F, 37135, Verona (VR) It\u00e1lia. Para exercer os direitos previstos na legisla\u00e7\u00e3o em&#8230;<\/p>\n","protected":false},"author":7,"featured_media":0,"parent":0,"menu_order":0,"comment_status":"closed","ping_status":"closed","template":"","meta":{"_acf_changed":false,"footnotes":""},"class_list":["post-26450","page","type-page","status-publish","hentry"],"acf":[],"yoast_head":"<!-- This site is optimized with the Yoast SEO plugin v27.4 - https:\/\/yoast.com\/product\/yoast-seo-wordpress\/ -->\n<title>Privacy Policy - PRT | Special Papers<\/title>\n<meta name=\"description\" content=\"Informa\u00e7\u00e3o clara sobre a recolha, uso e prote\u00e7\u00e3o dos seus dados pessoais, em conformidade com o RGPD e regulamenta\u00e7\u00f5es internacionais.\" \/>\n<meta name=\"robots\" content=\"index, follow, max-snippet:-1, max-image-preview:large, max-video-preview:-1\" \/>\n<link rel=\"canonical\" href=\"https:\/\/specialpapers.fedrigoni.com\/prt\/privacy-policy\/\" \/>\n<meta property=\"og:locale\" content=\"pt_PT\" \/>\n<meta property=\"og:type\" content=\"article\" \/>\n<meta property=\"og:title\" content=\"Privacy Policy - PRT | Special Papers\" \/>\n<meta property=\"og:description\" content=\"Informa\u00e7\u00e3o clara sobre a recolha, uso e prote\u00e7\u00e3o dos seus dados pessoais, em conformidade com o RGPD e regulamenta\u00e7\u00f5es internacionais.\" \/>\n<meta property=\"og:url\" content=\"https:\/\/specialpapers.fedrigoni.com\/prt\/privacy-policy\/\" \/>\n<meta property=\"og:site_name\" content=\"Fedrigoni Special Papers\" \/>\n<meta property=\"article:modified_time\" content=\"2025-11-14T13:59:25+00:00\" \/>\n<meta property=\"og:image\" content=\"https:\/\/specialpapers.fedrigoni.com\/wp-content\/uploads\/2021\/09\/Banner-HP-ladder.jpg\" \/>\n\t<meta property=\"og:image:width\" content=\"2200\" \/>\n\t<meta property=\"og:image:height\" content=\"1467\" \/>\n\t<meta property=\"og:image:type\" content=\"image\/jpeg\" \/>\n<meta name=\"twitter:card\" content=\"summary_large_image\" \/>\n<meta name=\"twitter:label1\" content=\"Tempo estimado de leitura\" \/>\n\t<meta name=\"twitter:data1\" content=\"8 minutos\" \/>\n<script type=\"application\/ld+json\" class=\"yoast-schema-graph\">{\"@context\":\"https:\\\/\\\/schema.org\",\"@graph\":[{\"@type\":[\"WebPage\",\"ProfilePage\"],\"@id\":\"https:\\\/\\\/specialpapers.fedrigoni.com\\\/prt\\\/privacy-policy\\\/\",\"url\":\"https:\\\/\\\/specialpapers.fedrigoni.com\\\/prt\\\/privacy-policy\\\/\",\"name\":\"Privacy Policy - PRT | Special Papers\",\"isPartOf\":{\"@id\":\"https:\\\/\\\/specialpapers.fedrigoni.com\\\/prt\\\/#website\"},\"datePublished\":\"2021-10-01T07:57:47+00:00\",\"dateModified\":\"2025-11-14T13:59:25+00:00\",\"description\":\"Informa\u00e7\u00e3o clara sobre a recolha, uso e prote\u00e7\u00e3o dos seus dados pessoais, em conformidade com o RGPD e regulamenta\u00e7\u00f5es internacionais.\",\"breadcrumb\":{\"@id\":\"https:\\\/\\\/specialpapers.fedrigoni.com\\\/prt\\\/privacy-policy\\\/#breadcrumb\"},\"inLanguage\":\"pt-PT\",\"potentialAction\":[{\"@type\":\"ReadAction\",\"target\":[\"https:\\\/\\\/specialpapers.fedrigoni.com\\\/prt\\\/privacy-policy\\\/\"]}]},{\"@type\":\"BreadcrumbList\",\"@id\":\"https:\\\/\\\/specialpapers.fedrigoni.com\\\/prt\\\/privacy-policy\\\/#breadcrumb\",\"itemListElement\":[{\"@type\":\"ListItem\",\"position\":1,\"name\":\"Home\",\"item\":\"https:\\\/\\\/specialpapers.fedrigoni.com\\\/prt\\\/\"},{\"@type\":\"ListItem\",\"position\":2,\"name\":\"Privacy Policy\"}]},{\"@type\":\"WebSite\",\"@id\":\"https:\\\/\\\/specialpapers.fedrigoni.com\\\/prt\\\/#website\",\"url\":\"https:\\\/\\\/specialpapers.fedrigoni.com\\\/prt\\\/\",\"name\":\"Fedrigoni Special Papers\",\"description\":\"Elevating Creativity\",\"potentialAction\":[{\"@type\":\"SearchAction\",\"target\":{\"@type\":\"EntryPoint\",\"urlTemplate\":\"https:\\\/\\\/specialpapers.fedrigoni.com\\\/prt\\\/?s={search_term_string}\"},\"query-input\":{\"@type\":\"PropertyValueSpecification\",\"valueRequired\":true,\"valueName\":\"search_term_string\"}}],\"inLanguage\":\"pt-PT\"}]}<\/script>\n<!-- \/ Yoast SEO plugin. -->","yoast_head_json":{"title":"Privacy Policy - PRT | Special Papers","description":"Informa\u00e7\u00e3o clara sobre a recolha, uso e prote\u00e7\u00e3o dos seus dados pessoais, em conformidade com o RGPD e regulamenta\u00e7\u00f5es internacionais.","robots":{"index":"index","follow":"follow","max-snippet":"max-snippet:-1","max-image-preview":"max-image-preview:large","max-video-preview":"max-video-preview:-1"},"canonical":"https:\/\/specialpapers.fedrigoni.com\/prt\/privacy-policy\/","og_locale":"pt_PT","og_type":"article","og_title":"Privacy Policy - PRT | Special Papers","og_description":"Informa\u00e7\u00e3o clara sobre a recolha, uso e prote\u00e7\u00e3o dos seus dados pessoais, em conformidade com o RGPD e regulamenta\u00e7\u00f5es internacionais.","og_url":"https:\/\/specialpapers.fedrigoni.com\/prt\/privacy-policy\/","og_site_name":"Fedrigoni Special Papers","article_modified_time":"2025-11-14T13:59:25+00:00","og_image":[{"width":2200,"height":1467,"url":"https:\/\/specialpapers.fedrigoni.com\/wp-content\/uploads\/2021\/09\/Banner-HP-ladder.jpg","type":"image\/jpeg"}],"twitter_card":"summary_large_image","twitter_misc":{"Tempo estimado de leitura":"8 minutos"},"schema":{"@context":"https:\/\/schema.org","@graph":[{"@type":["WebPage","ProfilePage"],"@id":"https:\/\/specialpapers.fedrigoni.com\/prt\/privacy-policy\/","url":"https:\/\/specialpapers.fedrigoni.com\/prt\/privacy-policy\/","name":"Privacy Policy - PRT | Special Papers","isPartOf":{"@id":"https:\/\/specialpapers.fedrigoni.com\/prt\/#website"},"datePublished":"2021-10-01T07:57:47+00:00","dateModified":"2025-11-14T13:59:25+00:00","description":"Informa\u00e7\u00e3o clara sobre a recolha, uso e prote\u00e7\u00e3o dos seus dados pessoais, em conformidade com o RGPD e regulamenta\u00e7\u00f5es internacionais.","breadcrumb":{"@id":"https:\/\/specialpapers.fedrigoni.com\/prt\/privacy-policy\/#breadcrumb"},"inLanguage":"pt-PT","potentialAction":[{"@type":"ReadAction","target":["https:\/\/specialpapers.fedrigoni.com\/prt\/privacy-policy\/"]}]},{"@type":"BreadcrumbList","@id":"https:\/\/specialpapers.fedrigoni.com\/prt\/privacy-policy\/#breadcrumb","itemListElement":[{"@type":"ListItem","position":1,"name":"Home","item":"https:\/\/specialpapers.fedrigoni.com\/prt\/"},{"@type":"ListItem","position":2,"name":"Privacy Policy"}]},{"@type":"WebSite","@id":"https:\/\/specialpapers.fedrigoni.com\/prt\/#website","url":"https:\/\/specialpapers.fedrigoni.com\/prt\/","name":"Fedrigoni Special Papers","description":"Elevating Creativity","potentialAction":[{"@type":"SearchAction","target":{"@type":"EntryPoint","urlTemplate":"https:\/\/specialpapers.fedrigoni.com\/prt\/?s={search_term_string}"},"query-input":{"@type":"PropertyValueSpecification","valueRequired":true,"valueName":"search_term_string"}}],"inLanguage":"pt-PT"}]}},"_links":{"self":[{"href":"https:\/\/specialpapers.fedrigoni.com\/prt\/wp-json\/wp\/v2\/pages\/26450","targetHints":{"allow":["GET"]}}],"collection":[{"href":"https:\/\/specialpapers.fedrigoni.com\/prt\/wp-json\/wp\/v2\/pages"}],"about":[{"href":"https:\/\/specialpapers.fedrigoni.com\/prt\/wp-json\/wp\/v2\/types\/page"}],"author":[{"embeddable":true,"href":"https:\/\/specialpapers.fedrigoni.com\/prt\/wp-json\/wp\/v2\/users\/7"}],"replies":[{"embeddable":true,"href":"https:\/\/specialpapers.fedrigoni.com\/prt\/wp-json\/wp\/v2\/comments?post=26450"}],"version-history":[{"count":0,"href":"https:\/\/specialpapers.fedrigoni.com\/prt\/wp-json\/wp\/v2\/pages\/26450\/revisions"}],"wp:attachment":[{"href":"https:\/\/specialpapers.fedrigoni.com\/prt\/wp-json\/wp\/v2\/media?parent=26450"}],"curies":[{"name":"wp","href":"https:\/\/api.w.org\/{rel}","templated":true}]}}