{"id":45540,"date":"2022-11-25T15:50:52","date_gmt":"2022-11-25T15:50:52","guid":{"rendered":"https:\/\/specialpapers.fedrigoni.com\/papeis-e-produtos\/paper-solutions-for-packaging\/"},"modified":"2025-01-14T15:54:59","modified_gmt":"2025-01-14T15:54:59","slug":"solucoes-de-papel-para-embalagens","status":"publish","type":"page","link":"https:\/\/specialpapers.fedrigoni.com\/prt\/papeis-e-produtos\/solucoes-de-papel-para-embalagens\/","title":{"rendered":"Solu\u00e7\u00f5es de papel para embalagens"},"content":{"rendered":"","protected":false},"excerpt":{"rendered":"","protected":false},"author":25,"featured_media":0,"parent":44865,"menu_order":0,"comment_status":"closed","ping_status":"closed","template":"page-flexible.php","meta":{"_acf_changed":false,"footnotes":""},"class_list":["post-45540","page","type-page","status-publish","hentry"],"acf":[],"yoast_head":"<!-- This site is optimized with the Yoast SEO plugin v27.3 - https:\/\/yoast.com\/product\/yoast-seo-wordpress\/ -->\n<title>Solu\u00e7\u00f5es de papel para embalagens<\/title>\n<meta name=\"robots\" content=\"index, follow, max-snippet:-1, max-image-preview:large, max-video-preview:-1\" \/>\n<link rel=\"canonical\" href=\"https:\/\/specialpapers.fedrigoni.com\/prt\/papeis-e-produtos\/solucoes-de-papel-para-embalagens\/\" \/>\n<meta property=\"og:locale\" content=\"pt_PT\" \/>\n<meta property=\"og:type\" content=\"article\" \/>\n<meta property=\"og:title\" content=\"Solu\u00e7\u00f5es de papel para embalagens\" \/>\n<meta property=\"og:url\" content=\"https:\/\/specialpapers.fedrigoni.com\/prt\/papeis-e-produtos\/solucoes-de-papel-para-embalagens\/\" \/>\n<meta property=\"og:site_name\" content=\"Fedrigoni Special Papers\" \/>\n<meta property=\"article:modified_time\" content=\"2025-01-14T15:54:59+00:00\" \/>\n<meta property=\"og:image\" content=\"https:\/\/specialpapers.fedrigoni.com\/wp-content\/uploads\/2021\/09\/Banner-HP-ladder.jpg\" \/>\n\t<meta property=\"og:image:width\" content=\"2200\" \/>\n\t<meta property=\"og:image:height\" content=\"1467\" \/>\n\t<meta property=\"og:image:type\" content=\"image\/jpeg\" \/>\n<meta name=\"twitter:card\" content=\"summary_large_image\" \/>\n<script type=\"application\/ld+json\" class=\"yoast-schema-graph\">{\"@context\":\"https:\\\/\\\/schema.org\",\"@graph\":[{\"@type\":[\"WebPage\",\"ProfilePage\"],\"@id\":\"https:\\\/\\\/specialpapers.fedrigoni.com\\\/prt\\\/papeis-e-produtos\\\/solucoes-de-papel-para-embalagens\\\/\",\"url\":\"https:\\\/\\\/specialpapers.fedrigoni.com\\\/prt\\\/papeis-e-produtos\\\/solucoes-de-papel-para-embalagens\\\/\",\"name\":\"Solu\u00e7\u00f5es de papel para embalagens\",\"isPartOf\":{\"@id\":\"https:\\\/\\\/specialpapers.fedrigoni.com\\\/prt\\\/#website\"},\"datePublished\":\"2022-11-25T15:50:52+00:00\",\"dateModified\":\"2025-01-14T15:54:59+00:00\",\"breadcrumb\":{\"@id\":\"https:\\\/\\\/specialpapers.fedrigoni.com\\\/prt\\\/papeis-e-produtos\\\/solucoes-de-papel-para-embalagens\\\/#breadcrumb\"},\"inLanguage\":\"pt-PT\",\"potentialAction\":[{\"@type\":\"ReadAction\",\"target\":[\"https:\\\/\\\/specialpapers.fedrigoni.com\\\/prt\\\/papeis-e-produtos\\\/solucoes-de-papel-para-embalagens\\\/\"]}]},{\"@type\":\"BreadcrumbList\",\"@id\":\"https:\\\/\\\/specialpapers.fedrigoni.com\\\/prt\\\/papeis-e-produtos\\\/solucoes-de-papel-para-embalagens\\\/#breadcrumb\",\"itemListElement\":[{\"@type\":\"ListItem\",\"position\":1,\"name\":\"Home\",\"item\":\"https:\\\/\\\/specialpapers.fedrigoni.com\\\/prt\\\/\"},{\"@type\":\"ListItem\",\"position\":2,\"name\":\"Pap\u00e9is e produtos\"},{\"@type\":\"ListItem\",\"position\":3,\"name\":\"Solu\u00e7\u00f5es de papel para embalagens\"}]},{\"@type\":\"WebSite\",\"@id\":\"https:\\\/\\\/specialpapers.fedrigoni.com\\\/prt\\\/#website\",\"url\":\"https:\\\/\\\/specialpapers.fedrigoni.com\\\/prt\\\/\",\"name\":\"Fedrigoni Special Papers\",\"description\":\"Elevating Creativity\",\"potentialAction\":[{\"@type\":\"SearchAction\",\"target\":{\"@type\":\"EntryPoint\",\"urlTemplate\":\"https:\\\/\\\/specialpapers.fedrigoni.com\\\/prt\\\/?s={search_term_string}\"},\"query-input\":{\"@type\":\"PropertyValueSpecification\",\"valueRequired\":true,\"valueName\":\"search_term_string\"}}],\"inLanguage\":\"pt-PT\"}]}<\/script>\n<!-- \/ Yoast SEO plugin. -->","yoast_head_json":{"title":"Solu\u00e7\u00f5es de papel para embalagens","robots":{"index":"index","follow":"follow","max-snippet":"max-snippet:-1","max-image-preview":"max-image-preview:large","max-video-preview":"max-video-preview:-1"},"canonical":"https:\/\/specialpapers.fedrigoni.com\/prt\/papeis-e-produtos\/solucoes-de-papel-para-embalagens\/","og_locale":"pt_PT","og_type":"article","og_title":"Solu\u00e7\u00f5es de papel para embalagens","og_url":"https:\/\/specialpapers.fedrigoni.com\/prt\/papeis-e-produtos\/solucoes-de-papel-para-embalagens\/","og_site_name":"Fedrigoni Special Papers","article_modified_time":"2025-01-14T15:54:59+00:00","og_image":[{"width":2200,"height":1467,"url":"https:\/\/specialpapers.fedrigoni.com\/wp-content\/uploads\/2021\/09\/Banner-HP-ladder.jpg","type":"image\/jpeg"}],"twitter_card":"summary_large_image","schema":{"@context":"https:\/\/schema.org","@graph":[{"@type":["WebPage","ProfilePage"],"@id":"https:\/\/specialpapers.fedrigoni.com\/prt\/papeis-e-produtos\/solucoes-de-papel-para-embalagens\/","url":"https:\/\/specialpapers.fedrigoni.com\/prt\/papeis-e-produtos\/solucoes-de-papel-para-embalagens\/","name":"Solu\u00e7\u00f5es de papel para embalagens","isPartOf":{"@id":"https:\/\/specialpapers.fedrigoni.com\/prt\/#website"},"datePublished":"2022-11-25T15:50:52+00:00","dateModified":"2025-01-14T15:54:59+00:00","breadcrumb":{"@id":"https:\/\/specialpapers.fedrigoni.com\/prt\/papeis-e-produtos\/solucoes-de-papel-para-embalagens\/#breadcrumb"},"inLanguage":"pt-PT","potentialAction":[{"@type":"ReadAction","target":["https:\/\/specialpapers.fedrigoni.com\/prt\/papeis-e-produtos\/solucoes-de-papel-para-embalagens\/"]}]},{"@type":"BreadcrumbList","@id":"https:\/\/specialpapers.fedrigoni.com\/prt\/papeis-e-produtos\/solucoes-de-papel-para-embalagens\/#breadcrumb","itemListElement":[{"@type":"ListItem","position":1,"name":"Home","item":"https:\/\/specialpapers.fedrigoni.com\/prt\/"},{"@type":"ListItem","position":2,"name":"Pap\u00e9is e produtos"},{"@type":"ListItem","position":3,"name":"Solu\u00e7\u00f5es de papel para embalagens"}]},{"@type":"WebSite","@id":"https:\/\/specialpapers.fedrigoni.com\/prt\/#website","url":"https:\/\/specialpapers.fedrigoni.com\/prt\/","name":"Fedrigoni Special Papers","description":"Elevating Creativity","potentialAction":[{"@type":"SearchAction","target":{"@type":"EntryPoint","urlTemplate":"https:\/\/specialpapers.fedrigoni.com\/prt\/?s={search_term_string}"},"query-input":{"@type":"PropertyValueSpecification","valueRequired":true,"valueName":"search_term_string"}}],"inLanguage":"pt-PT"}]}},"_links":{"self":[{"href":"https:\/\/specialpapers.fedrigoni.com\/prt\/wp-json\/wp\/v2\/pages\/45540","targetHints":{"allow":["GET"]}}],"collection":[{"href":"https:\/\/specialpapers.fedrigoni.com\/prt\/wp-json\/wp\/v2\/pages"}],"about":[{"href":"https:\/\/specialpapers.fedrigoni.com\/prt\/wp-json\/wp\/v2\/types\/page"}],"author":[{"embeddable":true,"href":"https:\/\/specialpapers.fedrigoni.com\/prt\/wp-json\/wp\/v2\/users\/25"}],"replies":[{"embeddable":true,"href":"https:\/\/specialpapers.fedrigoni.com\/prt\/wp-json\/wp\/v2\/comments?post=45540"}],"version-history":[{"count":0,"href":"https:\/\/specialpapers.fedrigoni.com\/prt\/wp-json\/wp\/v2\/pages\/45540\/revisions"}],"up":[{"embeddable":true,"href":"https:\/\/specialpapers.fedrigoni.com\/prt\/wp-json\/wp\/v2\/pages\/44865"}],"wp:attachment":[{"href":"https:\/\/specialpapers.fedrigoni.com\/prt\/wp-json\/wp\/v2\/media?parent=45540"}],"curies":[{"name":"wp","href":"https:\/\/api.w.org\/{rel}","templated":true}]}}