{"id":65501,"date":"2024-09-19T07:53:10","date_gmt":"2024-09-19T07:53:10","guid":{"rendered":"https:\/\/specialpapers.fedrigoni.com\/colour-dimensions\/"},"modified":"2025-04-02T12:39:09","modified_gmt":"2025-04-02T12:39:09","slug":"colour-dimensions","status":"publish","type":"page","link":"https:\/\/specialpapers.fedrigoni.com\/prt\/colour-dimensions\/","title":{"rendered":"Colour dimensions"},"content":{"rendered":"","protected":false},"excerpt":{"rendered":"","protected":false},"author":25,"featured_media":0,"parent":0,"menu_order":0,"comment_status":"closed","ping_status":"closed","template":"page-flexible-contents-new.php","meta":{"_acf_changed":false,"footnotes":""},"class_list":["post-65501","page","type-page","status-publish","hentry"],"acf":[],"yoast_head":"<!-- This site is optimized with the Yoast SEO plugin v27.3 - https:\/\/yoast.com\/product\/yoast-seo-wordpress\/ -->\n<title>Fedrigoni Color Dimensions - Sistema completo de explora\u00e7\u00e3o de...<\/title>\n<meta name=\"description\" content=\"Color Dimensions reune o portf\u00f3lio completo de pap\u00e9is coloridos da Fedrigoni. The Compass \u00e9 o seu guia essencial e uma ferramenta para ...\" \/>\n<meta name=\"robots\" content=\"index, follow, max-snippet:-1, max-image-preview:large, max-video-preview:-1\" \/>\n<link rel=\"canonical\" href=\"https:\/\/specialpapers.fedrigoni.com\/prt\/colour-dimensions\/\" \/>\n<meta property=\"og:locale\" content=\"pt_PT\" \/>\n<meta property=\"og:type\" content=\"article\" \/>\n<meta property=\"og:title\" content=\"Fedrigoni Color Dimensions - Sistema completo de explora\u00e7\u00e3o de cores para pap\u00e9is de gama alta.\" \/>\n<meta property=\"og:description\" content=\"Color Dimensions reune o portf\u00f3lio completo de pap\u00e9is coloridos da Fedrigoni. The Compass \u00e9 o seu guia essencial e uma ferramenta para sele\u00e7\u00f5es ideais de papel.\" \/>\n<meta property=\"og:url\" content=\"https:\/\/specialpapers.fedrigoni.com\/prt\/colour-dimensions\/\" \/>\n<meta property=\"og:site_name\" content=\"Fedrigoni Special Papers\" \/>\n<meta property=\"article:modified_time\" content=\"2025-04-02T12:39:09+00:00\" \/>\n<meta property=\"og:image\" content=\"https:\/\/specialpapers.fedrigoni.com\/wp-content\/uploads\/2024\/09\/hero-desk-min.jpg\" \/>\n\t<meta property=\"og:image:width\" content=\"2000\" \/>\n\t<meta property=\"og:image:height\" content=\"771\" \/>\n\t<meta property=\"og:image:type\" content=\"image\/jpeg\" \/>\n<meta name=\"twitter:card\" content=\"summary_large_image\" \/>\n<script type=\"application\/ld+json\" class=\"yoast-schema-graph\">{\"@context\":\"https:\\\/\\\/schema.org\",\"@graph\":[{\"@type\":[\"WebPage\",\"ProfilePage\"],\"@id\":\"https:\\\/\\\/specialpapers.fedrigoni.com\\\/prt\\\/colour-dimensions\\\/\",\"url\":\"https:\\\/\\\/specialpapers.fedrigoni.com\\\/prt\\\/colour-dimensions\\\/\",\"name\":\"Fedrigoni Color Dimensions - Sistema completo de explora\u00e7\u00e3o de cores para pap\u00e9is de gama alta.\",\"isPartOf\":{\"@id\":\"https:\\\/\\\/specialpapers.fedrigoni.com\\\/prt\\\/#website\"},\"datePublished\":\"2024-09-19T07:53:10+00:00\",\"dateModified\":\"2025-04-02T12:39:09+00:00\",\"description\":\"Color Dimensions reune o portf\u00f3lio completo de pap\u00e9is coloridos da Fedrigoni. The Compass \u00e9 o seu guia essencial e uma ferramenta para sele\u00e7\u00f5es ideais de papel.\",\"breadcrumb\":{\"@id\":\"https:\\\/\\\/specialpapers.fedrigoni.com\\\/prt\\\/colour-dimensions\\\/#breadcrumb\"},\"inLanguage\":\"pt-PT\",\"potentialAction\":[{\"@type\":\"ReadAction\",\"target\":[\"https:\\\/\\\/specialpapers.fedrigoni.com\\\/prt\\\/colour-dimensions\\\/\"]}]},{\"@type\":\"BreadcrumbList\",\"@id\":\"https:\\\/\\\/specialpapers.fedrigoni.com\\\/prt\\\/colour-dimensions\\\/#breadcrumb\",\"itemListElement\":[{\"@type\":\"ListItem\",\"position\":1,\"name\":\"Home\",\"item\":\"https:\\\/\\\/specialpapers.fedrigoni.com\\\/prt\\\/\"},{\"@type\":\"ListItem\",\"position\":2,\"name\":\"Colour dimensions\"}]},{\"@type\":\"WebSite\",\"@id\":\"https:\\\/\\\/specialpapers.fedrigoni.com\\\/prt\\\/#website\",\"url\":\"https:\\\/\\\/specialpapers.fedrigoni.com\\\/prt\\\/\",\"name\":\"Fedrigoni Special Papers\",\"description\":\"Elevating Creativity\",\"potentialAction\":[{\"@type\":\"SearchAction\",\"target\":{\"@type\":\"EntryPoint\",\"urlTemplate\":\"https:\\\/\\\/specialpapers.fedrigoni.com\\\/prt\\\/?s={search_term_string}\"},\"query-input\":{\"@type\":\"PropertyValueSpecification\",\"valueRequired\":true,\"valueName\":\"search_term_string\"}}],\"inLanguage\":\"pt-PT\"}]}<\/script>\n<!-- \/ Yoast SEO plugin. -->","yoast_head_json":{"title":"Fedrigoni Color Dimensions - Sistema completo de explora\u00e7\u00e3o de...","description":"Color Dimensions reune o portf\u00f3lio completo de pap\u00e9is coloridos da Fedrigoni. The Compass \u00e9 o seu guia essencial e uma ferramenta para ...","robots":{"index":"index","follow":"follow","max-snippet":"max-snippet:-1","max-image-preview":"max-image-preview:large","max-video-preview":"max-video-preview:-1"},"canonical":"https:\/\/specialpapers.fedrigoni.com\/prt\/colour-dimensions\/","og_locale":"pt_PT","og_type":"article","og_title":"Fedrigoni Color Dimensions - Sistema completo de explora\u00e7\u00e3o de cores para pap\u00e9is de gama alta.","og_description":"Color Dimensions reune o portf\u00f3lio completo de pap\u00e9is coloridos da Fedrigoni. The Compass \u00e9 o seu guia essencial e uma ferramenta para sele\u00e7\u00f5es ideais de papel.","og_url":"https:\/\/specialpapers.fedrigoni.com\/prt\/colour-dimensions\/","og_site_name":"Fedrigoni Special Papers","article_modified_time":"2025-04-02T12:39:09+00:00","og_image":[{"width":2000,"height":771,"url":"https:\/\/specialpapers.fedrigoni.com\/wp-content\/uploads\/2024\/09\/hero-desk-min.jpg","type":"image\/jpeg"}],"twitter_card":"summary_large_image","schema":{"@context":"https:\/\/schema.org","@graph":[{"@type":["WebPage","ProfilePage"],"@id":"https:\/\/specialpapers.fedrigoni.com\/prt\/colour-dimensions\/","url":"https:\/\/specialpapers.fedrigoni.com\/prt\/colour-dimensions\/","name":"Fedrigoni Color Dimensions - Sistema completo de explora\u00e7\u00e3o de cores para pap\u00e9is de gama alta.","isPartOf":{"@id":"https:\/\/specialpapers.fedrigoni.com\/prt\/#website"},"datePublished":"2024-09-19T07:53:10+00:00","dateModified":"2025-04-02T12:39:09+00:00","description":"Color Dimensions reune o portf\u00f3lio completo de pap\u00e9is coloridos da Fedrigoni. The Compass \u00e9 o seu guia essencial e uma ferramenta para sele\u00e7\u00f5es ideais de papel.","breadcrumb":{"@id":"https:\/\/specialpapers.fedrigoni.com\/prt\/colour-dimensions\/#breadcrumb"},"inLanguage":"pt-PT","potentialAction":[{"@type":"ReadAction","target":["https:\/\/specialpapers.fedrigoni.com\/prt\/colour-dimensions\/"]}]},{"@type":"BreadcrumbList","@id":"https:\/\/specialpapers.fedrigoni.com\/prt\/colour-dimensions\/#breadcrumb","itemListElement":[{"@type":"ListItem","position":1,"name":"Home","item":"https:\/\/specialpapers.fedrigoni.com\/prt\/"},{"@type":"ListItem","position":2,"name":"Colour dimensions"}]},{"@type":"WebSite","@id":"https:\/\/specialpapers.fedrigoni.com\/prt\/#website","url":"https:\/\/specialpapers.fedrigoni.com\/prt\/","name":"Fedrigoni Special Papers","description":"Elevating Creativity","potentialAction":[{"@type":"SearchAction","target":{"@type":"EntryPoint","urlTemplate":"https:\/\/specialpapers.fedrigoni.com\/prt\/?s={search_term_string}"},"query-input":{"@type":"PropertyValueSpecification","valueRequired":true,"valueName":"search_term_string"}}],"inLanguage":"pt-PT"}]}},"_links":{"self":[{"href":"https:\/\/specialpapers.fedrigoni.com\/prt\/wp-json\/wp\/v2\/pages\/65501","targetHints":{"allow":["GET"]}}],"collection":[{"href":"https:\/\/specialpapers.fedrigoni.com\/prt\/wp-json\/wp\/v2\/pages"}],"about":[{"href":"https:\/\/specialpapers.fedrigoni.com\/prt\/wp-json\/wp\/v2\/types\/page"}],"author":[{"embeddable":true,"href":"https:\/\/specialpapers.fedrigoni.com\/prt\/wp-json\/wp\/v2\/users\/25"}],"replies":[{"embeddable":true,"href":"https:\/\/specialpapers.fedrigoni.com\/prt\/wp-json\/wp\/v2\/comments?post=65501"}],"version-history":[{"count":0,"href":"https:\/\/specialpapers.fedrigoni.com\/prt\/wp-json\/wp\/v2\/pages\/65501\/revisions"}],"wp:attachment":[{"href":"https:\/\/specialpapers.fedrigoni.com\/prt\/wp-json\/wp\/v2\/media?parent=65501"}],"curies":[{"name":"wp","href":"https:\/\/api.w.org\/{rel}","templated":true}]}}