{"id":30749,"date":"2021-10-01T07:58:47","date_gmt":"2021-10-01T07:58:47","guid":{"rendered":"https:\/\/specialpapers.fedrigoni.com\/cookie-policy\/"},"modified":"2026-01-27T10:47:14","modified_gmt":"2026-01-27T10:47:14","slug":"cookie-policy","status":"publish","type":"page","link":"https:\/\/specialpapers.fedrigoni.com\/svk\/cookie-policy\/","title":{"rendered":"Cookie Policy"},"content":{"rendered":"<p>Prev\u00e1dzkovate\u013eom \u00fadajov je Fedrigoni S.p.A. \u2013 Viale Piave 3 &#8211; 37135 Verona (IT); e-mailov\u00e1 adresa: privacy@fedrigoni.com<\/p>\n<p>T\u00e1to str\u00e1nka pou\u017e\u00edva s\u00fabory cookie vr\u00e1tane s\u00faborov cookie poskytovate\u013eov slu\u017eieb tret\u00edch str\u00e1n, ktor\u00e9 s\u00fa nevyhnutne potrebn\u00e9 na zabezpe\u010denie spr\u00e1vneho fungovania str\u00e1nky. Okrem toho na \u00fa\u010dely personaliz\u00e1cie rekl\u00e1m a anal\u00fdzy n\u00e1v\u0161tevnosti. Inform\u00e1cie o pou\u017e\u00edvan\u00ed na\u0161ej str\u00e1nky zdie\u013eame aj s na\u0161imi partnermi v oblasti soci\u00e1lnych m\u00e9di\u00ed, reklamy a anal\u00fdzy, ktor\u00ed ich m\u00f4\u017eu kombinova\u0165 s in\u00fdmi inform\u00e1ciami, ktor\u00e9 ste im poskytli alebo ktor\u00e9 zhroma\u017edili pri pou\u017e\u00edvan\u00ed ich slu\u017eieb.<\/p>\n<p>Z\u00e1kon stanovuje, \u017ee m\u00f4\u017eeme umiestni\u0165 s\u00fabory cookie do v\u00e1\u0161ho zariadenia, ak s\u00fa nevyhnutne potrebn\u00e9 na prev\u00e1dzku tejto webovej str\u00e1nky, a to na z\u00e1klade opr\u00e1vnen\u00e9ho z\u00e1ujmu spolo\u010dnosti Fedrigoni zabezpe\u010di\u0165 spr\u00e1vne a bezpe\u010dn\u00e9 pou\u017e\u00edvanie webovej str\u00e1nky. Na v\u0161etky ostatn\u00e9 typy s\u00faborov cookie potrebujeme v\u00e1\u0161 s\u00fahlas.<\/p>\n<p>T\u00e1to str\u00e1nka pou\u017e\u00edva r\u00f4zne typy s\u00faborov cookie. Niektor\u00e9 s\u00fabory cookie s\u00fa umiestnen\u00e9 slu\u017ebami tret\u00edch str\u00e1n, ktor\u00e9 sa zobrazuj\u00fa na na\u0161ej str\u00e1nke.<\/p>\n<p>Pou\u017e\u00edvate\u013e m\u00f4\u017ee kedyko\u013evek uplatni\u0165 pr\u00e1vo na ochranu \u00fadajov pod\u013ea \u010dl\u00e1nkov 15 a\u017e 22 GDPR v rozsahu platn\u00fdch pr\u00e1vnych ustanoven\u00ed. Tieto pr\u00e1va s\u00fa nasledovn\u00e9:<\/p>\n<p>&#8211; Pr\u00e1vo odvola\u0165 svoj s\u00fahlas<br \/>\n&#8211; Pr\u00e1vo na pr\u00edstup<br \/>\n&#8211; Pr\u00e1vo na opravu<br \/>\n&#8211; Pr\u00e1vo na vymazanie<br \/>\n&#8211; Pr\u00e1vo na obmedzenie spracovania<br \/>\n&#8211; Pr\u00e1vo na prenosnos\u0165 \u00fadajov<br \/>\n&#8211; Pr\u00e1vo vznies\u0165 n\u00e1mietku proti sprac\u00favaniu osobn\u00fdch \u00fadajov<br \/>\n&#8211; Pr\u00e1vo neby\u0165 predmetom rozhodnutia zalo\u017een\u00e9ho v\u00fdlu\u010dne na automatizovanom spracovan\u00ed vr\u00e1tane profilovania.<\/p>\n<p>\u010ealej je mo\u017en\u00e9 poda\u0165 s\u0165a\u017enos\u0165 dozorn\u00e9mu org\u00e1nu.<br \/>\nVy\u0161\u0161ie uveden\u00e9 pr\u00e1va m\u00f4\u017eete uplatni\u0165 tak, \u017ee kontaktujete spr\u00e1vcu \u00fadajov na tejto e-mailovej adrese: privacy@fedrigoni.com<br \/>\nSvoj s\u00fahlas s vyhl\u00e1sen\u00edm o s\u00faboroch cookie m\u00f4\u017eete kedyko\u013evek zmeni\u0165 alebo odvola\u0165 prostredn\u00edctvom formul\u00e1ra a\/alebo ni\u017e\u0161ie.<\/p>\n<p>Viac inform\u00e1ci\u00ed o tom, kto sme, ako n\u00e1s m\u00f4\u017eete kontaktova\u0165 a ako sprac\u00favame osobn\u00e9 \u00fadaje, n\u00e1jdete v na\u0161ich Z\u00e1sad\u00e1ch ochrany osobn\u00fdch \u00fadajov.<\/p>\n<script type=\"text\/javascript\" id=\"CookieDeclaration\" src=\"https:\/\/consent.cookiebot.com\/e4330ee6-bb6a-4f10-9928-6f342f1d4ca0\/cd.js\" data-culture=\"SK\" async><\/script>\n","protected":false},"excerpt":{"rendered":"<p>Prev\u00e1dzkovate\u013eom \u00fadajov je Fedrigoni S.p.A. \u2013 Viale Piave 3 &#8211; 37135 Verona (IT); e-mailov\u00e1 adresa: privacy@fedrigoni.com T\u00e1to str\u00e1nka pou\u017e\u00edva s\u00fabory cookie vr\u00e1tane s\u00faborov cookie poskytovate\u013eov slu\u017eieb tret\u00edch str\u00e1n, ktor\u00e9 s\u00fa nevyhnutne potrebn\u00e9 na zabezpe\u010denie spr\u00e1vneho fungovania str\u00e1nky. Okrem toho na \u00fa\u010dely personaliz\u00e1cie rekl\u00e1m a anal\u00fdzy n\u00e1v\u0161tevnosti. Inform\u00e1cie o pou\u017e\u00edvan\u00ed na\u0161ej str\u00e1nky zdie\u013eame aj s na\u0161imi&#8230;<\/p>\n","protected":false},"author":7,"featured_media":0,"parent":0,"menu_order":0,"comment_status":"closed","ping_status":"closed","template":"","meta":{"_acf_changed":false,"footnotes":""},"class_list":["post-30749","page","type-page","status-publish","hentry"],"acf":[],"yoast_head":"<!-- This site is optimized with the Yoast SEO plugin v27.3 - https:\/\/yoast.com\/product\/yoast-seo-wordpress\/ -->\n<title>Cookie Policy - SVK | Special Papers<\/title>\n<meta name=\"description\" content=\"Preh\u013eadn\u00e9 inform\u00e1cie o pou\u017e\u00edvan\u00ed s\u00faborov cookie vr\u00e1tane typov \u00fa\u010delov spracovania a mo\u017enost\u00ed spr\u00e1vy nastaven\u00ed ochrany s\u00fakromia ...\" \/>\n<meta name=\"robots\" content=\"index, follow, max-snippet:-1, max-image-preview:large, max-video-preview:-1\" \/>\n<link rel=\"canonical\" href=\"https:\/\/specialpapers.fedrigoni.com\/svk\/cookie-policy\/\" \/>\n<meta property=\"og:locale\" content=\"sk_SK\" \/>\n<meta property=\"og:type\" content=\"article\" \/>\n<meta property=\"og:title\" content=\"Cookie Policy - SVK | Special Papers\" \/>\n<meta property=\"og:description\" content=\"Preh\u013eadn\u00e9 inform\u00e1cie o pou\u017e\u00edvan\u00ed s\u00faborov cookie vr\u00e1tane typov \u00fa\u010delov spracovania a mo\u017enost\u00ed spr\u00e1vy nastaven\u00ed ochrany s\u00fakromia pou\u017e\u00edvate\u013ea.\" \/>\n<meta property=\"og:url\" content=\"https:\/\/specialpapers.fedrigoni.com\/svk\/cookie-policy\/\" \/>\n<meta property=\"og:site_name\" content=\"Fedrigoni Special Papers\" \/>\n<meta property=\"article:modified_time\" content=\"2026-01-27T10:47:14+00:00\" \/>\n<meta property=\"og:image\" content=\"https:\/\/specialpapers.fedrigoni.com\/wp-content\/uploads\/2021\/09\/Banner-HP-ladder.jpg\" \/>\n\t<meta property=\"og:image:width\" content=\"2200\" \/>\n\t<meta property=\"og:image:height\" content=\"1467\" \/>\n\t<meta property=\"og:image:type\" content=\"image\/jpeg\" \/>\n<meta name=\"twitter:card\" content=\"summary_large_image\" \/>\n<meta name=\"twitter:label1\" content=\"Predpokladan\u00fd \u010das \u010d\u00edtania\" \/>\n\t<meta name=\"twitter:data1\" content=\"1 min\u00fata\" \/>\n<script type=\"application\/ld+json\" class=\"yoast-schema-graph\">{\"@context\":\"https:\\\/\\\/schema.org\",\"@graph\":[{\"@type\":[\"WebPage\",\"ProfilePage\"],\"@id\":\"https:\\\/\\\/specialpapers.fedrigoni.com\\\/svk\\\/cookie-policy\\\/\",\"url\":\"https:\\\/\\\/specialpapers.fedrigoni.com\\\/svk\\\/cookie-policy\\\/\",\"name\":\"Cookie Policy - SVK | Special Papers\",\"isPartOf\":{\"@id\":\"https:\\\/\\\/specialpapers.fedrigoni.com\\\/svk\\\/#website\"},\"datePublished\":\"2021-10-01T07:58:47+00:00\",\"dateModified\":\"2026-01-27T10:47:14+00:00\",\"description\":\"Preh\u013eadn\u00e9 inform\u00e1cie o pou\u017e\u00edvan\u00ed s\u00faborov cookie vr\u00e1tane typov \u00fa\u010delov spracovania a mo\u017enost\u00ed spr\u00e1vy nastaven\u00ed ochrany s\u00fakromia pou\u017e\u00edvate\u013ea.\",\"breadcrumb\":{\"@id\":\"https:\\\/\\\/specialpapers.fedrigoni.com\\\/svk\\\/cookie-policy\\\/#breadcrumb\"},\"inLanguage\":\"sk-SK\",\"potentialAction\":[{\"@type\":\"ReadAction\",\"target\":[\"https:\\\/\\\/specialpapers.fedrigoni.com\\\/svk\\\/cookie-policy\\\/\"]}]},{\"@type\":\"BreadcrumbList\",\"@id\":\"https:\\\/\\\/specialpapers.fedrigoni.com\\\/svk\\\/cookie-policy\\\/#breadcrumb\",\"itemListElement\":[{\"@type\":\"ListItem\",\"position\":1,\"name\":\"Home\",\"item\":\"https:\\\/\\\/specialpapers.fedrigoni.com\\\/svk\\\/\"},{\"@type\":\"ListItem\",\"position\":2,\"name\":\"Cookie Policy\"}]},{\"@type\":\"WebSite\",\"@id\":\"https:\\\/\\\/specialpapers.fedrigoni.com\\\/svk\\\/#website\",\"url\":\"https:\\\/\\\/specialpapers.fedrigoni.com\\\/svk\\\/\",\"name\":\"Fedrigoni Special Papers\",\"description\":\"Elevating Creativity\",\"potentialAction\":[{\"@type\":\"SearchAction\",\"target\":{\"@type\":\"EntryPoint\",\"urlTemplate\":\"https:\\\/\\\/specialpapers.fedrigoni.com\\\/svk\\\/?s={search_term_string}\"},\"query-input\":{\"@type\":\"PropertyValueSpecification\",\"valueRequired\":true,\"valueName\":\"search_term_string\"}}],\"inLanguage\":\"sk-SK\"}]}<\/script>\n<!-- \/ Yoast SEO plugin. -->","yoast_head_json":{"title":"Cookie Policy - SVK | Special Papers","description":"Preh\u013eadn\u00e9 inform\u00e1cie o pou\u017e\u00edvan\u00ed s\u00faborov cookie vr\u00e1tane typov \u00fa\u010delov spracovania a mo\u017enost\u00ed spr\u00e1vy nastaven\u00ed ochrany s\u00fakromia ...","robots":{"index":"index","follow":"follow","max-snippet":"max-snippet:-1","max-image-preview":"max-image-preview:large","max-video-preview":"max-video-preview:-1"},"canonical":"https:\/\/specialpapers.fedrigoni.com\/svk\/cookie-policy\/","og_locale":"sk_SK","og_type":"article","og_title":"Cookie Policy - SVK | Special Papers","og_description":"Preh\u013eadn\u00e9 inform\u00e1cie o pou\u017e\u00edvan\u00ed s\u00faborov cookie vr\u00e1tane typov \u00fa\u010delov spracovania a mo\u017enost\u00ed spr\u00e1vy nastaven\u00ed ochrany s\u00fakromia pou\u017e\u00edvate\u013ea.","og_url":"https:\/\/specialpapers.fedrigoni.com\/svk\/cookie-policy\/","og_site_name":"Fedrigoni Special Papers","article_modified_time":"2026-01-27T10:47:14+00:00","og_image":[{"width":2200,"height":1467,"url":"https:\/\/specialpapers.fedrigoni.com\/wp-content\/uploads\/2021\/09\/Banner-HP-ladder.jpg","type":"image\/jpeg"}],"twitter_card":"summary_large_image","twitter_misc":{"Predpokladan\u00fd \u010das \u010d\u00edtania":"1 min\u00fata"},"schema":{"@context":"https:\/\/schema.org","@graph":[{"@type":["WebPage","ProfilePage"],"@id":"https:\/\/specialpapers.fedrigoni.com\/svk\/cookie-policy\/","url":"https:\/\/specialpapers.fedrigoni.com\/svk\/cookie-policy\/","name":"Cookie Policy - SVK | Special Papers","isPartOf":{"@id":"https:\/\/specialpapers.fedrigoni.com\/svk\/#website"},"datePublished":"2021-10-01T07:58:47+00:00","dateModified":"2026-01-27T10:47:14+00:00","description":"Preh\u013eadn\u00e9 inform\u00e1cie o pou\u017e\u00edvan\u00ed s\u00faborov cookie vr\u00e1tane typov \u00fa\u010delov spracovania a mo\u017enost\u00ed spr\u00e1vy nastaven\u00ed ochrany s\u00fakromia pou\u017e\u00edvate\u013ea.","breadcrumb":{"@id":"https:\/\/specialpapers.fedrigoni.com\/svk\/cookie-policy\/#breadcrumb"},"inLanguage":"sk-SK","potentialAction":[{"@type":"ReadAction","target":["https:\/\/specialpapers.fedrigoni.com\/svk\/cookie-policy\/"]}]},{"@type":"BreadcrumbList","@id":"https:\/\/specialpapers.fedrigoni.com\/svk\/cookie-policy\/#breadcrumb","itemListElement":[{"@type":"ListItem","position":1,"name":"Home","item":"https:\/\/specialpapers.fedrigoni.com\/svk\/"},{"@type":"ListItem","position":2,"name":"Cookie Policy"}]},{"@type":"WebSite","@id":"https:\/\/specialpapers.fedrigoni.com\/svk\/#website","url":"https:\/\/specialpapers.fedrigoni.com\/svk\/","name":"Fedrigoni Special Papers","description":"Elevating Creativity","potentialAction":[{"@type":"SearchAction","target":{"@type":"EntryPoint","urlTemplate":"https:\/\/specialpapers.fedrigoni.com\/svk\/?s={search_term_string}"},"query-input":{"@type":"PropertyValueSpecification","valueRequired":true,"valueName":"search_term_string"}}],"inLanguage":"sk-SK"}]}},"_links":{"self":[{"href":"https:\/\/specialpapers.fedrigoni.com\/svk\/wp-json\/wp\/v2\/pages\/30749","targetHints":{"allow":["GET"]}}],"collection":[{"href":"https:\/\/specialpapers.fedrigoni.com\/svk\/wp-json\/wp\/v2\/pages"}],"about":[{"href":"https:\/\/specialpapers.fedrigoni.com\/svk\/wp-json\/wp\/v2\/types\/page"}],"author":[{"embeddable":true,"href":"https:\/\/specialpapers.fedrigoni.com\/svk\/wp-json\/wp\/v2\/users\/7"}],"replies":[{"embeddable":true,"href":"https:\/\/specialpapers.fedrigoni.com\/svk\/wp-json\/wp\/v2\/comments?post=30749"}],"version-history":[{"count":0,"href":"https:\/\/specialpapers.fedrigoni.com\/svk\/wp-json\/wp\/v2\/pages\/30749\/revisions"}],"wp:attachment":[{"href":"https:\/\/specialpapers.fedrigoni.com\/svk\/wp-json\/wp\/v2\/media?parent=30749"}],"curies":[{"name":"wp","href":"https:\/\/api.w.org\/{rel}","templated":true}]}}