{"id":30753,"date":"2021-10-01T07:57:47","date_gmt":"2021-10-01T07:57:47","guid":{"rendered":"https:\/\/specialpapers.fedrigoni.com\/privacy-policy\/"},"modified":"2025-11-14T09:55:37","modified_gmt":"2025-11-14T09:55:37","slug":"privacy-policy","status":"publish","type":"page","link":"https:\/\/specialpapers.fedrigoni.com\/svk\/privacy-policy\/","title":{"rendered":"Privacy Policy"},"content":{"rendered":"<h4>OZN\u00c1MENIE O OCHRANE OSOBN\u00ddCH \u00daDAJOV POD\u013dA \u010cL\u00c1NKU 13 NARIADENIA E\u00da 2016\/679 &#8211; POU\u017d\u00cdVATELIA WEBOV\u00ddCH PORT\u00c1LOV<\/h4>\n<p>&nbsp;<\/p>\n<p>&nbsp;<\/p>\n<p><strong>1. Spr\u00e1vca \u00fadajov<\/strong><\/p>\n<p>Spr\u00e1vcom \u00fadajov je spolo\u010dnos\u0165 Fedrigoni S.p.A., so s\u00eddlom Via Enrico Fermi 13\/F, 37135, Verona (VR) Taliansko. Ak chcete uplatni\u0165 svoje pr\u00e1va stanoven\u00e9 v platnom nariaden\u00ed, ktor\u00e9 s\u00fa uveden\u00e9 v \u010dasti &#8222;5. Pr\u00e1va dotknutej osoby&#8220;, a v pr\u00edpade ak\u00fdchko\u013evek \u010fal\u0161\u00edch \u017eiadost\u00ed t\u00fdkaj\u00facich sa ot\u00e1zok ochrany osobn\u00fdch \u00fadajov m\u00f4\u017eete kontaktova\u0165 spr\u00e1vcu \u00fadajov p\u00edsomne na adrese <a href=\"mailto:privacy@fedrigoni.com\">privacy@fedrigoni.com<\/a>.<\/p>\n<p>&nbsp;<\/p>\n<p><strong>2.Typy sprac\u00favan\u00fdch \u00fadajov<\/strong><\/p>\n<p><strong>a) Spr\u00e1va registr\u00e1cie na port\u00e1li<\/strong><\/p>\n<p>\u2022 <strong>\u00da\u010del<\/strong>: webov\u00fd port\u00e1l umo\u017e\u0148uje registr\u00e1ciu pou\u017e\u00edvate\u013eov, ktor\u00ed si tak m\u00f4\u017eu vytvori\u0165 vlastn\u00fa vyhraden\u00fa oblas\u0165 a z\u00edska\u0165 pr\u00edstup k d\u00f4vern\u00fdm a exkluz\u00edvnym inform\u00e1ci\u00e1m v r\u00e1mci platformy.<br \/>\n\u2022 <strong>Pr\u00e1vny z\u00e1klad<\/strong>: proces registr\u00e1cie sa vykon\u00e1va na z\u00e1klade s\u00fahlasu dotknutej osoby.<br \/>\n\u2022 <strong>Uchov\u00e1vanie \u00fadajov<\/strong>: \u00fadaje sa uchov\u00e1vaj\u00fa po dobu nevyhnutn\u00fa na spr\u00e1vu registra\u010dnej slu\u017eby na port\u00e1li, ktor\u00fd je pou\u017e\u00edvate\u013eovi k dispoz\u00edcii.<\/p>\n<p>Po ukon\u010den\u00ed procesu registr\u00e1cie je pou\u017e\u00edvate\u013e zaregistrovan\u00fd v syst\u00e9moch spolo\u010dnosti a m\u00e1 mo\u017enos\u0165 kedyko\u013evek po\u017eiada\u0165 o zru\u0161enie svojho \u00fa\u010dtu prostredn\u00edctvom komunika\u010dn\u00fdch kan\u00e1lov uveden\u00fdch v bode 1.<\/p>\n<p>&nbsp;<\/p>\n<p><strong>b) Spr\u00e1va komunik\u00e1cie s pou\u017e\u00edvate\u013eom<\/strong><\/p>\n<p>\u2022 <strong>\u00da\u010del<\/strong>: dobrovo\u013en\u00e9 odosielanie spr\u00e1v na kontaktn\u00e9 adresy na tejto webovej lokalite a vypl\u0148ovanie &#8222;formul\u00e1rov&#8220; vedie k z\u00edskaniu kontaktn\u00fdch \u00fadajov odosielate\u013ea, ako aj v\u0161etk\u00fdch osobn\u00fdch \u00fadajov obsiahnut\u00fdch v komunik\u00e1cii, ktor\u00e9 s\u00fa potrebn\u00e9 na splnenie konkr\u00e9tnych po\u017eiadaviek zaslan\u00fdch spr\u00e1vcovi \u00fadajov. \u00dadaje sa sprac\u00favaj\u00fa na \u00fa\u010dely spr\u00e1vy komunik\u00e1cie na z\u00e1klade potreby poskytnutia komunika\u010dnej slu\u017eby spr\u00edstupnenej pou\u017e\u00edvate\u013eovi.<br \/>\n\u2022 <strong>Pr\u00e1vny z\u00e1klad<\/strong>: \u010dinnos\u0165 spracovania sa vykon\u00e1va na z\u00e1klade s\u00fahlasu osoby, ktor\u00e1 komunik\u00e1ciu odosiela.<br \/>\n\u2022 <strong>Uchov\u00e1vanie \u00fadajov<\/strong>: \u00fadaje pou\u017e\u00edvate\u013ea s\u00fa zaznamen\u00e1van\u00e9 spr\u00e1vcom \u00fadajov a uchov\u00e1van\u00e9 po dobu potrebn\u00fa na riadenie komunik\u00e1cie, na riadenie obchodn\u00e9ho vz\u0165ahu s pou\u017e\u00edvate\u013eom, na z\u00e1klade jeho s\u00fahlasu, ktor\u00fd je mo\u017en\u00e9 kedyko\u013evek odvola\u0165 \u017eiados\u0165ou prostredn\u00edctvom komunika\u010dn\u00fdch kan\u00e1lov uveden\u00fdch v bode 1.<\/p>\n<p><strong>c) Newslettre<\/strong><\/p>\n<p>\u2022 <strong>\u00da\u010del<\/strong>: pri registr\u00e1cii na port\u00e1li a\/alebo zasielan\u00ed komunik\u00e1cie prostredn\u00edctvom &#8222;formul\u00e1rov&#8220; na platforme sa pou\u017e\u00edvate\u013e m\u00f4\u017ee prihl\u00e1si\u0165 na odber slu\u017eieb zasielania newslettrow o novink\u00e1ch a akci\u00e1ch s\u00favisiacich s ponukou produktov a slu\u017eieb.<br \/>\n\u2022 <strong>Pr\u00e1vny z\u00e1klad<\/strong>: \u00fadaje sa sprac\u00favaj\u00fa na z\u00e1klade s\u00fahlasu poskytnut\u00e9ho pou\u017e\u00edvate\u013eom v s\u00falade s \u010dl\u00e1nkom 6 ods. 1 p\u00edsm. a) nariadenia GDPR.<br \/>\n\u2022 <strong>Uchov\u00e1vanie \u00fadajov<\/strong>: osobn\u00e9 \u00fadaje sa uchov\u00e1vaj\u00fa po dobu potrebn\u00fa na spr\u00e1vu slu\u017eby zasielania noviniek spr\u00edstupnenej pou\u017e\u00edvate\u013eovi, ktor\u00fd sa m\u00f4\u017ee kedyko\u013evek rozhodn\u00fa\u0165 ukon\u010di\u0165 zasielanie noviniek odvolan\u00edm udelen\u00e9ho s\u00fahlasu prostredn\u00edctvom \u0161pecifickej funkcie pr\u00edtomnej v ka\u017edom prijatom ozn\u00e1men\u00ed alebo podan\u00edm \u017eiadosti prostredn\u00edctvom komunika\u010dn\u00fdch kan\u00e1lov uveden\u00fdch v bode 1.<\/p>\n<p>&nbsp;<\/p>\n<p><strong>d) Spr\u00e1va aplik\u00e1ci\u00ed<\/strong><\/p>\n<p>Prostredn\u00edctvom port\u00e1lu je mo\u017en\u00e9 pristupova\u0165 do oblasti &#8222;kari\u00e9ra&#8220; na konzult\u00e1ciu pracovn\u00fdch poz\u00edci\u00ed a spr\u00e1vu \u017eiadost\u00ed. V pr\u00edpade takejto \u010dinnosti spracovania n\u00e1jdete inform\u00e1cie v pravidl\u00e1ch pre uch\u00e1dza\u010dov, ktor\u00e9 s\u00fa uveden\u00e9 vo vyhradenej \u010dasti.<\/p>\n<p>&nbsp;<\/p>\n<p><strong>e) Spr\u00e1va \u00fadajov o prehliadan\u00ed<\/strong><\/p>\n<p>\u2022 <strong>\u00da\u010del<\/strong>: n\u00e1stroje pou\u017e\u00edvan\u00e9 na zabezpe\u010denie prev\u00e1dzky a bezpe\u010dnosti port\u00e1lu m\u00f4\u017eu v r\u00e1mci svojej be\u017enej \u010dinnosti sprac\u00fava\u0165 niektor\u00e9 inform\u00e1cie, ktor\u00e9 sa nezhroma\u017e\u010fuj\u00fa na to, aby boli spojen\u00e9 s pr\u00edslu\u0161n\u00fdmi osobami, ale ktor\u00e9 by v d\u00f4sledku spracovania mohli umo\u017eni\u0165 identifik\u00e1ciu pou\u017e\u00edvate\u013eov (napr. IP adresy, n\u00e1zvy dom\u00e9n po\u010d\u00edta\u010dov at\u010f.). Tak\u00e9to inform\u00e1cie sa zhroma\u017e\u010fuj\u00fa na zabezpe\u010denie bezpe\u010dnosti a riadneho fungovania port\u00e1lu.<br \/>\n\u2022 <strong>Pr\u00e1vny z\u00e1klad<\/strong>: \u00fadaje sa sprac\u00favaj\u00fa na z\u00e1klade opr\u00e1vnen\u00e9ho z\u00e1ujmu prev\u00e1dzkovate\u013ea v s\u00falade s \u010dl\u00e1nkom 6 ods. 1 p\u00edsm. f) nariadenia GDPR.<br \/>\n\u2022 <strong>Uchov\u00e1vanie \u00fadajov<\/strong>: \u00fadaje sa uchov\u00e1vaj\u00fa po dobu nevyhnutne potrebn\u00fa na dosiahnutie stanoven\u00fdch \u00fa\u010delov.<\/p>\n<p>&nbsp;<\/p>\n<p><strong>f) Obchodn\u00e9 kontakty<\/strong><\/p>\n<p>\u2022 <strong>\u00da\u010del<\/strong>: Kontaktn\u00e9 \u00fadaje, ktor\u00e9 ste poskytli, sa uchov\u00e1vaj\u00fa a sprac\u00favaj\u00fa na \u00fa\u010dely riadenia obchodn\u00e9ho vz\u0165ahu, ako kontaktn\u00e9 miesto pre z\u00e1kazn\u00edka\/potenci\u00e1lneho z\u00e1kazn\u00edka.<br \/>\n\u2022 <strong>Pr\u00e1vny z\u00e1klad<\/strong>: \u010cinnos\u0165 spr\u00e1vy va\u0161ich kontaktn\u00fdch \u00fadajov sa vykon\u00e1va na z\u00e1klade existuj\u00facej zmluvy medzi stranami alebo z d\u00f4vodu obchodn\u00e9ho z\u00e1ujmu, ktor\u00fd m\u00f4\u017ee vies\u0165 k bud\u00facemu uzatvoreniu zmluvn\u00fdch doh\u00f4d.<br \/>\nKedyko\u013evek m\u00f4\u017eete po\u017eiada\u0165 o vymazanie svojich kontaktn\u00fdch \u00fadajov podan\u00edm \u017eiadosti prostredn\u00edctvom komunika\u010dn\u00fdch kan\u00e1lov uveden\u00fdch v bode 1.<br \/>\n\u2022 <strong>Uchov\u00e1vanie \u00fadajov<\/strong>: \u00fadaje sa uchov\u00e1vaj\u00fa 36 mesiacov a od posledn\u00e9ho uskuto\u010dnen\u00e9ho odborn\u00e9ho kontaktu; ak je definovan\u00e1 zmluvn\u00e1 dohoda, \u00fadaje sa uchov\u00e1vaj\u00fa a\u017e do ukon\u010denia pr\u00e1vnych \u00fa\u010dinkov z nej vypl\u00fdvaj\u00facich.<\/p>\n<p>&nbsp;<\/p>\n<p><strong>g) Obchodn\u00e1 komunik\u00e1cia B2B<\/strong><\/p>\n<p>\u2022 <strong>\u00da\u010del<\/strong>: kontaktn\u00e9 \u00fadaje, ktor\u00e9 ste poskytli v s\u00favislosti s nadviazan\u00edm\/udr\u017eiavan\u00edm profesion\u00e1lneho\/obchodn\u00e9ho vz\u0165ahu, sa uchov\u00e1vaj\u00fa a sprac\u00favaj\u00fa na \u00fa\u010dely zasielania propaga\u010dn\u00fdch a aktualiza\u010dn\u00fdch ozn\u00e1men\u00ed a zasielania dotazn\u00edkov o z\u00e1\u013eube na z\u00edskanie sp\u00e4tnej v\u00e4zby a podnetov na zlep\u0161enie.<br \/>\n\u2022 <strong>Pr\u00e1vny z\u00e1klad<\/strong>: \u010dinnos\u0165 spracovania sa vykon\u00e1va na z\u00e1klade opr\u00e1vnen\u00e9ho z\u00e1ujmu prev\u00e1dzkovate\u013ea \u00fadajov udr\u017eiava\u0165 a zlep\u0161ova\u0165 profesion\u00e1lne kontakty so svojimi s\u00fa\u010dasn\u00fdmi alebo potenci\u00e1lnymi obchodn\u00fdmi partnermi.<br \/>\n\u2022 <strong>Uchov\u00e1vanie \u00fadajov<\/strong>: \u00fadaje sa bud\u00fa sprac\u00fava\u0165 na \u00fa\u010dely zasielania komunik\u00e1cie po\u010das 36 mesiacov od posledn\u00e9ho nadviazan\u00e9ho profesion\u00e1lneho kontaktu. Kedyko\u013evek m\u00f4\u017eete po\u017eiada\u0165 o nezasielanie tak\u00fdchto spr\u00e1v v\u00fdberom odkazu v uv\u00edtacom e-maile alebo podan\u00edm \u017eiadosti prostredn\u00edctvom komunika\u010dn\u00fdch kan\u00e1lov uveden\u00fdch v bode 1.<\/p>\n<p>&nbsp;<\/p>\n<p><strong>h) Registr\u00e1cia a komunik\u00e1cia v r\u00e1mci ocenenia Fedrigoni Top Awards<\/strong><\/p>\n<p>\u2022 <strong>\u00da\u010del<\/strong>: kontaktn\u00e9 \u00fadaje, ktor\u00e9 ste poskytli v r\u00e1mci registr\u00e1cie na podujatie Fedrigoni Top Awards, sa uchov\u00e1vaj\u00fa a sprac\u00favaj\u00fa na \u00fa\u010dely spr\u00e1vy registr\u00e1cie a n\u00e1sledne na zasielanie aktualiza\u010dnej komunik\u00e1cie (napr. nomin\u00e1cie na ocenenia, \u010fal\u0161ie vydania at\u010f.).<br \/>\n\u2022 <strong>Pr\u00e1vny z\u00e1klad<\/strong>: spracovate\u013esk\u00e1 \u010dinnos\u0165 sa vykon\u00e1va na z\u00e1klade opr\u00e1vnen\u00e9ho z\u00e1ujmu prev\u00e1dzkovate\u013ea \u00fadajov na riadenie procesu \u00fa\u010dasti \u010dlenov a informovanie \u00fa\u010dastn\u00edkov o v\u00fdvoji iniciat\u00edvy Top Awards.<br \/>\n\u2022 <strong>Uchov\u00e1vanie \u00fadajov<\/strong>: \u00fadaje sa uchov\u00e1vaj\u00fa po dobu potrebn\u00fa na riadenie \u00fa\u010dasti na podujat\u00ed a n\u00e1sledne na zasielanie uveden\u00fdch ozn\u00e1men\u00ed. Pou\u017e\u00edvate\u013e m\u00f4\u017ee kedyko\u013evek po\u017eiada\u0165 o zastavenie zasielania informa\u010dn\u00fdch bulletinov prostredn\u00edctvom \u0161pecifickej funkcie pr\u00edtomnej v ka\u017edej prijatej komunik\u00e1cii alebo podan\u00edm \u017eiadosti prostredn\u00edctvom komunika\u010dn\u00fdch kan\u00e1lov uveden\u00fdch v bode 1.<\/p>\n<p><strong>i) Spr\u00e1va s\u00faborov cookie<\/strong><\/p>\n<p>Port\u00e1l vyu\u017e\u00edva s\u00fabory cookie, prostredn\u00edctvom ktor\u00fdch sa m\u00f4\u017eu sprac\u00fava\u0165 osobn\u00e9 \u00fadaje pou\u017e\u00edvate\u013ea. V s\u00favislosti s tak\u00fdmto spracovan\u00edm v\u00e1s vyz\u00fdvame, aby ste si pozreli Z\u00e1sady pou\u017e\u00edvania s\u00faborov cookie.<\/p>\n<p><strong>3. Sp\u00f4soby spracovania<\/strong><\/p>\n<p>Va\u0161e osobn\u00e9 \u00fadaje sa sprac\u00favaj\u00fa v s\u00falade s ustanoveniami stanoven\u00fdmi platnou legislat\u00edvou t\u00fdkaj\u00facou sa ochrany osobn\u00fdch \u00fadajov, a to anal\u00f3gov\u00fdmi a digit\u00e1lnymi prostriedkami s pou\u017eit\u00edm met\u00f3d a prostriedkov vhodn\u00fdch na zaru\u010denie ich bezpe\u010dnosti a d\u00f4vernosti v s\u00falade s ustanoveniami predpokladan\u00fdmi v \u010dl\u00e1nku 32 GDPR.<\/p>\n<p>&nbsp;<\/p>\n<p><strong>4. Strany, ktor\u00fdm alebo ktor\u00fdm m\u00f4\u017eu by\u0165 va\u0161e osobn\u00e9 \u00fadaje poskytnut\u00e9<\/strong><\/p>\n<p>Na realiz\u00e1ciu vy\u0161\u0161ie op\u00edsan\u00fdch \u00fa\u010delov sa va\u0161e osobn\u00e9 \u00fadaje m\u00f4\u017eu dosta\u0165 do povedomia zamestnancov, spolupracovn\u00edkov a obchodn\u00fdch z\u00e1stupcov Prev\u00e1dzkovate\u013ea, ktor\u00ed bud\u00fa p\u00f4sobi\u0165 ako strany opr\u00e1vnen\u00e9 vykon\u00e1va\u0165 spracovanie a\/alebo spracovatelia \u00fadajov.<br \/>\nOkrem toho m\u00f4\u017ee by\u0165 potrebn\u00e9, aby Prev\u00e1dzkovate\u013e ozn\u00e1mil va\u0161e osobn\u00e9 \u00fadaje tret\u00edm stran\u00e1m patriacim napr. do nasleduj\u00facich kateg\u00f3ri\u00ed:<\/p>\n<p>\u2022 spolo\u010dnostiam patriacim do skupiny Fedrigoni Group;<br \/>\n\u2022 stran\u00e1m, ktor\u00e9 poskytuj\u00fa slu\u017eby na spr\u00e1vu slu\u017eieb IKT (napr. spr\u00e1va webov\u00fdch str\u00e1nok), komunika\u010dn\u00e9 slu\u017eby (napr. spr\u00e1va mailing listu) a spr\u00e1vu aplik\u00e1ci\u00ed.<\/p>\n<p>Prev\u00e1dzkovate\u013e m\u00f4\u017ee prenies\u0165 va\u0161e osobn\u00e9 \u00fadaje mimo Eur\u00f3pskeho hospod\u00e1rskeho priestoru, pri\u010dom zabezpe\u010d\u00ed jednu z nasleduj\u00facich podmienok: \u010di ide o tretiu krajinu, ktor\u00e1 sa pova\u017euje za primeran\u00fa pod\u013ea \u010dl\u00e1nku 45 GDPR, alebo o krajinu, pre ktor\u00fa prev\u00e1dzkovate\u013e poskytuje primeran\u00e9 z\u00e1ruky o ochrane \u00fadajov pod\u013ea \u010dl\u00e1nkov 46 a 47 GDPR a zabezpe\u010duje, aby dotknut\u00e9 osoby mali vymo\u017eite\u013en\u00e9 pr\u00e1va a \u00fa\u010dinn\u00e9 opravn\u00e9 prostriedky.<\/p>\n<p>&nbsp;<\/p>\n<p><strong>5. Pr\u00e1va dotknutej osoby<\/strong><\/p>\n<p>Prev\u00e1dzkovate\u013e \u00fadajov venuje osobitn\u00fa pozornos\u0165 ochrane va\u0161ich \u00fadajov a informuje v\u00e1s, \u017ee za podmienok stanoven\u00fdch v platn\u00fdch pr\u00e1vnych predpisoch m\u00f4\u017eete uplatni\u0165 nasleduj\u00face pr\u00e1va:<\/p>\n<p>\u2022 <strong>pr\u00e1vo na pr\u00edstup<\/strong> &#8211; pr\u00e1vo z\u00edska\u0165 od prev\u00e1dzkovate\u013ea \u00fadajov potvrdenie o tom, \u010di sa sprac\u00favaj\u00fa osobn\u00e9 \u00fadaje, ktor\u00e9 sa v\u00e1s t\u00fdkaj\u00fa, a v takom pr\u00edpade z\u00edska\u0165 pr\u00edstup k osobn\u00fdm \u00fadajom;<br \/>\n\u2022 <strong>pr\u00e1vo na opravu<\/strong> &#8211; pr\u00e1vo z\u00edska\u0165 od prev\u00e1dzkovate\u013ea \u00fadajov bez zbyto\u010dn\u00e9ho odkladu opravu nepresn\u00fdch osobn\u00fdch \u00fadajov, ktor\u00e9 sa v\u00e1s t\u00fdkaj\u00fa, a pr\u00e1vo na doplnenie ne\u00fapln\u00fdch osobn\u00fdch \u00fadajov;<br \/>\n\u2022 <strong>pr\u00e1vo na vymazanie (&#8222;pr\u00e1vo by\u0165 zabudnut\u00fd&#8220;)<\/strong> &#8211; pr\u00e1vo z\u00edska\u0165 od prev\u00e1dzkovate\u013ea \u00fadajov vymazanie osobn\u00fdch \u00fadajov, ktor\u00e9 sa v\u00e1s t\u00fdkaj\u00fa, bez zbyto\u010dn\u00e9ho odkladu;<br \/>\n\u2022 <strong>pr\u00e1vo na obmedzenie sprac\u00favania<\/strong> &#8211; v pr\u00edpade potreby pr\u00e1vo na obmedzenie sprac\u00favania, ak s\u00fa splnen\u00e9 z\u00e1konn\u00e9 po\u017eiadavky;<br \/>\n\u2022 <strong>pr\u00e1vo na prenosnos\u0165 \u00fadajov<\/strong> &#8211; pr\u00e1vo z\u00edska\u0165 v \u0161trukt\u00farovanom form\u00e1te be\u017en\u00e9ho pou\u017eitia, ktor\u00fd mo\u017eno pre\u010d\u00edta\u0165 automatick\u00fdm zariaden\u00edm, osobn\u00e9 \u00fadaje, ktor\u00e9 sa v\u00e1s t\u00fdkaj\u00fa a ktor\u00e9 ste poskytli prev\u00e1dzkovate\u013eovi \u00fadajov, a pr\u00e1vo slobodne ich posla\u0165 in\u00e9mu prev\u00e1dzkovate\u013eovi \u00fadajov;<br \/>\n\u2022 <strong>pr\u00e1vo namieta\u0165<\/strong> &#8211; pr\u00e1vo kedyko\u013evek namieta\u0165 proti sprac\u00favaniu osobn\u00fdch \u00fadajov, ktor\u00e9 sa v\u00e1s t\u00fdkaj\u00fa, ak nastan\u00fa ustanovenia uveden\u00e9 v pr\u00e1vnych predpisoch;<br \/>\n\u2022 <strong>odvolanie s\u00fahlasu<\/strong> &#8211; pr\u00e1vo kedyko\u013evek po\u017eiada\u0165 o odvolanie udelen\u00e9ho s\u00fahlasu bez toho, aby to malo vplyv na z\u00e1konnos\u0165 sprac\u00favania zalo\u017een\u00e9ho na s\u00fahlase udelenom pred jeho odvolan\u00edm.<br \/>\nVy\u0161\u0161ie uveden\u00e9 pr\u00e1va m\u00f4\u017eete uplatni\u0165 u prev\u00e1dzkovate\u013ea prostredn\u00edctvom kontaktov uveden\u00fdch vy\u0161\u0161ie v bode 1.<\/p>\n<p>Ak sa chcete dozvedie\u0165 o svojich pr\u00e1vach, poda\u0165 s\u0165a\u017enos\u0165 a by\u0165 informovan\u00ed o aktu\u00e1lnych pr\u00e1vnych predpisoch t\u00fdkaj\u00facich sa ochrany fyzick\u00fdch os\u00f4b pri sprac\u00favan\u00ed osobn\u00fdch \u00fadajov, m\u00f4\u017eete sa obr\u00e1ti\u0165 na \u00darad na ochranu osobn\u00fdch \u00fadajov na webovej str\u00e1nke <a href=\"http:\/\/www.garanteprivacy.it\/\" target=\"_blank\" rel=\"noopener\">Garante della Privacy: http:\/\/www.garanteprivacy.it\/<\/a>.<\/p>\n","protected":false},"excerpt":{"rendered":"<p>OZN\u00c1MENIE O OCHRANE OSOBN\u00ddCH \u00daDAJOV POD\u013dA \u010cL\u00c1NKU 13 NARIADENIA E\u00da 2016\/679 &#8211; POU\u017d\u00cdVATELIA WEBOV\u00ddCH PORT\u00c1LOV &nbsp; &nbsp; 1. Spr\u00e1vca \u00fadajov Spr\u00e1vcom \u00fadajov je spolo\u010dnos\u0165 Fedrigoni S.p.A., so s\u00eddlom Via Enrico Fermi 13\/F, 37135, Verona (VR) Taliansko. Ak chcete uplatni\u0165 svoje pr\u00e1va stanoven\u00e9 v platnom nariaden\u00ed, ktor\u00e9 s\u00fa uveden\u00e9 v \u010dasti &#8222;5. Pr\u00e1va dotknutej osoby&#8220;, a&#8230;<\/p>\n","protected":false},"author":7,"featured_media":0,"parent":0,"menu_order":0,"comment_status":"closed","ping_status":"closed","template":"","meta":{"_acf_changed":false,"footnotes":""},"class_list":["post-30753","page","type-page","status-publish","hentry"],"acf":[],"yoast_head":"<!-- This site is optimized with the Yoast SEO plugin v27.4 - https:\/\/yoast.com\/product\/yoast-seo-wordpress\/ -->\n<title>Privacy Policy - SVK | Special Papers<\/title>\n<meta name=\"description\" content=\"Dekorat\u00edvny papier s jemn\u00fdm reli\u00e9fnym povrchom a m\u00e4kk\u00fdm leskom, optimalizovan\u00fd pre pr\u00e9miov\u00fa tla\u010d a balenie s d\u00f4razom na materi\u00e1lov\u00fa ...\" \/>\n<meta name=\"robots\" content=\"index, follow, max-snippet:-1, max-image-preview:large, max-video-preview:-1\" \/>\n<link rel=\"canonical\" href=\"https:\/\/specialpapers.fedrigoni.com\/svk\/privacy-policy\/\" \/>\n<meta property=\"og:locale\" content=\"sk_SK\" \/>\n<meta property=\"og:type\" content=\"article\" \/>\n<meta property=\"og:title\" content=\"Privacy Policy - SVK | Special Papers\" \/>\n<meta property=\"og:description\" content=\"Dekorat\u00edvny papier s jemn\u00fdm reli\u00e9fnym povrchom a m\u00e4kk\u00fdm leskom, optimalizovan\u00fd pre pr\u00e9miov\u00fa tla\u010d a balenie s d\u00f4razom na materi\u00e1lov\u00fa kvalitu.\" \/>\n<meta property=\"og:url\" content=\"https:\/\/specialpapers.fedrigoni.com\/svk\/privacy-policy\/\" \/>\n<meta property=\"og:site_name\" content=\"Fedrigoni Special Papers\" \/>\n<meta property=\"article:modified_time\" content=\"2025-11-14T09:55:37+00:00\" \/>\n<meta property=\"og:image\" content=\"https:\/\/specialpapers.fedrigoni.com\/wp-content\/uploads\/2021\/09\/Banner-HP-ladder.jpg\" \/>\n\t<meta property=\"og:image:width\" content=\"2200\" \/>\n\t<meta property=\"og:image:height\" content=\"1467\" \/>\n\t<meta property=\"og:image:type\" content=\"image\/jpeg\" \/>\n<meta name=\"twitter:card\" content=\"summary_large_image\" \/>\n<meta name=\"twitter:label1\" content=\"Predpokladan\u00fd \u010das \u010d\u00edtania\" \/>\n\t<meta name=\"twitter:data1\" content=\"6 min\u00fat\" \/>\n<script type=\"application\/ld+json\" class=\"yoast-schema-graph\">{\"@context\":\"https:\\\/\\\/schema.org\",\"@graph\":[{\"@type\":[\"WebPage\",\"ProfilePage\"],\"@id\":\"https:\\\/\\\/specialpapers.fedrigoni.com\\\/svk\\\/privacy-policy\\\/\",\"url\":\"https:\\\/\\\/specialpapers.fedrigoni.com\\\/svk\\\/privacy-policy\\\/\",\"name\":\"Privacy Policy - SVK | Special Papers\",\"isPartOf\":{\"@id\":\"https:\\\/\\\/specialpapers.fedrigoni.com\\\/svk\\\/#website\"},\"datePublished\":\"2021-10-01T07:57:47+00:00\",\"dateModified\":\"2025-11-14T09:55:37+00:00\",\"description\":\"Dekorat\u00edvny papier s jemn\u00fdm reli\u00e9fnym povrchom a m\u00e4kk\u00fdm leskom, optimalizovan\u00fd pre pr\u00e9miov\u00fa tla\u010d a balenie s d\u00f4razom na materi\u00e1lov\u00fa kvalitu.\",\"breadcrumb\":{\"@id\":\"https:\\\/\\\/specialpapers.fedrigoni.com\\\/svk\\\/privacy-policy\\\/#breadcrumb\"},\"inLanguage\":\"sk-SK\",\"potentialAction\":[{\"@type\":\"ReadAction\",\"target\":[\"https:\\\/\\\/specialpapers.fedrigoni.com\\\/svk\\\/privacy-policy\\\/\"]}]},{\"@type\":\"BreadcrumbList\",\"@id\":\"https:\\\/\\\/specialpapers.fedrigoni.com\\\/svk\\\/privacy-policy\\\/#breadcrumb\",\"itemListElement\":[{\"@type\":\"ListItem\",\"position\":1,\"name\":\"Home\",\"item\":\"https:\\\/\\\/specialpapers.fedrigoni.com\\\/svk\\\/\"},{\"@type\":\"ListItem\",\"position\":2,\"name\":\"Privacy Policy\"}]},{\"@type\":\"WebSite\",\"@id\":\"https:\\\/\\\/specialpapers.fedrigoni.com\\\/svk\\\/#website\",\"url\":\"https:\\\/\\\/specialpapers.fedrigoni.com\\\/svk\\\/\",\"name\":\"Fedrigoni Special Papers\",\"description\":\"Elevating Creativity\",\"potentialAction\":[{\"@type\":\"SearchAction\",\"target\":{\"@type\":\"EntryPoint\",\"urlTemplate\":\"https:\\\/\\\/specialpapers.fedrigoni.com\\\/svk\\\/?s={search_term_string}\"},\"query-input\":{\"@type\":\"PropertyValueSpecification\",\"valueRequired\":true,\"valueName\":\"search_term_string\"}}],\"inLanguage\":\"sk-SK\"}]}<\/script>\n<!-- \/ Yoast SEO plugin. -->","yoast_head_json":{"title":"Privacy Policy - SVK | Special Papers","description":"Dekorat\u00edvny papier s jemn\u00fdm reli\u00e9fnym povrchom a m\u00e4kk\u00fdm leskom, optimalizovan\u00fd pre pr\u00e9miov\u00fa tla\u010d a balenie s d\u00f4razom na materi\u00e1lov\u00fa ...","robots":{"index":"index","follow":"follow","max-snippet":"max-snippet:-1","max-image-preview":"max-image-preview:large","max-video-preview":"max-video-preview:-1"},"canonical":"https:\/\/specialpapers.fedrigoni.com\/svk\/privacy-policy\/","og_locale":"sk_SK","og_type":"article","og_title":"Privacy Policy - SVK | Special Papers","og_description":"Dekorat\u00edvny papier s jemn\u00fdm reli\u00e9fnym povrchom a m\u00e4kk\u00fdm leskom, optimalizovan\u00fd pre pr\u00e9miov\u00fa tla\u010d a balenie s d\u00f4razom na materi\u00e1lov\u00fa kvalitu.","og_url":"https:\/\/specialpapers.fedrigoni.com\/svk\/privacy-policy\/","og_site_name":"Fedrigoni Special Papers","article_modified_time":"2025-11-14T09:55:37+00:00","og_image":[{"width":2200,"height":1467,"url":"https:\/\/specialpapers.fedrigoni.com\/wp-content\/uploads\/2021\/09\/Banner-HP-ladder.jpg","type":"image\/jpeg"}],"twitter_card":"summary_large_image","twitter_misc":{"Predpokladan\u00fd \u010das \u010d\u00edtania":"6 min\u00fat"},"schema":{"@context":"https:\/\/schema.org","@graph":[{"@type":["WebPage","ProfilePage"],"@id":"https:\/\/specialpapers.fedrigoni.com\/svk\/privacy-policy\/","url":"https:\/\/specialpapers.fedrigoni.com\/svk\/privacy-policy\/","name":"Privacy Policy - SVK | Special Papers","isPartOf":{"@id":"https:\/\/specialpapers.fedrigoni.com\/svk\/#website"},"datePublished":"2021-10-01T07:57:47+00:00","dateModified":"2025-11-14T09:55:37+00:00","description":"Dekorat\u00edvny papier s jemn\u00fdm reli\u00e9fnym povrchom a m\u00e4kk\u00fdm leskom, optimalizovan\u00fd pre pr\u00e9miov\u00fa tla\u010d a balenie s d\u00f4razom na materi\u00e1lov\u00fa kvalitu.","breadcrumb":{"@id":"https:\/\/specialpapers.fedrigoni.com\/svk\/privacy-policy\/#breadcrumb"},"inLanguage":"sk-SK","potentialAction":[{"@type":"ReadAction","target":["https:\/\/specialpapers.fedrigoni.com\/svk\/privacy-policy\/"]}]},{"@type":"BreadcrumbList","@id":"https:\/\/specialpapers.fedrigoni.com\/svk\/privacy-policy\/#breadcrumb","itemListElement":[{"@type":"ListItem","position":1,"name":"Home","item":"https:\/\/specialpapers.fedrigoni.com\/svk\/"},{"@type":"ListItem","position":2,"name":"Privacy Policy"}]},{"@type":"WebSite","@id":"https:\/\/specialpapers.fedrigoni.com\/svk\/#website","url":"https:\/\/specialpapers.fedrigoni.com\/svk\/","name":"Fedrigoni Special Papers","description":"Elevating Creativity","potentialAction":[{"@type":"SearchAction","target":{"@type":"EntryPoint","urlTemplate":"https:\/\/specialpapers.fedrigoni.com\/svk\/?s={search_term_string}"},"query-input":{"@type":"PropertyValueSpecification","valueRequired":true,"valueName":"search_term_string"}}],"inLanguage":"sk-SK"}]}},"_links":{"self":[{"href":"https:\/\/specialpapers.fedrigoni.com\/svk\/wp-json\/wp\/v2\/pages\/30753","targetHints":{"allow":["GET"]}}],"collection":[{"href":"https:\/\/specialpapers.fedrigoni.com\/svk\/wp-json\/wp\/v2\/pages"}],"about":[{"href":"https:\/\/specialpapers.fedrigoni.com\/svk\/wp-json\/wp\/v2\/types\/page"}],"author":[{"embeddable":true,"href":"https:\/\/specialpapers.fedrigoni.com\/svk\/wp-json\/wp\/v2\/users\/7"}],"replies":[{"embeddable":true,"href":"https:\/\/specialpapers.fedrigoni.com\/svk\/wp-json\/wp\/v2\/comments?post=30753"}],"version-history":[{"count":0,"href":"https:\/\/specialpapers.fedrigoni.com\/svk\/wp-json\/wp\/v2\/pages\/30753\/revisions"}],"wp:attachment":[{"href":"https:\/\/specialpapers.fedrigoni.com\/svk\/wp-json\/wp\/v2\/media?parent=30753"}],"curies":[{"name":"wp","href":"https:\/\/api.w.org\/{rel}","templated":true}]}}