{"id":30899,"date":"2021-08-25T10:34:17","date_gmt":"2021-08-25T10:34:17","guid":{"rendered":"https:\/\/specialpapers.fedrigoni.com\/inspire-me\/"},"modified":"2021-12-20T12:46:25","modified_gmt":"2021-12-20T12:46:25","slug":"inspire-me","status":"publish","type":"page","link":"https:\/\/specialpapers.fedrigoni.com\/svk\/inspire-me\/","title":{"rendered":"Inspire Me"},"content":{"rendered":"<p><strong>Nekone\u010dn\u00e9 mo\u017enosti<\/strong><\/p>\n<p>Zavrite o\u010di a znovu ich otvorte do sveta papiera Fedrigoni. \u010cak\u00e1 v\u00e1s cesta nekone\u010dn\u00fdch tvoriv\u00fdch mo\u017enost\u00ed. Pr\u00edbehy, ktor\u00e9 m\u00f4\u017eete pre\u017ei\u0165 v\u0161etk\u00fdmi zmyslami. Projekty, ktor\u00e9 rozpr\u00e1vaj\u00fa pr\u00edbeh v\u00e1\u0161ho (a n\u00e1\u0161ho) umenia.  <\/p>\n<p>ANKETA<br \/>\nAko by ste op\u00edsali svoj z\u00e1ujem o papiere Fedrigoni?<\/p>\n","protected":false},"excerpt":{"rendered":"<p>Nekone\u010dn\u00e9 mo\u017enosti Zavrite o\u010di a znovu ich otvorte do sveta papiera Fedrigoni. \u010cak\u00e1 v\u00e1s cesta nekone\u010dn\u00fdch tvoriv\u00fdch mo\u017enost\u00ed. Pr\u00edbehy, ktor\u00e9 m\u00f4\u017eete pre\u017ei\u0165 v\u0161etk\u00fdmi zmyslami. Projekty, ktor\u00e9 rozpr\u00e1vaj\u00fa pr\u00edbeh v\u00e1\u0161ho (a n\u00e1\u0161ho) umenia. ANKETA Ako by ste op\u00edsali svoj z\u00e1ujem o papiere Fedrigoni?<\/p>\n","protected":false},"author":7,"featured_media":0,"parent":0,"menu_order":0,"comment_status":"closed","ping_status":"closed","template":"","meta":{"_acf_changed":false,"footnotes":""},"class_list":["post-30899","page","type-page","status-publish","hentry"],"acf":[],"yoast_head":"<!-- This site is optimized with the Yoast SEO plugin v27.3 - https:\/\/yoast.com\/product\/yoast-seo-wordpress\/ -->\n<title>Inspire Me<\/title>\n<meta name=\"robots\" content=\"index, follow, max-snippet:-1, max-image-preview:large, max-video-preview:-1\" \/>\n<link rel=\"canonical\" href=\"https:\/\/specialpapers.fedrigoni.com\/svk\/inspire-me\/\" \/>\n<meta property=\"og:locale\" content=\"sk_SK\" \/>\n<meta property=\"og:type\" content=\"article\" \/>\n<meta property=\"og:title\" content=\"Inspire Me\" \/>\n<meta property=\"og:description\" content=\"Nekone\u010dn\u00e9 mo\u017enosti Zavrite o\u010di a znovu ich otvorte do sveta papiera Fedrigoni. \u010cak\u00e1 v\u00e1s cesta nekone\u010dn\u00fdch tvoriv\u00fdch mo\u017enost\u00ed. Pr\u00edbehy, ktor\u00e9 m\u00f4\u017eete pre\u017ei\u0165 v\u0161etk\u00fdmi zmyslami. Projekty, ktor\u00e9 rozpr\u00e1vaj\u00fa pr\u00edbeh v\u00e1\u0161ho (a n\u00e1\u0161ho) umenia. ANKETA Ako by ste op\u00edsali svoj z\u00e1ujem o papiere Fedrigoni?\" \/>\n<meta property=\"og:url\" content=\"https:\/\/specialpapers.fedrigoni.com\/svk\/inspire-me\/\" \/>\n<meta property=\"og:site_name\" content=\"Fedrigoni Special Papers\" \/>\n<meta property=\"article:modified_time\" content=\"2021-12-20T12:46:25+00:00\" \/>\n<meta property=\"og:image\" content=\"https:\/\/specialpapers.fedrigoni.com\/wp-content\/uploads\/2021\/09\/Banner-HP-ladder.jpg\" \/>\n\t<meta property=\"og:image:width\" content=\"2200\" \/>\n\t<meta property=\"og:image:height\" content=\"1467\" \/>\n\t<meta property=\"og:image:type\" content=\"image\/jpeg\" \/>\n<meta name=\"twitter:card\" content=\"summary_large_image\" \/>\n<script type=\"application\/ld+json\" class=\"yoast-schema-graph\">{\"@context\":\"https:\\\/\\\/schema.org\",\"@graph\":[{\"@type\":[\"WebPage\",\"ProfilePage\"],\"@id\":\"https:\\\/\\\/specialpapers.fedrigoni.com\\\/svk\\\/inspire-me\\\/\",\"url\":\"https:\\\/\\\/specialpapers.fedrigoni.com\\\/svk\\\/inspire-me\\\/\",\"name\":\"Inspire Me\",\"isPartOf\":{\"@id\":\"https:\\\/\\\/specialpapers.fedrigoni.com\\\/svk\\\/#website\"},\"datePublished\":\"2021-08-25T10:34:17+00:00\",\"dateModified\":\"2021-12-20T12:46:25+00:00\",\"breadcrumb\":{\"@id\":\"https:\\\/\\\/specialpapers.fedrigoni.com\\\/svk\\\/inspire-me\\\/#breadcrumb\"},\"inLanguage\":\"sk-SK\",\"potentialAction\":[{\"@type\":\"ReadAction\",\"target\":[\"https:\\\/\\\/specialpapers.fedrigoni.com\\\/svk\\\/inspire-me\\\/\"]}]},{\"@type\":\"BreadcrumbList\",\"@id\":\"https:\\\/\\\/specialpapers.fedrigoni.com\\\/svk\\\/inspire-me\\\/#breadcrumb\",\"itemListElement\":[{\"@type\":\"ListItem\",\"position\":1,\"name\":\"Home\",\"item\":\"https:\\\/\\\/specialpapers.fedrigoni.com\\\/svk\\\/\"},{\"@type\":\"ListItem\",\"position\":2,\"name\":\"Inspire Me\"}]},{\"@type\":\"WebSite\",\"@id\":\"https:\\\/\\\/specialpapers.fedrigoni.com\\\/svk\\\/#website\",\"url\":\"https:\\\/\\\/specialpapers.fedrigoni.com\\\/svk\\\/\",\"name\":\"Fedrigoni Special Papers\",\"description\":\"Elevating Creativity\",\"potentialAction\":[{\"@type\":\"SearchAction\",\"target\":{\"@type\":\"EntryPoint\",\"urlTemplate\":\"https:\\\/\\\/specialpapers.fedrigoni.com\\\/svk\\\/?s={search_term_string}\"},\"query-input\":{\"@type\":\"PropertyValueSpecification\",\"valueRequired\":true,\"valueName\":\"search_term_string\"}}],\"inLanguage\":\"sk-SK\"}]}<\/script>\n<!-- \/ Yoast SEO plugin. -->","yoast_head_json":{"title":"Inspire Me","robots":{"index":"index","follow":"follow","max-snippet":"max-snippet:-1","max-image-preview":"max-image-preview:large","max-video-preview":"max-video-preview:-1"},"canonical":"https:\/\/specialpapers.fedrigoni.com\/svk\/inspire-me\/","og_locale":"sk_SK","og_type":"article","og_title":"Inspire Me","og_description":"Nekone\u010dn\u00e9 mo\u017enosti Zavrite o\u010di a znovu ich otvorte do sveta papiera Fedrigoni. \u010cak\u00e1 v\u00e1s cesta nekone\u010dn\u00fdch tvoriv\u00fdch mo\u017enost\u00ed. Pr\u00edbehy, ktor\u00e9 m\u00f4\u017eete pre\u017ei\u0165 v\u0161etk\u00fdmi zmyslami. Projekty, ktor\u00e9 rozpr\u00e1vaj\u00fa pr\u00edbeh v\u00e1\u0161ho (a n\u00e1\u0161ho) umenia. ANKETA Ako by ste op\u00edsali svoj z\u00e1ujem o papiere Fedrigoni?","og_url":"https:\/\/specialpapers.fedrigoni.com\/svk\/inspire-me\/","og_site_name":"Fedrigoni Special Papers","article_modified_time":"2021-12-20T12:46:25+00:00","og_image":[{"width":2200,"height":1467,"url":"https:\/\/specialpapers.fedrigoni.com\/wp-content\/uploads\/2021\/09\/Banner-HP-ladder.jpg","type":"image\/jpeg"}],"twitter_card":"summary_large_image","schema":{"@context":"https:\/\/schema.org","@graph":[{"@type":["WebPage","ProfilePage"],"@id":"https:\/\/specialpapers.fedrigoni.com\/svk\/inspire-me\/","url":"https:\/\/specialpapers.fedrigoni.com\/svk\/inspire-me\/","name":"Inspire Me","isPartOf":{"@id":"https:\/\/specialpapers.fedrigoni.com\/svk\/#website"},"datePublished":"2021-08-25T10:34:17+00:00","dateModified":"2021-12-20T12:46:25+00:00","breadcrumb":{"@id":"https:\/\/specialpapers.fedrigoni.com\/svk\/inspire-me\/#breadcrumb"},"inLanguage":"sk-SK","potentialAction":[{"@type":"ReadAction","target":["https:\/\/specialpapers.fedrigoni.com\/svk\/inspire-me\/"]}]},{"@type":"BreadcrumbList","@id":"https:\/\/specialpapers.fedrigoni.com\/svk\/inspire-me\/#breadcrumb","itemListElement":[{"@type":"ListItem","position":1,"name":"Home","item":"https:\/\/specialpapers.fedrigoni.com\/svk\/"},{"@type":"ListItem","position":2,"name":"Inspire Me"}]},{"@type":"WebSite","@id":"https:\/\/specialpapers.fedrigoni.com\/svk\/#website","url":"https:\/\/specialpapers.fedrigoni.com\/svk\/","name":"Fedrigoni Special Papers","description":"Elevating Creativity","potentialAction":[{"@type":"SearchAction","target":{"@type":"EntryPoint","urlTemplate":"https:\/\/specialpapers.fedrigoni.com\/svk\/?s={search_term_string}"},"query-input":{"@type":"PropertyValueSpecification","valueRequired":true,"valueName":"search_term_string"}}],"inLanguage":"sk-SK"}]}},"_links":{"self":[{"href":"https:\/\/specialpapers.fedrigoni.com\/svk\/wp-json\/wp\/v2\/pages\/30899","targetHints":{"allow":["GET"]}}],"collection":[{"href":"https:\/\/specialpapers.fedrigoni.com\/svk\/wp-json\/wp\/v2\/pages"}],"about":[{"href":"https:\/\/specialpapers.fedrigoni.com\/svk\/wp-json\/wp\/v2\/types\/page"}],"author":[{"embeddable":true,"href":"https:\/\/specialpapers.fedrigoni.com\/svk\/wp-json\/wp\/v2\/users\/7"}],"replies":[{"embeddable":true,"href":"https:\/\/specialpapers.fedrigoni.com\/svk\/wp-json\/wp\/v2\/comments?post=30899"}],"version-history":[{"count":0,"href":"https:\/\/specialpapers.fedrigoni.com\/svk\/wp-json\/wp\/v2\/pages\/30899\/revisions"}],"wp:attachment":[{"href":"https:\/\/specialpapers.fedrigoni.com\/svk\/wp-json\/wp\/v2\/media?parent=30899"}],"curies":[{"name":"wp","href":"https:\/\/api.w.org\/{rel}","templated":true}]}}